{"id":53419,"date":"2019-05-11T14:02:07","date_gmt":"2019-05-11T13:02:07","guid":{"rendered":"https:\/\/torrentclosures.com\/?page_id=53419"},"modified":"2025-03-18T14:03:56","modified_gmt":"2025-03-18T13:03:56","slug":"cookies","status":"publish","type":"page","link":"https:\/\/torrentclosures.com\/fr\/cookies\/","title":{"rendered":"Cookies"},"content":{"rendered":"\n<h2 class=\"wp-block-heading\"><br>D\u00c9FINITION DES COOKIES<\/h2>\n\n\n\n<p class=\"has-text-align-left\">Un cookie est un fichier qui se t\u00e9l\u00e9charge sur votre ordinateur lorsque vous acc\u00e9dez \u00e0 certains sites internet. Les cookies permettent de naviguer sur le site, de stocker et de r\u00e9cup\u00e9rer des informations sur les habitudes de navigation d&#8217;un utilisateur ou de son dispositif et, en fonction des informations recueillies et de la fa\u00e7on dont il utilise son dispositif, de les exploiter pour reconna\u00eetre l\u2019utilisateur.<\/p>\n\n\n\n<p class=\"has-text-align-left\">Le site GRUPO TAPAS TORRENT, S.L. utilise des cookies internes et de tiers, tous contenus dans le domaine \u00ab\u00a0torrentclosures.com\u00a0\u00bb.<\/p>\n\n\n\n<h2 class=\"wp-block-heading\"><br>TYPES DE COOKIES<\/h2>\n\n\n\n<h3 class=\"wp-block-heading\"><br>1.- <strong>Types de cookies en fonction de l\u2019entit\u00e9 qui les g\u00e8re:<\/strong><\/h3>\n\n\n\n<p class=\"has-text-align-left\"><strong>a) Cookies internes : <\/strong>Ce sont les cookies qui sont envoy\u00e9s au dispositif terminal de l\u2019utilisateur depuis un ordinateur ou un domaine g\u00e9r\u00e9 par l\u2019\u00e9diteur et duquel le service demand\u00e9 par l&#8217;utilisateur est fourni.<\/p>\n\n\n\n<p class=\"has-text-align-left\"><strong>b) Cookies de tiers : <\/strong>Ce sont les cookies envoy\u00e9s sur le dispositif de l\u2019utilisateur \u00e0 partir d\u2019un ordinateur ou d\u2019un domaine qui n&#8217;est pas g\u00e9r\u00e9 par l\u2019\u00e9diteur, mais par une autre entit\u00e9 qui traite les donn\u00e9es obtenues par le moyen des cookies.<\/p>\n\n\n\n<p><\/p>\n\n\n\n<h3 class=\"wp-block-heading\"><br>2.- Types de cookies en fonction de leur finalit\u00e9:<\/h3>\n\n\n\n<p class=\"has-text-align-left\"><strong><strong>a) Cookies techniques\u00a0:<\/strong>\u00a0<\/strong>Ce sont ceux qui permettent \u00e0 l\u2019utilisateur de naviguer sur le site internet, sur la plateforme ou l\u2019application et d&#8217;utiliser les diff\u00e9rentes options ou services qui s\u2019y trouvent.<\/p>\n\n\n\n<p class=\"has-text-align-left\"><strong>b) Cookies d\u2019analyse : <\/strong>Ce sont ceux qui permettent \u00e0 leur responsable d\u2019effectuer un suivi et une analyse du comportement des utilisateurs des sites auxquels ils sont associ\u00e9s.<\/p>\n\n\n\n<p><\/p>\n\n\n\n<h3 class=\"wp-block-heading\"><br>3.-Types de cookies en fonction du d\u00e9lai pendant lequel ils restent actifs:<\/h3>\n\n\n\n<p class=\"has-text-align-left\"><strong>a) Cookies de session : <\/strong>Ils sont con\u00e7us pour recueillir et stocker des donn\u00e9es pendant le temps que l&#8217;utilisateur acc\u00e8de au site internet. On les utilise g\u00e9n\u00e9ralement pour fournir le service demand\u00e9 par l&#8217;utilisateur en une seule occasion.<\/p>\n\n\n\n<p class=\"has-text-align-left\"><strong>b) Cookies persistants : Ils<\/strong> sont con\u00e7us pour que les donn\u00e9es restent stock\u00e9es dans le dispositif et puissent \u00eatre trait\u00e9es pendant une p\u00e9riode d\u00e9finie par le responsable du cookie, qui peut \u00eatre comprise entre quelques minutes et plusieurs ann\u00e9es.<\/p>\n\n\n\n<p>Dans ce cas, les cookies sont utilis\u00e9s pour \u00e9laborer des statistiques sur le nombre de visites sur le site et les pages consult\u00e9es. La navigation sur le site implique l\u2019acceptation de leur utilisation :<\/p>\n\n\n\n<ul class=\"wp-block-list\"><li><strong><strong>Nom du cookie\u00a0<\/strong>:<\/strong>\u00a0wpl_user_preference<\/li><li><strong><strong>Nom du fournisseur\u00a0:<\/strong>\u00a0<\/strong>\u00a0WPeka<\/li><li><strong>Finalidad de la cookie:<\/strong>\u00a0Guardar configuraci\u00f3n del plugin para la pol\u00edtica de cookies.<\/li><li><strong><strong>Date de fin\u00a0:<\/strong>\u00a0<\/strong>\u00a01 a\u00f1o<\/li><\/ul>\n\n\n\n<ul class=\"wp-block-list\"><li><strong><strong><strong>Nom du cookie\u00a0<\/strong>:<\/strong><\/strong> JYRToaPNFA<\/li><li><strong><strong>Nom du fournisseur\u00a0:<\/strong>\u00a0<\/strong> torrentclosures<\/li><li><strong>Finalidad de la cookie: <\/strong>No clasificada<\/li><li><strong><strong>Date de fin\u00a0:<\/strong>\u00a0<\/strong>1 d\u00eda<\/li><\/ul>\n\n\n\n<ul class=\"wp-block-list\"><li><strong><strong><strong>Nom du cookie\u00a0<\/strong>:<\/strong><\/strong> EKBJDu<\/li><li><strong><strong>Nom du fournisseur\u00a0:<\/strong>\u00a0 <\/strong>torrentclosures<\/li><li><strong>Finalidad de la cookie: <\/strong>No clasificada<\/li><li><strong><strong>Date de fin\u00a0:<\/strong>\u00a0<\/strong>1 d\u00eda<\/li><\/ul>\n\n\n\n<ul class=\"wp-block-list\"><li><strong><strong><strong>Nom du cookie\u00a0<\/strong>:<\/strong><\/strong> __utma<\/li><li><strong><strong>Nom du fournisseur\u00a0:<\/strong>\u00a0 <\/strong>torrentclosures<\/li><li><strong>Finalidad de la cookie:<\/strong> Identificador de seguimiento de sesiones y usuarios a largo plazo de Google Analytics.<\/li><li><strong><strong>Date de fin\u00a0:<\/strong>\u00a0<\/strong> 2 a\u00f1os<\/li><\/ul>\n\n\n\n<ul class=\"wp-block-list\"><li><strong><strong><strong>Nom du cookie\u00a0<\/strong>:<\/strong><\/strong> __utmc<\/li><li><strong><strong>Nom du fournisseur\u00a0:<\/strong>\u00a0 <\/strong>torrentclosures<\/li><li><strong>Finalidad de la cookie: <\/strong>Necesario<\/li><li><strong><strong>Date de fin\u00a0:<\/strong>\u00a0<\/strong>Sesi\u00f3n<\/li><\/ul>\n\n\n\n<ul class=\"wp-block-list\"><li><strong>Nombre de la cookie:<\/strong> __utmz<\/li><li><strong><strong>Nom du fournisseur\u00a0:<\/strong>\u00a0 <\/strong>torrentclosures<\/li><li><strong>Finalidad de la cookie:<\/strong> Analytics<\/li><li><strong><strong>Date de fin\u00a0:<\/strong>\u00a0<\/strong> 6 meses<\/li><\/ul>\n\n\n\n<ul class=\"wp-block-list\"><li><strong><strong><strong>Nom du cookie\u00a0<\/strong>:<\/strong><\/strong> __utmt<\/li><li><strong><strong>Nom du fournisseur\u00a0:<\/strong>\u00a0 <\/strong>torrentclosures<\/li><li><strong><strong>Finalit\u00e9 du cookie\u00a0:<\/strong>\u00a0<\/strong>Analytics<\/li><li><strong><strong>Date de fin\u00a0:<\/strong>\u00a0<\/strong> Sesi\u00f3n<\/li><\/ul>\n\n\n\n<ul class=\"wp-block-list\"><li><strong><strong><strong>Nom du cookie\u00a0<\/strong>:<\/strong><\/strong> NID<\/li><li><strong>Nombre del proveedor: <\/strong>Google<\/li><li><strong><strong>Finalit\u00e9 du cookie\u00a0:<\/strong>\u00a0<\/strong> Preferencias<\/li><li><strong><strong>Date de fin\u00a0:<\/strong>\u00a0<\/strong> 6 meses<\/li><\/ul>\n\n\n\n<ul class=\"wp-block-list\"><li><strong><strong><strong>Nom du cookie\u00a0<\/strong>:<\/strong><\/strong> __utmb<\/li><li><strong><strong>Nom du fournisseur\u00a0:<\/strong>\u00a0 <\/strong>torrentclosures<\/li><li><strong><strong>Finalit\u00e9 du cookie\u00a0:<\/strong>\u00a0<\/strong> Necesario<\/li><li><strong><strong>Date de fin\u00a0:<\/strong>\u00a0<\/strong> Session<\/li><\/ul>\n\n\n\n<p><\/p>\n\n\n\n<h2 class=\"wp-block-heading\"><br>BLOCAGE\/\u00c9LIMINATION DES COOKIES<\/h2>\n\n\n\n<p class=\"has-text-align-left\">Vous pouvez autoriser, bloquer ou \u00e9liminer les cookies install\u00e9s sur votre dispositif en configurant les options du navigateur install\u00e9 sur votre ordinateur.<\/p>\n\n\n\n<p class=\"has-text-align-left\"><strong><strong>Chrome <\/strong>depuis<\/strong> <br><br>http:\/\/support.google.com\/chrome\/bin\/answer.py?hl=es&amp;answer=95647<\/p>\n\n\n\n<p class=\"has-text-align-left\"><strong>Explorer<\/strong>, depuis<\/p>\n\n\n\n<p class=\"has-text-align-left\">http:\/\/windows.microsoft.com\/es-es\/windows7\/how-to-manage-cookies-in-internet-explorer-9<\/p>\n\n\n\n<p class=\"has-text-align-left\"><strong>Firefox<\/strong>, depuis<\/p>\n\n\n\n<p class=\"has-text-align-left\">http:\/\/support.mozilla.org\/es\/kb\/habilitar-y-deshabilitar-cookies-que-los-sitios-we<\/p>\n\n\n\n<p class=\"has-text-align-left\"><strong>Safari,<\/strong> depuis<\/p>\n\n\n\n<p class=\"has-text-align-left\">http:\/\/support.apple.com\/kb\/ph5042<\/p>\n\n\n\n<p><\/p>\n\n\n\n<h2 class=\"wp-block-heading\"><br>ACC\u00c8S AUX DONN\u00c9ES<\/h2>\n\n\n\n<p class=\"has-text-align-left\">Les donn\u00e9es de notre site sont seulement utilis\u00e9es par\u00a0:<\/p>\n\n\n\n<ul class=\"wp-block-list\"><li>Le titulaire de la page GRUPO TAPAS TORRENT, S.L. au num\u00e9ro de Siret B11907532 et domicili\u00e9 \u00e0 Pol. Industrial El Portal Calle Marruecos, s\/n \u2013 114008 Jerez de la Frontera (Cadix).<\/li><li>Google<\/li><li>Youtube<br><br><\/li><\/ul>\n","protected":false},"excerpt":{"rendered":"<p>D\u00c9FINITION DES COOKIES Un cookie est un fichier qui se t\u00e9l\u00e9charge sur votre ordinateur lorsque vous acc\u00e9dez \u00e0 certains sites internet. Les cookies permettent de naviguer sur le site, de stocker et de r\u00e9cup\u00e9rer des informations sur les habitudes de navigation d&#8217;un utilisateur ou de son dispositif et, en fonction des informations recueillies et de &hellip;<\/p>\n","protected":false},"author":3,"featured_media":0,"parent":0,"menu_order":0,"comment_status":"closed","ping_status":"closed","template":"","meta":{"inline_featured_image":false,"_uag_custom_page_level_css":"","footnotes":""},"class_list":["post-53419","page","type-page","status-publish","hentry"],"uagb_featured_image_src":{"full":false,"thumbnail":false,"medium":false,"medium_large":false,"large":false,"1536x1536":false,"2048x2048":false,"gform-image-choice-sm":false,"gform-image-choice-md":false,"gform-image-choice-lg":false},"uagb_author_info":{"display_name":"Pablo","author_link":"https:\/\/torrentclosures.com\/fr"},"uagb_comment_info":0,"uagb_excerpt":"D\u00c9FINITION DES COOKIES Un cookie est un fichier qui se t\u00e9l\u00e9charge sur votre ordinateur lorsque vous acc\u00e9dez \u00e0 certains sites internet. Les cookies permettent de naviguer sur le site, de stocker et de r\u00e9cup\u00e9rer des informations sur les habitudes de navigation d&#8217;un utilisateur ou de son dispositif et, en fonction des informations recueillies et de\u2026","_links":{"self":[{"href":"https:\/\/torrentclosures.com\/fr\/wp-json\/wp\/v2\/pages\/53419","targetHints":{"allow":["GET"]}}],"collection":[{"href":"https:\/\/torrentclosures.com\/fr\/wp-json\/wp\/v2\/pages"}],"about":[{"href":"https:\/\/torrentclosures.com\/fr\/wp-json\/wp\/v2\/types\/page"}],"author":[{"embeddable":true,"href":"https:\/\/torrentclosures.com\/fr\/wp-json\/wp\/v2\/users\/3"}],"replies":[{"embeddable":true,"href":"https:\/\/torrentclosures.com\/fr\/wp-json\/wp\/v2\/comments?post=53419"}],"version-history":[{"count":1,"href":"https:\/\/torrentclosures.com\/fr\/wp-json\/wp\/v2\/pages\/53419\/revisions"}],"predecessor-version":[{"id":53422,"href":"https:\/\/torrentclosures.com\/fr\/wp-json\/wp\/v2\/pages\/53419\/revisions\/53422"}],"wp:attachment":[{"href":"https:\/\/torrentclosures.com\/fr\/wp-json\/wp\/v2\/media?parent=53419"}],"curies":[{"name":"wp","href":"https:\/\/api.w.org\/{rel}","templated":true}]}}