{"id":52775,"date":"2023-07-06T13:55:40","date_gmt":"2023-07-06T11:55:40","guid":{"rendered":"https:\/\/torrentdevsite.azurewebsites.net\/francia\/?page_id=39279"},"modified":"2025-03-20T11:52:46","modified_gmt":"2025-03-20T10:52:46","slug":"ocs","status":"publish","type":"page","link":"https:\/\/torrentclosures.com\/fr\/ocs\/","title":{"rendered":"OCS"},"content":{"rendered":"\n<div class=\"wp-block-uagb-separator uagb-block-53f9af60\"><div class=\"wp-block-uagb-separator__inner\" style=\"--my-background-image:\"><\/div><\/div>\n\n\n\n<h1 class=\"wp-block-heading page-title\">Certification OCS&nbsp;: Nous sommes Operation Clean Sweep<\/h1>\n\n\n\n<p>Le <strong>Groupe Torrent <\/strong>a obtenu la Certification OCS (Operation Clean Sweep), qui fait de notre entreprise une soci\u00e9t\u00e9 responsable envers l&#8217;environnement et la soci\u00e9t\u00e9 d&#8217;apr\u00e8s l\u2019organisation <a href=\"https:\/\/www.en.aenor.com\/\" target=\"_blank\" rel=\"noreferrer noopener\"><strong>AENOR<\/strong><\/a>.&nbsp;<\/p>\n\n\n\n<p>Le programme <strong>OCS<\/strong> (en anglais Operation Clean Sweep) est une initiative mondiale de l\u2019industrie en g\u00e9n\u00e9ral qui a pour objectif de r\u00e9duire la perte de pellets (microplastiques primaires).&nbsp;<\/p>\n\n\n\n<div class=\"wp-block-uagb-separator uagb-block-5b7ede7a\"><div class=\"wp-block-uagb-separator__inner\" style=\"--my-background-image:\"><\/div><\/div>\n\n\n\n<div class=\"wp-block-columns is-layout-flex wp-container-core-columns-is-layout-9d6595d7 wp-block-columns-is-layout-flex\">\n<div class=\"wp-block-column is-layout-flow wp-block-column-is-layout-flow\">\n<h2 class=\"wp-block-heading has-text-align-center titulo-caja has-small-font-size\"><strong><mark>COMPA\u00d1\u00cdA DE TAPONES IRRELLENABLES, S.A.<\/mark><\/strong><\/h2>\n\n\n\n<div class=\"wp-block-uagb-info-box uagb-block-4e38872a uagb-infobox__content-wrap  uagb-infobox_cta-type-all uagb-infobox-icon-below-title uagb-infobox-image-valign-top bloquemail\"><a href=\"https:\/\/torrentclosures.com\/pdf\/OCS_CTI_ES.pdf\" class=\"uagb-infobox-link-wrap uagb-infbox__link-to-all\" target=\"_blank\" aria-label=\"Infobox Link\" rel=\"noopener noreferrer\" onclick=\"return true;\"><\/a><div class=\"uagb-ifb-content\"><div class=\"uagb-ifb-title-wrap\"><h3 class=\"uagb-ifb-title\"><mark style=\"color:#a3a3a3\" class=\"has-inline-color\">SECTEUR PLASTIQUE<\/mark><\/h3><\/div><div class=\"uagb-ifb-separator\"><\/div><div class=\"uagb-ifb-image-content\"><img decoding=\"async\" src=\"https:\/\/torrentclosures.com\/wp-content\/uploads\/2025\/03\/ocs_logo.jpg\" alt=\"| Grupo Torrent Espa\u00f1a\" width=\"250\" height=\"47\" loading=\"lazy\" title=\"| Grupo Torrent Espa\u00f1a\"><\/div><div class=\"uagb-ifb-button-wrapper wp-block-button\"><\/div><\/div><\/div>\n<\/div>\n<\/div>\n\n\n\n<h2 class=\"wp-block-heading\"><br><br>Qu\u2019implique l\u2019obtention de la <strong>certification OCS<\/strong>?<\/h2>\n\n\n\n<p>En faisant partie du programme, le Groupe Torrent s\u2019engage \u00e0 mettre en place 5 mesures principales dans ses processus productifs:<\/p>\n\n\n\n<ul class=\"wp-block-list\">\n<li><strong>Accorder la priorit\u00e9 \u00e0 l\u2019objectif \u00ab&nbsp;z\u00e9ro perte de granul\u00e9s&nbsp;\u00bb<\/strong>, en r\u00e9\u00e9valuant tout le syst\u00e8me de production.<\/li>\n\n\n\n<li><strong>Sensibiliser les employ\u00e9s <\/strong>\u00e0 l\u2019importance d\u2019\u00eatre engag\u00e9s envers de tels objectifs.<\/li>\n\n\n\n<li><strong>Effectuer un suivi de la r\u00e9ussite dans cette gestion<\/strong>, gr\u00e2ce \u00e0 des indicateurs quantifiables.<\/li>\n\n\n\n<li><strong>Rester dans les limites des r\u00e9glementations locales et nationales<\/strong> qui s\u2019appliquent en la mati\u00e8re.<\/li>\n\n\n\n<li><strong><strong>Transformer l\u2019entreprise en un d\u00e9fenseur et un informateur des avantages du programme<\/strong> vis-\u00e0-vis de ses propres fournisseurs, de ses partenaires et de ses clients, afin que de plus en plus de volontaires viennent rejoindre le projet.<\/strong><\/li>\n<\/ul>\n\n\n\n<p>De ce fait, la mise en place d\u2019OCS entra\u00eene d\u2019importants avantages pour une organisation.<\/p>\n\n\n\n<h3 class=\"wp-block-heading\"><br><strong>Avantages \u00e0 mettre en place la certification OCS<\/strong><\/h3>\n\n\n\n<p>Parmi les avantages \u00e0 travailler dans le cadre de la <strong>certification OCS<\/strong>, on peut notamment citer:<\/p>\n\n\n\n<ul class=\"wp-block-list\">\n<li>Faire partie d\u2019initiatives volontaires sur le sujet.<\/li>\n\n\n\n<li>R\u00e9duire l\u2019impact de notre production sur l\u2019\u00e9cosyst\u00e8me aquatique.<\/li>\n\n\n\n<li>R\u00e9duire le gaspillage de mat\u00e9riaux tout en optimisant l\u2019utilisation des mati\u00e8res premi\u00e8res.<\/li>\n\n\n\n<li>Am\u00e9liorer l\u2019efficience op\u00e9rationnelle.<\/li>\n\n\n\n<li>Garantir le respect de la r\u00e9glementation locale et nationale en mati\u00e8re de contr\u00f4le de granul\u00e9s.<\/li>\n\n\n\n<li>Am\u00e9liorer la r\u00e9putation du <strong>Groupe Torrent<\/strong> et de l\u2019industrie des plastiques en g\u00e9n\u00e9ral, qui suscite actuellement tant d\u2019interrogations.<\/li>\n<\/ul>\n\n\n\n<p><br><\/p>\n","protected":false},"excerpt":{"rendered":"<p>Certification OCS&nbsp;: Nous sommes Operation Clean Sweep Le Groupe Torrent a obtenu la Certification OCS (Operation Clean Sweep), qui fait de notre entreprise une soci\u00e9t\u00e9 responsable envers l&#8217;environnement et la soci\u00e9t\u00e9 d&#8217;apr\u00e8s l\u2019organisation AENOR.&nbsp; Le programme OCS (en anglais Operation Clean Sweep) est une initiative mondiale de l\u2019industrie en g\u00e9n\u00e9ral qui a pour objectif de &hellip;<\/p>\n","protected":false},"author":3,"featured_media":0,"parent":0,"menu_order":0,"comment_status":"closed","ping_status":"closed","template":"","meta":{"inline_featured_image":false,"_uag_custom_page_level_css":"","footnotes":""},"class_list":["post-52775","page","type-page","status-publish","hentry"],"uagb_featured_image_src":{"full":false,"thumbnail":false,"medium":false,"medium_large":false,"large":false,"1536x1536":false,"2048x2048":false,"gform-image-choice-sm":false,"gform-image-choice-md":false,"gform-image-choice-lg":false},"uagb_author_info":{"display_name":"Pablo","author_link":"https:\/\/torrentclosures.com\/fr"},"uagb_comment_info":0,"uagb_excerpt":"Certification OCS&nbsp;: Nous sommes Operation Clean Sweep Le Groupe Torrent a obtenu la Certification OCS (Operation Clean Sweep), qui fait de notre entreprise une soci\u00e9t\u00e9 responsable envers l&#8217;environnement et la soci\u00e9t\u00e9 d&#8217;apr\u00e8s l\u2019organisation AENOR.&nbsp; Le programme OCS (en anglais Operation Clean Sweep) est une initiative mondiale de l\u2019industrie en g\u00e9n\u00e9ral qui a pour objectif de\u2026","_links":{"self":[{"href":"https:\/\/torrentclosures.com\/fr\/wp-json\/wp\/v2\/pages\/52775","targetHints":{"allow":["GET"]}}],"collection":[{"href":"https:\/\/torrentclosures.com\/fr\/wp-json\/wp\/v2\/pages"}],"about":[{"href":"https:\/\/torrentclosures.com\/fr\/wp-json\/wp\/v2\/types\/page"}],"author":[{"embeddable":true,"href":"https:\/\/torrentclosures.com\/fr\/wp-json\/wp\/v2\/users\/3"}],"replies":[{"embeddable":true,"href":"https:\/\/torrentclosures.com\/fr\/wp-json\/wp\/v2\/comments?post=52775"}],"version-history":[{"count":2,"href":"https:\/\/torrentclosures.com\/fr\/wp-json\/wp\/v2\/pages\/52775\/revisions"}],"predecessor-version":[{"id":54023,"href":"https:\/\/torrentclosures.com\/fr\/wp-json\/wp\/v2\/pages\/52775\/revisions\/54023"}],"wp:attachment":[{"href":"https:\/\/torrentclosures.com\/fr\/wp-json\/wp\/v2\/media?parent=52775"}],"curies":[{"name":"wp","href":"https:\/\/api.w.org\/{rel}","templated":true}]}}