{"id":52774,"date":"2020-09-14T16:53:28","date_gmt":"2020-09-14T16:53:28","guid":{"rendered":"https:\/\/new.torrentclosures.com\/?page_id=10914"},"modified":"2025-04-28T11:21:19","modified_gmt":"2025-04-28T10:21:19","slug":"torrent-inde","status":"publish","type":"page","link":"https:\/\/torrentclosures.com\/fr\/torrent-inde\/","title":{"rendered":"Groupe Torrent Inde"},"content":{"rendered":"\n<div class=\"wp-block-group contenido\"><div class=\"wp-block-group__inner-container is-layout-flow wp-block-group-is-layout-flow\">\n<h1 class=\"wp-block-heading page-title\">Groupe Torrent Inde s\u2019appelle d\u00e9sormais Alisha Torrent Company<\/h1>\n\n\n\n<p><span style=\"font-weight: 400;\">Alisha Torrent Company (ATC) est n\u00e9e \u00e0 <a href=\"https:\/\/fr.wikipedia.org\/wiki\/Jaipur\" target=\"_blank\" rel=\"noreferrer noopener nofollow\">Jaipur (Inde)<\/a> en 2012. C\u2019est un projet commun issu de la collaboration entre l\u2019entreprise indienne RJ Corp et le Groupe Torrent. Depuis lors et jusqu\u2019\u00e0 pr\u00e9sent, la croissance a \u00e9t\u00e9 constante. Il y a 5 ans, nous avons construit une nouvelle usine de production. Actuellement,&nbsp;<strong>ATC dispose de 8&nbsp;800 m<sup>2<\/sup>&nbsp;d\u2019usine sur un terrain de 13&nbsp;000 m<sup>2<\/sup>.<\/strong><\/span><\/p>\n\n\n\n<p><span style=\"font-weight: 400;\">L\u2019usine Torrent en Inde dispose de la technologie la plus avanc\u00e9e et la meilleure de son secteur. Cette modernit\u00e9 et la longue exp\u00e9rience industrielle que Torrent a su transmettre \u00e0 l\u2019\u00e9quipe d\u2019ATC, ont permis d\u2019obtenir des niveaux d\u2019efficacit\u00e9 \u00e9lev\u00e9s qui se sont traduits par une comp\u00e9titivit\u00e9 optimale.<\/span><\/p>\n\n\n\n<p><span style=\"font-weight: 400;\">La base de notre philosophie d\u2019entreprise est d\u2019offrir \u00e0 nos clients un produit comp\u00e9titif, qui r\u00e9ponde \u00e0 leurs besoins. Un produit qui soit novateur et conforme aux crit\u00e8res maximums de qualit\u00e9. Nous atteignons cet objectif gr\u00e2ce \u00e0 un service de distribution souple et agile.<\/span><\/p>\n\n\n\n<p><span style=\"font-weight: 400;\">Nous mettons aussi \u00e0 la disposition de nos clients un service de conseil pour le choix d\u2019un bouchon adapt\u00e9, son utilisation et son application. Chez ATC, notre \u00e9quipe, qui compte d\u00e9sormais plus de 300 professionnels, est notre principal pilier. L\u2019usine dispose de la technologie la plus avanc\u00e9e et la meilleure de son secteur. Cette modernit\u00e9 et la longue exp\u00e9rience industrielle que les professionnels de notre groupe d\u2019entreprises <a href=\"https:\/\/torrentclosures.com\/fr\/groupe-torrent\/\" data-type=\"URL\" data-id=\"\/torrent-groupe\">Torrent<\/a> ont su transmettre \u00e0 l\u2019\u00e9quipe d\u2019ATC, ont permis d\u2019obtenir des niveaux d\u2019efficacit\u00e9 \u00e9lev\u00e9s qui se sont traduits par une comp\u00e9titivit\u00e9 optimale.<\/span><\/p>\n\n\n\n<p><span style=\"font-weight: 400;\">La recherche, le d\u00e9veloppement technologique et l\u2019innovation sont des facteurs cl\u00e9s, extr\u00eamement importants, pour le groupe d\u2019entreprises dont ATC fait partie.<\/span><\/p>\n\n\n\n<p><span style=\"font-weight: 400;\">Le d\u00e9veloppement continu de nouveaux produits, de nouveaux processus de production, de nouvelles technologies, de nouveaux brevets, et l\u2019am\u00e9lioration constante contribuent au positionnement de l\u2019entreprise qui, en peu de temps, s\u2019est renforc\u00e9 en Inde pour devenir une alternative solide et fiable parmi les fabricants de bouchons de s\u00e9curit\u00e9 contre la falsification et la manipulation frauduleuse.<\/span><\/p>\n\n\n\n<h2 class=\"wp-block-heading\"><strong>Mod\u00e8les de bouchons fabriqu\u00e9s par Groupe Torrent Inde<\/strong><\/h2>\n\n\n\n<p><span style=\"font-weight: 400;\">Parmi les mod\u00e8les de bouchons fabriqu\u00e9s dans l\u2019usine de production d\u2019Inde, se trouvent les bouchons Nip Top, Nip Standard et T200 \u00e0 deux hauteurs. Les bouchons Nip Top atteignent des cotes de march\u00e9 \u00e9lev\u00e9es en Inde, gr\u00e2ce \u00e0 leur qualit\u00e9 de haut niveau et aux indices de s\u00e9curit\u00e9 qu\u2019ils offrent.<\/span><\/p>\n\n\n\n<p><span style=\"font-weight: 400;\">Une fois la bouteille ouverte et le cachet de s\u00e9curit\u00e9 du bouchon \u00f4t\u00e9, il est impossible \u00e0 reconstituer. La premi\u00e8re ouverture du r\u00e9cipient est donc clairement visible ce qui garantit son contenu. Les Nip Top et les Nip Standards sont des bouchons faciles \u00e0 appliquer et qui offrent \u00e9norm\u00e9ment de possibilit\u00e9s de d\u00e9coration.<\/span><\/p>\n\n\n\n<p><span style=\"font-weight: 400;\">Les T200, qui se d\u00e9clinent en deux versions, pr\u00e9sentent aussi un syst\u00e8me Tamper-Evidence, qui indique si la bouteille a \u00e9t\u00e9 ouverte ou manipul\u00e9e. En plus de cette s\u00e9curit\u00e9, ils disposent d\u2019une valve de protection contre le remplissage et la manipulation.<\/span><\/p>\n\n\n\n<p><span style=\"font-weight: 400;\">Ils emp\u00eachent que la bouteille, une fois vide, puisse \u00eatre \u00e0 nouveau remplie avec un produit de qualit\u00e9 inf\u00e9rieure. Il est aussi possible d\u2019appliquer \u00e0 ce mod\u00e8le plusieurs syst\u00e8mes anti-contrefa\u00e7on, qui permettent au consommateur final de v\u00e9rifier si le produit qu\u2019il va acheter est original ou s\u2019il s\u2019agit d\u2019une contrefa\u00e7on.<\/span><\/p>\n\n\n\n<p>En marge des mod\u00e8les Nip Standard, Nip Top et T200, ATC offre une vaste gamme de bouchons que le Groupe Torrent produit dans ses usines d\u2019Europe. Le travail constant men\u00e9 par le d\u00e9partement Recherche, D\u00e9veloppement et Innovation est un facteur cl\u00e9 dans le d\u00e9veloppement de tous les produits.<\/p>\n\n\n\n<p><br><br><\/p>\n<\/div><\/div>\n\n\n\n<div class=\"wp-block-columns alignfull are-vertically-aligned-center is-layout-flex wp-container-core-columns-is-layout-9d6595d7 wp-block-columns-is-layout-flex\">\n<div class=\"wp-block-column is-vertically-aligned-center is-layout-flow wp-block-column-is-layout-flow\" style=\"flex-basis:100%\">\n<figure class=\"wp-block-gallery aligncenter has-nested-images columns-3 is-cropped wp-block-gallery-1 is-layout-flex wp-block-gallery-is-layout-flex\">\n<figure class=\"wp-block-image size-full\"><img loading=\"lazy\" decoding=\"async\" width=\"1200\" height=\"638\" data-id=\"12642\" src=\"https:\/\/torrentclosures.com\/wp-content\/uploads\/2020\/11\/Galeria_PlantasProduccion_India_03.jpg\" alt=\"| Grupo Torrent Espa\u00f1a\" class=\"wp-image-12642\" title=\"| Grupo Torrent Espa\u00f1a\" srcset=\"https:\/\/torrentclosures.com\/wp-content\/uploads\/2020\/11\/Galeria_PlantasProduccion_India_03.jpg 1200w, https:\/\/torrentclosures.com\/wp-content\/uploads\/2020\/11\/Galeria_PlantasProduccion_India_03-1024x544.jpg 1024w, https:\/\/torrentclosures.com\/wp-content\/uploads\/2020\/11\/Galeria_PlantasProduccion_India_03-768x408.jpg 768w, https:\/\/torrentclosures.com\/wp-content\/uploads\/2020\/11\/Galeria_PlantasProduccion_India_03-700x372.jpg 700w\" sizes=\"auto, (max-width: 1200px) 100vw, 1200px\" \/><\/figure>\n\n\n\n<figure class=\"wp-block-image size-full\"><img loading=\"lazy\" decoding=\"async\" width=\"1200\" height=\"638\" data-id=\"13205\" src=\"https:\/\/torrentclosures.com\/wp-content\/uploads\/2020\/12\/Galeria_PlantasProduccion_India_01.jpg\" alt=\"Alisha Torrent India | Grupo Torrent\" class=\"wp-image-13205\" title=\"| Grupo Torrent Espa\u00f1a\" srcset=\"https:\/\/torrentclosures.com\/wp-content\/uploads\/2020\/12\/Galeria_PlantasProduccion_India_01.jpg 1200w, https:\/\/torrentclosures.com\/wp-content\/uploads\/2020\/12\/Galeria_PlantasProduccion_India_01-1024x544.jpg 1024w, https:\/\/torrentclosures.com\/wp-content\/uploads\/2020\/12\/Galeria_PlantasProduccion_India_01-768x408.jpg 768w, https:\/\/torrentclosures.com\/wp-content\/uploads\/2020\/12\/Galeria_PlantasProduccion_India_01-700x372.jpg 700w\" sizes=\"auto, (max-width: 1200px) 100vw, 1200px\" \/><\/figure>\n\n\n\n<figure class=\"wp-block-image size-large\"><img decoding=\"async\" src=\"https:\/\/torrentclosures.com\/wp-content\/uploads\/2020\/11\/Galeria_PlantasProduccion_India_06.jpg\" alt=\"| Grupo Torrent Espa\u00f1a\" title=\"| Grupo Torrent Espa\u00f1a\"><\/figure>\n\n\n\n<figure class=\"wp-block-image size-large\"><img decoding=\"async\" src=\"https:\/\/torrentclosures.com\/wp-content\/uploads\/2020\/11\/Galeria_PlantasProduccion_India_05.jpg\" alt=\"| Grupo Torrent Espa\u00f1a\" title=\"| Grupo Torrent Espa\u00f1a\"><\/figure>\n\n\n\n<figure class=\"wp-block-image size-large\"><img decoding=\"async\" src=\"https:\/\/torrentclosures.com\/wp-content\/uploads\/2020\/11\/Galeria_PlantasProduccion_India_04.jpg\" alt=\"| Grupo Torrent Espa\u00f1a\" title=\"| Grupo Torrent Espa\u00f1a\"><\/figure>\n\n\n\n<figure class=\"wp-block-image size-large\"><img decoding=\"async\" src=\"https:\/\/torrentclosures.com\/wp-content\/uploads\/2020\/11\/Galeria_PlantasProduccion_India_02.jpg\" alt=\"| Grupo Torrent Espa\u00f1a\" title=\"| Grupo Torrent Espa\u00f1a\"><\/figure>\n<\/figure>\n<\/div>\n<\/div>\n","protected":false},"excerpt":{"rendered":"<p>Groupe Torrent Inde s\u2019appelle d\u00e9sormais Alisha Torrent Company Alisha Torrent Company (ATC) est n\u00e9e \u00e0 Jaipur (Inde) en 2012. C\u2019est un projet commun issu de la collaboration entre l\u2019entreprise indienne RJ Corp et le Groupe Torrent. Depuis lors et jusqu\u2019\u00e0 pr\u00e9sent, la croissance a \u00e9t\u00e9 constante. Il y a 5 ans, nous avons construit une &hellip;<\/p>\n","protected":false},"author":3,"featured_media":13205,"parent":0,"menu_order":0,"comment_status":"closed","ping_status":"closed","template":"","meta":{"inline_featured_image":false,"_uag_custom_page_level_css":"","footnotes":""},"class_list":["post-52774","page","type-page","status-publish","has-post-thumbnail","hentry"],"uagb_featured_image_src":{"full":["https:\/\/torrentclosures.com\/wp-content\/uploads\/2020\/12\/Galeria_PlantasProduccion_India_01.jpg",1200,638,false],"thumbnail":["https:\/\/torrentclosures.com\/wp-content\/uploads\/2020\/12\/Galeria_PlantasProduccion_India_01-150x150.jpg",150,150,true],"medium":["https:\/\/torrentclosures.com\/wp-content\/uploads\/2020\/12\/Galeria_PlantasProduccion_India_01-300x300.jpg",300,300,true],"medium_large":["https:\/\/torrentclosures.com\/wp-content\/uploads\/2020\/12\/Galeria_PlantasProduccion_India_01-768x408.jpg",768,408,true],"large":["https:\/\/torrentclosures.com\/wp-content\/uploads\/2020\/12\/Galeria_PlantasProduccion_India_01-1024x544.jpg",1024,544,true],"1536x1536":["https:\/\/torrentclosures.com\/wp-content\/uploads\/2020\/12\/Galeria_PlantasProduccion_India_01.jpg",1200,638,false],"2048x2048":["https:\/\/torrentclosures.com\/wp-content\/uploads\/2020\/12\/Galeria_PlantasProduccion_India_01.jpg",1200,638,false],"gform-image-choice-sm":["https:\/\/torrentclosures.com\/wp-content\/uploads\/2020\/12\/Galeria_PlantasProduccion_India_01.jpg",300,160,false],"gform-image-choice-md":["https:\/\/torrentclosures.com\/wp-content\/uploads\/2020\/12\/Galeria_PlantasProduccion_India_01.jpg",400,213,false],"gform-image-choice-lg":["https:\/\/torrentclosures.com\/wp-content\/uploads\/2020\/12\/Galeria_PlantasProduccion_India_01.jpg",600,319,false]},"uagb_author_info":{"display_name":"Pablo","author_link":"https:\/\/torrentclosures.com\/fr"},"uagb_comment_info":0,"uagb_excerpt":"Groupe Torrent Inde s\u2019appelle d\u00e9sormais Alisha Torrent Company Alisha Torrent Company (ATC) est n\u00e9e \u00e0 Jaipur (Inde) en 2012. C\u2019est un projet commun issu de la collaboration entre l\u2019entreprise indienne RJ Corp et le Groupe Torrent. Depuis lors et jusqu\u2019\u00e0 pr\u00e9sent, la croissance a \u00e9t\u00e9 constante. Il y a 5 ans, nous avons construit une\u2026","_links":{"self":[{"href":"https:\/\/torrentclosures.com\/fr\/wp-json\/wp\/v2\/pages\/52774","targetHints":{"allow":["GET"]}}],"collection":[{"href":"https:\/\/torrentclosures.com\/fr\/wp-json\/wp\/v2\/pages"}],"about":[{"href":"https:\/\/torrentclosures.com\/fr\/wp-json\/wp\/v2\/types\/page"}],"author":[{"embeddable":true,"href":"https:\/\/torrentclosures.com\/fr\/wp-json\/wp\/v2\/users\/3"}],"replies":[{"embeddable":true,"href":"https:\/\/torrentclosures.com\/fr\/wp-json\/wp\/v2\/comments?post=52774"}],"version-history":[{"count":4,"href":"https:\/\/torrentclosures.com\/fr\/wp-json\/wp\/v2\/pages\/52774\/revisions"}],"predecessor-version":[{"id":54388,"href":"https:\/\/torrentclosures.com\/fr\/wp-json\/wp\/v2\/pages\/52774\/revisions\/54388"}],"wp:featuredmedia":[{"embeddable":true,"href":"https:\/\/torrentclosures.com\/fr\/wp-json\/wp\/v2\/media\/13205"}],"wp:attachment":[{"href":"https:\/\/torrentclosures.com\/fr\/wp-json\/wp\/v2\/media?parent=52774"}],"curies":[{"name":"wp","href":"https:\/\/api.w.org\/{rel}","templated":true}]}}