{"id":52773,"date":"2020-09-14T16:47:53","date_gmt":"2020-09-14T16:47:53","guid":{"rendered":"https:\/\/new.torrentclosures.com\/?page_id=10909"},"modified":"2025-04-28T11:19:17","modified_gmt":"2025-04-28T10:19:17","slug":"torrent-espagne","status":"publish","type":"page","link":"https:\/\/torrentclosures.com\/fr\/torrent-espagne\/","title":{"rendered":"Torrent Espagne"},"content":{"rendered":"\n<p><\/p>\n\n\n\n<div class=\"wp-block-group contenido\" style=\"padding-top:0px;padding-right:0px;padding-bottom:0px;padding-left:0px\"><div class=\"wp-block-group__inner-container is-layout-flow wp-block-group-is-layout-flow\">\n<h1 class=\"wp-block-heading page-title\">Groupe Torrent Espagne<\/h1>\n\n\n\n<p><span style=\"font-weight: 400;\">Le Groupe Torrent Espagne poss\u00e8de quatre usines de production qui sont \u00e0 la t\u00eate du processus de fabrication des bouchons en aluminium, en plastique et en li\u00e8ge. Install\u00e9es \u00e0 Jerez de la Frontera et \u00e0 El Puerto de Santa Mar\u00eda, dans la r\u00e9gion de Cadix, les usines centrales produisent des bouchons pour les secteurs de l\u2019Huile d\u2019Olive Vierge Extra, des liqueurs, des spiritueux et du vin. L\u2019emplacement des usines de production au sud de l\u2019Europe favorise la distribution de nos bouchons \u00e0 l\u2019\u00e9chelle nationale et internationale.<\/span><\/p>\n\n\n\n<p><span style=\"font-weight: 400;\">Dans l\u2019usine de El Puerto de Santa Mar\u00eda sont fabriqu\u00e9s les bouchons <a href=\"https:\/\/torrentclosures.com\/fr\/bouchons-irremplissables-pour-lhuile-qui-garantissent-la-qualite-de-lhuile-dolive-vierge-extra\/\">non-remplissables en plastique<\/a> pour AOVE, liqueurs et spiritueux, ainsi que la production de tous les composants en plastique n\u00e9cessaires aux bouchons en aluminium et en li\u00e8ge. Le Groupe Torrent est le premier fabricant du monde de bouchons pour Huile d\u2019Olive Vierge Extra et le deuxi\u00e8me pour les liqueurs et spiritueux.<\/span><\/p>\n\n\n\n<p><span style=\"font-weight: 400;\">L\u2019usine de bouchons de <a href=\"https:\/\/fr.wikipedia.org\/wiki\/El_Puerto_de_Santa_Mar%C3%ADa\" target=\"_blank\" rel=\"noopener\">El Puerto de Santa Mar\u00eda <\/a>h\u00e9berge aussi la production de bouchons non-remplissables en plastique et de composants pour d\u2019autres types de bouchons du Groupe Torrent Espagne, les d\u00e9partements de Recherche, D\u00e9veloppement et Innovation, d\u2019Ing\u00e9nierie, de Moulage et Injection et d\u2019administration. Elles forment le c\u0153ur de la production de bouchons non-remplissables et Ad-Hoc.<\/span><\/p>\n\n\n\n<div style=\"height:10px\" aria-hidden=\"true\" class=\"wp-block-spacer\"><\/div>\n\n\n\n<h2 class=\"wp-block-heading\"><strong>Groupe Torrent Espagne et la mission d\u2019\u00e9co-responsabilit\u00e9 de l\u2019entreprise<\/strong><\/h2>\n\n\n\n<p><br><span style=\"font-weight: 400;\">En ligne avec notre philosophie qui consiste \u00e0 \u00eatre \u00e9co-responsables dans notre mission d\u2019entreprise, la mati\u00e8re premi\u00e8re utilis\u00e9e dans la fabrication de nos bouchons dans toutes les usines de production du Groupe Torrent en Espagne est 100 % recyclable. De plus, la plupart de nos machines n\u2019utilisent pas d\u2019huile hydraulique pour fonctionner. Elles sont donc 100 % \u00e9co-responsables. Toutes les \u00e9missions provenant des vernis et des teintures utilis\u00e9s pour d\u00e9corer nos bouchons sont r\u00e9g\u00e9n\u00e9r\u00e9es. Nous respectons ainsi la r\u00e9glementation en vigueur en \u00e9vitant de polluer l\u2019atmosph\u00e8re.<\/span><\/p>\n\n\n\n<p><span style=\"font-weight: 400;\">Nos usines de production de bouchons en aluminium et en li\u00e8ge, ainsi que la lithographie, se trouvent \u00e0 Jerez. C\u2019est de l\u00e0 que l\u2019on g\u00e8re toute l\u2019activit\u00e9 commerciale du Groupe Torrent en Espagne, aussi bien \u00e0 l\u2019\u00e9chelle nationale qu\u2019internationale. De plus, c\u2019est l\u00e0 que se trouve notre service de conception graphique. L\u2019usine de production de bouchons en aluminium de Jerez fabrique les bouchons pour liqueurs, Huile d\u2019Olive Vierge Extra, vins (ROPP) et eau.<\/span><\/p>\n\n\n\n<div style=\"height:10px\" aria-hidden=\"true\" class=\"wp-block-spacer\"><\/div>\n\n\n\n<h2 class=\"wp-block-heading has-text-color\" style=\"color:#cd142c\">Nous produisons des bouchons en li\u00e8ge pour des produits haut de gamme, des liqueurs et des vins.<\/h2>\n\n\n\n<div style=\"height:5px\" aria-hidden=\"true\" class=\"wp-block-spacer\"><\/div>\n\n\n\n<p><span style=\"font-weight: 400;\">En 2018, alors que l\u2019on f\u00eatait notre premier centenaire, nous avons incorpor\u00e9 \u00e0 notre activit\u00e9 la production de bouchons en li\u00e8ge gr\u00e2ce \u00e0 l\u2019acquisition d\u2019une illustre entreprise associ\u00e9e \u00e0 la famille Torrent. Notre usine manufacturi\u00e8re de li\u00e8ge est sp\u00e9cialis\u00e9e dans la production de bouchons pour les secteurs de liqueurs, de produits Premium et de vins g\u00e9n\u00e9reux. Ce type de bouchons \u00e0 t\u00eate, fabriqu\u00e9s en li\u00e8ge naturel, granul\u00e9 et agglom\u00e9r\u00e9 \u00e0 t\u00eate en Zamak, en bak\u00e9lite, en bois ou en plastique, se distingue par sa facilit\u00e9 de manipulation.<\/span><\/p>\n\n\n\n<p>Chez Groupe Torrent, nous r\u00e9alisons tous les processus productifs de la fabrication de bouchons en interne, ce qui facilite le contact avec le client, favorise la r\u00e9duction des co\u00fbts et une plus grande capacit\u00e9 de r\u00e9ponse technique, commerciale et personnelle.<\/p>\n\n\n\n<p><br><br><br><\/p>\n<\/div><\/div>\n\n\n\n<p><\/p>\n\n\n\n<div class=\"wp-block-columns is-layout-flex wp-container-core-columns-is-layout-9d6595d7 wp-block-columns-is-layout-flex\">\n<div class=\"wp-block-column is-layout-flow wp-block-column-is-layout-flow\" style=\"flex-basis:100%\">\n<div class=\"wp-block-columns is-layout-flex wp-container-core-columns-is-layout-9d6595d7 wp-block-columns-is-layout-flex\">\n<div class=\"wp-block-column is-layout-flow wp-block-column-is-layout-flow\" style=\"flex-basis:100%\">\n<div class=\"wp-block-columns alignfull are-vertically-aligned-center is-layout-flex wp-container-core-columns-is-layout-9d6595d7 wp-block-columns-is-layout-flex\">\n<div class=\"wp-block-column is-vertically-aligned-center is-layout-flow wp-block-column-is-layout-flow\" style=\"flex-basis:100%\">\n<figure class=\"wp-block-gallery aligncenter has-nested-images columns-3 is-cropped wp-block-gallery-1 is-layout-flex wp-block-gallery-is-layout-flex\">\n<figure class=\"wp-block-image size-large\"><img decoding=\"async\" src=\"https:\/\/torrentclosures.com\/wp-content\/uploads\/2020\/12\/Galeria_PlantasProduccion_ESP_11.jpg\" alt=\"| Grupo Torrent Espa\u00f1a\" title=\"| Grupo Torrent Espa\u00f1a\"><\/figure>\n\n\n\n<figure class=\"wp-block-image size-full\"><img loading=\"lazy\" decoding=\"async\" width=\"1200\" height=\"638\" data-id=\"13192\" src=\"https:\/\/torrentclosures.com\/wp-content\/uploads\/2020\/12\/Galeria_PlantasProduccion_ESP_09.jpg\" alt=\"Grupo Torrent Espa\u00f1a\" class=\"wp-image-13192\" title=\"| Grupo Torrent Espa\u00f1a\" srcset=\"https:\/\/torrentclosures.com\/wp-content\/uploads\/2020\/12\/Galeria_PlantasProduccion_ESP_09.jpg 1200w, https:\/\/torrentclosures.com\/wp-content\/uploads\/2020\/12\/Galeria_PlantasProduccion_ESP_09-1024x544.jpg 1024w, https:\/\/torrentclosures.com\/wp-content\/uploads\/2020\/12\/Galeria_PlantasProduccion_ESP_09-768x408.jpg 768w, https:\/\/torrentclosures.com\/wp-content\/uploads\/2020\/12\/Galeria_PlantasProduccion_ESP_09-700x372.jpg 700w\" sizes=\"auto, (max-width: 1200px) 100vw, 1200px\" \/><\/figure>\n\n\n\n<figure class=\"wp-block-image size-full\"><img loading=\"lazy\" decoding=\"async\" width=\"1200\" height=\"638\" data-id=\"12629\" src=\"https:\/\/torrentclosures.com\/wp-content\/uploads\/2020\/11\/Galeria_PlantasProduccion_ESP_08.jpg\" alt=\"ISO 22000 | G\" class=\"wp-image-12629\" title=\"| Grupo Torrent Espa\u00f1a\" srcset=\"https:\/\/torrentclosures.com\/wp-content\/uploads\/2020\/11\/Galeria_PlantasProduccion_ESP_08.jpg 1200w, https:\/\/torrentclosures.com\/wp-content\/uploads\/2020\/11\/Galeria_PlantasProduccion_ESP_08-1024x544.jpg 1024w, https:\/\/torrentclosures.com\/wp-content\/uploads\/2020\/11\/Galeria_PlantasProduccion_ESP_08-768x408.jpg 768w, https:\/\/torrentclosures.com\/wp-content\/uploads\/2020\/11\/Galeria_PlantasProduccion_ESP_08-700x372.jpg 700w\" sizes=\"auto, (max-width: 1200px) 100vw, 1200px\" \/><\/figure>\n\n\n\n<figure class=\"wp-block-image size-full\"><img loading=\"lazy\" decoding=\"async\" width=\"1200\" height=\"638\" data-id=\"12621\" src=\"https:\/\/torrentclosures.com\/wp-content\/uploads\/2020\/11\/Galeria_PlantasProduccion_ESP_06.jpg\" alt=\"| Grupo Torrent Espa\u00f1a\" class=\"wp-image-12621\" title=\"| Grupo Torrent Espa\u00f1a\" srcset=\"https:\/\/torrentclosures.com\/wp-content\/uploads\/2020\/11\/Galeria_PlantasProduccion_ESP_06.jpg 1200w, https:\/\/torrentclosures.com\/wp-content\/uploads\/2020\/11\/Galeria_PlantasProduccion_ESP_06-1024x544.jpg 1024w, https:\/\/torrentclosures.com\/wp-content\/uploads\/2020\/11\/Galeria_PlantasProduccion_ESP_06-768x408.jpg 768w, https:\/\/torrentclosures.com\/wp-content\/uploads\/2020\/11\/Galeria_PlantasProduccion_ESP_06-700x372.jpg 700w\" sizes=\"auto, (max-width: 1200px) 100vw, 1200px\" \/><\/figure>\n\n\n\n<figure class=\"wp-block-image size-large\"><img decoding=\"async\" src=\"https:\/\/torrentclosures.com\/wp-content\/uploads\/2020\/11\/Galeria_PlantasProduccion_ESP_05.jpg\" alt=\"| Grupo Torrent Espa\u00f1a\" title=\"| Grupo Torrent Espa\u00f1a\"><\/figure>\n\n\n\n<figure class=\"wp-block-image size-full\"><img loading=\"lazy\" decoding=\"async\" width=\"1200\" height=\"638\" data-id=\"12601\" src=\"https:\/\/torrentclosures.com\/wp-content\/uploads\/2020\/11\/Galeria_PlantasProduccion_ESP_01.jpg\" alt=\"| Grupo Torrent Espa\u00f1a\" class=\"wp-image-12601\" title=\"| Grupo Torrent Espa\u00f1a\" srcset=\"https:\/\/torrentclosures.com\/wp-content\/uploads\/2020\/11\/Galeria_PlantasProduccion_ESP_01.jpg 1200w, https:\/\/torrentclosures.com\/wp-content\/uploads\/2020\/11\/Galeria_PlantasProduccion_ESP_01-1024x544.jpg 1024w, https:\/\/torrentclosures.com\/wp-content\/uploads\/2020\/11\/Galeria_PlantasProduccion_ESP_01-768x408.jpg 768w, https:\/\/torrentclosures.com\/wp-content\/uploads\/2020\/11\/Galeria_PlantasProduccion_ESP_01-700x372.jpg 700w\" sizes=\"auto, (max-width: 1200px) 100vw, 1200px\" \/><\/figure>\n<\/figure>\n<\/div>\n<\/div>\n<\/div>\n<\/div>\n<\/div>\n<\/div>\n","protected":false},"excerpt":{"rendered":"<p>Groupe Torrent Espagne Le Groupe Torrent Espagne poss\u00e8de quatre usines de production qui sont \u00e0 la t\u00eate du processus de fabrication des bouchons en aluminium, en plastique et en li\u00e8ge. Install\u00e9es \u00e0 Jerez de la Frontera et \u00e0 El Puerto de Santa Mar\u00eda, dans la r\u00e9gion de Cadix, les usines centrales produisent des bouchons pour &hellip;<\/p>\n","protected":false},"author":3,"featured_media":0,"parent":0,"menu_order":0,"comment_status":"closed","ping_status":"closed","template":"","meta":{"inline_featured_image":false,"_uag_custom_page_level_css":"","footnotes":""},"class_list":["post-52773","page","type-page","status-publish","hentry"],"uagb_featured_image_src":{"full":false,"thumbnail":false,"medium":false,"medium_large":false,"large":false,"1536x1536":false,"2048x2048":false,"gform-image-choice-sm":false,"gform-image-choice-md":false,"gform-image-choice-lg":false},"uagb_author_info":{"display_name":"Pablo","author_link":"https:\/\/torrentclosures.com\/fr"},"uagb_comment_info":0,"uagb_excerpt":"Groupe Torrent Espagne Le Groupe Torrent Espagne poss\u00e8de quatre usines de production qui sont \u00e0 la t\u00eate du processus de fabrication des bouchons en aluminium, en plastique et en li\u00e8ge. Install\u00e9es \u00e0 Jerez de la Frontera et \u00e0 El Puerto de Santa Mar\u00eda, dans la r\u00e9gion de Cadix, les usines centrales produisent des bouchons pour\u2026","_links":{"self":[{"href":"https:\/\/torrentclosures.com\/fr\/wp-json\/wp\/v2\/pages\/52773","targetHints":{"allow":["GET"]}}],"collection":[{"href":"https:\/\/torrentclosures.com\/fr\/wp-json\/wp\/v2\/pages"}],"about":[{"href":"https:\/\/torrentclosures.com\/fr\/wp-json\/wp\/v2\/types\/page"}],"author":[{"embeddable":true,"href":"https:\/\/torrentclosures.com\/fr\/wp-json\/wp\/v2\/users\/3"}],"replies":[{"embeddable":true,"href":"https:\/\/torrentclosures.com\/fr\/wp-json\/wp\/v2\/comments?post=52773"}],"version-history":[{"count":4,"href":"https:\/\/torrentclosures.com\/fr\/wp-json\/wp\/v2\/pages\/52773\/revisions"}],"predecessor-version":[{"id":54386,"href":"https:\/\/torrentclosures.com\/fr\/wp-json\/wp\/v2\/pages\/52773\/revisions\/54386"}],"wp:attachment":[{"href":"https:\/\/torrentclosures.com\/fr\/wp-json\/wp\/v2\/media?parent=52773"}],"curies":[{"name":"wp","href":"https:\/\/api.w.org\/{rel}","templated":true}]}}