{"id":52772,"date":"2020-08-13T11:08:26","date_gmt":"2020-08-13T11:08:26","guid":{"rendered":"https:\/\/new.torrentclosures.com\/?page_id=10864"},"modified":"2025-04-28T11:24:36","modified_gmt":"2025-04-28T10:24:36","slug":"torrent-afrique","status":"publish","type":"page","link":"https:\/\/torrentclosures.com\/fr\/torrent-afrique\/","title":{"rendered":"Groupe Torrent Afrique"},"content":{"rendered":"\n<div class=\"wp-block-group contenido\"><div class=\"wp-block-group__inner-container is-layout-flow wp-block-group-is-layout-flow\">\n<h1 class=\"wp-block-heading page-title\"><br>Groupe Torrent Afrique<\/h1>\n\n\n\n<p><span style=\"font-weight: 400;\">En 2017, le&nbsp;<strong><a href=\"https:\/\/torrentclosures.com\/fr\/groupe-torrent\/\">Groupe Torrent<\/a>&nbsp;<\/strong>a consolid\u00e9 sa pr\u00e9sence sur le march\u00e9 mondial des solutions de bouchage gr\u00e2ce \u00e0 Torrent Afrique, notre usine de production \u00e0 <a href=\"https:\/\/fr.wikipedia.org\/wiki\/Nairobi\" target=\"_blank\" rel=\"noreferrer noopener nofollow\">Nairobi (Kenya)<\/a>. L\u2019usine Torrent Afrique, de 8&nbsp;850 m2, permet \u00e0 notre groupe de se rapprocher des clients du March\u00e9 Commun de l\u2019Afrique orientale (Comesa) et d\u2019am\u00e9liorer ainsi la production gr\u00e2ce \u00e0 la r\u00e9duction des co\u00fbts de fabrication et de transport.<\/span><br><\/p>\n\n\n\n<h2 class=\"wp-block-heading\"><strong>Torrent Afrique, notre usine de production au Kenya<\/strong><\/h2>\n\n\n\n<p><span style=\"font-weight: 400;\">Actuellement,&nbsp;<strong>Torrent Afrique<\/strong>&nbsp;produit deux mod\u00e8les de bouchons de s\u00e9curit\u00e9. Le&nbsp;<strong>Nip Standard&nbsp;<\/strong>et le&nbsp;<strong>Nip Plus<\/strong>. Ces solutions de bouchage en plastique sont faciles \u00e0 appliquer verticalement sur la bouteille. Mais si l\u2019on essaie de les manipuler ou de les retirer, dans le cas d\u2019un remplissage ou d\u2019une contrefa\u00e7on, ces bouchons se d\u00e9truisent. De cette fa\u00e7on, on voit clairement si la bouteille a d\u00e9j\u00e0 \u00e9t\u00e9 ouverte. Ces mesures de s\u00e9curit\u00e9s sont excellentes.<\/span><\/p>\n\n\n\n<p><span style=\"font-weight: 400;\">Nip Standard et Nip Plus, sont aussi des bouchons que s\u2019adaptent \u00e0 tous types de d\u00e9corations, ce qui favorise un design exclusif. Nous apportons ainsi une valeur ajout\u00e9e \u00e0 nos bouchons et nous r\u00e9pondons aux besoins de nos clients pour ce qui est du packaging de leur produit. Nip Standard et Nip Plus peuvent \u00eatre d\u00e9cor\u00e9s en plusieurs couleurs autant sur la t\u00eate que sur le lat\u00e9ral et permet des gravures en relief sur la t\u00eate, le rebord et le lat\u00e9ral. Il est possible de d\u00e9corer la languette d\u2019ouverture de ces bouchons.<\/span><br><\/p>\n\n\n\n<h2 class=\"wp-block-heading\">Torrent Afrique met un frein \u00e0 la contrefa\u00e7on et au remplissage illicite<\/h2>\n\n\n\n<p><span style=\"font-weight: 400;\">D\u2019autre part, il est possible d\u2019appliquer des teintes intelligentes et laser lors du processus d\u00e9coratif des bouchons que nous fabriquons dans notre usine de production&nbsp;<strong>Torrent Afrique<\/strong>. Cela permet d\u2019identifier facilement si le bouchon a d\u00e9j\u00e0 \u00e9t\u00e9 manipul\u00e9. Tout cela repr\u00e9sente un obstacle important \u00e0 la contrefa\u00e7on et au remplissage.<\/span><\/p>\n\n\n\n<p><span style=\"font-weight: 400;\">Notre objectif est d\u2019emp\u00eacher la contrefa\u00e7on et le remplissage de liqueurs pour \u00e9viter les intoxications qui se produisent fr\u00e9quemment sur le continent africain.<\/span><\/p>\n\n\n\n<p>Pour le&nbsp;<strong>Groupe Torrent,<\/strong>&nbsp;notre usine&nbsp;<strong>Torrent Afrique<\/strong>&nbsp;repr\u00e9sente un projet ambitieux \u00e0 l\u2019\u00e9chelle internationale qui renforce notre politique et notre philosophie d\u2019entreprise consistant \u00e0 \u00eatre toujours pr\u00e8s de nos clients.<\/p>\n\n\n\n<p><br><\/p>\n<\/div><\/div>\n\n\n\n<div class=\"wp-block-columns is-layout-flex wp-container-core-columns-is-layout-9d6595d7 wp-block-columns-is-layout-flex\">\n<div class=\"wp-block-column is-layout-flow wp-block-column-is-layout-flow\" style=\"flex-basis:100%\"><\/div>\n<\/div>\n\n\n\n<figure class=\"wp-block-gallery alignfull has-nested-images columns-3 is-cropped wp-block-gallery-1 is-layout-flex wp-block-gallery-is-layout-flex\">\n<figure class=\"wp-block-image size-large\"><img loading=\"lazy\" decoding=\"async\" width=\"1024\" height=\"544\" data-id=\"12596\" src=\"https:\/\/torrentclosures.com\/wp-content\/uploads\/2020\/11\/Galeria_PlantasProduccion_Africa_07-1024x544.jpg\" alt=\"| Grupo Torrent Espa\u00f1a\" class=\"wp-image-12596\" title=\"| Grupo Torrent Espa\u00f1a\" srcset=\"https:\/\/torrentclosures.com\/wp-content\/uploads\/2020\/11\/Galeria_PlantasProduccion_Africa_07-1024x544.jpg 1024w, https:\/\/torrentclosures.com\/wp-content\/uploads\/2020\/11\/Galeria_PlantasProduccion_Africa_07-768x408.jpg 768w, https:\/\/torrentclosures.com\/wp-content\/uploads\/2020\/11\/Galeria_PlantasProduccion_Africa_07-700x372.jpg 700w, https:\/\/torrentclosures.com\/wp-content\/uploads\/2020\/11\/Galeria_PlantasProduccion_Africa_07.jpg 1200w\" sizes=\"auto, (max-width: 1024px) 100vw, 1024px\" \/><\/figure>\n\n\n\n<figure class=\"wp-block-image size-large\"><img loading=\"lazy\" decoding=\"async\" width=\"1024\" height=\"544\" data-id=\"12592\" src=\"https:\/\/torrentclosures.com\/wp-content\/uploads\/2020\/11\/Galeria_PlantasProduccion_Africa_06-1024x544.jpg\" alt=\"| Grupo Torrent Espa\u00f1a\" class=\"wp-image-12592\" title=\"| Grupo Torrent Espa\u00f1a\" srcset=\"https:\/\/torrentclosures.com\/wp-content\/uploads\/2020\/11\/Galeria_PlantasProduccion_Africa_06-1024x544.jpg 1024w, https:\/\/torrentclosures.com\/wp-content\/uploads\/2020\/11\/Galeria_PlantasProduccion_Africa_06-768x408.jpg 768w, https:\/\/torrentclosures.com\/wp-content\/uploads\/2020\/11\/Galeria_PlantasProduccion_Africa_06-700x372.jpg 700w, https:\/\/torrentclosures.com\/wp-content\/uploads\/2020\/11\/Galeria_PlantasProduccion_Africa_06.jpg 1200w\" sizes=\"auto, (max-width: 1024px) 100vw, 1024px\" \/><\/figure>\n\n\n\n<figure class=\"wp-block-image size-large\"><img loading=\"lazy\" decoding=\"async\" width=\"1024\" height=\"544\" data-id=\"12588\" src=\"https:\/\/torrentclosures.com\/wp-content\/uploads\/2020\/11\/Galeria_PlantasProduccion_Africa_05-1024x544.jpg\" alt=\"| Grupo Torrent Espa\u00f1a\" class=\"wp-image-12588\" title=\"| Grupo Torrent Espa\u00f1a\" srcset=\"https:\/\/torrentclosures.com\/wp-content\/uploads\/2020\/11\/Galeria_PlantasProduccion_Africa_05-1024x544.jpg 1024w, https:\/\/torrentclosures.com\/wp-content\/uploads\/2020\/11\/Galeria_PlantasProduccion_Africa_05-768x408.jpg 768w, https:\/\/torrentclosures.com\/wp-content\/uploads\/2020\/11\/Galeria_PlantasProduccion_Africa_05-700x372.jpg 700w, https:\/\/torrentclosures.com\/wp-content\/uploads\/2020\/11\/Galeria_PlantasProduccion_Africa_05.jpg 1200w\" sizes=\"auto, (max-width: 1024px) 100vw, 1024px\" \/><\/figure>\n\n\n\n<figure class=\"wp-block-image size-large\"><img loading=\"lazy\" decoding=\"async\" width=\"1024\" height=\"544\" data-id=\"12584\" src=\"https:\/\/torrentclosures.com\/wp-content\/uploads\/2020\/11\/Galeria_PlantasProduccion_Africa_04-1024x544.jpg\" alt=\"| Grupo Torrent Espa\u00f1a\" class=\"wp-image-12584\" title=\"| Grupo Torrent Espa\u00f1a\" srcset=\"https:\/\/torrentclosures.com\/wp-content\/uploads\/2020\/11\/Galeria_PlantasProduccion_Africa_04-1024x544.jpg 1024w, https:\/\/torrentclosures.com\/wp-content\/uploads\/2020\/11\/Galeria_PlantasProduccion_Africa_04-768x408.jpg 768w, https:\/\/torrentclosures.com\/wp-content\/uploads\/2020\/11\/Galeria_PlantasProduccion_Africa_04-700x372.jpg 700w, https:\/\/torrentclosures.com\/wp-content\/uploads\/2020\/11\/Galeria_PlantasProduccion_Africa_04.jpg 1200w\" sizes=\"auto, (max-width: 1024px) 100vw, 1024px\" \/><\/figure>\n\n\n\n<figure class=\"wp-block-image size-large\"><img loading=\"lazy\" decoding=\"async\" width=\"1024\" height=\"544\" data-id=\"12580\" src=\"https:\/\/torrentclosures.com\/wp-content\/uploads\/2020\/11\/Galeria_PlantasProduccion_Africa_03-1024x544.jpg\" alt=\"Torrent Africa | Grupo Torrent\" class=\"wp-image-12580\" title=\"| Grupo Torrent Espa\u00f1a\" srcset=\"https:\/\/torrentclosures.com\/wp-content\/uploads\/2020\/11\/Galeria_PlantasProduccion_Africa_03-1024x544.jpg 1024w, https:\/\/torrentclosures.com\/wp-content\/uploads\/2020\/11\/Galeria_PlantasProduccion_Africa_03-768x408.jpg 768w, https:\/\/torrentclosures.com\/wp-content\/uploads\/2020\/11\/Galeria_PlantasProduccion_Africa_03-700x372.jpg 700w, https:\/\/torrentclosures.com\/wp-content\/uploads\/2020\/11\/Galeria_PlantasProduccion_Africa_03.jpg 1200w\" sizes=\"auto, (max-width: 1024px) 100vw, 1024px\" \/><\/figure>\n\n\n\n<figure class=\"wp-block-image size-large\"><img loading=\"lazy\" decoding=\"async\" width=\"1024\" height=\"544\" data-id=\"12576\" src=\"https:\/\/torrentclosures.com\/wp-content\/uploads\/2020\/11\/Galeria_PlantasProduccion_Africa_02-1024x544.jpg\" alt=\"| Grupo Torrent Espa\u00f1a\" class=\"wp-image-12576\" title=\"| Grupo Torrent Espa\u00f1a\" srcset=\"https:\/\/torrentclosures.com\/wp-content\/uploads\/2020\/11\/Galeria_PlantasProduccion_Africa_02-1024x544.jpg 1024w, https:\/\/torrentclosures.com\/wp-content\/uploads\/2020\/11\/Galeria_PlantasProduccion_Africa_02-768x408.jpg 768w, https:\/\/torrentclosures.com\/wp-content\/uploads\/2020\/11\/Galeria_PlantasProduccion_Africa_02-700x372.jpg 700w, https:\/\/torrentclosures.com\/wp-content\/uploads\/2020\/11\/Galeria_PlantasProduccion_Africa_02.jpg 1200w\" sizes=\"auto, (max-width: 1024px) 100vw, 1024px\" \/><\/figure>\n<\/figure>\n","protected":false},"excerpt":{"rendered":"<p>Groupe Torrent Afrique En 2017, le&nbsp;Groupe Torrent&nbsp;a consolid\u00e9 sa pr\u00e9sence sur le march\u00e9 mondial des solutions de bouchage gr\u00e2ce \u00e0 Torrent Afrique, notre usine de production \u00e0 Nairobi (Kenya). L\u2019usine Torrent Afrique, de 8&nbsp;850 m2, permet \u00e0 notre groupe de se rapprocher des clients du March\u00e9 Commun de l\u2019Afrique orientale (Comesa) et d\u2019am\u00e9liorer ainsi la &hellip;<\/p>\n","protected":false},"author":3,"featured_media":0,"parent":0,"menu_order":0,"comment_status":"closed","ping_status":"closed","template":"","meta":{"inline_featured_image":false,"_uag_custom_page_level_css":"","footnotes":""},"class_list":["post-52772","page","type-page","status-publish","hentry"],"uagb_featured_image_src":{"full":false,"thumbnail":false,"medium":false,"medium_large":false,"large":false,"1536x1536":false,"2048x2048":false,"gform-image-choice-sm":false,"gform-image-choice-md":false,"gform-image-choice-lg":false},"uagb_author_info":{"display_name":"Pablo","author_link":"https:\/\/torrentclosures.com\/fr"},"uagb_comment_info":0,"uagb_excerpt":"Groupe Torrent Afrique En 2017, le&nbsp;Groupe Torrent&nbsp;a consolid\u00e9 sa pr\u00e9sence sur le march\u00e9 mondial des solutions de bouchage gr\u00e2ce \u00e0 Torrent Afrique, notre usine de production \u00e0 Nairobi (Kenya). L\u2019usine Torrent Afrique, de 8&nbsp;850 m2, permet \u00e0 notre groupe de se rapprocher des clients du March\u00e9 Commun de l\u2019Afrique orientale (Comesa) et d\u2019am\u00e9liorer ainsi la\u2026","_links":{"self":[{"href":"https:\/\/torrentclosures.com\/fr\/wp-json\/wp\/v2\/pages\/52772","targetHints":{"allow":["GET"]}}],"collection":[{"href":"https:\/\/torrentclosures.com\/fr\/wp-json\/wp\/v2\/pages"}],"about":[{"href":"https:\/\/torrentclosures.com\/fr\/wp-json\/wp\/v2\/types\/page"}],"author":[{"embeddable":true,"href":"https:\/\/torrentclosures.com\/fr\/wp-json\/wp\/v2\/users\/3"}],"replies":[{"embeddable":true,"href":"https:\/\/torrentclosures.com\/fr\/wp-json\/wp\/v2\/comments?post=52772"}],"version-history":[{"count":4,"href":"https:\/\/torrentclosures.com\/fr\/wp-json\/wp\/v2\/pages\/52772\/revisions"}],"predecessor-version":[{"id":54396,"href":"https:\/\/torrentclosures.com\/fr\/wp-json\/wp\/v2\/pages\/52772\/revisions\/54396"}],"wp:attachment":[{"href":"https:\/\/torrentclosures.com\/fr\/wp-json\/wp\/v2\/media?parent=52772"}],"curies":[{"name":"wp","href":"https:\/\/api.w.org\/{rel}","templated":true}]}}