{"id":52771,"date":"2020-07-07T10:56:34","date_gmt":"2020-07-07T10:56:34","guid":{"rendered":"https:\/\/new.torrentclosures.com\/?page_id=10653"},"modified":"2025-03-18T13:44:59","modified_gmt":"2025-03-18T12:44:59","slug":"usines-de-production","status":"publish","type":"page","link":"https:\/\/torrentclosures.com\/fr\/usines-de-production\/","title":{"rendered":"Usines de production du Groupe Torrent\ufffc"},"content":{"rendered":"\n<h1 class=\"wp-block-heading page-title\"><br>Usines de production du Groupe Torrent<br><\/h1>\n\n\n\n<div style=\"padding:56.25% 0 0 0;position:relative;\"><iframe src=\"https:\/\/player.vimeo.com\/video\/915060879?autoplay=1&#038;loop=1&#038;muted=1&#038;byline=0&#038;portrait=0&#038;background=1\" style=\"position:absolute;top:0;left:0;width:100%;height:100%;\" frameborder=\"0\" allow=\"autoplay; fullscreen; picture-in-picture\" allowfullscreen><\/iframe><\/div><script src=\"https:\/\/player.vimeo.com\/api\/player.js\"><\/script>\n\n\n\n<p><br><span style=\"font-weight: 400;\">La capacit\u00e9 productive, aussi bien \u00e0 l\u2019\u00e9chelle nationale qu\u2019internationale, du Groupe Torrent est soutenue par les piliers de ses six&nbsp;<strong>usines de production<\/strong>&nbsp;qui font un total de 50&nbsp;000 m<sup>2<\/sup>. 26&nbsp;000 m<sup>2<\/sup>&nbsp;de ce total sont construits. La superficie disponible nous permet donc de continuer \u00e0 cro\u00eetre de fa\u00e7on durable.<\/span><\/p>\n\n\n\n<h2 class=\"wp-block-heading\">Quatre usines de production en Espagne<\/h2>\n\n\n\n<p><span style=\"font-weight: 400;\">Nos&nbsp;<strong>quatre usines de production<\/strong>&nbsp;en Espagne sont \u00e0 la t\u00eate du processus de fabrication des bouchons en aluminium, en plastique et en li\u00e8ge. Install\u00e9es \u00e0 Jerez de la Frontera et \u00e0 El Puerto de Santa Mar\u00eda, dans la r\u00e9gion de Cadix, les usines centrales produisent des bouchons pour les secteurs de l\u2019Huile d\u2019Olive Vierge Extra, des liqueurs, des spiritueux et du vin.<\/span><\/p>\n\n\n\n<p><span style=\"font-weight: 400;\">Depuis 2012, ann\u00e9e o\u00f9 nous avons commenc\u00e9 notre parcours en Inde accompagn\u00e9s par l\u2019entreprise locale RJ Corp, la croissance durable de Alisha Torrent Closure a \u00e9t\u00e9 constante. Cinq ans apr\u00e8s l\u2019\u00e9tablissement de notre usine en Inde, une nouvelle&nbsp;<strong>usine de production<\/strong>&nbsp;a \u00e9t\u00e9 construite, qui offre 8&nbsp;800 m<sup>2<\/sup>&nbsp;de b\u00e2timents sur une superficie de 13&nbsp;000 m<sup>2<\/sup>. Ce qui nous permet d\u2019opter \u00e0 de futurs agrandissements.<\/span><\/p>\n\n\n\n<h2 class=\"wp-block-heading has-text-color\" style=\"color:#cd142c\">Usines de production du Groupe Torrent en Inde et en Afrique<\/h2>\n\n\n\n<p><span style=\"font-weight: 400;\">L\u2019usine d\u2019Inde, situ\u00e9e \u00e0 <a href=\"https:\/\/fr.wikipedia.org\/wiki\/Jaipur\" target=\"_blank\" rel=\"noreferrer noopener nofollow\">Jaipur<\/a>, dispose de la technologie la plus moderne du secteur de la fabrication de bouchons en plastique pour liqueurs. Cela repr\u00e9sente un facteur distinctif qui se traduit par des indices de comp\u00e9titivit\u00e9 \u00e9lev\u00e9s.<\/span><\/p>\n\n\n\n<p><span style=\"font-weight: 400;\">En 2017, le&nbsp;<strong><a href=\"https:\/\/torrentclosures.com\/fr\/groupe-torrent\/\">Groupe Torrent<\/a>&nbsp;<\/strong>a consolid\u00e9 sa pr\u00e9sence sur le march\u00e9 mondial des solutions de bouchage gr\u00e2ce \u00e0 la mise en place d\u2019une nouvelle usine de production \u00e0 Nairobi (Kenya). L\u2019usine, de 8&nbsp;850 m2, permet \u00e0 notre groupe de se rapprocher des clients du March\u00e9 Commun de l\u2019Afrique orientale (Comesa) et d\u2019am\u00e9liorer ainsi la production gr\u00e2ce \u00e0 la r\u00e9duction des co\u00fbts de fabrication et de transport.<\/span><\/p>\n\n\n\n<p><span style=\"font-weight: 400;\">Avec plus de 1 300 millions de bouchons fabriqu\u00e9s chaque ann\u00e9e et distribu\u00e9s dans pr\u00e8s de 70 pays, nos usines de production sont les premi\u00e8res \u00e0 fabriquer, pour le march\u00e9 mondial, des bouchons pour bouteilles d\u2019Huile d\u2019Olive Vierge Extra et les deuxi\u00e8mes pour les liqueurs et spiritueux. Sans oublier les bouchons pour les vins.<\/span><\/p>\n","protected":false},"excerpt":{"rendered":"<p>Usines de production du Groupe Torrent La capacit\u00e9 productive, aussi bien \u00e0 l\u2019\u00e9chelle nationale qu\u2019internationale, du Groupe Torrent est soutenue par les piliers de ses six&nbsp;usines de production&nbsp;qui font un total de 50&nbsp;000 m2. 26&nbsp;000 m2&nbsp;de ce total sont construits. La superficie disponible nous permet donc de continuer \u00e0 cro\u00eetre de fa\u00e7on durable. Quatre usines &hellip;<\/p>\n","protected":false},"author":3,"featured_media":12632,"parent":0,"menu_order":0,"comment_status":"closed","ping_status":"closed","template":"","meta":{"inline_featured_image":false,"_uag_custom_page_level_css":"","footnotes":""},"class_list":["post-52771","page","type-page","status-publish","has-post-thumbnail","hentry"],"uagb_featured_image_src":{"full":["https:\/\/torrentclosures.com\/wp-content\/uploads\/2020\/11\/Galeria_PlantasProduccion_India_01.jpg",1200,638,false],"thumbnail":["https:\/\/torrentclosures.com\/wp-content\/uploads\/2020\/11\/Galeria_PlantasProduccion_India_01-150x150.jpg",150,150,true],"medium":["https:\/\/torrentclosures.com\/wp-content\/uploads\/2020\/11\/Galeria_PlantasProduccion_India_01-300x300.jpg",300,300,true],"medium_large":["https:\/\/torrentclosures.com\/wp-content\/uploads\/2020\/11\/Galeria_PlantasProduccion_India_01-768x408.jpg",768,408,true],"large":["https:\/\/torrentclosures.com\/wp-content\/uploads\/2020\/11\/Galeria_PlantasProduccion_India_01-1024x544.jpg",1024,544,true],"1536x1536":["https:\/\/torrentclosures.com\/wp-content\/uploads\/2020\/11\/Galeria_PlantasProduccion_India_01.jpg",1200,638,false],"2048x2048":["https:\/\/torrentclosures.com\/wp-content\/uploads\/2020\/11\/Galeria_PlantasProduccion_India_01.jpg",1200,638,false],"gform-image-choice-sm":["https:\/\/torrentclosures.com\/wp-content\/uploads\/2020\/11\/Galeria_PlantasProduccion_India_01.jpg",300,160,false],"gform-image-choice-md":["https:\/\/torrentclosures.com\/wp-content\/uploads\/2020\/11\/Galeria_PlantasProduccion_India_01.jpg",400,213,false],"gform-image-choice-lg":["https:\/\/torrentclosures.com\/wp-content\/uploads\/2020\/11\/Galeria_PlantasProduccion_India_01.jpg",600,319,false]},"uagb_author_info":{"display_name":"Pablo","author_link":"https:\/\/torrentclosures.com\/fr"},"uagb_comment_info":0,"uagb_excerpt":"Usines de production du Groupe Torrent La capacit\u00e9 productive, aussi bien \u00e0 l\u2019\u00e9chelle nationale qu\u2019internationale, du Groupe Torrent est soutenue par les piliers de ses six&nbsp;usines de production&nbsp;qui font un total de 50&nbsp;000 m2. 26&nbsp;000 m2&nbsp;de ce total sont construits. La superficie disponible nous permet donc de continuer \u00e0 cro\u00eetre de fa\u00e7on durable. Quatre usines\u2026","_links":{"self":[{"href":"https:\/\/torrentclosures.com\/fr\/wp-json\/wp\/v2\/pages\/52771","targetHints":{"allow":["GET"]}}],"collection":[{"href":"https:\/\/torrentclosures.com\/fr\/wp-json\/wp\/v2\/pages"}],"about":[{"href":"https:\/\/torrentclosures.com\/fr\/wp-json\/wp\/v2\/types\/page"}],"author":[{"embeddable":true,"href":"https:\/\/torrentclosures.com\/fr\/wp-json\/wp\/v2\/users\/3"}],"replies":[{"embeddable":true,"href":"https:\/\/torrentclosures.com\/fr\/wp-json\/wp\/v2\/comments?post=52771"}],"version-history":[{"count":2,"href":"https:\/\/torrentclosures.com\/fr\/wp-json\/wp\/v2\/pages\/52771\/revisions"}],"predecessor-version":[{"id":53264,"href":"https:\/\/torrentclosures.com\/fr\/wp-json\/wp\/v2\/pages\/52771\/revisions\/53264"}],"wp:featuredmedia":[{"embeddable":true,"href":"https:\/\/torrentclosures.com\/fr\/wp-json\/wp\/v2\/media\/12632"}],"wp:attachment":[{"href":"https:\/\/torrentclosures.com\/fr\/wp-json\/wp\/v2\/media?parent=52771"}],"curies":[{"name":"wp","href":"https:\/\/api.w.org\/{rel}","templated":true}]}}