{"id":52770,"date":"2020-04-29T15:11:45","date_gmt":"2020-04-29T15:11:45","guid":{"rendered":"https:\/\/new.torrentclosures.com\/?page_id=10468"},"modified":"2025-08-01T12:24:02","modified_gmt":"2025-08-01T11:24:02","slug":"systecode","status":"publish","type":"page","link":"https:\/\/torrentclosures.com\/fr\/systecode\/","title":{"rendered":"Systecode"},"content":{"rendered":"\n<h1 class=\"wp-block-heading page-title\"><br>Systecode&nbsp;: Syst\u00e8me de garantie de qualit\u00e9 pour l\u2019industrie du li\u00e8ge<br><\/h1>\n\n\n<div class=\"wp-block-image is-resized\">\n<figure class=\"aligncenter size-full\"><img loading=\"lazy\" decoding=\"async\" width=\"800\" height=\"800\" src=\"https:\/\/torrentclosures.com\/wp-content\/uploads\/2020\/07\/Systecode.png\" alt=\"Certificado Systecode | Grupo Torrent\" class=\"wp-image-10710\" style=\"object-fit:cover;width:200px;height:200px\" title=\"| Grupo Torrent Espa\u00f1a\" srcset=\"https:\/\/torrentclosures.com\/wp-content\/uploads\/2020\/07\/Systecode.png 800w, https:\/\/torrentclosures.com\/wp-content\/uploads\/2020\/07\/Systecode-300x300.png 300w, https:\/\/torrentclosures.com\/wp-content\/uploads\/2020\/07\/Systecode-150x150.png 150w, https:\/\/torrentclosures.com\/wp-content\/uploads\/2020\/07\/Systecode-768x768.png 768w, https:\/\/torrentclosures.com\/wp-content\/uploads\/2020\/07\/Systecode-570x570.png 570w, https:\/\/torrentclosures.com\/wp-content\/uploads\/2020\/07\/Systecode-500x500.png 500w, https:\/\/torrentclosures.com\/wp-content\/uploads\/2020\/07\/Systecode-700x700.png 700w\" sizes=\"auto, (max-width: 800px) 100vw, 800px\" \/><\/figure>\n<\/div>\n\n\n<p>Le&nbsp;<strong>Certificat Systecode<\/strong>&nbsp;est un syst\u00e8me de garantie de qualit\u00e9 pour l\u2019industrie du li\u00e8ge \u00e9tabli par la <a href=\"https:\/\/celiege.eu\/\" target=\"_blank\" rel=\"noreferrer noopener\">F\u00e9d\u00e9ration europ\u00e9enne du li\u00e8ge<\/a> (Celiege), une organisation qui repr\u00e9sente toutes les associations de producteurs de li\u00e8ge d\u2019Europe.<\/p>\n\n\n\n<p>Le&nbsp;<strong>Certificat Systecode<\/strong>&nbsp;entra\u00eene un engagement de l\u2019entreprise sur ses techniques de production. Il exige une profonde connaissance des mat\u00e9riaux, un respect absolu des normes environnementales, d\u2019hygi\u00e8ne et de s\u00e9curit\u00e9 au travail.&nbsp; Ce certificat cherche \u00e0 r\u00e9pondre aux inqui\u00e9tudes des utilisateurs du li\u00e8ge (aussi bien les entreprises que les consommateurs) au sujet de la tra\u00e7abilit\u00e9 au cours de la fabrication.<\/p>\n\n\n\n<p>En d\u00e9finitive, le certificat Systecode est un syst\u00e8me d\u2019accr\u00e9ditation men\u00e9 par des sp\u00e9cialistes ind\u00e9pendants, en l\u2019occurrence Bureau Veritas, pour confirmer que les bonnes pratiques de fabrication des <a href=\"https:\/\/torrentclosures.fr\/bouchon-en-liege-micro-agglomere\/\" target=\"_blank\" rel=\"noopener\">bouchons en li\u00e8ge<\/a> sont respect\u00e9es.<\/p>\n\n\n\n<p>Quelle est la port\u00e9e des crit\u00e8res contr\u00f4lables dans le syst\u00e8me de certification Systecode?<br><br><\/p>\n\n\n\n<div style=\"height:20px\" aria-hidden=\"true\" class=\"wp-block-spacer\"><\/div>\n\n\n\n<div class=\"wp-block-columns is-layout-flex wp-container-core-columns-is-layout-9d6595d7 wp-block-columns-is-layout-flex\">\n<div class=\"wp-block-column is-layout-flow wp-block-column-is-layout-flow\">\n<h2 class=\"wp-block-heading has-text-align-center titulo-caja has-small-font-size\"><strong><mark>HEREDEROS DE TORRENT MIRANDA, S.A.<\/mark><\/strong><\/h2>\n\n\n\n<div class=\"wp-block-uagb-info-box uagb-block-47c53d81 uagb-infobox__content-wrap  uagb-infobox_cta-type-all uagb-infobox-icon-below-title uagb-infobox-image-valign-top bloquemail\"><a href=\"https:\/\/torrentclosures.com\/pdf\/Herederos_Torrent_Miranda_Systecode.pdf\" class=\"uagb-infobox-link-wrap uagb-infbox__link-to-all\" target=\"_blank\" aria-label=\"Infobox Link\" rel=\"noopener noreferrer\" onclick=\"return true;\"><\/a><div class=\"uagb-ifb-content\"><div class=\"uagb-ifb-title-wrap\"><h3 class=\"uagb-ifb-title\"><mark style=\"color:#a3a3a3\" class=\"has-inline-color\">SECTEUR LI\u00c8GE<br><\/mark><\/h3><\/div><div class=\"uagb-ifb-separator\"><\/div><div class=\"uagb-ifb-image-content\"><img decoding=\"async\" src=\"https:\/\/torrentclosures.com\/wp-content\/uploads\/2018\/10\/sisteceliege2.png\" alt=\"| Grupo Torrent Espa\u00f1a\" width=\"77\" height=\"88\" loading=\"lazy\" title=\"| Grupo Torrent Espa\u00f1a\"><\/div><div class=\"uagb-ifb-button-wrapper wp-block-button\"><\/div><\/div><\/div>\n<\/div>\n<\/div>\n\n\n\n<h2 class=\"wp-block-heading\"><br><br><strong>Crit\u00e8res du Certificat Systecode<\/strong><\/h2>\n\n\n\n<p>Systecode atteste de la conformit\u00e9 aux crit\u00e8res inclus dans le Code international des pratiques bouchonni\u00e8res.<\/p>\n\n\n\n<p>Les points trait\u00e9s dans cette norme interne et sp\u00e9cifique au secteur bouchonnier sont encadr\u00e9s par les activit\u00e9s de la Gestion de qualit\u00e9 du point de vue des processus et des ressources. Il r\u00e9glemente plus concr\u00e8tement la r\u00e9alisation de produits, la gestion de ressources, le suivi et la mesure des processus d\u2019achat.<\/p>\n\n\n\n<p>L\u2019implantation du Certificat Systecode garantit une excellence maximale des prestations des produits gr\u00e2ce au respect des crit\u00e8res au cours de toutes les phases des processus de production.<br><br><\/p>\n\n\n\n<h2 class=\"wp-block-heading\"><strong>Avantages du Certificat Systecode<\/strong><\/h2>\n\n\n\n<p>Les entreprises accr\u00e9dit\u00e9es par le Certificat Systecode offrent \u00e0 leurs clients la garantie que leurs produits sont conformes aux normes, car leurs processus de production ont \u00e9t\u00e9 v\u00e9rifi\u00e9s et analys\u00e9s de fa\u00e7on objective.<\/p>\n","protected":false},"excerpt":{"rendered":"<p>Systecode&nbsp;: Syst\u00e8me de garantie de qualit\u00e9 pour l\u2019industrie du li\u00e8ge Le&nbsp;Certificat Systecode&nbsp;est un syst\u00e8me de garantie de qualit\u00e9 pour l\u2019industrie du li\u00e8ge \u00e9tabli par la F\u00e9d\u00e9ration europ\u00e9enne du li\u00e8ge (Celiege), une organisation qui repr\u00e9sente toutes les associations de producteurs de li\u00e8ge d\u2019Europe. Le&nbsp;Certificat Systecode&nbsp;entra\u00eene un engagement de l\u2019entreprise sur ses techniques de production. Il exige &hellip;<\/p>\n","protected":false},"author":3,"featured_media":0,"parent":0,"menu_order":0,"comment_status":"closed","ping_status":"closed","template":"","meta":{"inline_featured_image":false,"_uag_custom_page_level_css":"","footnotes":""},"class_list":["post-52770","page","type-page","status-publish","hentry"],"uagb_featured_image_src":{"full":false,"thumbnail":false,"medium":false,"medium_large":false,"large":false,"1536x1536":false,"2048x2048":false,"gform-image-choice-sm":false,"gform-image-choice-md":false,"gform-image-choice-lg":false},"uagb_author_info":{"display_name":"Pablo","author_link":"https:\/\/torrentclosures.com\/fr"},"uagb_comment_info":0,"uagb_excerpt":"Systecode&nbsp;: Syst\u00e8me de garantie de qualit\u00e9 pour l\u2019industrie du li\u00e8ge Le&nbsp;Certificat Systecode&nbsp;est un syst\u00e8me de garantie de qualit\u00e9 pour l\u2019industrie du li\u00e8ge \u00e9tabli par la F\u00e9d\u00e9ration europ\u00e9enne du li\u00e8ge (Celiege), une organisation qui repr\u00e9sente toutes les associations de producteurs de li\u00e8ge d\u2019Europe. Le&nbsp;Certificat Systecode&nbsp;entra\u00eene un engagement de l\u2019entreprise sur ses techniques de production. Il exige\u2026","_links":{"self":[{"href":"https:\/\/torrentclosures.com\/fr\/wp-json\/wp\/v2\/pages\/52770","targetHints":{"allow":["GET"]}}],"collection":[{"href":"https:\/\/torrentclosures.com\/fr\/wp-json\/wp\/v2\/pages"}],"about":[{"href":"https:\/\/torrentclosures.com\/fr\/wp-json\/wp\/v2\/types\/page"}],"author":[{"embeddable":true,"href":"https:\/\/torrentclosures.com\/fr\/wp-json\/wp\/v2\/users\/3"}],"replies":[{"embeddable":true,"href":"https:\/\/torrentclosures.com\/fr\/wp-json\/wp\/v2\/comments?post=52770"}],"version-history":[{"count":4,"href":"https:\/\/torrentclosures.com\/fr\/wp-json\/wp\/v2\/pages\/52770\/revisions"}],"predecessor-version":[{"id":55058,"href":"https:\/\/torrentclosures.com\/fr\/wp-json\/wp\/v2\/pages\/52770\/revisions\/55058"}],"wp:attachment":[{"href":"https:\/\/torrentclosures.com\/fr\/wp-json\/wp\/v2\/media?parent=52770"}],"curies":[{"name":"wp","href":"https:\/\/api.w.org\/{rel}","templated":true}]}}