{"id":52769,"date":"2020-04-15T14:13:35","date_gmt":"2020-04-15T14:13:35","guid":{"rendered":"https:\/\/new.torrentclosures.com\/?page_id=10414"},"modified":"2025-03-21T08:56:39","modified_gmt":"2025-03-21T07:56:39","slug":"universite-de-cadix","status":"publish","type":"page","link":"https:\/\/torrentclosures.com\/fr\/universite-de-cadix\/","title":{"rendered":"Universit\u00e9 de Cadix\ufffc"},"content":{"rendered":"\n<h1 class=\"wp-block-heading page-title\"><br>Universit\u00e9 de Cadix<\/h1>\n\n\n<div class=\"wp-block-image\">\n<figure class=\"aligncenter size-full is-resized\"><img loading=\"lazy\" decoding=\"async\" width=\"800\" height=\"800\" src=\"https:\/\/torrentclosures.com\/wp-content\/uploads\/2020\/07\/Uca.png\" alt=\"Universidad de C\u00e1diz | Torrent Closures\" class=\"wp-image-10715\" style=\"width:200px;height:200px\" title=\"| Grupo Torrent Espa\u00f1a\" srcset=\"https:\/\/torrentclosures.com\/wp-content\/uploads\/2020\/07\/Uca.png 800w, https:\/\/torrentclosures.com\/wp-content\/uploads\/2020\/07\/Uca-300x300.png 300w, https:\/\/torrentclosures.com\/wp-content\/uploads\/2020\/07\/Uca-150x150.png 150w, https:\/\/torrentclosures.com\/wp-content\/uploads\/2020\/07\/Uca-768x768.png 768w, https:\/\/torrentclosures.com\/wp-content\/uploads\/2020\/07\/Uca-570x570.png 570w, https:\/\/torrentclosures.com\/wp-content\/uploads\/2020\/07\/Uca-500x500.png 500w, https:\/\/torrentclosures.com\/wp-content\/uploads\/2020\/07\/Uca-700x700.png 700w\" sizes=\"auto, (max-width: 800px) 100vw, 800px\" \/><\/figure>\n<\/div>\n\n\n<p>Dans l\u2019objectif de s\u2019am\u00e9liorer, d\u2019innover et de cro\u00eetre constamment, le <a href=\"https:\/\/torrentclosures.com\/fr\/groupe-torrent\/\">Groupe Torrent<\/a> et l\u2019universit\u00e9 de Cadix (UCA) ont d\u00e9but\u00e9 une phase de collaboration mutuelle afin d\u2019am\u00e9liorer le processus de production de bouchons et de capsules et de proposer ainsi un produit adapt\u00e9 aux besoins des clients, tout en r\u00e9duisant les co\u00fbts de production, avec des mat\u00e9riaux de qualit\u00e9, de nouvelles techniques et en minimisant l\u2019empreinte de CO2 sur l\u2019environnement qui provient de la fabrication industrielle.<\/p>\n\n\n\n<p>De cette fa\u00e7on, le <a href=\"https:\/\/torrentclosures.com\/fr\/groupe-torrent\/\">Groupe Torrent <\/a>et l\u2019<a href=\"https:\/\/www.uca.es\/\" target=\"_blank\" rel=\"noreferrer noopener\">UCA<\/a> ouvrent plusieurs voies de collaboration avec le docteur en ing\u00e9nierie et conception industrielle Miguel Suffo et avec le professeur d\u2019universit\u00e9 en sciences des mat\u00e9riaux et en ing\u00e9nierie m\u00e9tallique, Sergio Molina, qui font le lien entre cette universit\u00e9 publique et l\u2019entreprise.<br><br><\/p>\n\n\n\n<h2 class=\"wp-block-heading\"><strong>L\u2019universit\u00e9 de Cadix et le Groupe Torrent, ensemble sur les projets RDI<\/strong><\/h2>\n\n\n\n<p>L\u2019entreprise et l\u2019universit\u00e9 ont sign\u00e9 un accord pour le transfert technologique gr\u00e2ce auquel des chercheurs et des ing\u00e9nieurs du Groupe Torrent socialisent les connaissances acquises et la fa\u00e7on dont elles peuvent s\u2019appliquer d\u2019une fa\u00e7on pratique aux entreprises et ainsi se traduire par des b\u00e9n\u00e9fices \u00e9conomiques pour la r\u00e9gion. La soci\u00e9t\u00e9 b\u00e9n\u00e9ficiera aussi d\u2019avantages gr\u00e2ce \u00e0 ces accords de collaboration. En effet, le Groupe Torrent offre aux \u00e9tudiants la possibilit\u00e9 de r\u00e9aliser leurs projets de fin de cours en entreprise et d\u2019appliquer dans un environnement r\u00e9el la th\u00e9orie qu\u2019ils ont apprise.<\/p>\n\n\n\n<p>Cette collaboration se concentre sur le d\u00e9veloppement d\u2019un nouveau produit adapt\u00e9 aux besoins des clients, tout en r\u00e9duisant les co\u00fbts de production, avec des mat\u00e9riaux de qualit\u00e9, de nouvelles techniques et en minimisant l\u2019empreinte de CO2 sur l\u2019environnement qui d\u00e9coule de la fabrication industrielle. Pour ce faire, un nouveau syst\u00e8me sera utilis\u00e9 gr\u00e2ce \u00e0 des imprimantes 3D, ce qui acc\u00e9l\u00e9rera significativement les d\u00e9lais de conception et de fabrication de prototypes.<\/p>\n\n\n\n<div class=\"wp-block-group\"><div class=\"wp-block-group__inner-container is-layout-flow wp-block-group-is-layout-flow\">\n<p>L\u2019universit\u00e9 de Cadix, au cours des derni\u00e8res ann\u00e9es s\u2019est fortement orient\u00e9e vers les technologies d\u2019impression 3D, gr\u00e2ce \u00e0 la cr\u00e9ation, en 2016, du d\u00e9partement de fabrication additive, au sein de ces services centraux de recherche scientifique et technologique (http:\/\/sccyt.uca.es\/es\/divisiones.php).<br>Le Groupe Torrent est le premier fabricant mondial de bouchons pour Huile d\u2019Olive Vierge Extra; le second de bouchons non-remplissables et de s\u00e9curit\u00e9, et une r\u00e9f\u00e9rence internationale dans les bouchons \u00e0 vis pour vins tranquilles et g\u00e9n\u00e9reux. Depuis les ann\u00e9es 20, ce groupe s\u2019est agrandi et a am\u00e9lior\u00e9 son offre. Il propose aujourd\u2019hui \u00e0 ses clients de nombreuses alternatives, ce qui l\u2019a amen\u00e9 \u00e0 effectuer un effort remarquable en RDI au cours des derni\u00e8res ann\u00e9es. Style, d\u00e9coration, d\u00e9veloppement de processus plus \u00e9cologiques et efficaces, brevets et lancements de mod\u00e8les r\u00e9volutionnaires gr\u00e2ce \u00e0 leur innovation (V90, V92, Sintra, Nip-top, Nip-top plus, Capcel\u00f3, Olea Plus, Capcel\u00f3, Captro), r\u00e9duction des co\u00fbts et offres de nouveaux syst\u00e8mes de protection pour \u00e9viter la contrefa\u00e7on, tout cela fait partie du travail effectu\u00e9 dans cette perspective par le Groupe Torrent.<\/p>\n<\/div><\/div>\n","protected":false},"excerpt":{"rendered":"<p>Universit\u00e9 de Cadix Dans l\u2019objectif de s\u2019am\u00e9liorer, d\u2019innover et de cro\u00eetre constamment, le Groupe Torrent et l\u2019universit\u00e9 de Cadix (UCA) ont d\u00e9but\u00e9 une phase de collaboration mutuelle afin d\u2019am\u00e9liorer le processus de production de bouchons et de capsules et de proposer ainsi un produit adapt\u00e9 aux besoins des clients, tout en r\u00e9duisant les co\u00fbts de &hellip;<\/p>\n","protected":false},"author":3,"featured_media":10713,"parent":0,"menu_order":0,"comment_status":"closed","ping_status":"closed","template":"","meta":{"inline_featured_image":false,"_uag_custom_page_level_css":"","footnotes":""},"class_list":["post-52769","page","type-page","status-publish","has-post-thumbnail","hentry"],"uagb_featured_image_src":{"full":["https:\/\/torrentclosures.com\/wp-content\/uploads\/2020\/07\/Uca.png",800,800,false],"thumbnail":["https:\/\/torrentclosures.com\/wp-content\/uploads\/2020\/07\/Uca-150x150.png",150,150,true],"medium":["https:\/\/torrentclosures.com\/wp-content\/uploads\/2020\/07\/Uca-300x300.png",300,300,true],"medium_large":["https:\/\/torrentclosures.com\/wp-content\/uploads\/2020\/07\/Uca-768x768.png",768,768,true],"large":["https:\/\/torrentclosures.com\/wp-content\/uploads\/2020\/07\/Uca.png",800,800,false],"1536x1536":["https:\/\/torrentclosures.com\/wp-content\/uploads\/2020\/07\/Uca.png",800,800,false],"2048x2048":["https:\/\/torrentclosures.com\/wp-content\/uploads\/2020\/07\/Uca.png",800,800,false],"gform-image-choice-sm":["https:\/\/torrentclosures.com\/wp-content\/uploads\/2020\/07\/Uca.png",300,300,false],"gform-image-choice-md":["https:\/\/torrentclosures.com\/wp-content\/uploads\/2020\/07\/Uca.png",400,400,false],"gform-image-choice-lg":["https:\/\/torrentclosures.com\/wp-content\/uploads\/2020\/07\/Uca.png",600,600,false]},"uagb_author_info":{"display_name":"Pablo","author_link":"https:\/\/torrentclosures.com\/fr"},"uagb_comment_info":0,"uagb_excerpt":"Universit\u00e9 de Cadix Dans l\u2019objectif de s\u2019am\u00e9liorer, d\u2019innover et de cro\u00eetre constamment, le Groupe Torrent et l\u2019universit\u00e9 de Cadix (UCA) ont d\u00e9but\u00e9 une phase de collaboration mutuelle afin d\u2019am\u00e9liorer le processus de production de bouchons et de capsules et de proposer ainsi un produit adapt\u00e9 aux besoins des clients, tout en r\u00e9duisant les co\u00fbts de\u2026","_links":{"self":[{"href":"https:\/\/torrentclosures.com\/fr\/wp-json\/wp\/v2\/pages\/52769","targetHints":{"allow":["GET"]}}],"collection":[{"href":"https:\/\/torrentclosures.com\/fr\/wp-json\/wp\/v2\/pages"}],"about":[{"href":"https:\/\/torrentclosures.com\/fr\/wp-json\/wp\/v2\/types\/page"}],"author":[{"embeddable":true,"href":"https:\/\/torrentclosures.com\/fr\/wp-json\/wp\/v2\/users\/3"}],"replies":[{"embeddable":true,"href":"https:\/\/torrentclosures.com\/fr\/wp-json\/wp\/v2\/comments?post=52769"}],"version-history":[{"count":3,"href":"https:\/\/torrentclosures.com\/fr\/wp-json\/wp\/v2\/pages\/52769\/revisions"}],"predecessor-version":[{"id":54071,"href":"https:\/\/torrentclosures.com\/fr\/wp-json\/wp\/v2\/pages\/52769\/revisions\/54071"}],"wp:featuredmedia":[{"embeddable":true,"href":"https:\/\/torrentclosures.com\/fr\/wp-json\/wp\/v2\/media\/10713"}],"wp:attachment":[{"href":"https:\/\/torrentclosures.com\/fr\/wp-json\/wp\/v2\/media?parent=52769"}],"curies":[{"name":"wp","href":"https:\/\/api.w.org\/{rel}","templated":true}]}}