{"id":52768,"date":"2020-04-15T14:09:17","date_gmt":"2020-04-15T14:09:17","guid":{"rendered":"https:\/\/new.torrentclosures.com\/?page_id=10409"},"modified":"2025-03-21T08:57:05","modified_gmt":"2025-03-21T07:57:05","slug":"universite-de-huelva","status":"publish","type":"page","link":"https:\/\/torrentclosures.com\/fr\/universite-de-huelva\/","title":{"rendered":"Universit\u00e9 de Huelva"},"content":{"rendered":"\n<p><\/p>\n\n\n\n<h1 class=\"wp-block-heading page-title\">Universit\u00e9 de Huelva<\/h1>\n\n\n<div class=\"wp-block-image\">\n<figure class=\"aligncenter size-large is-resized\"><img decoding=\"async\" src=\"https:\/\/torrentclosures.com\/wp-content\/uploads\/2020\/07\/UHuelva.png\" alt=\"Universidad de Huelva | Grupo Torrent\" style=\"width:200px;height:200px\" title=\"| Grupo Torrent Espa\u00f1a\"><\/figure>\n<\/div>\n\n\n<p>Le <a href=\"https:\/\/torrentclosures.com\/fr\/groupe-torrent\/\">Groupe Torrent<\/a> collabore avec l\u2019universit\u00e9 de Huelva dans la mise en place d\u2019un syst\u00e8me de vision et de contr\u00f4le de qualit\u00e9 des processus d\u2019impression de l\u2019aluminium.<\/p>\n\n\n\n<p>Nous nous rapprochons de l\u2019universit\u00e9 afin de trouver une synergie, dans le domaine de la technologie, qui d\u00e9finisse une voie de croissance durable en qualit\u00e9 et en quantit\u00e9.<br><br><\/p>\n\n\n\n<h2 class=\"wp-block-heading\"><strong>L\u2019universit\u00e9 de Huelva et le Groupe Torrent travaillent ensemble pour mettre en place un syst\u00e8me de contr\u00f4le de qualit\u00e9 des processus d\u2019impression de l\u2019aluminium<\/strong><\/h2>\n\n\n\n<p>Gr\u00e2ce aux sp\u00e9cialistes du Groupe de Recherche Syst\u00e8mes de Vision, Pr\u00e9diction, Optimisation et Contr\u00f4le de<a href=\"http:\/\/www.uhu.es\/index.php\" target=\"_blank\" rel=\"noreferrer noopener\"> l\u2019\u00c9cole Technique Sup\u00e9rieure d\u2019Ing\u00e9nierie <\/a>de Huelva, nous avons install\u00e9 un syst\u00e8me d\u2019inspection visuelle sp\u00e9cifique, qui est compos\u00e9 d\u2019un capteur de couleur CMOS trilin\u00e9aire, d\u2019une illumination LED blanche int\u00e9gr\u00e9e, parfaite pour num\u00e9riser en couleur des objets plats avec une r\u00e9solution de 600 ppp.<\/p>\n\n\n\n<p>La pr\u00e9cision de ce type de scanners permet une excellente reproduction de la couleur et une parfaite r\u00e9solution sans efforts suppl\u00e9mentaires de r\u00e9glages. Les images reproduites par un capteur de contact ne pr\u00e9sentent normalement pas de d\u00e9formation car celui-ci travaille \u00e0 une \u00e9chelle de un pour un.<\/p>\n\n\n\n<p>Voil\u00e0 pourquoi la qualit\u00e9 d\u2019impression des couleurs sur <a href=\"https:\/\/torrentclosures.com\/fr\/nous-collaborons-avec-luniversite-de-huelva-pour-le-controle-de-qualite-des-processus-dimpression-de-laluminium\/\">l\u2019aluminium des bouchons<\/a> est pratiquement parfaite. Nous garantissons ainsi une impression r\u00e9ussie pour la d\u00e9coration des bouchons en aluminium.<\/p>\n","protected":false},"excerpt":{"rendered":"<p>Universit\u00e9 de Huelva Le Groupe Torrent collabore avec l\u2019universit\u00e9 de Huelva dans la mise en place d\u2019un syst\u00e8me de vision et de contr\u00f4le de qualit\u00e9 des processus d\u2019impression de l\u2019aluminium. Nous nous rapprochons de l\u2019universit\u00e9 afin de trouver une synergie, dans le domaine de la technologie, qui d\u00e9finisse une voie de croissance durable en qualit\u00e9 &hellip;<\/p>\n","protected":false},"author":3,"featured_media":10718,"parent":0,"menu_order":0,"comment_status":"closed","ping_status":"closed","template":"","meta":{"inline_featured_image":false,"_uag_custom_page_level_css":"","footnotes":""},"class_list":["post-52768","page","type-page","status-publish","has-post-thumbnail","hentry"],"uagb_featured_image_src":{"full":["https:\/\/torrentclosures.com\/wp-content\/uploads\/2020\/07\/UHuelva.png",800,800,false],"thumbnail":["https:\/\/torrentclosures.com\/wp-content\/uploads\/2020\/07\/UHuelva-150x150.png",150,150,true],"medium":["https:\/\/torrentclosures.com\/wp-content\/uploads\/2020\/07\/UHuelva-300x300.png",300,300,true],"medium_large":["https:\/\/torrentclosures.com\/wp-content\/uploads\/2020\/07\/UHuelva-768x768.png",768,768,true],"large":["https:\/\/torrentclosures.com\/wp-content\/uploads\/2020\/07\/UHuelva.png",800,800,false],"1536x1536":["https:\/\/torrentclosures.com\/wp-content\/uploads\/2020\/07\/UHuelva.png",800,800,false],"2048x2048":["https:\/\/torrentclosures.com\/wp-content\/uploads\/2020\/07\/UHuelva.png",800,800,false],"gform-image-choice-sm":["https:\/\/torrentclosures.com\/wp-content\/uploads\/2020\/07\/UHuelva.png",300,300,false],"gform-image-choice-md":["https:\/\/torrentclosures.com\/wp-content\/uploads\/2020\/07\/UHuelva.png",400,400,false],"gform-image-choice-lg":["https:\/\/torrentclosures.com\/wp-content\/uploads\/2020\/07\/UHuelva.png",600,600,false]},"uagb_author_info":{"display_name":"Pablo","author_link":"https:\/\/torrentclosures.com\/fr"},"uagb_comment_info":0,"uagb_excerpt":"Universit\u00e9 de Huelva Le Groupe Torrent collabore avec l\u2019universit\u00e9 de Huelva dans la mise en place d\u2019un syst\u00e8me de vision et de contr\u00f4le de qualit\u00e9 des processus d\u2019impression de l\u2019aluminium. Nous nous rapprochons de l\u2019universit\u00e9 afin de trouver une synergie, dans le domaine de la technologie, qui d\u00e9finisse une voie de croissance durable en qualit\u00e9\u2026","_links":{"self":[{"href":"https:\/\/torrentclosures.com\/fr\/wp-json\/wp\/v2\/pages\/52768","targetHints":{"allow":["GET"]}}],"collection":[{"href":"https:\/\/torrentclosures.com\/fr\/wp-json\/wp\/v2\/pages"}],"about":[{"href":"https:\/\/torrentclosures.com\/fr\/wp-json\/wp\/v2\/types\/page"}],"author":[{"embeddable":true,"href":"https:\/\/torrentclosures.com\/fr\/wp-json\/wp\/v2\/users\/3"}],"replies":[{"embeddable":true,"href":"https:\/\/torrentclosures.com\/fr\/wp-json\/wp\/v2\/comments?post=52768"}],"version-history":[{"count":3,"href":"https:\/\/torrentclosures.com\/fr\/wp-json\/wp\/v2\/pages\/52768\/revisions"}],"predecessor-version":[{"id":54072,"href":"https:\/\/torrentclosures.com\/fr\/wp-json\/wp\/v2\/pages\/52768\/revisions\/54072"}],"wp:featuredmedia":[{"embeddable":true,"href":"https:\/\/torrentclosures.com\/fr\/wp-json\/wp\/v2\/media\/10718"}],"wp:attachment":[{"href":"https:\/\/torrentclosures.com\/fr\/wp-json\/wp\/v2\/media?parent=52768"}],"curies":[{"name":"wp","href":"https:\/\/api.w.org\/{rel}","templated":true}]}}