{"id":52767,"date":"2020-04-15T12:15:25","date_gmt":"2020-04-15T12:15:25","guid":{"rendered":"https:\/\/new.torrentclosures.com\/?page_id=10386"},"modified":"2025-03-21T08:56:30","modified_gmt":"2025-03-21T07:56:30","slug":"itene","status":"publish","type":"page","link":"https:\/\/torrentclosures.com\/fr\/itene\/","title":{"rendered":"ITENE"},"content":{"rendered":"\n<h1 class=\"wp-block-heading page-title\">ITENE&nbsp;: Centre technologique qui favorise le progr\u00e8s technologique, durable et scientifique<\/h1>\n\n\n<div class=\"wp-block-image\">\n<figure class=\"aligncenter size-full is-resized\"><img loading=\"lazy\" decoding=\"async\" width=\"800\" height=\"800\" src=\"https:\/\/torrentclosures.com\/wp-content\/uploads\/2020\/07\/itene.png\" alt=\"ITENE | Grupo Torrent\" class=\"wp-image-10688\" style=\"width:200px;height:200px\" title=\"| Grupo Torrent Espa\u00f1a\" srcset=\"https:\/\/torrentclosures.com\/wp-content\/uploads\/2020\/07\/itene.png 800w, https:\/\/torrentclosures.com\/wp-content\/uploads\/2020\/07\/itene-300x300.png 300w, https:\/\/torrentclosures.com\/wp-content\/uploads\/2020\/07\/itene-150x150.png 150w, https:\/\/torrentclosures.com\/wp-content\/uploads\/2020\/07\/itene-768x768.png 768w, https:\/\/torrentclosures.com\/wp-content\/uploads\/2020\/07\/itene-570x570.png 570w, https:\/\/torrentclosures.com\/wp-content\/uploads\/2020\/07\/itene-500x500.png 500w, https:\/\/torrentclosures.com\/wp-content\/uploads\/2020\/07\/itene-700x700.png 700w\" sizes=\"auto, (max-width: 800px) 100vw, 800px\" \/><\/figure>\n<\/div>\n\n\n<p><strong>Itene<\/strong>, fond\u00e9 le 30 mai 1994, est un <a href=\"https:\/\/www.itene.com\/\" target=\"_blank\" rel=\"noreferrer noopener\">Centre technologique<\/a> constitu\u00e9 comme une association priv\u00e9e \u00e0 but non lucratif \u00e0 l\u2019\u00e9chelle nationale.<\/p>\n\n\n\n<p>Ce centre favorise le progr\u00e8s technologique, la promotion du<a href=\"https:\/\/torrentclosures.com\/fr\/developpement-durable\/\"> d\u00e9veloppement durable<\/a>, la recherche scientifique et le d\u00e9veloppement de la soci\u00e9t\u00e9 d\u2019information. Il applique aussi ce progr\u00e8s dans les secteurs de l\u2019emballage et du conditionnement, de la logistique, du transport et de la mobilit\u00e9. Tout cela d\u2019une fa\u00e7on g\u00e9n\u00e9rale et pour tout type d\u2019entreprise.<\/p>\n\n\n\n<p><strong>Itene<\/strong>&nbsp;contribue, directement ou indirectement, au b\u00e9n\u00e9fice g\u00e9n\u00e9ral de la soci\u00e9t\u00e9. C\u2019est pourquoi il s\u2019agit d\u2019une organisation :<\/p>\n\n\n\n<ul style=\"color:#818181\" class=\"wp-block-list listas has-text-color\">\n<li>Enregistr\u00e9e comme \u00ab&nbsp;Oficina de Transferencia de Resultados de Investigaci\u00f3n&nbsp;\u00bb (Bureau de transfert des r\u00e9sultats de recherche, OTRI).<\/li>\n\n\n\n<li>Soumise au r\u00e9gime fiscal sp\u00e9cial r\u00e9glement\u00e9 dans le Titre II de la Loi 49\/2002 des subventions fiscales au M\u00e9c\u00e9nat.<\/li>\n\n\n\n<li>Inscrite au Registre de Centres d\u2019innovation et de technologie sous le n\u00ba 63 conform\u00e9ment au D\u00e9cret royal 2093\/2008 du 19 d\u00e9cembre.<\/li>\n\n\n\n<li>Associ\u00e9e au Conseil sup\u00e9rieur de la recherche scientifique (CSIC) par le moyen de l\u2019Institut d\u2019agrochimie et de technologie des aliments (IATA).<\/li>\n\n\n\n<li>D\u00e9clar\u00e9e comme organisme d\u2019utilit\u00e9 publique (BOE n\u00ba115 du 12 mai 2004).<br><br><\/li>\n<\/ul>\n\n\n\n<h2 class=\"wp-block-heading\"><strong>Que fait ITENE pour ses clients ?<\/strong><\/h2>\n\n\n\n<p><strong>Itene<\/strong>&nbsp;offre \u00e0 ses clients une vision int\u00e9gr\u00e9e de la RDI appliqu\u00e9e \u00e0 l\u2019emballage afin de maximiser les possibilit\u00e9s de succ\u00e8s lors du lancement d\u2019un nouveau produit.<br><br><\/p>\n\n\n\n<h2 class=\"wp-block-heading\"><strong>Quels services propose ITENE?<\/strong><\/h2>\n\n\n\n<p>Parmi les services propos\u00e9s par&nbsp;<strong>Itene<\/strong>, on peut \u00e9num\u00e9rer les suivants :<\/p>\n\n\n\n<ul style=\"color:#818181\" class=\"wp-block-list listas has-text-color\">\n<li>Mesure de l\u2019acceptation du march\u00e9<\/li>\n\n\n\n<li>\u00c9tude de march\u00e9 et tendances ad-hoc<\/li>\n\n\n\n<li>Validation par les consommateurs et les utilisateurs du packaging innovant<\/li>\n\n\n\n<li>\u00c9valuation des prototypes et tests d\u2019aptitude \u00e0 l\u2019utilisation conform\u00e9ment aux param\u00e8tres techniques.<\/li>\n\n\n\n<li>Simulation du cadre d\u2019achat du client et mesure de l\u2019impact du design.<br><\/li>\n<\/ul>\n","protected":false},"excerpt":{"rendered":"<p>ITENE&nbsp;: Centre technologique qui favorise le progr\u00e8s technologique, durable et scientifique Itene, fond\u00e9 le 30 mai 1994, est un Centre technologique constitu\u00e9 comme une association priv\u00e9e \u00e0 but non lucratif \u00e0 l\u2019\u00e9chelle nationale. Ce centre favorise le progr\u00e8s technologique, la promotion du d\u00e9veloppement durable, la recherche scientifique et le d\u00e9veloppement de la soci\u00e9t\u00e9 d\u2019information. Il &hellip;<\/p>\n","protected":false},"author":3,"featured_media":10686,"parent":0,"menu_order":0,"comment_status":"closed","ping_status":"closed","template":"","meta":{"inline_featured_image":false,"_uag_custom_page_level_css":"","footnotes":""},"class_list":["post-52767","page","type-page","status-publish","has-post-thumbnail","hentry"],"uagb_featured_image_src":{"full":["https:\/\/torrentclosures.com\/wp-content\/uploads\/2020\/07\/itene.png",800,800,false],"thumbnail":["https:\/\/torrentclosures.com\/wp-content\/uploads\/2020\/07\/itene-150x150.png",150,150,true],"medium":["https:\/\/torrentclosures.com\/wp-content\/uploads\/2020\/07\/itene-300x300.png",300,300,true],"medium_large":["https:\/\/torrentclosures.com\/wp-content\/uploads\/2020\/07\/itene-768x768.png",768,768,true],"large":["https:\/\/torrentclosures.com\/wp-content\/uploads\/2020\/07\/itene.png",800,800,false],"1536x1536":["https:\/\/torrentclosures.com\/wp-content\/uploads\/2020\/07\/itene.png",800,800,false],"2048x2048":["https:\/\/torrentclosures.com\/wp-content\/uploads\/2020\/07\/itene.png",800,800,false],"gform-image-choice-sm":["https:\/\/torrentclosures.com\/wp-content\/uploads\/2020\/07\/itene.png",300,300,false],"gform-image-choice-md":["https:\/\/torrentclosures.com\/wp-content\/uploads\/2020\/07\/itene.png",400,400,false],"gform-image-choice-lg":["https:\/\/torrentclosures.com\/wp-content\/uploads\/2020\/07\/itene.png",600,600,false]},"uagb_author_info":{"display_name":"Pablo","author_link":"https:\/\/torrentclosures.com\/fr"},"uagb_comment_info":0,"uagb_excerpt":"ITENE&nbsp;: Centre technologique qui favorise le progr\u00e8s technologique, durable et scientifique Itene, fond\u00e9 le 30 mai 1994, est un Centre technologique constitu\u00e9 comme une association priv\u00e9e \u00e0 but non lucratif \u00e0 l\u2019\u00e9chelle nationale. Ce centre favorise le progr\u00e8s technologique, la promotion du d\u00e9veloppement durable, la recherche scientifique et le d\u00e9veloppement de la soci\u00e9t\u00e9 d\u2019information. Il\u2026","_links":{"self":[{"href":"https:\/\/torrentclosures.com\/fr\/wp-json\/wp\/v2\/pages\/52767","targetHints":{"allow":["GET"]}}],"collection":[{"href":"https:\/\/torrentclosures.com\/fr\/wp-json\/wp\/v2\/pages"}],"about":[{"href":"https:\/\/torrentclosures.com\/fr\/wp-json\/wp\/v2\/types\/page"}],"author":[{"embeddable":true,"href":"https:\/\/torrentclosures.com\/fr\/wp-json\/wp\/v2\/users\/3"}],"replies":[{"embeddable":true,"href":"https:\/\/torrentclosures.com\/fr\/wp-json\/wp\/v2\/comments?post=52767"}],"version-history":[{"count":3,"href":"https:\/\/torrentclosures.com\/fr\/wp-json\/wp\/v2\/pages\/52767\/revisions"}],"predecessor-version":[{"id":54070,"href":"https:\/\/torrentclosures.com\/fr\/wp-json\/wp\/v2\/pages\/52767\/revisions\/54070"}],"wp:featuredmedia":[{"embeddable":true,"href":"https:\/\/torrentclosures.com\/fr\/wp-json\/wp\/v2\/media\/10686"}],"wp:attachment":[{"href":"https:\/\/torrentclosures.com\/fr\/wp-json\/wp\/v2\/media?parent=52767"}],"curies":[{"name":"wp","href":"https:\/\/api.w.org\/{rel}","templated":true}]}}