{"id":52766,"date":"2020-03-25T08:41:24","date_gmt":"2020-03-25T08:41:24","guid":{"rendered":"http:\/\/new.torrentclosures.com\/?page_id=10271"},"modified":"2025-06-19T10:08:38","modified_gmt":"2025-06-19T09:08:38","slug":"iso-22000","status":"publish","type":"page","link":"https:\/\/torrentclosures.com\/fr\/iso-22000\/","title":{"rendered":"ISO 22000"},"content":{"rendered":"\n<h1 class=\"wp-block-heading page-title\">ISO 22000&nbsp;: garantie de la qualit\u00e9 alimentaire<\/h1>\n\n\n\n<p>L\u2019objectif de la norme&nbsp;<strong>ISO 22000&nbsp;<\/strong>est de respecter les principes du Codex Alimentarius et de fournir une norme contr\u00f4lable pour toute entreprise participant \u00e0 la cha\u00eene alimentaire, afin que ces m\u00eames entreprises puissent garantir l\u2019innocuit\u00e9 des aliments et leur s\u00e9curit\u00e9.<\/p>\n\n\n\n<ul class=\"wp-block-list listas\">\n<li>Elle s\u2019applique \u00e0 toute entreprise faisant partie de la cha\u00eene alimentaire.<\/li>\n\n\n\n<li>Facile \u00e0 int\u00e9grer \u00e0 d\u2019autres syst\u00e8mes de gestion comme la norme ISO 9001, le Syst\u00e8me de Gestion de la Qualit\u00e9, ou la norme ISO 14001 Syst\u00e8me de Gestion Environnemental.<\/li>\n\n\n\n<li>Respecte les principes indiqu\u00e9s dans le Codex Alimentarius.<\/li>\n\n\n\n<li>Permet que les concepts du HACCP soient communiqu\u00e9s \u00e0 l\u2019\u00e9chelle internationale.<br><\/li>\n<\/ul>\n\n\n\n<div style=\"height:20px\" aria-hidden=\"true\" class=\"wp-block-spacer\"><\/div>\n\n\n\n<div class=\"wp-block-columns is-layout-flex wp-container-core-columns-is-layout-9d6595d7 wp-block-columns-is-layout-flex\">\n<div class=\"wp-block-column is-layout-flow wp-block-column-is-layout-flow\">\n<h2 class=\"wp-block-heading has-text-align-center titulo-caja has-small-font-size\"><strong><mark>ALISHA TORRENT CLOSURES (ATC)<\/mark><\/strong><\/h2>\n\n\n\n<div class=\"wp-block-uagb-info-box uagb-block-aa6a446c uagb-infobox__content-wrap  uagb-infobox_cta-type-all uagb-infobox-icon-below-title uagb-infobox-image-valign-top bloquemail certificado\"><a href=\"\/pdf\/Alisha_Torrent_ISO_22000.pdf\" class=\"uagb-infobox-link-wrap uagb-infbox__link-to-all\" target=\"_blank\" aria-label=\"Infobox Link\" rel=\"noopener noreferrer\" onclick=\"return true;\"><\/a><div class=\"uagb-ifb-content\"><div class=\"uagb-ifb-title-wrap\"><\/div><div class=\"uagb-ifb-separator\"><\/div><div class=\"uagb-ifb-image-content\"><img decoding=\"async\" src=\"https:\/\/torrentclosures.com\/wp-content\/uploads\/2021\/05\/alisha_certv2.png\" alt=\"| Grupo Torrent Espa\u00f1a\" width=\"135\" height=\"80\" loading=\"lazy\" title=\"| Grupo Torrent Espa\u00f1a\"><\/div><div class=\"uagb-ifb-button-wrapper wp-block-button\"><\/div><\/div><\/div>\n<\/div>\n\n\n\n<div class=\"wp-block-column is-layout-flow wp-block-column-is-layout-flow\">\n<h2 class=\"wp-block-heading has-text-align-center titulo-caja has-small-font-size\"><strong><mark style=\"color:#cd142d\" class=\"has-inline-color\">TORRENT EAST AFRICA LIMITED<\/mark><\/strong><\/h2>\n\n\n\n<div class=\"wp-block-uagb-info-box uagb-block-cf4b17e5 uagb-infobox__content-wrap  uagb-infobox_cta-type-all uagb-infobox-icon-below-title uagb-infobox-image-valign-top bloquemail certificado\"><a href=\"https:\/\/torrentclosures.com\/pdf\/Torrent_East_Africa_ISO_22000.pdf\" class=\"uagb-infobox-link-wrap uagb-infbox__link-to-all\" target=\"_blank\" aria-label=\"Infobox Link\" rel=\"noopener noreferrer\" onclick=\"return true;\"><\/a><div class=\"uagb-ifb-content\"><div class=\"uagb-ifb-title-wrap\"><\/div><div class=\"uagb-ifb-separator\"><\/div><div class=\"uagb-ifb-image-content\"><img decoding=\"async\" src=\"https:\/\/torrentclosures.com\/wp-content\/uploads\/2021\/05\/kenia_cert.png\" alt=\"| Grupo Torrent Espa\u00f1a\" width=\"135\" height=\"80\" loading=\"lazy\" title=\"| Grupo Torrent Espa\u00f1a\"><\/div><div class=\"uagb-ifb-button-wrapper wp-block-button\"><\/div><\/div><\/div>\n<\/div>\n<\/div>\n\n\n\n<h2 class=\"wp-block-heading\"><br><br><strong>Conditions pour l\u2019obtention de la norme ISO 22000:<\/strong><\/h2>\n\n\n\n<p>La norme ISO 22000 n\u2019\u00e9tablit pas les m\u00eames crit\u00e8res pour toutes les entreprises, car les normes et proc\u00e9dures requises dans les branches \u00e0 haut risque d\u2019un secteur alimentaire peuvent ne pas \u00eatre applicables \u00e0 d\u2019autres. C\u2019est pourquoi, \u00e0 diff\u00e9rence d\u2019autres syst\u00e8mes de certification, la norme ne se limite pas \u00e0 fournir une liste de v\u00e9rification de conformit\u00e9.<\/p>\n\n\n\n<p>Si une <a href=\"https:\/\/torrentclosures.com\/fr\/certifications-du-groupe-torrent\/\">entreprise<\/a> souhaite obtenir un <a href=\"https:\/\/www.iso.org\/iso-22000-food-safety-management.html\" target=\"_blank\" rel=\"noreferrer noopener nofollow\">certificat de conformit\u00e9<\/a> \u00e0 la norme ISO 22000, elle devra surveiller les lois propres au march\u00e9 local et \u00e0 l\u2019export ainsi que les sp\u00e9cifications et conditions requises par ses clients. De cette fa\u00e7on, la norme ISO 22000 exige l\u2019adaptation sp\u00e9cifique aux besoins de l\u2019industrie de chaque type de produit alimentaire.<br><br><\/p>\n\n\n\n<h2 class=\"wp-block-heading\"><strong>Avantages de la norme ISO 22000:<\/strong><\/h2>\n\n\n\n<ul class=\"wp-block-list listas\">\n<li>Communication plus fluide sur la cha\u00eene de distribution.<\/li>\n\n\n\n<li>Confiance du consommateur.<\/li>\n\n\n\n<li>Meilleure comp\u00e9titivit\u00e9.<\/li>\n\n\n\n<li>Meilleure transparence tout au long de la cha\u00eene de distribution.<\/li>\n\n\n\n<li>Respect des principes du code HACCP.<\/li>\n\n\n\n<li>Optimisation des ressources aussi bien en interne que sur toute la cha\u00eene alimentaire.<\/li>\n\n\n\n<li>Todas las medidas de control est\u00e1n sometidas a an\u00e1lisis de riesgos.<br><br><\/li>\n<\/ul>\n","protected":false},"excerpt":{"rendered":"<p>ISO 22000&nbsp;: garantie de la qualit\u00e9 alimentaire L\u2019objectif de la norme&nbsp;ISO 22000&nbsp;est de respecter les principes du Codex Alimentarius et de fournir une norme contr\u00f4lable pour toute entreprise participant \u00e0 la cha\u00eene alimentaire, afin que ces m\u00eames entreprises puissent garantir l\u2019innocuit\u00e9 des aliments et leur s\u00e9curit\u00e9. ALISHA TORRENT CLOSURES (ATC) TORRENT EAST AFRICA LIMITED Conditions &hellip;<\/p>\n","protected":false},"author":3,"featured_media":12627,"parent":0,"menu_order":0,"comment_status":"closed","ping_status":"closed","template":"","meta":{"inline_featured_image":false,"_uag_custom_page_level_css":"","footnotes":""},"class_list":["post-52766","page","type-page","status-publish","has-post-thumbnail","hentry"],"uagb_featured_image_src":{"full":["https:\/\/torrentclosures.com\/wp-content\/uploads\/2020\/11\/Galeria_PlantasProduccion_ESP_08.jpg",1200,638,false],"thumbnail":["https:\/\/torrentclosures.com\/wp-content\/uploads\/2020\/11\/Galeria_PlantasProduccion_ESP_08-150x150.jpg",150,150,true],"medium":["https:\/\/torrentclosures.com\/wp-content\/uploads\/2020\/11\/Galeria_PlantasProduccion_ESP_08-300x300.jpg",300,300,true],"medium_large":["https:\/\/torrentclosures.com\/wp-content\/uploads\/2020\/11\/Galeria_PlantasProduccion_ESP_08-768x408.jpg",768,408,true],"large":["https:\/\/torrentclosures.com\/wp-content\/uploads\/2020\/11\/Galeria_PlantasProduccion_ESP_08-1024x544.jpg",1024,544,true],"1536x1536":["https:\/\/torrentclosures.com\/wp-content\/uploads\/2020\/11\/Galeria_PlantasProduccion_ESP_08.jpg",1200,638,false],"2048x2048":["https:\/\/torrentclosures.com\/wp-content\/uploads\/2020\/11\/Galeria_PlantasProduccion_ESP_08.jpg",1200,638,false],"gform-image-choice-sm":["https:\/\/torrentclosures.com\/wp-content\/uploads\/2020\/11\/Galeria_PlantasProduccion_ESP_08.jpg",300,160,false],"gform-image-choice-md":["https:\/\/torrentclosures.com\/wp-content\/uploads\/2020\/11\/Galeria_PlantasProduccion_ESP_08.jpg",400,213,false],"gform-image-choice-lg":["https:\/\/torrentclosures.com\/wp-content\/uploads\/2020\/11\/Galeria_PlantasProduccion_ESP_08.jpg",600,319,false]},"uagb_author_info":{"display_name":"Pablo","author_link":"https:\/\/torrentclosures.com\/fr"},"uagb_comment_info":0,"uagb_excerpt":"ISO 22000&nbsp;: garantie de la qualit\u00e9 alimentaire L\u2019objectif de la norme&nbsp;ISO 22000&nbsp;est de respecter les principes du Codex Alimentarius et de fournir une norme contr\u00f4lable pour toute entreprise participant \u00e0 la cha\u00eene alimentaire, afin que ces m\u00eames entreprises puissent garantir l\u2019innocuit\u00e9 des aliments et leur s\u00e9curit\u00e9. ALISHA TORRENT CLOSURES (ATC) TORRENT EAST AFRICA LIMITED Conditions\u2026","_links":{"self":[{"href":"https:\/\/torrentclosures.com\/fr\/wp-json\/wp\/v2\/pages\/52766","targetHints":{"allow":["GET"]}}],"collection":[{"href":"https:\/\/torrentclosures.com\/fr\/wp-json\/wp\/v2\/pages"}],"about":[{"href":"https:\/\/torrentclosures.com\/fr\/wp-json\/wp\/v2\/types\/page"}],"author":[{"embeddable":true,"href":"https:\/\/torrentclosures.com\/fr\/wp-json\/wp\/v2\/users\/3"}],"replies":[{"embeddable":true,"href":"https:\/\/torrentclosures.com\/fr\/wp-json\/wp\/v2\/comments?post=52766"}],"version-history":[{"count":5,"href":"https:\/\/torrentclosures.com\/fr\/wp-json\/wp\/v2\/pages\/52766\/revisions"}],"predecessor-version":[{"id":54884,"href":"https:\/\/torrentclosures.com\/fr\/wp-json\/wp\/v2\/pages\/52766\/revisions\/54884"}],"wp:featuredmedia":[{"embeddable":true,"href":"https:\/\/torrentclosures.com\/fr\/wp-json\/wp\/v2\/media\/12627"}],"wp:attachment":[{"href":"https:\/\/torrentclosures.com\/fr\/wp-json\/wp\/v2\/media?parent=52766"}],"curies":[{"name":"wp","href":"https:\/\/api.w.org\/{rel}","templated":true}]}}