{"id":52765,"date":"2020-03-25T08:37:06","date_gmt":"2020-03-25T08:37:06","guid":{"rendered":"http:\/\/new.torrentclosures.com\/?page_id=10266"},"modified":"2025-10-10T08:34:43","modified_gmt":"2025-10-10T07:34:43","slug":"iso-9001-2015","status":"publish","type":"page","link":"https:\/\/torrentclosures.com\/fr\/iso-9001-2015\/","title":{"rendered":"ISO 9001 2015"},"content":{"rendered":"\n<p><\/p>\n\n\n\n<h1 class=\"wp-block-heading page-title\">ISO 9001 2015&nbsp;: focus sur la qualit\u00e9 et l\u2019am\u00e9lioration continue chez Groupe Torrent<\/h1>\n\n\n\n<p>La norme <strong>ISO 9001 2015<\/strong> est la <a href=\"https:\/\/www.iso.org\/obp\/ui#iso:std:iso:9001:ed-5:v1:en\" target=\"_blank\" rel=\"noreferrer noopener\">norme de gestion de qualit\u00e9<\/a> la plus r\u00e9pandue et reconnue \u00e0 l\u2019\u00e9chelle mondiale. Elle permet aux <a href=\"https:\/\/torrentdevsite.azurewebsites.net\/francia\/certifications-du-groupe-torrent\/\" target=\"_blank\" rel=\"noreferrer noopener\">entreprises<\/a> de r\u00e9pondre aux attentes et aux besoins de leurs clients et g\u00e9rant la qualit\u00e9 des processus gr\u00e2ce \u00e0 une am\u00e9lioration constante.<\/p>\n\n\n\n<p>L\u2019accent mis sur la qualit\u00e9 et l\u2019am\u00e9lioration constante pr\u00e9pare l\u2019entreprise \u00e0 profiter de nouvelles occasions sur un march\u00e9 en perp\u00e9tuelle \u00e9volution et permet de communiquer \u00e0 ses clients, \u00e0 ses fournisseurs et \u00e0 ses employ\u00e9s son engagement en faveur de la qualit\u00e9.<br><\/p>\n\n\n\n<div style=\"height:20px\" aria-hidden=\"true\" class=\"wp-block-spacer\"><\/div>\n\n\n\n<div class=\"wp-block-columns is-layout-flex wp-container-core-columns-is-layout-9d6595d7 wp-block-columns-is-layout-flex\">\n<div class=\"wp-block-column is-layout-flow wp-block-column-is-layout-flow\">\n<h2 class=\"wp-block-heading has-text-align-center titulo-caja has-small-font-size\"><mark><strong>C\u00c1PSULAS TORRENT, S.A.<\/strong><\/mark><\/h2>\n\n\n\n<div class=\"wp-block-uagb-info-box uagb-block-4e18b430 uagb-infobox__content-wrap  uagb-infobox_cta-type-all uagb-infobox-icon-below-title uagb-infobox-image-valign-top bloquemail certificado\"><a href=\"\/pdf\/Capsulas_Torrent_ISO_9001_2015_EN_ES07_4398.pdf\" class=\"uagb-infobox-link-wrap uagb-infbox__link-to-all\" target=\"_blank\" aria-label=\"Infobox Link\" rel=\"noopener noreferrer\" onclick=\"return true;\"><\/a><div class=\"uagb-ifb-content\"><div class=\"uagb-ifb-title-wrap\"><h3 class=\"uagb-ifb-title\"><mark style=\"color:#a3a3a3\" class=\"has-inline-color\">SECTEUR ALUMINIUM<\/mark><\/h3><\/div><div class=\"uagb-ifb-separator\"><\/div><div class=\"uagb-ifb-image-content\"><img decoding=\"async\" src=\"https:\/\/torrentclosures.com\/wp-content\/uploads\/2025\/02\/9001_2015_ES_4398.png\" alt=\"| Grupo Torrent Espa\u00f1a\" width=\"77\" height=\"88\" loading=\"lazy\" title=\"| Grupo Torrent Espa\u00f1a\"><\/div><div class=\"uagb-ifb-button-wrapper wp-block-button\"><\/div><\/div><\/div>\n<\/div>\n\n\n\n<div class=\"wp-block-column is-layout-flow wp-block-column-is-layout-flow\">\n<h2 class=\"wp-block-heading has-text-align-center titulo-caja has-small-font-size\"><mark><strong>COMPA\u00d1\u00cdA DE TAPONES IRRELLENABLES, S.A.<\/strong><\/mark><\/h2>\n\n\n\n<div class=\"wp-block-uagb-info-box uagb-block-2819da88 uagb-infobox__content-wrap  uagb-infobox_cta-type-all uagb-infobox-icon-below-title uagb-infobox-image-valign-top bloquemail certificado\"><a href=\"\/pdf\/Capsulas_Torrent_ISO_9001_2015_EN_ES07_4398.pdf\" class=\"uagb-infobox-link-wrap uagb-infbox__link-to-all\" target=\"_blank\" aria-label=\"Infobox Link\" rel=\"noopener noreferrer\" onclick=\"return true;\"><\/a><div class=\"uagb-ifb-content\"><div class=\"uagb-ifb-title-wrap\"><h3 class=\"uagb-ifb-title\"><mark style=\"color:#a3a3a3\" class=\"has-inline-color\">SECTEUR PLASTIQUE<\/mark><\/h3><\/div><div class=\"uagb-ifb-separator\"><\/div><div class=\"uagb-ifb-image-content\"><img decoding=\"async\" src=\"https:\/\/torrentclosures.com\/wp-content\/uploads\/2018\/10\/90012015es062427.png\" alt=\"| Grupo Torrent Espa\u00f1a\" width=\"77\" height=\"88\" loading=\"lazy\" title=\"| Grupo Torrent Espa\u00f1a\"><\/div><div class=\"uagb-ifb-button-wrapper wp-block-button\"><\/div><\/div><\/div>\n<\/div>\n\n\n\n<div class=\"wp-block-column is-layout-flow wp-block-column-is-layout-flow\">\n<h2 class=\"wp-block-heading has-text-align-center titulo-caja has-small-font-size\"><mark><strong><mark><strong>HEREDEROS DE TORRENT MIRANDA, S.A.<\/strong><\/mark><\/strong><\/mark><\/h2>\n\n\n\n<div class=\"wp-block-uagb-info-box uagb-block-0e862ba9 uagb-infobox__content-wrap  uagb-infobox_cta-type-all uagb-infobox-icon-below-title uagb-infobox-image-valign-top bloquemail certificado\"><a href=\"https:\/\/torrentclosures.com\/pdf\/Herederos_de_Torrent_Miranda_ISO_9001_2015.pdf\" class=\"uagb-infobox-link-wrap uagb-infbox__link-to-all\" target=\"_blank\" aria-label=\"Infobox Link\" rel=\"noopener noreferrer\" onclick=\"return true;\"><\/a><div class=\"uagb-ifb-content\"><div class=\"uagb-ifb-title-wrap\"><h3 class=\"uagb-ifb-title\"><mark style=\"color:#a3a3a3\" class=\"has-inline-color\">SECTEUR LI\u00c8GE<\/mark><\/h3><\/div><div class=\"uagb-ifb-separator\"><\/div><div class=\"uagb-ifb-image-content\"><img decoding=\"async\" src=\"https:\/\/torrentclosures.com\/wp-content\/uploads\/2025\/03\/90012015es22211047v2.webp\" alt=\"| Grupo Torrent Espa\u00f1a\" width=\"77\" height=\"88\" loading=\"lazy\" title=\"| Grupo Torrent Espa\u00f1a\"><\/div><div class=\"uagb-ifb-button-wrapper wp-block-button\"><\/div><\/div><\/div>\n<\/div>\n<\/div>\n\n\n\n<h2 class=\"wp-block-heading\" style=\"font-size:22px\"><br><br><strong>Conditions pour l\u2019obtention de la norme ISO 9001 2015 :<\/strong><\/h2>\n\n\n\n<ul style=\"font-size:15px\" class=\"wp-block-list listas\">\n<li>Conna\u00eetre les facteurs internes et externes essentiels \u00e0 la r\u00e9ussite de l\u2019objectif de l\u2019organisation.<\/li>\n\n\n\n<li>Analyser les attentes des parties int\u00e9ress\u00e9es des organisations.<\/li>\n\n\n\n<li>D\u00e9finir la port\u00e9e du Syst\u00e8me de gestion de la qualit\u00e9 (SGC), c\u2019est-\u00e0-dire quelles sont ses limites d\u2019application.<\/li>\n\n\n\n<li>Garantir l\u2019application des crit\u00e8res du SGC dans tous les processus d\u2019organisation<\/li>\n\n\n\n<li>Conna\u00eetre les points forts et les points faibles d\u2019une organisation en vue d\u2019\u00e9valuer son impact sur la capacit\u00e9 productrice.<\/li>\n\n\n\n<li>\u00c9tablir les politiques et objectifs de qualit\u00e9.<\/li>\n\n\n\n<li>Attribuer les responsabilit\u00e9s au sein du SGC et fournir les ressources n\u00e9cessaires<\/li>\n\n\n\n<li>\u00c9tablir le besoin d\u2019effectuer une planification des actions n\u00e9cessaires afin de traiter les risques et les opportunit\u00e9s, \u00e9tudier la fa\u00e7on d\u2019int\u00e9grer ces actions dans tous les processus du SGC et \u00e9valuer l\u2019efficacit\u00e9 de leur application a posteriori.<\/li>\n\n\n\n<li>Attribuer la responsabilit\u00e9 \u00e0 l\u2019entreprise de d\u00e9terminer les ressources n\u00e9cessaires \u00e0 l\u2019ex\u00e9cution du SGC, ainsi qu\u2019\u00e0 sa conservation et \u00e0 son am\u00e9lioration.<\/li>\n\n\n\n<li>Mettre en \u0153uvre de tous les programmes pr\u00e9vus ainsi que tous les processus d\u00e9finis pour r\u00e9pondre aux attentes des clients et aux crit\u00e8res \u00e9tablis dans la conception des produits et des services.<\/li>\n\n\n\n<li>Recueillir les conditions \u00e0 remplir pour le contr\u00f4le du SGC, suivi de l\u2019analyse et de l\u2019\u00e9valuation par le moyen de la d\u00e9finition des \u00e9l\u00e9ments \u00e0 mesurer et de la m\u00e9thode \u00e0 suivre.<\/li>\n\n\n\n<li>Mesurer et \u00e9valuer constamment son efficacit\u00e9 \u00e0 pr\u00e9venir les risques et les non-conformit\u00e9s et introduire des am\u00e9liorations continues. De cette fa\u00e7on, lorsque des non-conformit\u00e9s apparaissent, l\u2019organisation doit non seulement donner une r\u00e9ponse pour r\u00e9soudre le probl\u00e8me et prendre des mesures pour que celui-ci ne se reproduise pas \u00e0 l\u2019avenir, mais elle doit en plus analyser l\u2019efficacit\u00e9 de son application a posteriori.<br><\/li>\n<\/ul>\n\n\n\n<p><\/p>\n\n\n\n<h2 class=\"wp-block-heading\" style=\"font-size:22px\"><strong>Avantages de la norme ISO 9001 2015:<\/strong><\/h2>\n\n\n\n<ul style=\"font-size:15px\" class=\"wp-block-list listas\">\n<li>Permet de devenir un concurrent digne de confiance pour les clients et les consommateurs. Augmente les opportunit\u00e9s commerciales.<\/li>\n\n\n\n<li>\u00c9tablit des m\u00e9thodes efficaces de travail qui font \u00e9conomiser du temps, de l\u2019argent et des ressources.<\/li>\n\n\n\n<li>\u00c9l\u00e8ve le niveau d\u2019engagement du personnel.<\/li>\n\n\n\n<li>Reconna\u00eet la gestion de la qualit\u00e9 \u00e0 l\u2019\u00e9chelle internationale.<\/li>\n\n\n\n<li>D\u00e9tecte les opportunit\u00e9s et les risques de fa\u00e7on structur\u00e9e.<\/li>\n\n\n\n<li>Aide \u00e0 cr\u00e9er une vision compl\u00e8te du contexte organisationnel afin d\u2019augmenter l\u2019efficacit\u00e9 de la gestion de risques.<\/li>\n\n\n\n<li>Am\u00e9liore la gestion des fournisseurs.<\/li>\n\n\n\n<li>Aligne les objectifs \u00e0 la gestion de la qualit\u00e9 et optimise la communication sur toute la cha\u00eene de distribution.<\/li>\n\n\n\n<li>Se concentre sur la planification et le leadership.<\/li>\n\n\n\n<li>Est compatible avec d\u2019autres normes gr\u00e2ce \u00e0 son haut niveau d\u2019exigences.<br><\/li>\n<\/ul>\n\n\n\n\n\n<div style=\"height:100px\" aria-hidden=\"true\" class=\"wp-block-spacer\"><\/div>\n","protected":false},"excerpt":{"rendered":"<p>ISO 9001 2015&nbsp;: focus sur la qualit\u00e9 et l\u2019am\u00e9lioration continue chez Groupe Torrent La norme ISO 9001 2015 est la norme de gestion de qualit\u00e9 la plus r\u00e9pandue et reconnue \u00e0 l\u2019\u00e9chelle mondiale. Elle permet aux entreprises de r\u00e9pondre aux attentes et aux besoins de leurs clients et g\u00e9rant la qualit\u00e9 des processus gr\u00e2ce \u00e0 &hellip;<\/p>\n","protected":false},"author":3,"featured_media":0,"parent":0,"menu_order":0,"comment_status":"closed","ping_status":"closed","template":"","meta":{"inline_featured_image":false,"_uag_custom_page_level_css":"","footnotes":""},"class_list":["post-52765","page","type-page","status-publish","hentry"],"uagb_featured_image_src":{"full":false,"thumbnail":false,"medium":false,"medium_large":false,"large":false,"1536x1536":false,"2048x2048":false,"gform-image-choice-sm":false,"gform-image-choice-md":false,"gform-image-choice-lg":false},"uagb_author_info":{"display_name":"Pablo","author_link":"https:\/\/torrentclosures.com\/fr"},"uagb_comment_info":0,"uagb_excerpt":"ISO 9001 2015&nbsp;: focus sur la qualit\u00e9 et l\u2019am\u00e9lioration continue chez Groupe Torrent La norme ISO 9001 2015 est la norme de gestion de qualit\u00e9 la plus r\u00e9pandue et reconnue \u00e0 l\u2019\u00e9chelle mondiale. Elle permet aux entreprises de r\u00e9pondre aux attentes et aux besoins de leurs clients et g\u00e9rant la qualit\u00e9 des processus gr\u00e2ce \u00e0\u2026","_links":{"self":[{"href":"https:\/\/torrentclosures.com\/fr\/wp-json\/wp\/v2\/pages\/52765","targetHints":{"allow":["GET"]}}],"collection":[{"href":"https:\/\/torrentclosures.com\/fr\/wp-json\/wp\/v2\/pages"}],"about":[{"href":"https:\/\/torrentclosures.com\/fr\/wp-json\/wp\/v2\/types\/page"}],"author":[{"embeddable":true,"href":"https:\/\/torrentclosures.com\/fr\/wp-json\/wp\/v2\/users\/3"}],"replies":[{"embeddable":true,"href":"https:\/\/torrentclosures.com\/fr\/wp-json\/wp\/v2\/comments?post=52765"}],"version-history":[{"count":3,"href":"https:\/\/torrentclosures.com\/fr\/wp-json\/wp\/v2\/pages\/52765\/revisions"}],"predecessor-version":[{"id":55413,"href":"https:\/\/torrentclosures.com\/fr\/wp-json\/wp\/v2\/pages\/52765\/revisions\/55413"}],"wp:attachment":[{"href":"https:\/\/torrentclosures.com\/fr\/wp-json\/wp\/v2\/media?parent=52765"}],"curies":[{"name":"wp","href":"https:\/\/api.w.org\/{rel}","templated":true}]}}