{"id":52764,"date":"2020-03-25T08:26:36","date_gmt":"2020-03-25T08:26:36","guid":{"rendered":"http:\/\/new.torrentclosures.com\/?page_id=10260"},"modified":"2025-04-28T11:28:46","modified_gmt":"2025-04-28T10:28:46","slug":"iso-14001-2015","status":"publish","type":"page","link":"https:\/\/torrentclosures.com\/fr\/iso-14001-2015\/","title":{"rendered":"ISO 14001 2015"},"content":{"rendered":"\n<h1 class=\"wp-block-heading page-title\">ISO 14001 2015&nbsp;: am\u00e9lioration de nos performances environnementales<\/h1>\n\n\n\n<p>La norme ISO 14001:2015 est un Syst\u00e8me de Gestion Environnemental qui permet de r\u00e9pondre aux demandes de la soci\u00e9t\u00e9 actuelle. Elle pr\u00e9sente une forte sensibilit\u00e9 sur les sujets environnementaux et est plus exigeante sur les r\u00e9sultats environnementaux des entreprises. Les clients sont de plus en plus sensibilis\u00e9s au sujet de l\u2019environnement et pr\u00e9f\u00e8rent faire des affaires avec des <a href=\"https:\/\/torrentclosures.com\/fr\/certifications-du-groupe-torrent\/\">entreprises qui partagent cette m\u00eame philosophie<\/a>, ce qui fait augmenter la comp\u00e9titivit\u00e9 de l\u2019entreprise.<\/p>\n\n\n\n<p>Cette norme est reconnue \u00e0 l\u2019\u00e9chelle internationale et repr\u00e9sente un facteur distinctif qui favorise l\u2019image de l\u2019entreprise.<br><\/p>\n\n\n\n<div style=\"height:20px\" aria-hidden=\"true\" class=\"wp-block-spacer\"><\/div>\n\n\n\n<div class=\"wp-block-columns is-layout-flex wp-container-core-columns-is-layout-9d6595d7 wp-block-columns-is-layout-flex\">\n<div class=\"wp-block-column is-layout-flow wp-block-column-is-layout-flow\">\n<h2 class=\"wp-block-heading has-text-align-center titulo-caja has-small-font-size\" style=\"font-style:normal;font-weight:600\"><strong><mark>HEREDEROS DE TORRENT MIRANDA, S.A.<\/mark><\/strong><\/h2>\n\n\n\n<div class=\"wp-block-uagb-info-box uagb-block-0fba8130 uagb-infobox__content-wrap  uagb-infobox_cta-type-all uagb-infobox-icon-below-title uagb-infobox-image-valign-top bloquemail certificado\"><a href=\"https:\/\/torrentclosures.com\/pdf\/03_HTM_ISO_14001_2015.pdf\" class=\"uagb-infobox-link-wrap uagb-infbox__link-to-all\" target=\"_blank\" aria-label=\"Infobox Link\" rel=\"noopener noreferrer\" onclick=\"return true;\"><\/a><div class=\"uagb-ifb-content\"><div class=\"uagb-ifb-title-wrap\"><h3 class=\"uagb-ifb-title\"><mark style=\"color:#a3a3a3\" class=\"has-inline-color\">SECTEUR ALUMINIUM<br><\/mark><\/h3><\/div><div class=\"uagb-ifb-separator\"><\/div><div class=\"uagb-ifb-image-content\"><img decoding=\"async\" src=\"https:\/\/torrentclosures.com\/wp-content\/uploads\/2019\/07\/iso140012019es1985377v2.png\" alt=\"| Grupo Torrent Espa\u00f1a\" width=\"77\" height=\"88\" loading=\"lazy\" title=\"| Grupo Torrent Espa\u00f1a\"><\/div><div class=\"uagb-ifb-button-wrapper wp-block-button\"><\/div><\/div><\/div>\n<\/div>\n\n\n\n<div class=\"wp-block-column is-layout-flow wp-block-column-is-layout-flow\">\n<h2 class=\"wp-block-heading has-text-align-center titulo-caja has-small-font-size\" style=\"font-style:normal;font-weight:600\"><strong><strong><mark>C\u00c1PSULAS TORRENT, S.A.<\/mark><\/strong><\/strong><\/h2>\n\n\n\n<div class=\"wp-block-uagb-info-box uagb-block-7ee77f89 uagb-infobox__content-wrap  uagb-infobox_cta-type-all uagb-infobox-icon-below-title uagb-infobox-image-valign-top bloquemail certificado\"><a href=\"https:\/\/torrentclosures.com\/pdf\/14001_2015_EN_210774.pdf\" class=\"uagb-infobox-link-wrap uagb-infbox__link-to-all\" target=\"_blank\" aria-label=\"Infobox Link\" rel=\"noopener noreferrer\" onclick=\"return true;\"><\/a><div class=\"uagb-ifb-content\"><div class=\"uagb-ifb-title-wrap\"><h3 class=\"uagb-ifb-title\"><mark style=\"color:#a3a3a3\" class=\"has-inline-color\">DIVISION DU LI\u00c8GE<\/mark><\/h3><\/div><div class=\"uagb-ifb-separator\"><\/div><div class=\"uagb-ifb-image-content\"><img decoding=\"async\" src=\"https:\/\/torrentclosures.com\/wp-content\/uploads\/2025\/02\/14001_2015_ES_210774.png\" alt=\"| Grupo Torrent Espa\u00f1a\" width=\"77\" height=\"88\" loading=\"lazy\" title=\"| Grupo Torrent Espa\u00f1a\"><\/div><div class=\"uagb-ifb-button-wrapper wp-block-button\"><\/div><\/div><\/div>\n<\/div>\n\n\n\n<div class=\"wp-block-column is-layout-flow wp-block-column-is-layout-flow\">\n<h2 class=\"wp-block-heading has-text-align-center titulo-caja has-small-font-size\" style=\"font-style:normal;font-weight:600\"><strong><mark>TORRENT EAST AFRICA LTD.<\/mark><\/strong><\/h2>\n\n\n\n<div class=\"wp-block-uagb-info-box uagb-block-8bab8a9d uagb-infobox__content-wrap  uagb-infobox_cta-type-all uagb-infobox-icon-below-title uagb-infobox-image-valign-top bloquemail certificado\"><a href=\"https:\/\/torrentclosures.com\/pdf\/Torrent_East_Africa_ISO_14001_2015.pdf\" class=\"uagb-infobox-link-wrap uagb-infbox__link-to-all\" target=\"_blank\" aria-label=\"Infobox Link\" rel=\"noopener noreferrer\" onclick=\"return true;\"><\/a><div class=\"uagb-ifb-content\"><div class=\"uagb-ifb-title-wrap\"><span class=\"uagb-ifb-title-prefix\"> <\/span><\/div><div class=\"uagb-ifb-separator\"><\/div><div class=\"uagb-ifb-image-content\"><img decoding=\"async\" src=\"https:\/\/torrentclosures.com\/wp-content\/uploads\/2025\/03\/iso140012015_ke.png\" alt=\"| Grupo Torrent Espa\u00f1a\" width=\"77\" height=\"88\" loading=\"lazy\" title=\"| Grupo Torrent Espa\u00f1a\"><\/div><div class=\"uagb-ifb-button-wrapper wp-block-button\"><\/div><\/div><\/div>\n<\/div>\n<\/div>\n\n\n\n<div class=\"wp-block-uagb-separator uagb-block-891b71a4\"><div class=\"wp-block-uagb-separator__inner\" style=\"--my-background-image:\"><\/div><\/div>\n\n\n\n<div class=\"wp-block-columns is-layout-flex wp-container-core-columns-is-layout-9d6595d7 wp-block-columns-is-layout-flex\"><\/div>\n\n\n\n<h2 class=\"wp-block-heading\"><br><br><strong>Conditions pour l\u2019obtention de la norme ISO 14001:2015 :<\/strong><\/h2>\n\n\n\n<ul class=\"wp-block-list listas\">\n<li>Le Groupe Torrent a \u00e9tabli une politique environnementale en lien avec l\u2019activit\u00e9 de l\u2019entreprise.<\/li>\n\n\n\n<li>L\u2019entreprise a identifi\u00e9 tous les aspects environnementaux qui d\u00e9coulent de ses activit\u00e9s, services et produits, et a d\u00e9termin\u00e9 les impacts environnementaux significatifs.<\/li>\n\n\n\n<li>Torrent Closures s\u2019est charg\u00e9 d\u2019identifier les crit\u00e8res g\u00e9n\u00e9raux qui peuvent \u00eatre appliqu\u00e9s, ainsi que les conditions l\u00e9gales.<\/li>\n\n\n\n<li>Identifier les priorit\u00e9s et fixer tous les objectifs environnementaux opportuns.<\/li>\n\n\n\n<li>Conna\u00eetre la structure et le programme pour mener \u00e0 bien la politique et atteindre les objectifs.<\/li>\n<\/ul>\n\n\n\n<p>Le d\u00e9partement de Qualit\u00e9 du Groupe Torrent r\u00e9vise et \u00e9value constamment la norme ISO 14001:2015 afin d\u2019identifier les probl\u00e8mes et de mettre en \u0153uvre des am\u00e9liorations constantes, en prenant en compte les facteurs \u00e9conomiques et autres circonstances.<br><br><\/p>\n\n\n\n<h2 class=\"wp-block-heading\"><strong>Avantages de la norme ISO 14001:2015 :<\/strong><\/h2>\n\n\n\n<ul class=\"wp-block-list listas\">\n<li>Contribue \u00e0 la r\u00e9duction des r\u00e9sidus et de la consommation \u00e9nerg\u00e9tique.<\/li>\n\n\n\n<li>Permet de prouver le respect des crit\u00e8res environnementaux l\u00e9gaux, ce qui cr\u00e9e un climat de confiance parmi toutes les parties int\u00e9ress\u00e9es.<\/li>\n\n\n\n<li>Favorise l\u2019adaptation \u00e0 un environnement mondialis\u00e9 en constante \u00e9volution.<\/li>\n\n\n\n<li>\u00c9tablit des objectifs dans le but de diminuer l\u2019impact environnemental, et les communique \u00e0 toutes les parties int\u00e9ress\u00e9es.<\/li>\n\n\n\n<li>Augmente la comp\u00e9titivit\u00e9 sur un march\u00e9 de plus en plus exigeant en mati\u00e8re de d\u00e9veloppement durable.<br><\/li>\n<\/ul>\n\n\n\n<div style=\"height:100px\" aria-hidden=\"true\" class=\"wp-block-spacer\"><\/div>\n","protected":false},"excerpt":{"rendered":"<p>ISO 14001 2015&nbsp;: am\u00e9lioration de nos performances environnementales La norme ISO 14001:2015 est un Syst\u00e8me de Gestion Environnemental qui permet de r\u00e9pondre aux demandes de la soci\u00e9t\u00e9 actuelle. Elle pr\u00e9sente une forte sensibilit\u00e9 sur les sujets environnementaux et est plus exigeante sur les r\u00e9sultats environnementaux des entreprises. Les clients sont de plus en plus sensibilis\u00e9s &hellip;<\/p>\n","protected":false},"author":3,"featured_media":11432,"parent":0,"menu_order":0,"comment_status":"closed","ping_status":"closed","template":"","meta":{"inline_featured_image":false,"_uag_custom_page_level_css":"","footnotes":""},"class_list":["post-52764","page","type-page","status-publish","has-post-thumbnail","hentry"],"uagb_featured_image_src":{"full":["https:\/\/torrentclosures.com\/wp-content\/uploads\/2020\/10\/indiapl04.jpg",940,500,false],"thumbnail":["https:\/\/torrentclosures.com\/wp-content\/uploads\/2020\/10\/indiapl04-150x150.jpg",150,150,true],"medium":["https:\/\/torrentclosures.com\/wp-content\/uploads\/2020\/10\/indiapl04-300x300.jpg",300,300,true],"medium_large":["https:\/\/torrentclosures.com\/wp-content\/uploads\/2020\/10\/indiapl04-768x409.jpg",768,409,true],"large":["https:\/\/torrentclosures.com\/wp-content\/uploads\/2020\/10\/indiapl04.jpg",940,500,false],"1536x1536":["https:\/\/torrentclosures.com\/wp-content\/uploads\/2020\/10\/indiapl04.jpg",940,500,false],"2048x2048":["https:\/\/torrentclosures.com\/wp-content\/uploads\/2020\/10\/indiapl04.jpg",940,500,false],"gform-image-choice-sm":["https:\/\/torrentclosures.com\/wp-content\/uploads\/2020\/10\/indiapl04.jpg",300,160,false],"gform-image-choice-md":["https:\/\/torrentclosures.com\/wp-content\/uploads\/2020\/10\/indiapl04.jpg",400,213,false],"gform-image-choice-lg":["https:\/\/torrentclosures.com\/wp-content\/uploads\/2020\/10\/indiapl04.jpg",600,319,false]},"uagb_author_info":{"display_name":"Pablo","author_link":"https:\/\/torrentclosures.com\/fr"},"uagb_comment_info":0,"uagb_excerpt":"ISO 14001 2015&nbsp;: am\u00e9lioration de nos performances environnementales La norme ISO 14001:2015 est un Syst\u00e8me de Gestion Environnemental qui permet de r\u00e9pondre aux demandes de la soci\u00e9t\u00e9 actuelle. Elle pr\u00e9sente une forte sensibilit\u00e9 sur les sujets environnementaux et est plus exigeante sur les r\u00e9sultats environnementaux des entreprises. Les clients sont de plus en plus sensibilis\u00e9s\u2026","_links":{"self":[{"href":"https:\/\/torrentclosures.com\/fr\/wp-json\/wp\/v2\/pages\/52764","targetHints":{"allow":["GET"]}}],"collection":[{"href":"https:\/\/torrentclosures.com\/fr\/wp-json\/wp\/v2\/pages"}],"about":[{"href":"https:\/\/torrentclosures.com\/fr\/wp-json\/wp\/v2\/types\/page"}],"author":[{"embeddable":true,"href":"https:\/\/torrentclosures.com\/fr\/wp-json\/wp\/v2\/users\/3"}],"replies":[{"embeddable":true,"href":"https:\/\/torrentclosures.com\/fr\/wp-json\/wp\/v2\/comments?post=52764"}],"version-history":[{"count":5,"href":"https:\/\/torrentclosures.com\/fr\/wp-json\/wp\/v2\/pages\/52764\/revisions"}],"predecessor-version":[{"id":54397,"href":"https:\/\/torrentclosures.com\/fr\/wp-json\/wp\/v2\/pages\/52764\/revisions\/54397"}],"wp:featuredmedia":[{"embeddable":true,"href":"https:\/\/torrentclosures.com\/fr\/wp-json\/wp\/v2\/media\/11432"}],"wp:attachment":[{"href":"https:\/\/torrentclosures.com\/fr\/wp-json\/wp\/v2\/media?parent=52764"}],"curies":[{"name":"wp","href":"https:\/\/api.w.org\/{rel}","templated":true}]}}