{"id":52762,"date":"2019-05-11T15:20:35","date_gmt":"2019-05-11T15:20:35","guid":{"rendered":"https:\/\/torrentmsiteprd.azurewebsites.net\/fr\/?page_id=3980\/"},"modified":"2025-03-18T13:58:38","modified_gmt":"2025-03-18T12:58:38","slug":"politique-de-confidentialite","status":"publish","type":"page","link":"https:\/\/torrentclosures.com\/fr\/politique-de-confidentialite\/","title":{"rendered":"Politique de confidentialit\u00e9"},"content":{"rendered":"\n<h2 class=\"wp-block-heading\"><br>INFORMATIONS DE BASE SUR LA PROTECTION DES DONN\u00c9ES<\/h2>\n\n\n\n<figure class=\"wp-block-table tablalegal is-style-stripes\"><table><tbody><tr><td><b>Site internet<\/b><\/td><td>www.torrentclosures.com<\/td><\/tr><tr><td><b>Titulaire du site internet<\/b><\/td><td>GRUPO TAPAS TORRENT, S.L.&nbsp;<a href=\"#titular\">+d\u2019infos<\/a><\/td><\/tr><tr><td><b>Responsable du traitement des donn\u00e9es<\/b><\/td><td>Gestion, \u00e9tude et r\u00e9ponse aux demandes effectu\u00e9es sur le site&nbsp;<a href=\"#titular2\"><\/a><a href=\"#titular\">+d\u2019infos<\/a><\/td><\/tr><tr><td><b><strong>Finalit\u00e9<\/strong><\/b><\/td><td>Gesti\u00f3n, estudio y resoluci\u00f3n de consultas efectuadas a trav\u00e9s de la web <a href=\"#finalidad\"><\/a><a href=\"\/#titular\">+d\u2019infos<\/a><\/td><\/tr><tr><td><b>L\u00e9gitimation<\/b><\/td><td>Consentement fourni par l\u2019utilisateur <a href=\"#consentimiento\"><\/a><a href=\"\/#titular\">+d\u2019infos<\/a><\/td><\/tr><tr><td><b>\u00c2ge l\u00e9gal consentement<\/b><\/td><td>L\u2019Utilisateur atteste avoir plus de 14 ans, et poss\u00e9der par cons\u00e9quent la capacit\u00e9 l\u00e9gale n\u00e9cessaire \u00e0 la prestation de son consentement au sujet du traitement de ses donn\u00e9es \u00e0 caract\u00e8re personnel, conform\u00e9ment aux dispositions de la pr\u00e9sente Politique de confidentialit\u00e9.<\/td><\/tr><tr><td><b>Destinataires<\/b><\/td><td>Certaines donn\u00e9es seront communiqu\u00e9es \u00e0 des tiers afin de mener \u00e0 bien les objectifs d\u00e9crits dans la pr\u00e9sente politique de confidentialit\u00e9. En aucun cas des donn\u00e9es seront c\u00e9d\u00e9es \u00e0 des tiers pour une finalit\u00e9 diff\u00e9rente \u00e0 celle qui est d\u00e9crite dans ce document.<\/td><\/tr><tr><td><b>Droits<\/b><\/td><td>Acc\u00e9der, modifier et supprimer les donn\u00e9es, ainsi que d\u2019autres droits expliqu\u00e9s dans les informations suppl\u00e9mentaires.<\/td><\/tr><tr><td><b>Informations suppl\u00e9mentaires<\/b><\/td><td>Vous pouvez consulter les informations suppl\u00e9mentaires et d\u00e9taill\u00e9es sur la protection des donn\u00e9es en cliquant ici&nbsp;<a href=\"#adicional\"><\/a><a href=\"https:\/\/torrentmsiteprd.azurewebsites.net\/fr\/politica-de-privacidad\/#titular\" target=\"_blank\" rel=\"noopener\">+d\u2019infos<\/a><\/td><\/tr><\/tbody><\/table><\/figure>\n\n\n\n<p><\/p>\n\n\n\n<h2 class=\"wp-block-heading\"><br><br>INFORMATIONS SUPPL\u00c9MENTAIRES SUR LA PROTECTION DES DONN\u00c9ES<\/h2>\n\n\n\n<p><\/p>\n\n\n\n<h3 class=\"wp-block-heading\"><a id=\"adicional\"><\/a><a id=\"titular\"><\/a><br>1.1 &#8211; Qui est le titulaire du site ?<\/h3>\n\n\n\n<div class=\"wp-block-columns is-layout-flex wp-container-core-columns-is-layout-9d6595d7 wp-block-columns-is-layout-flex\">\n<div class=\"wp-block-column is-layout-flow wp-block-column-is-layout-flow\" style=\"flex-basis:100%\">\n<figure class=\"wp-block-table tablalegal alignleft is-style-stripes\"><table><tbody><tr><td><b><strong>Identit\u00e9<\/strong><\/b><\/td><td>GRUPO TAPAS TORRENT, S.L. -Siret&nbsp;: B11907532<\/td><\/tr><tr><td><b><strong>Donn\u00e9es d\u2019inscription<\/strong><\/b><\/td><td>Registre du commerce de Cadix, Tome 2075, Feuille 99, Section 8, feuillet 44498<\/td><\/tr><tr><td><b><strong>Adresse postale<\/strong><\/b><\/td><td>Pol. Industrial El Portal Calle Marruecos, s\/n \u2013 114008 Jerez de la Frontera (Cadix)<\/td><\/tr><tr><td><strong><strong>N\u00ba de t\u00e9l\u00e9phone :<\/strong><\/strong><\/td><td>0034 956143632<\/td><\/tr><tr><td><strong><strong>Adresse \u00e9lectronique<\/strong><\/strong><\/td><td><a href=\"mailto:rrhh@torrentclosures.com\">rrhh@torrentclosures.com<\/a><\/td><\/tr><\/tbody><\/table><\/figure>\n<\/div>\n<\/div>\n\n\n\n<h3 class=\"wp-block-heading\"><br>1.2 &#8211; Qui est responsable du traitement de vos donn\u00e9es \u00e0 caract\u00e8re personnel ?<\/h3>\n\n\n\n<div class=\"wp-block-columns is-layout-flex wp-container-core-columns-is-layout-9d6595d7 wp-block-columns-is-layout-flex\">\n<div class=\"wp-block-column is-layout-flow wp-block-column-is-layout-flow\" style=\"flex-basis:100%\">\n<figure class=\"wp-block-table tablalegal alignleft is-style-stripes\"><table><tbody><tr><td><b><b><strong>Identit\u00e9<\/strong><\/b><\/b><\/td><td>GRUPO TAPAS TORRENT, S.L. -CIF: B11907532<\/td><\/tr><tr><td><b><b><strong>Donn\u00e9es d\u2019inscription<\/strong><\/b><\/b><\/td><td>Registre du commerce de Cadix, Tome 2075, Feuille 99, Section 8, feuillet 44498<\/td><\/tr><tr><td><b><b><strong>Adresse postale<\/strong><\/b><\/b><\/td><td>Pol. Industrial El Portal Calle Marruecos, s\/n \u2013 114008 Jerez de la Frontera (Cadix)<\/td><\/tr><tr><td><strong><strong><strong>N\u00ba de t\u00e9l\u00e9phone :<\/strong><\/strong><\/strong><\/td><td>0034 956143632<\/td><\/tr><tr><td><strong><strong><strong>Adresse \u00e9lectronique<\/strong><\/strong><\/strong><\/td><td><a href=\"mailto:rrhh@torrentclosures.com\">rrhh@torrentclosures.com<\/a><\/td><\/tr><\/tbody><\/table><\/figure>\n<\/div>\n<\/div>\n\n\n\n<h3 class=\"wp-block-heading\"><br>1.3 &#8211; Quel est l\u2019objectif dans lequel nous traiterons vos donn\u00e9es \u00e0 caract\u00e8re personnel et pendant combien de temps les conserverons-nous ?<\/h3>\n\n\n\n<ul class=\"wp-block-list\">\n<li>L\u2019entreprise traitera uniquement vos donn\u00e9es \u00e0 caract\u00e8re personnel dans un but pr\u00e9cis, explicite et l\u00e9gitime, et elles ne seront pas trait\u00e9es de fa\u00e7on incompatible avec ces objectifs.<\/li>\n<\/ul>\n\n\n\n<div class=\"wp-block-columns is-layout-flex wp-container-core-columns-is-layout-9d6595d7 wp-block-columns-is-layout-flex\">\n<div class=\"wp-block-column is-layout-flow wp-block-column-is-layout-flow\" style=\"flex-basis:100%\">\n<figure class=\"wp-block-table tablalegal alignleft is-style-stripes\"><table><tbody><tr><td><b>Finalit\u00e9s<\/b><\/td><\/tr><tr><td>Finalit\u00e9 1 : pour tous les utilisateurs<\/td><td>Gestion, \u00e9tude et r\u00e9ponse aux demandes effectu\u00e9es sur le site.<\/td><\/tr><tr><td>Finalit\u00e9 2 : pour les utilisateurs qui nous envoient leur CV<\/td><td>Gestion des processus de s\u00e9lection du personnel<\/td><\/tr><\/tbody><\/table><\/figure>\n<\/div>\n<\/div>\n\n\n\n<p><\/p>\n\n\n\n<ul class=\"wp-block-list\">\n<li>L\u2019entreprise conservera vos donn\u00e9es \u00e0 caract\u00e8re personnel pendant le temps n\u00e9cessaire en fonction des informations communiqu\u00e9es et des d\u00e9lais de conservation recueillis par les normes en vigueur.<\/li>\n<\/ul>\n\n\n\n<h3 class=\"wp-block-heading\"><a id=\"consentimiento\"><\/a><br>1.4 &#8211; Quelle est la base l\u00e9gale pour le traitement de vos informations ?<\/h3>\n\n\n\n<p class=\"has-text-align-left\">La base l\u00e9gale pour le traitement de vos donn\u00e9es est le consentement que vous nous fournissez en marquant la case d&#8217;acceptation de notre politique de confidentialit\u00e9.<\/p>\n\n\n\n<h3 class=\"wp-block-heading\"><br>1.5 \u00c0 qui seront communiqu\u00e9es vos informations ?<\/h3>\n\n\n\n<p class=\"has-text-align-left\">Les donn\u00e9es seront communiqu\u00e9es aux entreprises suivantes pour les finalit\u00e9s suivantes&nbsp;:<\/p>\n\n\n\n<div class=\"wp-block-columns is-layout-flex wp-container-core-columns-is-layout-9d6595d7 wp-block-columns-is-layout-flex\">\n<div class=\"wp-block-column is-layout-flow wp-block-column-is-layout-flow\" style=\"flex-basis:100%\">\n<figure class=\"wp-block-table tablalegal alignleft is-style-stripes\"><table><tbody><tr><td><b><strong>Destinataires<\/strong><\/b><\/td><td><b><strong>Finalit\u00e9<\/strong><\/b><\/td><\/tr><tr><td>SARA RODR\u00cdGUEZ BLANCO \u2013 Siret: 31660873Q<\/td><td>Entreprise charg\u00e9e de la conservation et de la programmation de notre site internet.<\/td><\/tr><\/tbody><\/table><\/figure>\n<\/div>\n<\/div>\n\n\n\n<h3 class=\"wp-block-heading\"><br>1.6 <strong>Quels sont vos droits lorsque vous nous fournissez vos donn\u00e9es&nbsp;?<\/strong><\/h3>\n\n\n\n<p class=\"has-text-align-left\">Cualquier persona tiene derecho a obtener confirmaci\u00f3n sobre si en la empresa estamos tratando datos personales que les conciernan, o no.<\/p>\n\n\n\n<p class=\"has-text-align-left\">En concreto, puede usted dirigirse a la empresa a su direcci\u00f3n postal o bien a la direcci\u00f3n de email facilitada en el presente documento con la finalidad de ejercer los siguientes derechos:<\/p>\n\n\n\n<ul style=\"color:#818181\" class=\"listas has-text-color wp-block-list\">\n<li>droit de demander l\u2019acc\u00e8s aux informations personnelles relatives \u00e0 l\u2019int\u00e9ress\u00e9&nbsp;;<\/li>\n\n\n\n<li>droit de demander leur modification ou leur \u00e9limination&nbsp;;<\/li>\n\n\n\n<li>droit \u00e0 demander la limitation de leur traitement&nbsp;;<\/li>\n\n\n\n<li>droit de vous opposer \u00e0 leur traitement&nbsp;;<\/li>\n\n\n\n<li>doit de transfert des donn\u00e9es.<\/li>\n<\/ul>\n\n\n\n<p class=\"has-text-align-left\">Vous pouvez demander les formulaires requis pour l\u2019exercice de ces droits en envoyant un courrier \u00e9lectronique \u00e0 l&#8217;adresse mail fournie dans le pr\u00e9sent document.<\/p>\n\n\n\n<p class=\"has-text-align-left\">Au vu du caract\u00e8re extr\u00eamement personnel de l&#8217;exercice de ces droits, vous devrez joindre \u00e0 votre demande une copie de votre carte d\u2019identit\u00e9 ou de toute autre pi\u00e8ce d\u2019identit\u00e9 \u00e9quivalent.<\/p>\n\n\n\n<p class=\"has-text-align-left\">Vous pouvez vous adresser \u00e0 l\u2019Agence espagnole de protection des donn\u00e9es pour obtenir davantage d\u2019informations sur vos droits ou pr\u00e9senter une r\u00e9clamation aupr\u00e8s de celle-ci, sp\u00e9cialement si vous n&#8217;avez pas \u00e9t\u00e9 satisfait dans l&#8217;exercice de vos droits. Vous obtiendrez toutes les informations n\u00e9cessaires sur le site <a href=\"https:\/\/www.aepd.es\/\" target=\"_blank\" rel=\"noreferrer noopener\">www.agpd.es<\/a>.<\/p>\n\n\n\n<p><\/p>\n\n\n\n<p><\/p>\n","protected":false},"excerpt":{"rendered":"<p>INFORMATIONS DE BASE SUR LA PROTECTION DES DONN\u00c9ES Site internet www.torrentclosures.com Titulaire du site internet GRUPO TAPAS TORRENT, S.L.&nbsp;+d\u2019infos Responsable du traitement des donn\u00e9es Gestion, \u00e9tude et r\u00e9ponse aux demandes effectu\u00e9es sur le site&nbsp;+d\u2019infos Finalit\u00e9 Gesti\u00f3n, estudio y resoluci\u00f3n de consultas efectuadas a trav\u00e9s de la web +d\u2019infos L\u00e9gitimation Consentement fourni par l\u2019utilisateur +d\u2019infos \u00c2ge &hellip;<\/p>\n","protected":false},"author":3,"featured_media":0,"parent":0,"menu_order":0,"comment_status":"closed","ping_status":"closed","template":"","meta":{"inline_featured_image":false,"_uag_custom_page_level_css":"","footnotes":""},"class_list":["post-52762","page","type-page","status-publish","hentry"],"uagb_featured_image_src":{"full":false,"thumbnail":false,"medium":false,"medium_large":false,"large":false,"1536x1536":false,"2048x2048":false,"gform-image-choice-sm":false,"gform-image-choice-md":false,"gform-image-choice-lg":false},"uagb_author_info":{"display_name":"Pablo","author_link":"https:\/\/torrentclosures.com\/fr"},"uagb_comment_info":0,"uagb_excerpt":"INFORMATIONS DE BASE SUR LA PROTECTION DES DONN\u00c9ES Site internet www.torrentclosures.com Titulaire du site internet GRUPO TAPAS TORRENT, S.L.&nbsp;+d\u2019infos Responsable du traitement des donn\u00e9es Gestion, \u00e9tude et r\u00e9ponse aux demandes effectu\u00e9es sur le site&nbsp;+d\u2019infos Finalit\u00e9 Gesti\u00f3n, estudio y resoluci\u00f3n de consultas efectuadas a trav\u00e9s de la web +d\u2019infos L\u00e9gitimation Consentement fourni par l\u2019utilisateur +d\u2019infos \u00c2ge\u2026","_links":{"self":[{"href":"https:\/\/torrentclosures.com\/fr\/wp-json\/wp\/v2\/pages\/52762","targetHints":{"allow":["GET"]}}],"collection":[{"href":"https:\/\/torrentclosures.com\/fr\/wp-json\/wp\/v2\/pages"}],"about":[{"href":"https:\/\/torrentclosures.com\/fr\/wp-json\/wp\/v2\/types\/page"}],"author":[{"embeddable":true,"href":"https:\/\/torrentclosures.com\/fr\/wp-json\/wp\/v2\/users\/3"}],"replies":[{"embeddable":true,"href":"https:\/\/torrentclosures.com\/fr\/wp-json\/wp\/v2\/comments?post=52762"}],"version-history":[{"count":1,"href":"https:\/\/torrentclosures.com\/fr\/wp-json\/wp\/v2\/pages\/52762\/revisions"}],"predecessor-version":[{"id":53250,"href":"https:\/\/torrentclosures.com\/fr\/wp-json\/wp\/v2\/pages\/52762\/revisions\/53250"}],"wp:attachment":[{"href":"https:\/\/torrentclosures.com\/fr\/wp-json\/wp\/v2\/media?parent=52762"}],"curies":[{"name":"wp","href":"https:\/\/api.w.org\/{rel}","templated":true}]}}