{"id":52760,"date":"2018-10-09T09:33:47","date_gmt":"2018-10-09T07:33:47","guid":{"rendered":"https:\/\/torrent.pixerama.com\/?page_id=1049\/"},"modified":"2025-04-29T06:28:51","modified_gmt":"2025-04-29T05:28:51","slug":"torrent-innova","status":"publish","type":"page","link":"https:\/\/torrentclosures.com\/fr\/torrent-innova\/","title":{"rendered":"Torrent Innova"},"content":{"rendered":"\n<div class=\"wp-block-group contenido\"><div class=\"wp-block-group__inner-container is-layout-flow wp-block-group-is-layout-flow\">\n<h1 class=\"wp-block-heading page-title\">Torrent Innova, strat\u00e9gies d&#8217;innovation et de d\u00e9veloppement dans nos fermetures<\/h1>\n\n\n\n<p><span style=\"font-weight: 400;\">Chez Groupe Torrent nous travaillons avec Torrent Innova, une entreprise exclusivement consacr\u00e9e \u00e0 l\u2019analyse de l\u2019activit\u00e9 de recherche, d\u00e9veloppement et innovation de notre entreprise \u00e0 l\u2019\u00e9chelle nationale et internationale. Une \u00e9quipe de techniciens qualifi\u00e9s qui a pour but de concilier la strat\u00e9gie d\u2019innovation et le d\u00e9veloppement avec un syst\u00e8me de brevets.<\/span><br><br><\/p>\n\n\n\n<h2 class=\"wp-block-heading\"><strong>Chez Torrent Innova, nous d\u00e9veloppons des solutions de bouchage comme un d\u00e9fi constant<\/strong><\/h2>\n\n\n\n<p><span style=\"font-weight: 400;\">Chez Torrent Innova, nous d\u00e9veloppons des solutions de bouchage comme un d\u00e9fi constant Nous traitons les demandes de nos clients avec le plus grand soin et mettons en \u0153uvre de nouvelles exp\u00e9riences de bouchage, qui facilitent l\u2019embouteillage et qui identifient le produit comme une exclusivit\u00e9 sur le march\u00e9. Tout cela repr\u00e9sente aussi une valeur ajout\u00e9e pour le consommateur final.<\/span><\/p>\n\n\n\n<p><span style=\"font-weight: 400;\">Pour cela, le style et l\u2019esth\u00e9tique sont essentiels dans le d\u00e9veloppement technologique des syst\u00e8mes de bouchage. Gr\u00e2ce \u00e0 l\u2019analyse des connaissances techniques n\u00e9cessaires et \u00e0 l\u2019application des technologies les plus modernes, comme la fabrication additive ou la simulation d\u2019\u00e9l\u00e9ments finis, nous pouvons mettre sur le march\u00e9 des solutions de bouchage uniques.<\/span><br><br><\/p>\n\n\n\n<h2 class=\"wp-block-heading\">Mod\u00e8les r\u00e9volutionnaires de bouchons gr\u00e2ce \u00e0 Torrent Innova<\/h2>\n\n\n\n<p><span style=\"font-weight: 400;\">Le style, la d\u00e9coration, le d\u00e9veloppement de processus plus \u00e9cologiques et efficaces, les brevets et lancements de mod\u00e8les r\u00e9volutionnaires de par leur innovation (V90, Sintra, Jaipur, Captor, Capcel\u00f3), l\u2019application de la r\u00e9duction des co\u00fbts, le d\u00e9veloppement interne de tout le processus productif, les solutions de bouchage \u00ab <a href=\"https:\/\/torrentclosures.com\/fr\/bouchons-personnalises-ad-hoc\/\">ad-hoc<\/a> \u00bb, les offres de nouveaux syst\u00e8mes de protection pour \u00e9viter la contrefa\u00e7on\u2026, toute cela atteste notre trajectoire professionnelle d\u2019am\u00e9lioration constante et d\u2019innovation qui s\u2019est av\u00e9r\u00e9e \u00eatre la cl\u00e9 pour devenir une entreprise leader dans le secteur du bouchage.<\/span><\/p>\n\n\n\n<p><span style=\"font-weight: 400;\">L\u2019investissement en RDI du <a href=\"https:\/\/torrentclosures.com\/fr\/groupe-torrent\/\">Groupe Torrent<\/a> a contribu\u00e9 \u00e0 sa croissance, sa comp\u00e9titivit\u00e9 et \u00e0 sa solvabilit\u00e9, pour en faire une entreprise leader dans le monde de la fabrication de bouchons en plastique, en aluminium et en li\u00e8ge pour l\u2019industrie de l\u2019huile d\u2019olive vierge extra (AOVE) et une des principales entreprises productrices de <a href=\"https:\/\/torrentclosures.com\/fr\/bouchons-irremplissables-pour-lhuile-qui-garantissent-la-qualite-de-lhuile-dolive-vierge-extra\/\">bouchons non-remplissables<\/a> pour spiritueux \u00e0 fort degr\u00e9 d\u2019alcool.<\/span><\/p>\n\n\n\n<p>C\u2019est ce qui nous a permis de nous rapprocher du monde. Au cours de la derni\u00e8re d\u00e9cennie, l\u2019expansion internationale a \u00e9t\u00e9 remarquable, gr\u00e2ce \u00e0 l\u2019ouverture d\u2019usines en <a href=\"https:\/\/torrentclosures.com\/fr\/torrent-inde\/\">Inde<\/a> et en <a href=\"https:\/\/torrentclosures.com\/fr\/torrent-afrique\/\">Afrique<\/a>. L\u2019installation de nouveaux distributeurs au Mexique, en Russie et en Colombie, en plus des 25 d\u00e9j\u00e0 existants.<br><br><br><\/p>\n<\/div><\/div>\n\n\n\n<figure class=\"wp-block-gallery alignfull has-nested-images columns-3 is-cropped wp-block-gallery-1 is-layout-flex wp-block-gallery-is-layout-flex\">\n<figure class=\"wp-block-image size-full\"><img loading=\"lazy\" decoding=\"async\" width=\"1200\" height=\"638\" data-id=\"12692\" src=\"https:\/\/torrentclosures.com\/wp-content\/uploads\/2020\/11\/Galeria_TorrentInnova_01.jpg\" alt=\"Torrent Innova | Grupo Torrent\" class=\"wp-image-12692\" title=\"| Grupo Torrent Espa\u00f1a\" srcset=\"https:\/\/torrentclosures.com\/wp-content\/uploads\/2020\/11\/Galeria_TorrentInnova_01.jpg 1200w, https:\/\/torrentclosures.com\/wp-content\/uploads\/2020\/11\/Galeria_TorrentInnova_01-1024x544.jpg 1024w, https:\/\/torrentclosures.com\/wp-content\/uploads\/2020\/11\/Galeria_TorrentInnova_01-768x408.jpg 768w, https:\/\/torrentclosures.com\/wp-content\/uploads\/2020\/11\/Galeria_TorrentInnova_01-700x372.jpg 700w\" sizes=\"auto, (max-width: 1200px) 100vw, 1200px\" \/><\/figure>\n\n\n\n<figure class=\"wp-block-image size-full\"><img loading=\"lazy\" decoding=\"async\" width=\"940\" height=\"500\" data-id=\"53102\" src=\"https:\/\/torrentclosures.com\/wp-content\/uploads\/2018\/11\/innova11.jpg\" alt=\"| Grupo Torrent Espa\u00f1a\" class=\"wp-image-53102\" title=\"| Grupo Torrent Espa\u00f1a\" srcset=\"https:\/\/torrentclosures.com\/wp-content\/uploads\/2018\/11\/innova11.jpg 940w, https:\/\/torrentclosures.com\/wp-content\/uploads\/2018\/11\/innova11-768x409.jpg 768w, https:\/\/torrentclosures.com\/wp-content\/uploads\/2018\/11\/innova11-700x372.jpg 700w\" sizes=\"auto, (max-width: 940px) 100vw, 940px\" \/><\/figure>\n\n\n\n<figure class=\"wp-block-image size-full\"><img loading=\"lazy\" decoding=\"async\" width=\"1200\" height=\"638\" data-id=\"53992\" src=\"https:\/\/torrentclosures.com\/wp-content\/uploads\/2025\/03\/Galeria_TorrentInnova_07.jpg\" alt=\"| Grupo Torrent Espa\u00f1a\" class=\"wp-image-53992\" title=\"| Grupo Torrent Espa\u00f1a\" srcset=\"https:\/\/torrentclosures.com\/wp-content\/uploads\/2025\/03\/Galeria_TorrentInnova_07.jpg 1200w, https:\/\/torrentclosures.com\/wp-content\/uploads\/2025\/03\/Galeria_TorrentInnova_07-1024x544.jpg 1024w, https:\/\/torrentclosures.com\/wp-content\/uploads\/2025\/03\/Galeria_TorrentInnova_07-768x408.jpg 768w\" sizes=\"auto, (max-width: 1200px) 100vw, 1200px\" \/><\/figure>\n\n\n\n<figure class=\"wp-block-image size-full\"><img loading=\"lazy\" decoding=\"async\" width=\"1200\" height=\"638\" data-id=\"53995\" src=\"https:\/\/torrentclosures.com\/wp-content\/uploads\/2025\/03\/Galeria_TorrentInnova_09.jpg\" alt=\"| Grupo Torrent Espa\u00f1a\" class=\"wp-image-53995\" title=\"| Grupo Torrent Espa\u00f1a\" srcset=\"https:\/\/torrentclosures.com\/wp-content\/uploads\/2025\/03\/Galeria_TorrentInnova_09.jpg 1200w, https:\/\/torrentclosures.com\/wp-content\/uploads\/2025\/03\/Galeria_TorrentInnova_09-1024x544.jpg 1024w, https:\/\/torrentclosures.com\/wp-content\/uploads\/2025\/03\/Galeria_TorrentInnova_09-768x408.jpg 768w\" sizes=\"auto, (max-width: 1200px) 100vw, 1200px\" \/><\/figure>\n\n\n\n<figure class=\"wp-block-image size-full\"><img loading=\"lazy\" decoding=\"async\" width=\"940\" height=\"500\" data-id=\"10746\" src=\"https:\/\/torrentclosures.com\/wp-content\/uploads\/2020\/07\/innova23.jpg\" alt=\"| Grupo Torrent Espa\u00f1a\" class=\"wp-image-10746\" title=\"| Grupo Torrent Espa\u00f1a\" srcset=\"https:\/\/torrentclosures.com\/wp-content\/uploads\/2020\/07\/innova23.jpg 940w, https:\/\/torrentclosures.com\/wp-content\/uploads\/2020\/07\/innova23-768x409.jpg 768w, https:\/\/torrentclosures.com\/wp-content\/uploads\/2020\/07\/innova23-700x372.jpg 700w\" sizes=\"auto, (max-width: 940px) 100vw, 940px\" \/><\/figure>\n\n\n\n<figure class=\"wp-block-image size-full\"><img loading=\"lazy\" decoding=\"async\" width=\"1200\" height=\"638\" data-id=\"53998\" src=\"https:\/\/torrentclosures.com\/wp-content\/uploads\/2025\/03\/Galeria_TorrentInnova_08.jpg\" alt=\"| Grupo Torrent Espa\u00f1a\" class=\"wp-image-53998\" title=\"| Grupo Torrent Espa\u00f1a\" srcset=\"https:\/\/torrentclosures.com\/wp-content\/uploads\/2025\/03\/Galeria_TorrentInnova_08.jpg 1200w, https:\/\/torrentclosures.com\/wp-content\/uploads\/2025\/03\/Galeria_TorrentInnova_08-1024x544.jpg 1024w, https:\/\/torrentclosures.com\/wp-content\/uploads\/2025\/03\/Galeria_TorrentInnova_08-768x408.jpg 768w\" sizes=\"auto, (max-width: 1200px) 100vw, 1200px\" \/><\/figure>\n<\/figure>\n","protected":false},"excerpt":{"rendered":"<p>Torrent Innova, strat\u00e9gies d&#8217;innovation et de d\u00e9veloppement dans nos fermetures Chez Groupe Torrent nous travaillons avec Torrent Innova, une entreprise exclusivement consacr\u00e9e \u00e0 l\u2019analyse de l\u2019activit\u00e9 de recherche, d\u00e9veloppement et innovation de notre entreprise \u00e0 l\u2019\u00e9chelle nationale et internationale. Une \u00e9quipe de techniciens qualifi\u00e9s qui a pour but de concilier la strat\u00e9gie d\u2019innovation et le &hellip;<\/p>\n","protected":false},"author":3,"featured_media":12690,"parent":0,"menu_order":0,"comment_status":"closed","ping_status":"closed","template":"","meta":{"inline_featured_image":false,"_uag_custom_page_level_css":"","footnotes":""},"class_list":["post-52760","page","type-page","status-publish","has-post-thumbnail","hentry"],"uagb_featured_image_src":{"full":["https:\/\/torrentclosures.com\/wp-content\/uploads\/2020\/11\/Galeria_TorrentInnova_01.jpg",1200,638,false],"thumbnail":["https:\/\/torrentclosures.com\/wp-content\/uploads\/2020\/11\/Galeria_TorrentInnova_01-150x150.jpg",150,150,true],"medium":["https:\/\/torrentclosures.com\/wp-content\/uploads\/2020\/11\/Galeria_TorrentInnova_01-300x300.jpg",300,300,true],"medium_large":["https:\/\/torrentclosures.com\/wp-content\/uploads\/2020\/11\/Galeria_TorrentInnova_01-768x408.jpg",768,408,true],"large":["https:\/\/torrentclosures.com\/wp-content\/uploads\/2020\/11\/Galeria_TorrentInnova_01-1024x544.jpg",1024,544,true],"1536x1536":["https:\/\/torrentclosures.com\/wp-content\/uploads\/2020\/11\/Galeria_TorrentInnova_01.jpg",1200,638,false],"2048x2048":["https:\/\/torrentclosures.com\/wp-content\/uploads\/2020\/11\/Galeria_TorrentInnova_01.jpg",1200,638,false],"gform-image-choice-sm":["https:\/\/torrentclosures.com\/wp-content\/uploads\/2020\/11\/Galeria_TorrentInnova_01.jpg",300,160,false],"gform-image-choice-md":["https:\/\/torrentclosures.com\/wp-content\/uploads\/2020\/11\/Galeria_TorrentInnova_01.jpg",400,213,false],"gform-image-choice-lg":["https:\/\/torrentclosures.com\/wp-content\/uploads\/2020\/11\/Galeria_TorrentInnova_01.jpg",600,319,false]},"uagb_author_info":{"display_name":"Pablo","author_link":"https:\/\/torrentclosures.com\/fr"},"uagb_comment_info":0,"uagb_excerpt":"Torrent Innova, strat\u00e9gies d&#8217;innovation et de d\u00e9veloppement dans nos fermetures Chez Groupe Torrent nous travaillons avec Torrent Innova, une entreprise exclusivement consacr\u00e9e \u00e0 l\u2019analyse de l\u2019activit\u00e9 de recherche, d\u00e9veloppement et innovation de notre entreprise \u00e0 l\u2019\u00e9chelle nationale et internationale. Une \u00e9quipe de techniciens qualifi\u00e9s qui a pour but de concilier la strat\u00e9gie d\u2019innovation et le\u2026","_links":{"self":[{"href":"https:\/\/torrentclosures.com\/fr\/wp-json\/wp\/v2\/pages\/52760","targetHints":{"allow":["GET"]}}],"collection":[{"href":"https:\/\/torrentclosures.com\/fr\/wp-json\/wp\/v2\/pages"}],"about":[{"href":"https:\/\/torrentclosures.com\/fr\/wp-json\/wp\/v2\/types\/page"}],"author":[{"embeddable":true,"href":"https:\/\/torrentclosures.com\/fr\/wp-json\/wp\/v2\/users\/3"}],"replies":[{"embeddable":true,"href":"https:\/\/torrentclosures.com\/fr\/wp-json\/wp\/v2\/comments?post=52760"}],"version-history":[{"count":4,"href":"https:\/\/torrentclosures.com\/fr\/wp-json\/wp\/v2\/pages\/52760\/revisions"}],"predecessor-version":[{"id":54404,"href":"https:\/\/torrentclosures.com\/fr\/wp-json\/wp\/v2\/pages\/52760\/revisions\/54404"}],"wp:featuredmedia":[{"embeddable":true,"href":"https:\/\/torrentclosures.com\/fr\/wp-json\/wp\/v2\/media\/12690"}],"wp:attachment":[{"href":"https:\/\/torrentclosures.com\/fr\/wp-json\/wp\/v2\/media?parent=52760"}],"curies":[{"name":"wp","href":"https:\/\/api.w.org\/{rel}","templated":true}]}}