{"id":52758,"date":"2023-01-25T14:06:02","date_gmt":"2023-01-25T12:06:02","guid":{"rendered":"https:\/\/torrentmsiteprd.azurewebsites.net\/fr\/?page_id=38963"},"modified":"2025-10-27T11:58:15","modified_gmt":"2025-10-27T10:58:15","slug":"distribucion","status":"publish","type":"page","link":"https:\/\/torrentclosures.com\/fr\/distribucion\/","title":{"rendered":"Distribution du Groupe Torrent"},"content":{"rendered":"\n<h1 class=\"wp-block-heading page-title\"><br>Distribution du Groupe Torrent<\/h1>\n\n\n\n<p><span style=\"font-weight: 400\">Chez Groupe Torrent, nous disposons d\u2019un vaste r\u00e9seau de distribution et d\u2019agents commerciaux \u00e0 l\u2019\u00e9chelle mondiale. Nous avons favoris\u00e9 la cr\u00e9ation de nouveaux bureaux de distribution dans des endroits strat\u00e9giques pour l\u2019expansion de notre entreprise. Ainsi, nous disposons d\u2019usines de distribution en Inde, dans l\u2019usine de production de&nbsp;<em>Alisha Torrent Closures&nbsp;<\/em>(ATC) ; en Colombie, avec&nbsp;<em>Tapas de las Am\u00e9ricas<\/em>&nbsp;; en Russie, avec&nbsp;<em>Torrent RU<\/em>, et au Mexique d\u2019o\u00f9 l\u2019on distribue nos produits dans tout le pays et dans une partie du continent hispano-am\u00e9ricain.<\/span><\/p>\n\n\n\n<p><span style=\"font-weight: 400\">Nos repr\u00e9sentants, nationaux et internationaux, effectuent un travail de support continu et adapt\u00e9 aux crit\u00e8res marqu\u00e9s par le client. Comme il s\u2019agit d\u2019un produit dont les exigences techniques sont pointues, nous offrons un service de conseil personnalis\u00e9, m\u00eame au moment de la fermeture de la bouteille.<\/span><br><\/p>\n\n\n<div class=\"wp-block-image\">\n<figure class=\"aligncenter size-full\"><img loading=\"lazy\" decoding=\"async\" width=\"1024\" height=\"540\" src=\"https:\/\/torrentclosures.com\/wp-content\/uploads\/2025\/03\/mapatorrent_24-1024x540-1.png\" alt=\"| Grupo Torrent Espa\u00f1a\" class=\"wp-image-52422\" title=\"| Grupo Torrent Espa\u00f1a\" srcset=\"https:\/\/torrentclosures.com\/wp-content\/uploads\/2025\/03\/mapatorrent_24-1024x540-1.png 1024w, https:\/\/torrentclosures.com\/wp-content\/uploads\/2025\/03\/mapatorrent_24-1024x540-1-768x405.png 768w\" sizes=\"auto, (max-width: 1024px) 100vw, 1024px\" \/><figcaption class=\"wp-element-caption\"><br><\/figcaption><\/figure>\n<\/div>\n\n\n<h2 class=\"wp-block-heading\"><strong>Distribution du Groupe Torrent \u00e0 l\u2019\u00c9chelle Internationale<\/strong><br><\/h2>\n\n\n<div class=\"wp-block-image\">\n<figure class=\"aligncenter size-full\"><img loading=\"lazy\" decoding=\"async\" width=\"260\" height=\"160\" src=\"https:\/\/torrentclosures.com\/wp-content\/uploads\/2018\/07\/torrent_dist.png\" alt=\"| Grupo Torrent Espa\u00f1a\" class=\"wp-image-52798\" title=\"| Grupo Torrent Espa\u00f1a\"><\/figure>\n<\/div>\n\n\n<h3 class=\"wp-block-heading\"><br><strong>Distribution au Mexique<\/strong><\/h3>\n\n\n\n<p><span style=\"font-weight: 400\">La mise en \u0153uvre d\u2019une centrale&nbsp;de distribution du <a href=\"https:\/\/torrentclosures.com\/fr\/groupe-torrent\/\" target=\"_blank\" rel=\"noreferrer noopener nofollow\">Groupe Torrent&nbsp;<\/a>dans la capitale du Mexique est une d\u00e9cision importante de notre groupe afin de conserver une pr\u00e9sence importante sur tout le pays. La consommation \u00e9lev\u00e9e de boissons spiritueuses et de liqueurs au Mexique, ainsi que le s\u00e9rieux probl\u00e8me que suppose la contrefa\u00e7on de boissons, que ce soit pour la sant\u00e9 publique ou pour le manque \u00e0 gagner du Gouvernement, a favoris\u00e9 la vente de bouchages de haute qualit\u00e9 et pr\u00e9cis.<\/span><\/p>\n\n\n\n<p><span style=\"font-weight: 400\">Notre centre de distribution au <a href=\"http:\/\/fr.wikipedia.org\/wiki\/Mexico_City\" target=\"_blank\" rel=\"noopener\">Mexique<\/a> dispose de son propre entrep\u00f4t de stockage. Cela permet de r\u00e9duire les co\u00fbts et augmente la capacit\u00e9 de r\u00e9ponse de nos actions commerciales dans ce pays d\u2019Am\u00e9rique latine. Nous proposons une large gamme de mod\u00e8les de bouchons non-remplissables pour la tequila, le <a href=\"https:\/\/fr.wikipedia.org\/wiki\/Mezcal\" target=\"_blank\" rel=\"noopener\">mezcal<\/a> et tous types de liqueurs et de spiritueux. L\u2019application des normes technologiques les plus \u00e9lev\u00e9es afin de garantir la s\u00e9curit\u00e9 face \u00e0 la contrefa\u00e7on et au remplissage apporte une valeur ajout\u00e9e \u00e0 nos bouchons.<\/span><\/p>\n\n\n\n<h3 class=\"wp-block-heading\"><strong>Distribution en Colombie<\/strong><\/h3>\n\n\n\n<p><span style=\"font-weight: 400\">Notre travail se caract\u00e9rise \u00e0 l\u2019\u00e9chelle internationale par la planification strat\u00e9gique, commerciale et technique, \u00e0 la mesure du pays dans lequel nous distribuons ou fabriquons. En Colombie, o\u00f9 nous disposons d\u2019un bureau commercial et de distribution, nous avons d\u00fb faire face \u00e0 une pratique tr\u00e8s courante : la contrefa\u00e7on de liqueurs et de spiritueux. Plus de 50 % des boissons que l\u2019on trouve sur le march\u00e9 colombien, et dans la plupart des pays d\u2019Am\u00e9rique latine, peuvent \u00eatre falsifi\u00e9es.<\/span><\/p>\n\n\n\n<p><span style=\"font-weight: 400\">Afin de prot\u00e9ger l\u2019authenticit\u00e9 des produits de nos clients, nous offrons des solutions de bouchage qui garantissent la s\u00e9curit\u00e9 et la qualit\u00e9 de la fermeture des bouteilles. Une \u00e9quipe de professionnels et de techniciens hautement qualifi\u00e9s de Torrent, s\u2019occupent au quotidien des besoins de nos clients dans le but de stopper les syst\u00e8mes de fraude et de contrefa\u00e7on des liqueurs colombiennes.<\/span><\/p>\n\n\n<div class=\"wp-block-image\">\n<figure class=\"aligncenter size-full\"><img loading=\"lazy\" decoding=\"async\" width=\"260\" height=\"160\" src=\"https:\/\/torrentclosures.com\/wp-content\/uploads\/2018\/07\/alisha_dist.png\" alt=\"| Grupo Torrent Espa\u00f1a\" class=\"wp-image-52799\" title=\"| Grupo Torrent Espa\u00f1a\"><\/figure>\n<\/div>\n\n\n<h3 class=\"wp-block-heading\"><br><strong>Distribution en Inde<\/strong><\/h3>\n\n\n\n<p><span style=\"font-weight: 400\">Il y a 3 ans, nous avons mis en marche notre usine de production de bouchons en Inde. Depuis lors, nous avons concentr\u00e9 dans ses installations \u00e0 Jaipur toute la distribution de nos bouchons pour liqueurs. Alisha Torrent Company (ATC) ne distribue pas seulement des solutions de bouchage sur tout le territoire indien, mais aussi vers d\u2019autres pays des alentours.<\/span><\/p>\n\n\n\n<p><span style=\"font-weight: 400\">La base de notre philosophie d\u2019entreprise est d\u2019offrir \u00e0 nos clients un produit comp\u00e9titif, qui r\u00e9ponde \u00e0 leurs besoins et s\u2019adapte aux demandes du march\u00e9. Un produit qui soit novateur et conforme aux crit\u00e8res maximums de qualit\u00e9. Nous atteignons cet objectif gr\u00e2ce \u00e0 un service de distribution souple et agile. Nous mettons aussi \u00e0 la disposition de nos clients un service de conseil pour le choix d\u2019un bouchon adapt\u00e9, son utilisation et son application.<\/span><br><\/p>\n\n\n\n<div class=\"wp-block-columns are-vertically-aligned-center bloquemail is-layout-flex wp-container-core-columns-is-layout-9d6595d7 wp-block-columns-is-layout-flex\">\n<div class=\"wp-block-column is-vertically-aligned-center bloque-mail is-layout-flow wp-block-column-is-layout-flow\">\n<div class=\"wp-block-uagb-info-box uagb-block-4e831cac uagb-infobox__content-wrap  uagb-infobox-icon-above-title uagb-infobox-image-valign-top uagb-infobox__outer-wrap\"><div class=\"uagb-ifb-content\"><div class=\"uagb-ifb-icon-wrap\"><svg xmlns=\"https:\/\/www.w3.org\/2000\/svg\" viewBox=\"0 0 512 512\"><path d=\"M464 64C490.5 64 512 85.49 512 112C512 127.1 504.9 141.3 492.8 150.4L275.2 313.6C263.8 322.1 248.2 322.1 236.8 313.6L19.2 150.4C7.113 141.3 0 127.1 0 112C0 85.49 21.49 64 48 64H464zM217.6 339.2C240.4 356.3 271.6 356.3 294.4 339.2L512 176V384C512 419.3 483.3 448 448 448H64C28.65 448 0 419.3 0 384V176L217.6 339.2z\"><\/path><\/svg><\/div><div class=\"uagb-ifb-title-wrap\"><h3 class=\"uagb-ifb-title\"><strong>Espagne<\/strong><\/h3><\/div><\/div><\/div>\n\n\n\n<p class=\"has-text-align-center has-text-color\" style=\"color:#cd142c\"><a href=\"mailto:comercial@torrentclosures.com\">comercial@torrentclosures.com<\/a><\/p>\n<\/div>\n\n\n\n<div class=\"wp-block-column is-vertically-aligned-center bloque-mail is-layout-flow wp-block-column-is-layout-flow\">\n<div class=\"wp-block-uagb-info-box uagb-block-fd8a4147 uagb-infobox__content-wrap  uagb-infobox-icon-above-title uagb-infobox-image-valign-top uagb-infobox__outer-wrap\"><div class=\"uagb-ifb-content\"><div class=\"uagb-ifb-icon-wrap\"><svg xmlns=\"https:\/\/www.w3.org\/2000\/svg\" viewBox=\"0 0 512 512\"><path d=\"M464 64C490.5 64 512 85.49 512 112C512 127.1 504.9 141.3 492.8 150.4L275.2 313.6C263.8 322.1 248.2 322.1 236.8 313.6L19.2 150.4C7.113 141.3 0 127.1 0 112C0 85.49 21.49 64 48 64H464zM217.6 339.2C240.4 356.3 271.6 356.3 294.4 339.2L512 176V384C512 419.3 483.3 448 448 448H64C28.65 448 0 419.3 0 384V176L217.6 339.2z\"><\/path><\/svg><\/div><div class=\"uagb-ifb-title-wrap\"><h3 class=\"uagb-ifb-title\"><strong><strong><strong><strong><strong>Royaume Uni \/ Irlande<\/strong><\/strong><\/strong><\/strong><\/strong><\/h3><\/div><\/div><\/div>\n\n\n\n<p class=\"has-text-align-center has-text-color\" style=\"color:#cd142c\"><strong><strong><strong><\/strong><\/strong><\/strong><a href=\"mailto:uk@torrentclosures.com\">uk@torrentclosures.com<\/a><\/p>\n<\/div>\n\n\n\n<div class=\"wp-block-column is-vertically-aligned-center bloque-mail is-layout-flow wp-block-column-is-layout-flow\">\n<div class=\"wp-block-uagb-info-box uagb-block-1b2fc69e uagb-infobox__content-wrap  uagb-infobox-icon-above-title uagb-infobox-image-valign-top uagb-infobox__outer-wrap\"><div class=\"uagb-ifb-content\"><div class=\"uagb-ifb-icon-wrap\"><svg xmlns=\"https:\/\/www.w3.org\/2000\/svg\" viewBox=\"0 0 512 512\"><path d=\"M464 64C490.5 64 512 85.49 512 112C512 127.1 504.9 141.3 492.8 150.4L275.2 313.6C263.8 322.1 248.2 322.1 236.8 313.6L19.2 150.4C7.113 141.3 0 127.1 0 112C0 85.49 21.49 64 48 64H464zM217.6 339.2C240.4 356.3 271.6 356.3 294.4 339.2L512 176V384C512 419.3 483.3 448 448 448H64C28.65 448 0 419.3 0 384V176L217.6 339.2z\"><\/path><\/svg><\/div><div class=\"uagb-ifb-title-wrap\"><h3 class=\"uagb-ifb-title\"><strong><strong><strong><strong><strong><strong><strong><strong><strong><strong>USA<\/strong><\/strong><\/strong><\/strong><\/strong><\/strong><\/strong><\/strong><\/strong><\/strong><\/h3><\/div><\/div><\/div>\n\n\n\n<p class=\"has-text-align-center has-text-color\" style=\"color:#cd142c\"><strong><strong><strong><\/strong><\/strong><\/strong><a href=\"mailto:usa@torrentclosures.com\">usa@torrentclosures.com<\/a><\/p>\n<\/div>\n<\/div>\n\n\n\n<div class=\"wp-block-columns bloquemail is-layout-flex wp-container-core-columns-is-layout-9d6595d7 wp-block-columns-is-layout-flex\">\n<div class=\"wp-block-column is-vertically-aligned-center bloque-mail is-layout-flow wp-block-column-is-layout-flow\">\n<div class=\"wp-block-uagb-info-box uagb-block-666a44a6 uagb-infobox__content-wrap  uagb-infobox-icon-above-title uagb-infobox-image-valign-top uagb-infobox__outer-wrap\"><div class=\"uagb-ifb-content\"><div class=\"uagb-ifb-icon-wrap\"><svg xmlns=\"https:\/\/www.w3.org\/2000\/svg\" viewBox=\"0 0 512 512\"><path d=\"M464 64C490.5 64 512 85.49 512 112C512 127.1 504.9 141.3 492.8 150.4L275.2 313.6C263.8 322.1 248.2 322.1 236.8 313.6L19.2 150.4C7.113 141.3 0 127.1 0 112C0 85.49 21.49 64 48 64H464zM217.6 339.2C240.4 356.3 271.6 356.3 294.4 339.2L512 176V384C512 419.3 483.3 448 448 448H64C28.65 448 0 419.3 0 384V176L217.6 339.2z\"><\/path><\/svg><\/div><div class=\"uagb-ifb-title-wrap\"><h3 class=\"uagb-ifb-title\"><strong><strong>Mexique<\/strong><\/strong><\/h3><\/div><\/div><\/div>\n\n\n\n<p class=\"has-text-align-center has-text-color\" style=\"color:#cd142c\"><strong><strong><strong><\/strong><\/strong><\/strong><a href=\"mailto:mexico@torrentclosures.com\">mexico@torrentclosures.com<\/a><\/p>\n<\/div>\n\n\n\n<div class=\"wp-block-column is-vertically-aligned-center bloque-mail is-layout-flow wp-block-column-is-layout-flow\">\n<div class=\"wp-block-uagb-info-box uagb-block-675680d5 uagb-infobox__content-wrap  uagb-infobox-icon-above-title uagb-infobox-image-valign-top uagb-infobox__outer-wrap\"><div class=\"uagb-ifb-content\"><div class=\"uagb-ifb-icon-wrap\"><svg xmlns=\"https:\/\/www.w3.org\/2000\/svg\" viewBox=\"0 0 512 512\"><path d=\"M464 64C490.5 64 512 85.49 512 112C512 127.1 504.9 141.3 492.8 150.4L275.2 313.6C263.8 322.1 248.2 322.1 236.8 313.6L19.2 150.4C7.113 141.3 0 127.1 0 112C0 85.49 21.49 64 48 64H464zM217.6 339.2C240.4 356.3 271.6 356.3 294.4 339.2L512 176V384C512 419.3 483.3 448 448 448H64C28.65 448 0 419.3 0 384V176L217.6 339.2z\"><\/path><\/svg><\/div><div class=\"uagb-ifb-title-wrap\"><h3 class=\"uagb-ifb-title\"><strong><strong>Colombi<\/strong><\/strong>e<\/h3><\/div><\/div><\/div>\n\n\n\n<p class=\"has-text-align-center has-text-color\" style=\"color:#cd142c\"><a href=\"mailto:colombia@torrentclosures.com\">colombia@torrentclosures.com<\/a><\/p>\n<\/div>\n\n\n\n<div class=\"wp-block-column is-vertically-aligned-center bloque-mail is-layout-flow wp-block-column-is-layout-flow\">\n<div class=\"wp-block-uagb-info-box uagb-block-5f8055f9 uagb-infobox__content-wrap  uagb-infobox-icon-above-title uagb-infobox-image-valign-top uagb-infobox__outer-wrap\"><div class=\"uagb-ifb-content\"><div class=\"uagb-ifb-icon-wrap\"><svg xmlns=\"https:\/\/www.w3.org\/2000\/svg\" viewBox=\"0 0 512 512\"><path d=\"M464 64C490.5 64 512 85.49 512 112C512 127.1 504.9 141.3 492.8 150.4L275.2 313.6C263.8 322.1 248.2 322.1 236.8 313.6L19.2 150.4C7.113 141.3 0 127.1 0 112C0 85.49 21.49 64 48 64H464zM217.6 339.2C240.4 356.3 271.6 356.3 294.4 339.2L512 176V384C512 419.3 483.3 448 448 448H64C28.65 448 0 419.3 0 384V176L217.6 339.2z\"><\/path><\/svg><\/div><div class=\"uagb-ifb-title-wrap\"><h3 class=\"uagb-ifb-title\"><strong>Ind<\/strong>e<\/h3><\/div><\/div><\/div>\n\n\n\n<p class=\"has-text-align-center has-text-color\" style=\"color:#cd142c\"><a href=\"mailto:sales@alishatorrent.com\">sales@alishatorrent.com<\/a><\/p>\n<\/div>\n<\/div>\n\n\n\n<div class=\"wp-block-columns bloquemail is-layout-flex wp-container-core-columns-is-layout-9d6595d7 wp-block-columns-is-layout-flex\">\n<div class=\"wp-block-column is-vertically-aligned-center bloque-mail is-layout-flow wp-block-column-is-layout-flow\">\n<div class=\"wp-block-uagb-info-box uagb-block-b9dc0916 uagb-infobox__content-wrap  uagb-infobox-icon-above-title uagb-infobox-image-valign-top uagb-infobox__outer-wrap\"><div class=\"uagb-ifb-content\"><div class=\"uagb-ifb-icon-wrap\"><svg xmlns=\"https:\/\/www.w3.org\/2000\/svg\" viewBox=\"0 0 512 512\"><path d=\"M464 64C490.5 64 512 85.49 512 112C512 127.1 504.9 141.3 492.8 150.4L275.2 313.6C263.8 322.1 248.2 322.1 236.8 313.6L19.2 150.4C7.113 141.3 0 127.1 0 112C0 85.49 21.49 64 48 64H464zM217.6 339.2C240.4 356.3 271.6 356.3 294.4 339.2L512 176V384C512 419.3 483.3 448 448 448H64C28.65 448 0 419.3 0 384V176L217.6 339.2z\"><\/path><\/svg><\/div><div class=\"uagb-ifb-title-wrap\"><h3 class=\"uagb-ifb-title\"><strong><strong><strong>Kenya<\/strong><\/strong><\/strong><\/h3><\/div><\/div><\/div>\n\n\n\n<p class=\"has-text-align-center has-text-color\" style=\"color:#cd142c\"><a href=\"mailto:info_ke@torrentclosures.com\">info_ke@torrentclosures.com<\/a><\/p>\n<\/div>\n\n\n\n<div class=\"wp-block-column is-vertically-aligned-center bloque-mail is-layout-flow wp-block-column-is-layout-flow\">\n<div class=\"wp-block-uagb-info-box uagb-block-748c1577 uagb-infobox__content-wrap  uagb-infobox-icon-above-title uagb-infobox-image-valign-top uagb-infobox__outer-wrap\"><div class=\"uagb-ifb-content\"><div class=\"uagb-ifb-icon-wrap\"><svg xmlns=\"https:\/\/www.w3.org\/2000\/svg\" viewBox=\"0 0 512 512\"><path d=\"M464 64C490.5 64 512 85.49 512 112C512 127.1 504.9 141.3 492.8 150.4L275.2 313.6C263.8 322.1 248.2 322.1 236.8 313.6L19.2 150.4C7.113 141.3 0 127.1 0 112C0 85.49 21.49 64 48 64H464zM217.6 339.2C240.4 356.3 271.6 356.3 294.4 339.2L512 176V384C512 419.3 483.3 448 448 448H64C28.65 448 0 419.3 0 384V176L217.6 339.2z\"><\/path><\/svg><\/div><div class=\"uagb-ifb-title-wrap\"><h3 class=\"uagb-ifb-title\"><strong><strong><strong><strong><strong>Portugal<\/strong><\/strong><\/strong><\/strong><\/strong><\/h3><\/div><\/div><\/div>\n\n\n\n<p class=\"has-text-align-center has-text-color\" style=\"color:#cd142c\"><a href=\"mailto:canada@torrentdevsite.azurewebsites.net\"><\/a><a href=\"mailto:portugal@torrentclosures.com\">portugal@torrentclosures.com<\/a><\/p>\n<\/div>\n\n\n\n<div class=\"wp-block-column is-vertically-aligned-center bloque-mail is-layout-flow wp-block-column-is-layout-flow\">\n<div class=\"wp-block-uagb-info-box uagb-block-353eef6a uagb-infobox__content-wrap  uagb-infobox-icon-above-title uagb-infobox-image-valign-top uagb-infobox__outer-wrap\"><div class=\"uagb-ifb-content\"><div class=\"uagb-ifb-icon-wrap\"><svg xmlns=\"https:\/\/www.w3.org\/2000\/svg\" viewBox=\"0 0 512 512\"><path d=\"M464 64C490.5 64 512 85.49 512 112C512 127.1 504.9 141.3 492.8 150.4L275.2 313.6C263.8 322.1 248.2 322.1 236.8 313.6L19.2 150.4C7.113 141.3 0 127.1 0 112C0 85.49 21.49 64 48 64H464zM217.6 339.2C240.4 356.3 271.6 356.3 294.4 339.2L512 176V384C512 419.3 483.3 448 448 448H64C28.65 448 0 419.3 0 384V176L217.6 339.2z\"><\/path><\/svg><\/div><div class=\"uagb-ifb-title-wrap\"><h3 class=\"uagb-ifb-title\"><strong><strong><strong>P<\/strong><\/strong><\/strong>\u00e9rou<\/h3><\/div><\/div><\/div>\n\n\n\n<p class=\"has-text-align-center has-text-color\" style=\"color:#cd142c\"><strong><strong><\/strong><\/strong><a href=\"mailto:peru@torrentclosures.com\">peru@torrentclosures.com<\/a><\/p>\n<\/div>\n<\/div>\n\n\n\n<div class=\"wp-block-columns bloquemail is-layout-flex wp-container-core-columns-is-layout-9d6595d7 wp-block-columns-is-layout-flex\">\n<div class=\"wp-block-column is-vertically-aligned-center bloque-mail is-layout-flow wp-block-column-is-layout-flow\">\n<div class=\"wp-block-uagb-info-box uagb-block-6a0089f4 uagb-infobox__content-wrap  uagb-infobox-icon-above-title uagb-infobox-image-valign-top uagb-infobox__outer-wrap\"><div class=\"uagb-ifb-content\"><div class=\"uagb-ifb-icon-wrap\"><svg xmlns=\"https:\/\/www.w3.org\/2000\/svg\" viewBox=\"0 0 512 512\"><path d=\"M464 64C490.5 64 512 85.49 512 112C512 127.1 504.9 141.3 492.8 150.4L275.2 313.6C263.8 322.1 248.2 322.1 236.8 313.6L19.2 150.4C7.113 141.3 0 127.1 0 112C0 85.49 21.49 64 48 64H464zM217.6 339.2C240.4 356.3 271.6 356.3 294.4 339.2L512 176V384C512 419.3 483.3 448 448 448H64C28.65 448 0 419.3 0 384V176L217.6 339.2z\"><\/path><\/svg><\/div><div class=\"uagb-ifb-title-wrap\"><h3 class=\"uagb-ifb-title\"><strong><strong><strong>Afrique Du Sud<\/strong><\/strong><\/strong><\/h3><\/div><\/div><\/div>\n\n\n\n<p class=\"has-text-align-center has-text-color\" style=\"color:#cd142c\"><strong><strong><strong><strong><\/strong><\/strong><\/strong><\/strong><a href=\"mailto:southafrica@torrentclosures.com\">southafrica@torrentclosures.com<\/a><\/p>\n<\/div>\n\n\n\n<div class=\"wp-block-column is-vertically-aligned-center bloque-mail is-layout-flow wp-block-column-is-layout-flow\">\n<div class=\"wp-block-uagb-info-box uagb-block-18e640c5 uagb-infobox__content-wrap  uagb-infobox-icon-above-title uagb-infobox-image-valign-top uagb-infobox__outer-wrap\"><div class=\"uagb-ifb-content\"><div class=\"uagb-ifb-icon-wrap\"><svg xmlns=\"https:\/\/www.w3.org\/2000\/svg\" viewBox=\"0 0 512 512\"><path d=\"M464 64C490.5 64 512 85.49 512 112C512 127.1 504.9 141.3 492.8 150.4L275.2 313.6C263.8 322.1 248.2 322.1 236.8 313.6L19.2 150.4C7.113 141.3 0 127.1 0 112C0 85.49 21.49 64 48 64H464zM217.6 339.2C240.4 356.3 271.6 356.3 294.4 339.2L512 176V384C512 419.3 483.3 448 448 448H64C28.65 448 0 419.3 0 384V176L217.6 339.2z\"><\/path><\/svg><\/div><div class=\"uagb-ifb-title-wrap\"><h3 class=\"uagb-ifb-title\"><strong><strong>Argentin<\/strong><\/strong>e<\/h3><\/div><\/div><\/div>\n\n\n\n<p class=\"has-text-align-center has-text-color\" style=\"color:#cd142c\"><strong><\/strong><a href=\"mailto:argentina@torrentclosures.com\">argentina@torrentclosures.com<\/a><\/p>\n<\/div>\n\n\n\n<div class=\"wp-block-column is-vertically-aligned-center is-layout-flow wp-block-column-is-layout-flow\"><\/div>\n<\/div>\n","protected":false},"excerpt":{"rendered":"<p>Distribution du Groupe Torrent Chez Groupe Torrent, nous disposons d\u2019un vaste r\u00e9seau de distribution et d\u2019agents commerciaux \u00e0 l\u2019\u00e9chelle mondiale. Nous avons favoris\u00e9 la cr\u00e9ation de nouveaux bureaux de distribution dans des endroits strat\u00e9giques pour l\u2019expansion de notre entreprise. Ainsi, nous disposons d\u2019usines de distribution en Inde, dans l\u2019usine de production de&nbsp;Alisha Torrent Closures&nbsp;(ATC) ; &hellip;<\/p>\n","protected":false},"author":10,"featured_media":1838,"parent":0,"menu_order":0,"comment_status":"closed","ping_status":"closed","template":"","meta":{"inline_featured_image":false,"_uag_custom_page_level_css":"","footnotes":""},"class_list":["post-52758","page","type-page","status-publish","has-post-thumbnail","hentry"],"uagb_featured_image_src":{"full":["https:\/\/torrentclosures.com\/wp-content\/uploads\/2018\/12\/MapaTorrent5.png",1710,918,false],"thumbnail":["https:\/\/torrentclosures.com\/wp-content\/uploads\/2018\/12\/MapaTorrent5-150x150.png",150,150,true],"medium":["https:\/\/torrentclosures.com\/wp-content\/uploads\/2018\/12\/MapaTorrent5-300x300.png",300,300,true],"medium_large":["https:\/\/torrentclosures.com\/wp-content\/uploads\/2018\/12\/MapaTorrent5-768x412.png",768,412,true],"large":["https:\/\/torrentclosures.com\/wp-content\/uploads\/2018\/12\/MapaTorrent5-1024x550.png",1024,550,true],"1536x1536":["https:\/\/torrentclosures.com\/wp-content\/uploads\/2018\/12\/MapaTorrent5.png",1536,825,false],"2048x2048":["https:\/\/torrentclosures.com\/wp-content\/uploads\/2018\/12\/MapaTorrent5.png",1710,918,false],"gform-image-choice-sm":["https:\/\/torrentclosures.com\/wp-content\/uploads\/2018\/12\/MapaTorrent5.png",300,161,false],"gform-image-choice-md":["https:\/\/torrentclosures.com\/wp-content\/uploads\/2018\/12\/MapaTorrent5.png",400,215,false],"gform-image-choice-lg":["https:\/\/torrentclosures.com\/wp-content\/uploads\/2018\/12\/MapaTorrent5.png",600,322,false]},"uagb_author_info":{"display_name":"produccion","author_link":"https:\/\/torrentclosures.com\/fr"},"uagb_comment_info":0,"uagb_excerpt":"Distribution du Groupe Torrent Chez Groupe Torrent, nous disposons d\u2019un vaste r\u00e9seau de distribution et d\u2019agents commerciaux \u00e0 l\u2019\u00e9chelle mondiale. Nous avons favoris\u00e9 la cr\u00e9ation de nouveaux bureaux de distribution dans des endroits strat\u00e9giques pour l\u2019expansion de notre entreprise. Ainsi, nous disposons d\u2019usines de distribution en Inde, dans l\u2019usine de production de&nbsp;Alisha Torrent Closures&nbsp;(ATC) ;\u2026","_links":{"self":[{"href":"https:\/\/torrentclosures.com\/fr\/wp-json\/wp\/v2\/pages\/52758","targetHints":{"allow":["GET"]}}],"collection":[{"href":"https:\/\/torrentclosures.com\/fr\/wp-json\/wp\/v2\/pages"}],"about":[{"href":"https:\/\/torrentclosures.com\/fr\/wp-json\/wp\/v2\/types\/page"}],"author":[{"embeddable":true,"href":"https:\/\/torrentclosures.com\/fr\/wp-json\/wp\/v2\/users\/10"}],"replies":[{"embeddable":true,"href":"https:\/\/torrentclosures.com\/fr\/wp-json\/wp\/v2\/comments?post=52758"}],"version-history":[{"count":4,"href":"https:\/\/torrentclosures.com\/fr\/wp-json\/wp\/v2\/pages\/52758\/revisions"}],"predecessor-version":[{"id":55423,"href":"https:\/\/torrentclosures.com\/fr\/wp-json\/wp\/v2\/pages\/52758\/revisions\/55423"}],"wp:featuredmedia":[{"embeddable":true,"href":"https:\/\/torrentclosures.com\/fr\/wp-json\/wp\/v2\/media\/1838"}],"wp:attachment":[{"href":"https:\/\/torrentclosures.com\/fr\/wp-json\/wp\/v2\/media?parent=52758"}],"curies":[{"name":"wp","href":"https:\/\/api.w.org\/{rel}","templated":true}]}}