{"id":52755,"date":"2020-04-15T14:04:02","date_gmt":"2020-04-15T14:04:02","guid":{"rendered":"https:\/\/new.torrentclosures.com\/?page_id=10403"},"modified":"2025-03-21T08:53:03","modified_gmt":"2025-03-21T07:53:03","slug":"cicytex","status":"publish","type":"page","link":"https:\/\/torrentclosures.com\/fr\/cicytex\/","title":{"rendered":"Cicytex"},"content":{"rendered":"\n<p><\/p>\n\n\n\n<h1 class=\"wp-block-heading page-title\">Cicytex&nbsp;: Centre de recherches scientifiques et technologique d\u2019Estr\u00e9madure<\/h1>\n\n\n<div class=\"wp-block-image\">\n<figure class=\"aligncenter size-large is-resized\"><img decoding=\"async\" src=\"https:\/\/torrentclosures.com\/wp-content\/uploads\/2020\/07\/cicytex.png\" alt=\"Cicytex | Grupo Torrent\" style=\"width:200px;height:200px\" title=\"| Grupo Torrent Espa\u00f1a\"><\/figure>\n<\/div>\n\n\n<p>Le&nbsp;<strong>Cicytex<\/strong>, <a href=\"http:\/\/cicytex.juntaex.es\/es\/\" target=\"_blank\" rel=\"noreferrer noopener\">Centre de recherches scientifiques<\/a> et technologiques d\u2019Estr\u00e9madure, dont l\u2019ant\u00e9cesseur est le Centre r\u00e9gional de recherche et de d\u00e9veloppement agraire de la division 8 (CRIDA 08) a \u00e9t\u00e9 cr\u00e9\u00e9 en 1972. En 1984, il passe sous le contr\u00f4le de l\u2019administration r\u00e9gionale, qui d\u00e9pend du Conseil pour l\u2019emploi, l\u2019entreprise et l\u2019innovation et qui regroupe aussi l\u2019Institut technologique agroalimentaire (INTAEX) et l\u2019Institut du li\u00e8ge, du bois et du charbon v\u00e9g\u00e9tal (Iprocor).<\/p>\n\n\n\n<p>Le centre d\u00e9veloppe actuellement plus de 100 projets de recherche. Chaque projet travaille sur des lignes de recherche visant \u00e0 r\u00e9soudre les probl\u00e8mes du champ d\u2019Estr\u00e9madure, tout cela, avec une technologie et une infrastructure de pointe, mises \u00e0 disposition du secteur agricole et d\u2019\u00e9levage.<\/p>\n\n\n\n<p>L\u2019Institut a une vocation \u00e9vidente de service aux agriculteurs, aux \u00e9leveurs et aux entreprises de la r\u00e9gion, qui peuvent diriger leurs recherches pour que ces derniers r\u00e9pondent \u00e0 leurs demandes dans le domaine de la <a href=\"https:\/\/torrentclosures.com\/fr\/torrent-innova\/\">recherche et du d\u00e9veloppement<\/a>.<br><\/p>\n\n\n\n<h2 class=\"wp-block-heading\"><strong><strong>Services de Cicytex<\/strong><\/strong><\/h2>\n\n\n\n<p>Depuis sa cr\u00e9ation, l\u2019Institut a assum\u00e9 un certain nombre de fonctions qui peuvent se r\u00e9sumer ainsi:<\/p>\n\n\n\n<ul style=\"color:#818181\" class=\"wp-block-list listas has-text-color\">\n<li>R\u00e9aliser des recherches scientifiques et technologiques et les encourager.<\/li>\n\n\n\n<li>Transmettre les r\u00e9sultats de la recherche scientifique et technologique aux institutions publiques et priv\u00e9es.<\/li>\n\n\n\n<li>Fournir des services scientifico-techniques au Conseil R\u00e9gional d\u2019Estr\u00e9madure ainsi qu\u2019\u00e0 d\u2019autres administrations et institutions publiques et priv\u00e9es.<\/li>\n\n\n\n<li>Favoriser la cr\u00e9ation d\u2019organismes et d\u2019entreprises ayant une base technologique.<\/li>\n\n\n\n<li>Informer, assister et conseiller en mati\u00e8re de recherche scientifique et technique, de d\u00e9veloppement technologique et d\u2019innovation \u00e0 des organismes publics et priv\u00e9s.<\/li>\n\n\n\n<li>Former des chercheurs.<\/li>\n\n\n\n<li>Encourager la culture scientifique au sein de la soci\u00e9t\u00e9.<\/li>\n\n\n\n<li>Collaborer avec l\u2019Universit\u00e9 d\u2019Estr\u00e9madure, ainsi qu\u2019avec d\u2019autres universit\u00e9s, dans les activit\u00e9s de recherche scientifique et technique et de d\u00e9veloppement technologique et dans l\u2019enseignement sup\u00e9rieur.<\/li>\n\n\n\n<li>Collaborer avec d\u2019autres organismes publics et priv\u00e9s dans le d\u00e9veloppement d\u2019activit\u00e9s de recherche scientifique et technique et d\u00e9veloppement technologique.<\/li>\n<\/ul>\n\n\n\n<p>D\u2019autre part, le CICYTEX est divis\u00e9 en cinq d\u00e9partements, qui travaillent sur les questions qui ont un int\u00e9r\u00eat majeur pour l\u2019agriculture et l\u2019\u00e9levage d\u2019Estr\u00e9madure, \u00e0 savoir:<\/p>\n\n\n\n<ul style=\"color:#818181\" class=\"wp-block-list listas has-text-color\">\n<li>Les cultures \u00e9tendues<\/li>\n\n\n\n<li>La culture mara\u00eech\u00e8re et fruiti\u00e8re<\/li>\n\n\n\n<li>La phytopathologie<\/li>\n\n\n\n<li>La production foresti\u00e8re et des p\u00e2turages<\/li>\n\n\n\n<li>La production animale<br><\/li>\n<\/ul>\n","protected":false},"excerpt":{"rendered":"<p>Cicytex&nbsp;: Centre de recherches scientifiques et technologique d\u2019Estr\u00e9madure Le&nbsp;Cicytex, Centre de recherches scientifiques et technologiques d\u2019Estr\u00e9madure, dont l\u2019ant\u00e9cesseur est le Centre r\u00e9gional de recherche et de d\u00e9veloppement agraire de la division 8 (CRIDA 08) a \u00e9t\u00e9 cr\u00e9\u00e9 en 1972. En 1984, il passe sous le contr\u00f4le de l\u2019administration r\u00e9gionale, qui d\u00e9pend du Conseil pour l\u2019emploi, &hellip;<\/p>\n","protected":false},"author":3,"featured_media":10703,"parent":0,"menu_order":0,"comment_status":"closed","ping_status":"closed","template":"","meta":{"inline_featured_image":false,"_uag_custom_page_level_css":"","footnotes":""},"class_list":["post-52755","page","type-page","status-publish","has-post-thumbnail","hentry"],"uagb_featured_image_src":{"full":["https:\/\/torrentclosures.com\/wp-content\/uploads\/2020\/07\/cicytex.png",800,800,false],"thumbnail":["https:\/\/torrentclosures.com\/wp-content\/uploads\/2020\/07\/cicytex-150x150.png",150,150,true],"medium":["https:\/\/torrentclosures.com\/wp-content\/uploads\/2020\/07\/cicytex-300x300.png",300,300,true],"medium_large":["https:\/\/torrentclosures.com\/wp-content\/uploads\/2020\/07\/cicytex-768x768.png",768,768,true],"large":["https:\/\/torrentclosures.com\/wp-content\/uploads\/2020\/07\/cicytex.png",800,800,false],"1536x1536":["https:\/\/torrentclosures.com\/wp-content\/uploads\/2020\/07\/cicytex.png",800,800,false],"2048x2048":["https:\/\/torrentclosures.com\/wp-content\/uploads\/2020\/07\/cicytex.png",800,800,false],"gform-image-choice-sm":["https:\/\/torrentclosures.com\/wp-content\/uploads\/2020\/07\/cicytex.png",300,300,false],"gform-image-choice-md":["https:\/\/torrentclosures.com\/wp-content\/uploads\/2020\/07\/cicytex.png",400,400,false],"gform-image-choice-lg":["https:\/\/torrentclosures.com\/wp-content\/uploads\/2020\/07\/cicytex.png",600,600,false]},"uagb_author_info":{"display_name":"Pablo","author_link":"https:\/\/torrentclosures.com\/fr"},"uagb_comment_info":0,"uagb_excerpt":"Cicytex&nbsp;: Centre de recherches scientifiques et technologique d\u2019Estr\u00e9madure Le&nbsp;Cicytex, Centre de recherches scientifiques et technologiques d\u2019Estr\u00e9madure, dont l\u2019ant\u00e9cesseur est le Centre r\u00e9gional de recherche et de d\u00e9veloppement agraire de la division 8 (CRIDA 08) a \u00e9t\u00e9 cr\u00e9\u00e9 en 1972. En 1984, il passe sous le contr\u00f4le de l\u2019administration r\u00e9gionale, qui d\u00e9pend du Conseil pour l\u2019emploi,\u2026","_links":{"self":[{"href":"https:\/\/torrentclosures.com\/fr\/wp-json\/wp\/v2\/pages\/52755","targetHints":{"allow":["GET"]}}],"collection":[{"href":"https:\/\/torrentclosures.com\/fr\/wp-json\/wp\/v2\/pages"}],"about":[{"href":"https:\/\/torrentclosures.com\/fr\/wp-json\/wp\/v2\/types\/page"}],"author":[{"embeddable":true,"href":"https:\/\/torrentclosures.com\/fr\/wp-json\/wp\/v2\/users\/3"}],"replies":[{"embeddable":true,"href":"https:\/\/torrentclosures.com\/fr\/wp-json\/wp\/v2\/comments?post=52755"}],"version-history":[{"count":3,"href":"https:\/\/torrentclosures.com\/fr\/wp-json\/wp\/v2\/pages\/52755\/revisions"}],"predecessor-version":[{"id":54064,"href":"https:\/\/torrentclosures.com\/fr\/wp-json\/wp\/v2\/pages\/52755\/revisions\/54064"}],"wp:featuredmedia":[{"embeddable":true,"href":"https:\/\/torrentclosures.com\/fr\/wp-json\/wp\/v2\/media\/10703"}],"wp:attachment":[{"href":"https:\/\/torrentclosures.com\/fr\/wp-json\/wp\/v2\/media?parent=52755"}],"curies":[{"name":"wp","href":"https:\/\/api.w.org\/{rel}","templated":true}]}}