{"id":52754,"date":"2020-04-15T12:21:41","date_gmt":"2020-04-15T12:21:41","guid":{"rendered":"https:\/\/new.torrentclosures.com\/?page_id=10393"},"modified":"2025-03-21T08:50:10","modified_gmt":"2025-03-21T07:50:10","slug":"cep-plasticos","status":"publish","type":"page","link":"https:\/\/torrentclosures.com\/fr\/cep-plasticos\/","title":{"rendered":"CEP Pl\u00e1sticos"},"content":{"rendered":"\n<h1 class=\"wp-block-heading page-title\">CEP Pl\u00e1sticos&nbsp;: Cluster espagnol du secteur du plastique<\/h1>\n\n\n<div class=\"wp-block-image is-resized\">\n<figure class=\"aligncenter size-full\"><img loading=\"lazy\" decoding=\"async\" width=\"800\" height=\"800\" src=\"https:\/\/torrentclosures.com\/wp-content\/uploads\/2020\/07\/Cep.png\" alt=\"CEP Pl\u00e1sticos | Grupo Torrent\" class=\"wp-image-10693\" style=\"object-fit:cover;width:200px;height:200px\" title=\"| Grupo Torrent Espa\u00f1a\" srcset=\"https:\/\/torrentclosures.com\/wp-content\/uploads\/2020\/07\/Cep.png 800w, https:\/\/torrentclosures.com\/wp-content\/uploads\/2020\/07\/Cep-300x300.png 300w, https:\/\/torrentclosures.com\/wp-content\/uploads\/2020\/07\/Cep-150x150.png 150w, https:\/\/torrentclosures.com\/wp-content\/uploads\/2020\/07\/Cep-768x768.png 768w, https:\/\/torrentclosures.com\/wp-content\/uploads\/2020\/07\/Cep-570x570.png 570w, https:\/\/torrentclosures.com\/wp-content\/uploads\/2020\/07\/Cep-500x500.png 500w, https:\/\/torrentclosures.com\/wp-content\/uploads\/2020\/07\/Cep-700x700.png 700w\" sizes=\"auto, (max-width: 800px) 100vw, 800px\" \/><\/figure>\n<\/div>\n\n\n<p><strong>CEP Pl\u00e1sticos&nbsp;<\/strong>est le <a href=\"https:\/\/www.cep-plasticos.com\/\" target=\"_blank\" rel=\"noreferrer noopener\">premier regroupement espagnol<\/a> de l\u2019industrie du plastique et du composite, fond\u00e9 en 1953.<\/p>\n\n\n\n<p>Depuis ses d\u00e9buts, les missions principales de&nbsp;<strong>CEP Pl\u00e1sticos<\/strong>&nbsp;visent \u00e0 contribuer \u00e0 la mise en place d\u2019une <a href=\"https:\/\/torrentclosures.fr\/eco-responsabilite\/\" data-type=\"link\" data-id=\"https:\/\/torrentclosures.fr\/eco-responsabilite\/\" target=\"_blank\" rel=\"noopener\">culture responsable<\/a> en mati\u00e8re d\u2019utilisation de mat\u00e9riaux plastiques. C\u2019est pourquoi son objectif est d\u2019apporter un soutien technique et professionnel aux entreprises et aux secteurs associ\u00e9s.<\/p>\n\n\n\n<ul style=\"color:#818181\" class=\"wp-block-list listas has-text-color\">\n<li>D\u00e9fense des mati\u00e8res plastiques.<\/li>\n\n\n\n<li>Promotion active du networking.<\/li>\n\n\n\n<li>R\u00e9alisation d\u2019\u00e9tudes techniques.<\/li>\n\n\n\n<li>Publications p\u00e9riodiques des nouveaut\u00e9s du secteur.<\/li>\n\n\n\n<li>Formation technique sp\u00e9cialis\u00e9e dans le plastique.<\/li>\n\n\n\n<li>Conseil technique aux entreprises.<\/li>\n\n\n\n<li>Communication d\u2019informations ayant un int\u00e9r\u00eat pour les adh\u00e9rents.<\/li>\n\n\n\n<li>Diffusion des derniers d\u00e9veloppements techniques.<\/li>\n\n\n\n<li>R\u00e9alisation de missions commerciales internationales.<br><br><\/li>\n<\/ul>\n\n\n\n<h2 class=\"wp-block-heading\"><strong>Cours de formation en continu de CEP Pl\u00e1sticos<\/strong><\/h2>\n\n\n\n<p>CEP propose une formation continue compos\u00e9e de cours sp\u00e9cialis\u00e9s dans les diff\u00e9rents champs d\u2019application des mat\u00e9riaux et processus du plastique. Cette formation a souvent un lien avec la chimie et la qualit\u00e9 entre autres domaines.<\/p>\n\n\n\n<p>Ces cours sont dispens\u00e9s sous plusieurs formats (en personne, par visioconf\u00e9rence ou par webinaire). Pour ce qui est du conseil technique, il est principalement concentr\u00e9 sur l\u2019information au sujet des mat\u00e9riaux, de leurs processus et de l\u2019environnement.<\/p>\n\n\n\n<p>Le CEP favorise la recherche des connaissances sur les derni\u00e8res avanc\u00e9es technologiques du plastique. Pour ce faire, il organise des journ\u00e9es techniques internationales associ\u00e9es \u00e0 l\u2019activit\u00e9 de networking.<\/p>\n\n\n\n<p>En 2015, le CEP est devenu un Regroupement d\u2019entreprises innovantes, et en 2018 il a renouvel\u00e9 sa certification Bronze Label en tant que Premier regroupement espagnol du plastique et composite.<\/p>\n\n\n\n<p>Les partenaires du CEP se trouvent dans les secteurs suivants de l\u2019industrie:<\/p>\n\n\n\n<ul style=\"color:#818181\" class=\"wp-block-list listas has-text-color\">\n<li>51 % Transformateurs de mat\u00e9riaux plastiques et composites<\/li>\n\n\n\n<li>18 % Fabricants et distributeurs de mati\u00e8res premi\u00e8res<\/li>\n\n\n\n<li>6 % Fabricants et distributeurs de machines et \u00e9quipements p\u00e9riph\u00e9riques<\/li>\n\n\n\n<li>4 % Centres technologiques<\/li>\n\n\n\n<li>8 % Ing\u00e9nieries et distributeurs de logiciels<\/li>\n\n\n\n<li>3 % Autres secteurs en rapport avec l\u2019industrie du plastique<br><br><\/li>\n<\/ul>\n","protected":false},"excerpt":{"rendered":"<p>CEP Pl\u00e1sticos&nbsp;: Cluster espagnol du secteur du plastique CEP Pl\u00e1sticos&nbsp;est le premier regroupement espagnol de l\u2019industrie du plastique et du composite, fond\u00e9 en 1953. Depuis ses d\u00e9buts, les missions principales de&nbsp;CEP Pl\u00e1sticos&nbsp;visent \u00e0 contribuer \u00e0 la mise en place d\u2019une culture responsable en mati\u00e8re d\u2019utilisation de mat\u00e9riaux plastiques. C\u2019est pourquoi son objectif est d\u2019apporter un &hellip;<\/p>\n","protected":false},"author":3,"featured_media":10691,"parent":0,"menu_order":0,"comment_status":"closed","ping_status":"closed","template":"","meta":{"inline_featured_image":false,"_uag_custom_page_level_css":"","footnotes":""},"class_list":["post-52754","page","type-page","status-publish","has-post-thumbnail","hentry"],"uagb_featured_image_src":{"full":["https:\/\/torrentclosures.com\/wp-content\/uploads\/2020\/07\/Cep.png",800,800,false],"thumbnail":["https:\/\/torrentclosures.com\/wp-content\/uploads\/2020\/07\/Cep-150x150.png",150,150,true],"medium":["https:\/\/torrentclosures.com\/wp-content\/uploads\/2020\/07\/Cep-300x300.png",300,300,true],"medium_large":["https:\/\/torrentclosures.com\/wp-content\/uploads\/2020\/07\/Cep-768x768.png",768,768,true],"large":["https:\/\/torrentclosures.com\/wp-content\/uploads\/2020\/07\/Cep.png",800,800,false],"1536x1536":["https:\/\/torrentclosures.com\/wp-content\/uploads\/2020\/07\/Cep.png",800,800,false],"2048x2048":["https:\/\/torrentclosures.com\/wp-content\/uploads\/2020\/07\/Cep.png",800,800,false],"gform-image-choice-sm":["https:\/\/torrentclosures.com\/wp-content\/uploads\/2020\/07\/Cep.png",300,300,false],"gform-image-choice-md":["https:\/\/torrentclosures.com\/wp-content\/uploads\/2020\/07\/Cep.png",400,400,false],"gform-image-choice-lg":["https:\/\/torrentclosures.com\/wp-content\/uploads\/2020\/07\/Cep.png",600,600,false]},"uagb_author_info":{"display_name":"Pablo","author_link":"https:\/\/torrentclosures.com\/fr"},"uagb_comment_info":0,"uagb_excerpt":"CEP Pl\u00e1sticos&nbsp;: Cluster espagnol du secteur du plastique CEP Pl\u00e1sticos&nbsp;est le premier regroupement espagnol de l\u2019industrie du plastique et du composite, fond\u00e9 en 1953. Depuis ses d\u00e9buts, les missions principales de&nbsp;CEP Pl\u00e1sticos&nbsp;visent \u00e0 contribuer \u00e0 la mise en place d\u2019une culture responsable en mati\u00e8re d\u2019utilisation de mat\u00e9riaux plastiques. C\u2019est pourquoi son objectif est d\u2019apporter un\u2026","_links":{"self":[{"href":"https:\/\/torrentclosures.com\/fr\/wp-json\/wp\/v2\/pages\/52754","targetHints":{"allow":["GET"]}}],"collection":[{"href":"https:\/\/torrentclosures.com\/fr\/wp-json\/wp\/v2\/pages"}],"about":[{"href":"https:\/\/torrentclosures.com\/fr\/wp-json\/wp\/v2\/types\/page"}],"author":[{"embeddable":true,"href":"https:\/\/torrentclosures.com\/fr\/wp-json\/wp\/v2\/users\/3"}],"replies":[{"embeddable":true,"href":"https:\/\/torrentclosures.com\/fr\/wp-json\/wp\/v2\/comments?post=52754"}],"version-history":[{"count":3,"href":"https:\/\/torrentclosures.com\/fr\/wp-json\/wp\/v2\/pages\/52754\/revisions"}],"predecessor-version":[{"id":54060,"href":"https:\/\/torrentclosures.com\/fr\/wp-json\/wp\/v2\/pages\/52754\/revisions\/54060"}],"wp:featuredmedia":[{"embeddable":true,"href":"https:\/\/torrentclosures.com\/fr\/wp-json\/wp\/v2\/media\/10691"}],"wp:attachment":[{"href":"https:\/\/torrentclosures.com\/fr\/wp-json\/wp\/v2\/media?parent=52754"}],"curies":[{"name":"wp","href":"https:\/\/api.w.org\/{rel}","templated":true}]}}