{"id":52753,"date":"2020-04-15T12:09:38","date_gmt":"2020-04-15T12:09:38","guid":{"rendered":"https:\/\/new.torrentclosures.com\/?page_id=10381"},"modified":"2025-03-21T08:52:35","modified_gmt":"2025-03-21T07:52:35","slug":"cetie","status":"publish","type":"page","link":"https:\/\/torrentclosures.com\/fr\/cetie\/","title":{"rendered":"CETIE"},"content":{"rendered":"\n<h1 class=\"wp-block-heading page-title\">CETIE&nbsp;: Association d\u2019entreprises du secteur de la mise en bouteille<\/h1>\n\n\n<div class=\"wp-block-image\">\n<figure class=\"aligncenter size-large is-resized\"><img decoding=\"async\" src=\"https:\/\/torrentclosures.com\/wp-content\/uploads\/2020\/07\/Cetie.png\" alt=\"CETIE | Grupo Torrent\" style=\"width:200px;height:200px\" title=\"| Grupo Torrent Espa\u00f1a\"><\/figure>\n<\/div>\n\n\n<p><strong>Cetie<\/strong> (<a href=\"https:\/\/www.cetie.org\/en\/\" target=\"_blank\" rel=\"noreferrer noopener\">International Technical Center For Bottling<\/a>) est une association loi 1901 fran\u00e7aise \u00e0 but non lucratif. Elle a \u00e9t\u00e9 cr\u00e9\u00e9 le 3 juin 1960. Elle est enti\u00e8rement financ\u00e9e par les adh\u00e9sions de ses membres. Cetie ne re\u00e7oit aucune autre subvention.<br><br><\/p>\n\n\n\n<h2 class=\"wp-block-heading\"><strong>Cetie est une association d\u2019entreprises de l\u2019industrie de la mise en bouteille<\/strong><\/h2>\n\n\n\n<p><strong>Cetie<\/strong> est une organisation d\u2019entreprises mondialement reconnue, bas\u00e9e principalement sur le partenariat de sp\u00e9cialistes industriels (utilisateurs et producteurs) qui ont pour but de produire des documents de r\u00e9f\u00e9rence techniques \u2013 normes volontaires et guides de <a href=\"https:\/\/torrentclosures.com\/fr\/le-groupe-torrent-obtient-la-certification-brc-iop-norme-mondiale-en-matiere-de-securite-et-de-qualite\/\">bonnes pratiques<\/a> \u2013 pour atteindre des standards \u00e9lev\u00e9s de qualit\u00e9 dans l\u2019industrie de la mise en bouteille.<\/p>\n\n\n\n<p>Les normes volontaires de&nbsp;<strong>Cetie<\/strong>&nbsp;et les guides de bonnes pratiques sont concentr\u00e9s sur le conditionnement de liquides et de boissons alimentaires, parfums, cosm\u00e9tiques et produits pharmaceutiques.<\/p>\n","protected":false},"excerpt":{"rendered":"<p>CETIE&nbsp;: Association d\u2019entreprises du secteur de la mise en bouteille Cetie (International Technical Center For Bottling) est une association loi 1901 fran\u00e7aise \u00e0 but non lucratif. Elle a \u00e9t\u00e9 cr\u00e9\u00e9 le 3 juin 1960. Elle est enti\u00e8rement financ\u00e9e par les adh\u00e9sions de ses membres. Cetie ne re\u00e7oit aucune autre subvention. Cetie est une association d\u2019entreprises &hellip;<\/p>\n","protected":false},"author":3,"featured_media":10680,"parent":0,"menu_order":0,"comment_status":"closed","ping_status":"closed","template":"","meta":{"inline_featured_image":false,"_uag_custom_page_level_css":"","footnotes":""},"class_list":["post-52753","page","type-page","status-publish","has-post-thumbnail","hentry"],"uagb_featured_image_src":{"full":["https:\/\/torrentclosures.com\/wp-content\/uploads\/2020\/07\/Cetie.png",800,800,false],"thumbnail":["https:\/\/torrentclosures.com\/wp-content\/uploads\/2020\/07\/Cetie-150x150.png",150,150,true],"medium":["https:\/\/torrentclosures.com\/wp-content\/uploads\/2020\/07\/Cetie-300x300.png",300,300,true],"medium_large":["https:\/\/torrentclosures.com\/wp-content\/uploads\/2020\/07\/Cetie-768x768.png",768,768,true],"large":["https:\/\/torrentclosures.com\/wp-content\/uploads\/2020\/07\/Cetie.png",800,800,false],"1536x1536":["https:\/\/torrentclosures.com\/wp-content\/uploads\/2020\/07\/Cetie.png",800,800,false],"2048x2048":["https:\/\/torrentclosures.com\/wp-content\/uploads\/2020\/07\/Cetie.png",800,800,false],"gform-image-choice-sm":["https:\/\/torrentclosures.com\/wp-content\/uploads\/2020\/07\/Cetie.png",300,300,false],"gform-image-choice-md":["https:\/\/torrentclosures.com\/wp-content\/uploads\/2020\/07\/Cetie.png",400,400,false],"gform-image-choice-lg":["https:\/\/torrentclosures.com\/wp-content\/uploads\/2020\/07\/Cetie.png",600,600,false]},"uagb_author_info":{"display_name":"Pablo","author_link":"https:\/\/torrentclosures.com\/fr"},"uagb_comment_info":0,"uagb_excerpt":"CETIE&nbsp;: Association d\u2019entreprises du secteur de la mise en bouteille Cetie (International Technical Center For Bottling) est une association loi 1901 fran\u00e7aise \u00e0 but non lucratif. Elle a \u00e9t\u00e9 cr\u00e9\u00e9 le 3 juin 1960. Elle est enti\u00e8rement financ\u00e9e par les adh\u00e9sions de ses membres. Cetie ne re\u00e7oit aucune autre subvention. Cetie est une association d\u2019entreprises\u2026","_links":{"self":[{"href":"https:\/\/torrentclosures.com\/fr\/wp-json\/wp\/v2\/pages\/52753","targetHints":{"allow":["GET"]}}],"collection":[{"href":"https:\/\/torrentclosures.com\/fr\/wp-json\/wp\/v2\/pages"}],"about":[{"href":"https:\/\/torrentclosures.com\/fr\/wp-json\/wp\/v2\/types\/page"}],"author":[{"embeddable":true,"href":"https:\/\/torrentclosures.com\/fr\/wp-json\/wp\/v2\/users\/3"}],"replies":[{"embeddable":true,"href":"https:\/\/torrentclosures.com\/fr\/wp-json\/wp\/v2\/comments?post=52753"}],"version-history":[{"count":3,"href":"https:\/\/torrentclosures.com\/fr\/wp-json\/wp\/v2\/pages\/52753\/revisions"}],"predecessor-version":[{"id":54063,"href":"https:\/\/torrentclosures.com\/fr\/wp-json\/wp\/v2\/pages\/52753\/revisions\/54063"}],"wp:featuredmedia":[{"embeddable":true,"href":"https:\/\/torrentclosures.com\/fr\/wp-json\/wp\/v2\/media\/10680"}],"wp:attachment":[{"href":"https:\/\/torrentclosures.com\/fr\/wp-json\/wp\/v2\/media?parent=52753"}],"curies":[{"name":"wp","href":"https:\/\/api.w.org\/{rel}","templated":true}]}}