{"id":52752,"date":"2020-04-15T11:59:59","date_gmt":"2020-04-15T11:59:59","guid":{"rendered":"https:\/\/new.torrentclosures.com\/?page_id=10374"},"modified":"2025-03-21T08:53:15","modified_gmt":"2025-03-21T07:53:15","slug":"esplasticos","status":"publish","type":"page","link":"https:\/\/torrentclosures.com\/fr\/esplasticos\/","title":{"rendered":"Espl\u00e1sticos"},"content":{"rendered":"\n<h1 class=\"wp-block-heading page-title\">Espl\u00e1sticos&nbsp;: la plateforme des plastiques<\/h1>\n\n\n<div class=\"wp-block-image\">\n<figure class=\"aligncenter size-full is-resized\"><img loading=\"lazy\" decoding=\"async\" width=\"800\" height=\"800\" src=\"https:\/\/torrentclosures.com\/wp-content\/uploads\/2020\/07\/EsPlasticos.png\" alt=\"EsPl\u00e1sticos | Grupo Torrent\" class=\"wp-image-10675\" style=\"width:200px;height:200px\" title=\"| Grupo Torrent Espa\u00f1a\" srcset=\"https:\/\/torrentclosures.com\/wp-content\/uploads\/2020\/07\/EsPlasticos.png 800w, https:\/\/torrentclosures.com\/wp-content\/uploads\/2020\/07\/EsPlasticos-300x300.png 300w, https:\/\/torrentclosures.com\/wp-content\/uploads\/2020\/07\/EsPlasticos-150x150.png 150w, https:\/\/torrentclosures.com\/wp-content\/uploads\/2020\/07\/EsPlasticos-768x768.png 768w, https:\/\/torrentclosures.com\/wp-content\/uploads\/2020\/07\/EsPlasticos-570x570.png 570w, https:\/\/torrentclosures.com\/wp-content\/uploads\/2020\/07\/EsPlasticos-500x500.png 500w, https:\/\/torrentclosures.com\/wp-content\/uploads\/2020\/07\/EsPlasticos-700x700.png 700w\" sizes=\"auto, (max-width: 800px) 100vw, 800px\" \/><\/figure>\n<\/div>\n\n\n<p>EsPl\u00e1sticos est un <a href=\"https:\/\/esplasticos.es\/\" target=\"_blank\" rel=\"noreferrer noopener\">projet de rassemblement<\/a> des acteurs qui font partie du secteur et de la cha\u00eene de valeur du plastique. Jusqu\u2019\u00e0 pr\u00e9sent, il b\u00e9n\u00e9ficie de la collaboration de Aipc, Anape, Anarlpla, Asemuplast, Asobiocom et Avep, ainsi que du soutien institutionnel de <a href=\"https:\/\/www.ceoe.es\/en\" target=\"_blank\" rel=\"noreferrer noopener\">CEOE<\/a> et UNE.<\/p>\n\n\n\n<p>La plateforme du plastique a une port\u00e9e nationale et est ouverte \u00e0 tous les agents de l\u2019industrie du plastique.<\/p>\n\n\n\n<h2 class=\"wp-block-heading\"><br><strong>Mission principale de EsPl\u00e1sticos<\/strong><\/h2>\n\n\n\n<p>L\u2019objectif de cette plateforme est de faire conna\u00eetre les <a href=\"https:\/\/torrentclosures.com\/fr\/developpement-durable\/\">solutions durables<\/a> qu\u2019offre le plastique aux d\u00e9fis que pr\u00e9sente la soci\u00e9t\u00e9 et mettre l\u2019accent sur les nombreuses avanc\u00e9es techniques, \u00e9conomiques, environnementales et sociales que ce mat\u00e9riau irrempla\u00e7able a permis et continue de permettre. Elle a aussi pour objectif de renforcer la gestion efficace du plastique afin que le mat\u00e9riel recycl\u00e9 soit \u00e0 nouveau inclus dans le processus de production comme mati\u00e8re premi\u00e8re pour de nouveaux produits.<\/p>\n\n\n\n<p><em>Le plastique est la meilleure alternative pour freiner le changement climatique. <strong>S\u2019il \u00e9tait possible de remplacer tout le plastique du monde<\/strong> par un autre mat\u00e9riau, nous devrions utiliser presque <strong>quatre fois plus de mati\u00e8res premi\u00e8res<\/strong>, plus du <strong>double d\u2019\u00e9nergie<\/strong> et nous produirions presque <strong>trois fois plus d\u2019\u00e9missions<\/strong> pour les m\u00eames produits au cours de leur dur\u00e9e de vie. Sans plastique, nous reviendrions 100 ans en arri\u00e8re, ce que notre plan\u00e8te ne pourrait pas supporter.<\/em><\/p>\n\n\n\n<h2 class=\"wp-block-heading\"><br><strong>Plastique et durabilit\u00e9<\/strong><\/h2>\n\n\n\n<p>La plateforme pense que le remplacement du plastique par d\u2019autres mat\u00e9riaux pourrait faire augmenter le probl\u00e8me des \u00e9missions de CO2 et que cela ne r\u00e9soudrait pas le probl\u00e8me des d\u00e9chets dans l\u2019environnement.<\/p>\n\n\n\n<p>EsPl\u00e1sticos pense que pour freiner le changement climatique, il faut plut\u00f4t choisir la meilleure option pour chaque produit en prenant en compte sa dur\u00e9e de vie compl\u00e8te.<\/p>\n\n\n\n<p>Cette plateforme garantit que le plastique n\u2019est pas notre ennemi, mais notre meilleur alli\u00e9 pour freiner le changement climatique.<br><\/p>\n","protected":false},"excerpt":{"rendered":"<p>Espl\u00e1sticos&nbsp;: la plateforme des plastiques EsPl\u00e1sticos est un projet de rassemblement des acteurs qui font partie du secteur et de la cha\u00eene de valeur du plastique. Jusqu\u2019\u00e0 pr\u00e9sent, il b\u00e9n\u00e9ficie de la collaboration de Aipc, Anape, Anarlpla, Asemuplast, Asobiocom et Avep, ainsi que du soutien institutionnel de CEOE et UNE. La plateforme du plastique a &hellip;<\/p>\n","protected":false},"author":3,"featured_media":10673,"parent":0,"menu_order":0,"comment_status":"closed","ping_status":"closed","template":"","meta":{"inline_featured_image":false,"_uag_custom_page_level_css":"","footnotes":""},"class_list":["post-52752","page","type-page","status-publish","has-post-thumbnail","hentry"],"uagb_featured_image_src":{"full":["https:\/\/torrentclosures.com\/wp-content\/uploads\/2020\/07\/EsPlasticos.png",800,800,false],"thumbnail":["https:\/\/torrentclosures.com\/wp-content\/uploads\/2020\/07\/EsPlasticos-150x150.png",150,150,true],"medium":["https:\/\/torrentclosures.com\/wp-content\/uploads\/2020\/07\/EsPlasticos-300x300.png",300,300,true],"medium_large":["https:\/\/torrentclosures.com\/wp-content\/uploads\/2020\/07\/EsPlasticos-768x768.png",768,768,true],"large":["https:\/\/torrentclosures.com\/wp-content\/uploads\/2020\/07\/EsPlasticos.png",800,800,false],"1536x1536":["https:\/\/torrentclosures.com\/wp-content\/uploads\/2020\/07\/EsPlasticos.png",800,800,false],"2048x2048":["https:\/\/torrentclosures.com\/wp-content\/uploads\/2020\/07\/EsPlasticos.png",800,800,false],"gform-image-choice-sm":["https:\/\/torrentclosures.com\/wp-content\/uploads\/2020\/07\/EsPlasticos.png",300,300,false],"gform-image-choice-md":["https:\/\/torrentclosures.com\/wp-content\/uploads\/2020\/07\/EsPlasticos.png",400,400,false],"gform-image-choice-lg":["https:\/\/torrentclosures.com\/wp-content\/uploads\/2020\/07\/EsPlasticos.png",600,600,false]},"uagb_author_info":{"display_name":"Pablo","author_link":"https:\/\/torrentclosures.com\/fr"},"uagb_comment_info":0,"uagb_excerpt":"Espl\u00e1sticos&nbsp;: la plateforme des plastiques EsPl\u00e1sticos est un projet de rassemblement des acteurs qui font partie du secteur et de la cha\u00eene de valeur du plastique. Jusqu\u2019\u00e0 pr\u00e9sent, il b\u00e9n\u00e9ficie de la collaboration de Aipc, Anape, Anarlpla, Asemuplast, Asobiocom et Avep, ainsi que du soutien institutionnel de CEOE et UNE. La plateforme du plastique a\u2026","_links":{"self":[{"href":"https:\/\/torrentclosures.com\/fr\/wp-json\/wp\/v2\/pages\/52752","targetHints":{"allow":["GET"]}}],"collection":[{"href":"https:\/\/torrentclosures.com\/fr\/wp-json\/wp\/v2\/pages"}],"about":[{"href":"https:\/\/torrentclosures.com\/fr\/wp-json\/wp\/v2\/types\/page"}],"author":[{"embeddable":true,"href":"https:\/\/torrentclosures.com\/fr\/wp-json\/wp\/v2\/users\/3"}],"replies":[{"embeddable":true,"href":"https:\/\/torrentclosures.com\/fr\/wp-json\/wp\/v2\/comments?post=52752"}],"version-history":[{"count":3,"href":"https:\/\/torrentclosures.com\/fr\/wp-json\/wp\/v2\/pages\/52752\/revisions"}],"predecessor-version":[{"id":54065,"href":"https:\/\/torrentclosures.com\/fr\/wp-json\/wp\/v2\/pages\/52752\/revisions\/54065"}],"wp:featuredmedia":[{"embeddable":true,"href":"https:\/\/torrentclosures.com\/fr\/wp-json\/wp\/v2\/media\/10673"}],"wp:attachment":[{"href":"https:\/\/torrentclosures.com\/fr\/wp-json\/wp\/v2\/media?parent=52752"}],"curies":[{"name":"wp","href":"https:\/\/api.w.org\/{rel}","templated":true}]}}