{"id":52751,"date":"2020-04-15T11:41:08","date_gmt":"2020-04-15T11:41:08","guid":{"rendered":"https:\/\/new.torrentclosures.com\/?page_id=10366"},"modified":"2025-03-21T08:40:53","modified_gmt":"2025-03-21T07:40:53","slug":"eco-responsabilite","status":"publish","type":"page","link":"https:\/\/torrentclosures.com\/fr\/eco-responsabilite\/","title":{"rendered":"\u00c9co-responsables"},"content":{"rendered":"\n<div class=\"wp-block-group contenido\"><div class=\"wp-block-group__inner-container is-layout-flow wp-block-group-is-layout-flow\">\n<h1 class=\"wp-block-heading page-title\">L\u2019\u00e9co-responsabilit\u00e9 chez Groupe Torrent<\/h1>\n\n\n\n<p>Chez <strong>Groupe Torrent<\/strong>, nous avons une Mission : \u00eatre <strong>\u00e9co-responsables<\/strong>.<br>Pour nous l\u2019<strong>\u00e9co-responsabilit\u00e9<\/strong> est une partie de notre strat\u00e9gie de <strong>d\u00e9veloppement durable environnemental <\/strong>et de notre <strong>culture d\u2019entreprise<\/strong>.<\/p>\n\n\n<div class=\"wp-block-image\">\n<figure class=\"aligncenter size-full is-resized\"><img loading=\"lazy\" decoding=\"async\" width=\"2336\" height=\"1262\" src=\"https:\/\/torrentclosures.com\/wp-content\/uploads\/2020\/11\/Captura-de-pantalla-2020-11-12-a-las-16.18.05.png\" alt=\"| Grupo Torrent Espa\u00f1a\" class=\"wp-image-12236\" style=\"width:800px\" title=\"| Grupo Torrent Espa\u00f1a\" srcset=\"https:\/\/torrentclosures.com\/wp-content\/uploads\/2020\/11\/Captura-de-pantalla-2020-11-12-a-las-16.18.05.png 2336w, https:\/\/torrentclosures.com\/wp-content\/uploads\/2020\/11\/Captura-de-pantalla-2020-11-12-a-las-16.18.05-1024x553.png 1024w, https:\/\/torrentclosures.com\/wp-content\/uploads\/2020\/11\/Captura-de-pantalla-2020-11-12-a-las-16.18.05-768x415.png 768w, https:\/\/torrentclosures.com\/wp-content\/uploads\/2020\/11\/Captura-de-pantalla-2020-11-12-a-las-16.18.05-1536x830.png 1536w, https:\/\/torrentclosures.com\/wp-content\/uploads\/2020\/11\/Captura-de-pantalla-2020-11-12-a-las-16.18.05-2048x1106.png 2048w, https:\/\/torrentclosures.com\/wp-content\/uploads\/2020\/11\/Captura-de-pantalla-2020-11-12-a-las-16.18.05-700x378.png 700w\" sizes=\"auto, (max-width: 2336px) 100vw, 2336px\" \/><\/figure>\n<\/div>\n\n\n<div style=\"height:20px\" aria-hidden=\"true\" class=\"wp-block-spacer\"><\/div>\n\n\n\n<h2 class=\"wp-block-heading has-text-align-left\">Initiatives \u00e9co-responsables chez Groupe Torrent<\/h2>\n\n\n\n<p>Pour cela, nous avons d\u00e9velopp\u00e9 un certain nombre d\u2019initiatives <strong>\u00e9co-responsables<\/strong>, avec plusieurs objectifs de travail qui comprennent la conception du produit, la logistique, la provenance et la certification de nos mati\u00e8res premi\u00e8res, l\u2019\u00e9nergie que nous utilisons et la sant\u00e9 de nos employ\u00e9s.<br>Chez <a href=\"https:\/\/torrentclosures.com\/fr\/groupe-torrent\/\"><strong>Torrent Closures<\/strong> <\/a>nous avons mis en marche plusieurs actions, mais nous avons aussi un certain nombre de nouveaux projets qui s\u2019ajoutent jour apr\u00e8s jour pour compl\u00e9ter notre strat\u00e9gie de <strong>d\u00e9veloppement durable<\/strong>.<\/p>\n\n\n\n<div class=\"wp-block-uagb-container fila-eco uag-hide-tab uag-hide-mob uagb-block-7f877595 default uagb-is-root-container\">\n<div class=\"wp-block-uagb-container uagb-block-b502ff18\">\n<figure class=\"wp-block-image size-full img-eco\"><img loading=\"lazy\" decoding=\"async\" width=\"300\" height=\"200\" src=\"https:\/\/torrentclosures.com\/wp-content\/uploads\/2020\/11\/eco_disenov3.png\" alt=\"| Grupo Torrent Espa\u00f1a\" class=\"wp-image-12896\" title=\"| Grupo Torrent Espa\u00f1a\"><\/figure>\n<\/div>\n\n\n\n<div class=\"wp-block-uagb-container uagb-block-117e9081\">\n<p><br>Nous faisons un effort consid\u00e9rable dans la recherche de nouvelles formes et dans le design de nos produits et des \u00e9l\u00e9ments qui le composent. Ils doivent \u00eatre en tr\u00e8s grande partie recyclables et avoir une provenance durable.<\/p>\n<\/div>\n<\/div>\n\n\n\n<div class=\"wp-block-uagb-container fila-eco uag-hide-tab uag-hide-mob uagb-block-877dbbf9 default uagb-is-root-container\">\n<div class=\"wp-block-uagb-container uagb-block-ab7650af\">\n<p><br>Nous effectuons de grands changements positifs dans nos lignes de processus et nous suivons constamment leurs am\u00e9liorations. Nous int\u00e9grons de nouvelles technologies pour obtenir un meilleur rendement de nos consommations, et pour avoir le moindre impact possible sur l\u2019environnement.<\/p>\n<\/div>\n\n\n\n<div class=\"wp-block-uagb-container uagb-block-a63a31d1\"><div class=\"wp-block-image img-eco\">\n<figure class=\"alignright size-full\"><img loading=\"lazy\" decoding=\"async\" width=\"300\" height=\"200\" src=\"https:\/\/torrentclosures.com\/wp-content\/uploads\/2020\/11\/eco_procesos.png\" alt=\"| Grupo Torrent Espa\u00f1a\" class=\"wp-image-12902\" title=\"| Grupo Torrent Espa\u00f1a\"><\/figure>\n<\/div><\/div>\n<\/div>\n\n\n\n<div class=\"wp-block-uagb-container fila-eco uag-hide-tab uag-hide-mob uagb-block-c6ffdb90 default uagb-is-root-container\">\n<div class=\"wp-block-uagb-container uagb-block-264b063b\">\n<figure class=\"wp-block-image size-full img-eco\"><img loading=\"lazy\" decoding=\"async\" width=\"300\" height=\"200\" src=\"https:\/\/torrentclosures.com\/wp-content\/uploads\/2020\/11\/eco_saludv3.png\" alt=\"| Grupo Torrent Espa\u00f1a\" class=\"wp-image-12906\" title=\"| Grupo Torrent Espa\u00f1a\"><\/figure>\n<\/div>\n\n\n\n<div class=\"wp-block-uagb-container uagb-block-c4be71b8\">\n<p><br>Nous prenons en compte la sant\u00e9 de nos professionnels. Voil\u00e0 pourquoi nous menons des actions qui se traduisent par une meilleure qualit\u00e9 de vie professionnelle, gr\u00e2ce \u00e0 l\u2019int\u00e9gration de la technologie de pointe.<\/p>\n<\/div>\n<\/div>\n\n\n\n<div class=\"wp-block-uagb-container fila-eco uag-hide-tab uag-hide-mob uagb-block-575f2669 default uagb-is-root-container\">\n<div class=\"wp-block-uagb-container uagb-block-25d3962e\">\n<p><br>Nous collaborons avec plusieurs associations et organismes pour \u00e9changer nos connaissances et notre exp\u00e9rience. Toujours dans le but d\u2019am\u00e9liorer le d\u00e9veloppement durable, la capacit\u00e9 de recyclage et d\u2019\u00e9viter la contrefa\u00e7on des produits qui utilisent nos bouchons.<\/p>\n<\/div>\n\n\n\n<div class=\"wp-block-uagb-container uagb-block-5610211d\"><div class=\"wp-block-image img-eco\">\n<figure class=\"alignright size-full\"><img loading=\"lazy\" decoding=\"async\" width=\"300\" height=\"200\" src=\"https:\/\/torrentclosures.com\/wp-content\/uploads\/2020\/11\/eco_colaboracionv3.png\" alt=\"| Grupo Torrent Espa\u00f1a\" class=\"wp-image-12910\" title=\"| Grupo Torrent Espa\u00f1a\"><\/figure>\n<\/div><\/div>\n<\/div>\n\n\n\n<div class=\"wp-block-uagb-container fila-eco uag-hide-tab uag-hide-mob uagb-block-5173301c default uagb-is-root-container\">\n<div class=\"wp-block-uagb-container uagb-block-c3623780\">\n<figure class=\"wp-block-image size-full img-eco\"><img loading=\"lazy\" decoding=\"async\" width=\"300\" height=\"200\" src=\"https:\/\/torrentclosures.com\/wp-content\/uploads\/2020\/11\/eco_educacionv3.png\" alt=\"| Grupo Torrent Espa\u00f1a\" class=\"wp-image-12914\" title=\"| Grupo Torrent Espa\u00f1a\"><\/figure>\n<\/div>\n\n\n\n<div class=\"wp-block-uagb-container uagb-block-9077169a\">\n<p><br>Nous avons compris que, pour \u00eatre une entreprise \u00e9co-responsable, il ne suffit pas de mettre en place des changements technologiques et structurels. Nous devons aussi nous \u00e9duquer jour apr\u00e8s jour en tant qu\u2019entreprise. Et pour y parvenir, nous devons impliquer notre entourage, aussi bien \u00e0 l\u2019int\u00e9rieur qu\u2019\u00e0 l\u2019ext\u00e9rieur de notre entreprise.<\/p>\n<\/div>\n<\/div>\n\n\n\n<div style=\"height:100px\" aria-hidden=\"true\" class=\"wp-block-spacer uag-hide-tab uag-hide-mob\"><\/div>\n\n\n\n<div class=\"wp-block-group eco-movil uag-hide-desktop\"><div class=\"wp-block-group__inner-container is-layout-constrained wp-block-group-is-layout-constrained\">\n<figure class=\"wp-block-image size-full\"><img loading=\"lazy\" decoding=\"async\" width=\"300\" height=\"200\" src=\"https:\/\/torrentclosures.com\/wp-content\/uploads\/2020\/11\/eco_disenov3.png\" alt=\"| Grupo Torrent Espa\u00f1a\" class=\"wp-image-12896\" title=\"| Grupo Torrent Espa\u00f1a\"><\/figure>\n\n\n\n<p>Nous faisons un effort consid\u00e9rable dans la recherche de nouvelles formes et dans le design de nos produits et des \u00e9l\u00e9ments qui le composent. Ils doivent \u00eatre en tr\u00e8s grande partie recyclables et avoir une provenance durable.<br><br><\/p>\n\n\n\n<figure class=\"wp-block-image size-full\"><img loading=\"lazy\" decoding=\"async\" width=\"300\" height=\"200\" src=\"https:\/\/torrentclosures.com\/wp-content\/uploads\/2020\/11\/eco_procesos.png\" alt=\"| Grupo Torrent Espa\u00f1a\" class=\"wp-image-12902\" title=\"| Grupo Torrent Espa\u00f1a\"><\/figure>\n\n\n\n<p>Nous effectuons de grands changements positifs dans nos lignes de processus et nous suivons constamment leurs am\u00e9liorations. Nous int\u00e9grons de nouvelles technologies pour obtenir un meilleur rendement de nos consommations, et pour avoir le moindre impact possible sur l\u2019environnement.<br><br><\/p>\n\n\n\n<figure class=\"wp-block-image size-full\"><img loading=\"lazy\" decoding=\"async\" width=\"300\" height=\"200\" src=\"https:\/\/torrentclosures.com\/wp-content\/uploads\/2020\/11\/eco_saludv3.png\" alt=\"| Grupo Torrent Espa\u00f1a\" class=\"wp-image-12906\" title=\"| Grupo Torrent Espa\u00f1a\"><\/figure>\n\n\n\n<p>Nous prenons en compte la sant\u00e9 de nos professionnels. Voil\u00e0 pourquoi nous menons des actions qui se traduisent par une meilleure qualit\u00e9 de vie professionnelle, gr\u00e2ce \u00e0 l\u2019int\u00e9gration de la technologie de pointe.<br><br><\/p>\n\n\n\n<figure class=\"wp-block-image size-full\"><img loading=\"lazy\" decoding=\"async\" width=\"300\" height=\"200\" src=\"https:\/\/torrentclosures.com\/wp-content\/uploads\/2020\/11\/eco_colaboracionv3.png\" alt=\"| Grupo Torrent Espa\u00f1a\" class=\"wp-image-12910\" title=\"| Grupo Torrent Espa\u00f1a\"><\/figure>\n\n\n\n<p>Nous collaborons avec plusieurs associations et organismes pour \u00e9changer nos connaissances et notre exp\u00e9rience. Toujours dans le but d\u2019am\u00e9liorer le d\u00e9veloppement durable, la capacit\u00e9 de recyclage et d\u2019\u00e9viter la contrefa\u00e7on des produits qui utilisent nos bouchons.<br><br><\/p>\n\n\n\n<figure class=\"wp-block-image size-full\"><img loading=\"lazy\" decoding=\"async\" width=\"300\" height=\"200\" src=\"https:\/\/torrentclosures.com\/wp-content\/uploads\/2020\/11\/eco_educacionv3.png\" alt=\"| Grupo Torrent Espa\u00f1a\" class=\"wp-image-12914\" title=\"| Grupo Torrent Espa\u00f1a\"><\/figure>\n\n\n\n<p>Nous avons compris que, pour \u00eatre une entreprise \u00e9co-responsable, il ne suffit pas de mettre en place des changements technologiques et structurels. Nous devons aussi nous \u00e9duquer jour apr\u00e8s jour en tant qu\u2019entreprise. Et pour y parvenir, nous devons impliquer notre entourage, aussi bien \u00e0 l\u2019int\u00e9rieur qu\u2019\u00e0 l\u2019ext\u00e9rieur de notre entreprise.<br><br><br><br><br><\/p>\n<\/div><\/div>\n<\/div><\/div>\n\n\n\n<div style=\"height:100px\" aria-hidden=\"true\" class=\"wp-block-spacer uag-hide-desktop\"><\/div>\n\n\n\n<figure class=\"wp-block-gallery alignfull has-nested-images columns-5 is-cropped wp-block-gallery-1 is-layout-flex wp-block-gallery-is-layout-flex\">\n<figure class=\"wp-block-image size-large\"><img decoding=\"async\" src=\"https:\/\/torrentclosures.com\/wp-content\/uploads\/2020\/11\/Galeria_Sostenibilidad_08.jpg\" alt=\"| Grupo Torrent Espa\u00f1a\" title=\"| Grupo Torrent Espa\u00f1a\"><\/figure>\n\n\n\n<figure class=\"wp-block-image size-full\"><img loading=\"lazy\" decoding=\"async\" width=\"1200\" height=\"638\" data-id=\"12683\" src=\"https:\/\/torrentclosures.com\/wp-content\/uploads\/2020\/11\/Galeria_Sostenibilidad_07.jpg\" alt=\"| Grupo Torrent Espa\u00f1a\" class=\"wp-image-12683\" title=\"| Grupo Torrent Espa\u00f1a\" srcset=\"https:\/\/torrentclosures.com\/wp-content\/uploads\/2020\/11\/Galeria_Sostenibilidad_07.jpg 1200w, https:\/\/torrentclosures.com\/wp-content\/uploads\/2020\/11\/Galeria_Sostenibilidad_07-1024x544.jpg 1024w, https:\/\/torrentclosures.com\/wp-content\/uploads\/2020\/11\/Galeria_Sostenibilidad_07-768x408.jpg 768w, https:\/\/torrentclosures.com\/wp-content\/uploads\/2020\/11\/Galeria_Sostenibilidad_07-700x372.jpg 700w\" sizes=\"auto, (max-width: 1200px) 100vw, 1200px\" \/><\/figure>\n\n\n\n<figure class=\"wp-block-image size-full\"><img loading=\"lazy\" decoding=\"async\" width=\"1200\" height=\"638\" data-id=\"12679\" src=\"https:\/\/torrentclosures.com\/wp-content\/uploads\/2020\/11\/Galeria_Sostenibilidad_06.jpg\" alt=\"| Grupo Torrent Espa\u00f1a\" class=\"wp-image-12679\" title=\"| Grupo Torrent Espa\u00f1a\" srcset=\"https:\/\/torrentclosures.com\/wp-content\/uploads\/2020\/11\/Galeria_Sostenibilidad_06.jpg 1200w, https:\/\/torrentclosures.com\/wp-content\/uploads\/2020\/11\/Galeria_Sostenibilidad_06-1024x544.jpg 1024w, https:\/\/torrentclosures.com\/wp-content\/uploads\/2020\/11\/Galeria_Sostenibilidad_06-768x408.jpg 768w, https:\/\/torrentclosures.com\/wp-content\/uploads\/2020\/11\/Galeria_Sostenibilidad_06-700x372.jpg 700w\" sizes=\"auto, (max-width: 1200px) 100vw, 1200px\" \/><\/figure>\n\n\n\n<figure class=\"wp-block-image size-full\"><img loading=\"lazy\" decoding=\"async\" width=\"1200\" height=\"638\" data-id=\"12675\" src=\"https:\/\/torrentclosures.com\/wp-content\/uploads\/2020\/11\/Galeria_Sostenibilidad_05.jpg\" alt=\"| Grupo Torrent Espa\u00f1a\" class=\"wp-image-12675\" title=\"| Grupo Torrent Espa\u00f1a\" srcset=\"https:\/\/torrentclosures.com\/wp-content\/uploads\/2020\/11\/Galeria_Sostenibilidad_05.jpg 1200w, https:\/\/torrentclosures.com\/wp-content\/uploads\/2020\/11\/Galeria_Sostenibilidad_05-1024x544.jpg 1024w, https:\/\/torrentclosures.com\/wp-content\/uploads\/2020\/11\/Galeria_Sostenibilidad_05-768x408.jpg 768w, https:\/\/torrentclosures.com\/wp-content\/uploads\/2020\/11\/Galeria_Sostenibilidad_05-700x372.jpg 700w\" sizes=\"auto, (max-width: 1200px) 100vw, 1200px\" \/><\/figure>\n\n\n\n<figure class=\"wp-block-image size-full\"><img loading=\"lazy\" decoding=\"async\" width=\"1200\" height=\"638\" data-id=\"12671\" src=\"https:\/\/torrentclosures.com\/wp-content\/uploads\/2020\/11\/Galeria_Sostenibilidad_04.jpg\" alt=\"| Grupo Torrent Espa\u00f1a\" class=\"wp-image-12671\" title=\"| Grupo Torrent Espa\u00f1a\" srcset=\"https:\/\/torrentclosures.com\/wp-content\/uploads\/2020\/11\/Galeria_Sostenibilidad_04.jpg 1200w, https:\/\/torrentclosures.com\/wp-content\/uploads\/2020\/11\/Galeria_Sostenibilidad_04-1024x544.jpg 1024w, https:\/\/torrentclosures.com\/wp-content\/uploads\/2020\/11\/Galeria_Sostenibilidad_04-768x408.jpg 768w, https:\/\/torrentclosures.com\/wp-content\/uploads\/2020\/11\/Galeria_Sostenibilidad_04-700x372.jpg 700w\" sizes=\"auto, (max-width: 1200px) 100vw, 1200px\" \/><\/figure>\n\n\n\n<figure class=\"wp-block-image size-full\"><img loading=\"lazy\" decoding=\"async\" width=\"1200\" height=\"638\" data-id=\"12667\" src=\"https:\/\/torrentclosures.com\/wp-content\/uploads\/2020\/11\/Galeria_Sostenibilidad_03.jpg\" alt=\"| Grupo Torrent Espa\u00f1a\" class=\"wp-image-12667\" title=\"| Grupo Torrent Espa\u00f1a\" srcset=\"https:\/\/torrentclosures.com\/wp-content\/uploads\/2020\/11\/Galeria_Sostenibilidad_03.jpg 1200w, https:\/\/torrentclosures.com\/wp-content\/uploads\/2020\/11\/Galeria_Sostenibilidad_03-1024x544.jpg 1024w, https:\/\/torrentclosures.com\/wp-content\/uploads\/2020\/11\/Galeria_Sostenibilidad_03-768x408.jpg 768w, https:\/\/torrentclosures.com\/wp-content\/uploads\/2020\/11\/Galeria_Sostenibilidad_03-700x372.jpg 700w\" sizes=\"auto, (max-width: 1200px) 100vw, 1200px\" \/><\/figure>\n\n\n\n<figure class=\"wp-block-image size-full\"><img loading=\"lazy\" decoding=\"async\" width=\"1200\" height=\"638\" data-id=\"12663\" src=\"https:\/\/torrentclosures.com\/wp-content\/uploads\/2020\/11\/Galeria_Sostenibilidad_02.jpg\" alt=\"| Grupo Torrent Espa\u00f1a\" class=\"wp-image-12663\" title=\"| Grupo Torrent Espa\u00f1a\" srcset=\"https:\/\/torrentclosures.com\/wp-content\/uploads\/2020\/11\/Galeria_Sostenibilidad_02.jpg 1200w, https:\/\/torrentclosures.com\/wp-content\/uploads\/2020\/11\/Galeria_Sostenibilidad_02-1024x544.jpg 1024w, https:\/\/torrentclosures.com\/wp-content\/uploads\/2020\/11\/Galeria_Sostenibilidad_02-768x408.jpg 768w, https:\/\/torrentclosures.com\/wp-content\/uploads\/2020\/11\/Galeria_Sostenibilidad_02-700x372.jpg 700w\" sizes=\"auto, (max-width: 1200px) 100vw, 1200px\" \/><\/figure>\n\n\n\n<figure class=\"wp-block-image size-full\"><img loading=\"lazy\" decoding=\"async\" width=\"1200\" height=\"638\" data-id=\"12659\" src=\"https:\/\/torrentclosures.com\/wp-content\/uploads\/2020\/11\/Galeria_Sostenibilidad_01.jpg\" alt=\"| Grupo Torrent Espa\u00f1a\" class=\"wp-image-12659\" title=\"| Grupo Torrent Espa\u00f1a\" srcset=\"https:\/\/torrentclosures.com\/wp-content\/uploads\/2020\/11\/Galeria_Sostenibilidad_01.jpg 1200w, https:\/\/torrentclosures.com\/wp-content\/uploads\/2020\/11\/Galeria_Sostenibilidad_01-1024x544.jpg 1024w, https:\/\/torrentclosures.com\/wp-content\/uploads\/2020\/11\/Galeria_Sostenibilidad_01-768x408.jpg 768w, https:\/\/torrentclosures.com\/wp-content\/uploads\/2020\/11\/Galeria_Sostenibilidad_01-700x372.jpg 700w\" sizes=\"auto, (max-width: 1200px) 100vw, 1200px\" \/><\/figure>\n<\/figure>\n","protected":false},"excerpt":{"rendered":"<p>L\u2019\u00e9co-responsabilit\u00e9 chez Groupe Torrent Chez Groupe Torrent, nous avons une Mission : \u00eatre \u00e9co-responsables.Pour nous l\u2019\u00e9co-responsabilit\u00e9 est une partie de notre strat\u00e9gie de d\u00e9veloppement durable environnemental et de notre culture d\u2019entreprise. Initiatives \u00e9co-responsables chez Groupe Torrent Pour cela, nous avons d\u00e9velopp\u00e9 un certain nombre d\u2019initiatives \u00e9co-responsables, avec plusieurs objectifs de travail qui comprennent la conception &hellip;<\/p>\n","protected":false},"author":3,"featured_media":12239,"parent":0,"menu_order":0,"comment_status":"closed","ping_status":"closed","template":"","meta":{"inline_featured_image":false,"_uag_custom_page_level_css":"","footnotes":""},"class_list":["post-52751","page","type-page","status-publish","has-post-thumbnail","hentry"],"uagb_featured_image_src":{"full":["https:\/\/torrentclosures.com\/wp-content\/uploads\/2020\/11\/ecoresponsabilidad_en.jpg",2062,1100,false],"thumbnail":["https:\/\/torrentclosures.com\/wp-content\/uploads\/2020\/11\/ecoresponsabilidad_en-150x150.jpg",150,150,true],"medium":["https:\/\/torrentclosures.com\/wp-content\/uploads\/2020\/11\/ecoresponsabilidad_en-300x300.jpg",300,300,true],"medium_large":["https:\/\/torrentclosures.com\/wp-content\/uploads\/2020\/11\/ecoresponsabilidad_en-768x410.jpg",768,410,true],"large":["https:\/\/torrentclosures.com\/wp-content\/uploads\/2020\/11\/ecoresponsabilidad_en-1024x546.jpg",1024,546,true],"1536x1536":["https:\/\/torrentclosures.com\/wp-content\/uploads\/2020\/11\/ecoresponsabilidad_en-1536x819.jpg",1536,819,true],"2048x2048":["https:\/\/torrentclosures.com\/wp-content\/uploads\/2020\/11\/ecoresponsabilidad_en-2048x1093.jpg",2048,1093,true],"gform-image-choice-sm":["https:\/\/torrentclosures.com\/wp-content\/uploads\/2020\/11\/ecoresponsabilidad_en.jpg",300,160,false],"gform-image-choice-md":["https:\/\/torrentclosures.com\/wp-content\/uploads\/2020\/11\/ecoresponsabilidad_en.jpg",400,213,false],"gform-image-choice-lg":["https:\/\/torrentclosures.com\/wp-content\/uploads\/2020\/11\/ecoresponsabilidad_en.jpg",600,320,false]},"uagb_author_info":{"display_name":"Pablo","author_link":"https:\/\/torrentclosures.com\/fr"},"uagb_comment_info":0,"uagb_excerpt":"L\u2019\u00e9co-responsabilit\u00e9 chez Groupe Torrent Chez Groupe Torrent, nous avons une Mission : \u00eatre \u00e9co-responsables.Pour nous l\u2019\u00e9co-responsabilit\u00e9 est une partie de notre strat\u00e9gie de d\u00e9veloppement durable environnemental et de notre culture d\u2019entreprise. Initiatives \u00e9co-responsables chez Groupe Torrent Pour cela, nous avons d\u00e9velopp\u00e9 un certain nombre d\u2019initiatives \u00e9co-responsables, avec plusieurs objectifs de travail qui comprennent la conception\u2026","_links":{"self":[{"href":"https:\/\/torrentclosures.com\/fr\/wp-json\/wp\/v2\/pages\/52751","targetHints":{"allow":["GET"]}}],"collection":[{"href":"https:\/\/torrentclosures.com\/fr\/wp-json\/wp\/v2\/pages"}],"about":[{"href":"https:\/\/torrentclosures.com\/fr\/wp-json\/wp\/v2\/types\/page"}],"author":[{"embeddable":true,"href":"https:\/\/torrentclosures.com\/fr\/wp-json\/wp\/v2\/users\/3"}],"replies":[{"embeddable":true,"href":"https:\/\/torrentclosures.com\/fr\/wp-json\/wp\/v2\/comments?post=52751"}],"version-history":[{"count":3,"href":"https:\/\/torrentclosures.com\/fr\/wp-json\/wp\/v2\/pages\/52751\/revisions"}],"predecessor-version":[{"id":54051,"href":"https:\/\/torrentclosures.com\/fr\/wp-json\/wp\/v2\/pages\/52751\/revisions\/54051"}],"wp:featuredmedia":[{"embeddable":true,"href":"https:\/\/torrentclosures.com\/fr\/wp-json\/wp\/v2\/media\/12239"}],"wp:attachment":[{"href":"https:\/\/torrentclosures.com\/fr\/wp-json\/wp\/v2\/media?parent=52751"}],"curies":[{"name":"wp","href":"https:\/\/api.w.org\/{rel}","templated":true}]}}