{"id":52750,"date":"2020-03-24T12:03:06","date_gmt":"2020-03-24T12:03:06","guid":{"rendered":"http:\/\/new.torrentclosures.com\/?page_id=10253"},"modified":"2025-08-01T12:19:45","modified_gmt":"2025-08-01T11:19:45","slug":"brc-packaging","status":"publish","type":"page","link":"https:\/\/torrentclosures.com\/fr\/brc-packaging\/","title":{"rendered":"BRC Packaging"},"content":{"rendered":"\n<p><\/p>\n\n\n\n<h1 class=\"wp-block-heading page-title\">BRC Packaging<\/h1>\n\n\n\n<p>La norme <strong>BRC PACKAGING<\/strong>, mondialement reconnue par la GFSI (<a href=\"https:\/\/mygfsi.com\/\" target=\"_blank\" rel=\"noreferrer noopener\">Global Food Safety Initiative<\/a>), est sp\u00e9cifiquement d\u00e9velopp\u00e9e pour les entreprises fabricantes de mat\u00e9riaux d\u2019emballage de produits alimentaires, cosm\u00e9tiques, pharmaceutiques et m\u00e9dicaux. La BRC PACKAGING, est donc en vigueur dans tous les pays du monde.<br><br><\/p>\n\n\n\n<div class=\"wp-block-columns bloquemail is-layout-flex wp-container-core-columns-is-layout-9d6595d7 wp-block-columns-is-layout-flex\">\n<div class=\"wp-block-column is-layout-flow wp-block-column-is-layout-flow\">\n<h2 class=\"wp-block-heading has-text-align-center has-text-color has-small-font-size\" style=\"color:#cd142c\"><strong>C\u00c1PSULAS TORRENT, S. A.<\/strong><\/h2>\n\n\n\n<div class=\"wp-block-uagb-info-box uagb-block-4516f397 uagb-infobox__content-wrap  uagb-infobox_cta-type-all uagb-infobox-icon-below-title uagb-infobox-image-valign-top certificado\"><a href=\"https:\/\/torrentclosures.com\/pdf\/BRC_Capsulas_Torrent_Aluminio_20957.pdf\" class=\"uagb-infobox-link-wrap uagb-infbox__link-to-all\" target=\"_blank\" aria-label=\"Infobox Link\" rel=\"noopener noreferrer\" onclick=\"return true;\"><\/a><div class=\"uagb-ifb-content\"><div class=\"uagb-ifb-title-wrap\"><h3 class=\"uagb-ifb-title\"><mark style=\"color:#a3a3a3\" class=\"has-inline-color\">SECTEUR ALUMINIUM<\/mark><\/h3><\/div><div class=\"uagb-ifb-separator\"><\/div><div class=\"uagb-ifb-image-content\"><img decoding=\"async\" src=\"https:\/\/torrentclosures.com\/wp-content\/uploads\/2021\/05\/brcs.png\" alt=\"| Grupo Torrent Espa\u00f1a\" width=\"225\" height=\"40\" loading=\"lazy\" title=\"| Grupo Torrent Espa\u00f1a\"><\/div><div class=\"uagb-ifb-button-wrapper wp-block-button\"><\/div><\/div><\/div>\n<\/div>\n\n\n\n<div class=\"wp-block-column is-layout-flow wp-block-column-is-layout-flow\">\n<h2 class=\"wp-block-heading has-text-align-center has-text-color has-small-font-size\" style=\"color:#cd142c;font-style:normal;font-weight:600\"><strong><mark>COMPA\u00d1\u00cdA DE TAPONES IRRELLENABLES, S.A.<\/mark><\/strong><\/h2>\n\n\n\n<div class=\"wp-block-uagb-info-box uagb-block-e2b8d532 uagb-infobox__content-wrap  uagb-infobox_cta-type-all uagb-infobox-icon-below-title uagb-infobox-image-valign-top certificado\"><a href=\"https:\/\/torrentclosures.com\/pdf\/BRC_Capsulas_Torrent_Polimeros_22248.pdf\" class=\"uagb-infobox-link-wrap uagb-infbox__link-to-all\" target=\"_blank\" aria-label=\"Infobox Link\" rel=\"noopener noreferrer\" onclick=\"return true;\"><\/a><div class=\"uagb-ifb-content\"><div class=\"uagb-ifb-title-wrap\"><h3 class=\"uagb-ifb-title\"><mark style=\"color:#a3a3a3\" class=\"has-inline-color\">SECTEUR PLASTIQUE<\/mark><\/h3><\/div><div class=\"uagb-ifb-separator\"><\/div><div class=\"uagb-ifb-image-content\"><img decoding=\"async\" src=\"https:\/\/torrentclosures.com\/wp-content\/uploads\/2021\/05\/brcs.png\" alt=\"| Grupo Torrent Espa\u00f1a\" width=\"225\" height=\"40\" loading=\"lazy\" title=\"| Grupo Torrent Espa\u00f1a\"><\/div><div class=\"uagb-ifb-button-wrapper wp-block-button\"><\/div><\/div><\/div>\n<\/div>\n<\/div>\n\n\n\n<div style=\"height:32px\" aria-hidden=\"true\" class=\"wp-block-spacer\"><\/div>\n\n\n\n<div class=\"wp-block-columns bloquemail is-layout-flex wp-container-core-columns-is-layout-9d6595d7 wp-block-columns-is-layout-flex\">\n<div class=\"wp-block-column is-layout-flow wp-block-column-is-layout-flow\">\n<h2 class=\"wp-block-heading has-text-align-center has-text-color has-small-font-size\" style=\"color:#cd142c\"><strong><strong><mark><strong>HEREDEROS DE TORRENT MIRANDA, S.A.<\/strong><\/mark><\/strong><\/strong><\/h2>\n\n\n\n<div class=\"wp-block-uagb-info-box uagb-block-0343f149 uagb-infobox__content-wrap  uagb-infobox_cta-type-all uagb-infobox-icon-below-title uagb-infobox-image-valign-top certificado\"><a href=\"https:\/\/torrentclosures.com\/pdf\/HTM_BRCS.pdf\" class=\"uagb-infobox-link-wrap uagb-infbox__link-to-all\" target=\"_blank\" aria-label=\"Infobox Link\" rel=\"noopener noreferrer\" onclick=\"return true;\"><\/a><div class=\"uagb-ifb-content\"><div class=\"uagb-ifb-title-wrap\"><h3 class=\"uagb-ifb-title\"><mark style=\"color:#a3a3a3\" class=\"has-inline-color\">SECTEUR ALUMINIUM<\/mark><\/h3><\/div><div class=\"uagb-ifb-separator\"><\/div><div class=\"uagb-ifb-image-content\"><img decoding=\"async\" src=\"https:\/\/torrentclosures.com\/wp-content\/uploads\/2021\/05\/brcs.png\" alt=\"| Grupo Torrent Espa\u00f1a\" width=\"225\" height=\"40\" loading=\"lazy\" title=\"| Grupo Torrent Espa\u00f1a\"><\/div><div class=\"uagb-ifb-button-wrapper wp-block-button\"><\/div><\/div><\/div>\n<\/div>\n\n\n\n<div class=\"wp-block-column is-layout-flow wp-block-column-is-layout-flow\"><\/div>\n<\/div>\n\n\n\n<div class=\"wp-block-uagb-separator uagb-block-cb992f15\"><div class=\"wp-block-uagb-separator__inner\" style=\"--my-background-image:\"><\/div><\/div>\n\n\n\n<h2 class=\"wp-block-heading\"><br><strong>La certification BRC PACKAGING garantit la qualit\u00e9 et la s\u00e9curit\u00e9 alimentaire des consommateurs<\/strong><\/h2>\n\n\n\n<p><span style=\"font-weight: 400\">Son objectif est de garantir la qualit\u00e9 et la s\u00e9curit\u00e9 alimentaire pour apporter des r\u00e9ponses aux demandes des consommateurs. La norme BRC Global Food Packaging facilite la standardisation de la qualit\u00e9, la s\u00e9curit\u00e9, des crit\u00e8res op\u00e9rationnels et du respect des obligations l\u00e9gales des fabricants d\u2019emballages utilis\u00e9s dans l\u2019industrie alimentaire, et aide \u00e0 fournir une protection au consommateur.<\/span><br><br><\/p>\n\n\n\n<h2 class=\"wp-block-heading\"><strong>Conditions d\u2019obtention de la certification BRC Packaging:<\/strong><\/h2>\n\n\n\n<ul class=\"wp-block-list listas\">\n<li>Engagement de la Direction g\u00e9n\u00e9rale du <a href=\"https:\/\/torrentclosures.com\/fr\/groupe-torrent\/\">Groupe Torrent<\/a> : l\u2019entreprise fournira les ressources n\u00e9cessaires pour prouver qu\u2019elle a pris l\u2019engagement de respecter les crit\u00e8res de la norme.<\/li>\n\n\n\n<li>\u00c9tablir un programme HACCP (Analyse des dangers et points critiques pour leur ma\u00eetrise). Ce programme permettra \u00e0 l\u2019entreprise de se concentrer sur les risques principaux des processus et des produits d\u2019emballage et de conditionnement qui demandent un contr\u00f4le sp\u00e9cifique afin de garantir la s\u00e9curit\u00e9 des produits.<\/li>\n\n\n\n<li>Le Groupe Torrent dispose d\u2019un syst\u00e8me efficace de documentation de la gestion de qualit\u00e9.<\/li>\n\n\n\n<li>Cr\u00e9er un programme de pr\u00e9requis : les conditions environnementales et de fonctionnement basiques dont l\u2019entreprise doit disposer.<br><br><\/li>\n<\/ul>\n\n\n\n<h2 class=\"wp-block-heading\"><strong>Avantages de la certification BRC Packaging:<\/strong><\/h2>\n\n\n\n<ul class=\"wp-block-list listas\">\n<li>Permet aux entreprises d\u2019acc\u00e9der aux march\u00e9s o\u00f9 cette norme est exig\u00e9e. Informe de son statut de conformit\u00e9 aux clients qui la reconnaissent, principalement les grandes cha\u00eenes de distribution.<\/li>\n\n\n\n<li>Apporte une garantie de la cha\u00eene de distribution au consommateur.<\/li>\n\n\n\n<li>Introduit et \u00e9tablit des crit\u00e8res de s\u00e9curit\u00e9 et de qualit\u00e9 accord\u00e9s aux fournisseurs.<\/li>\n\n\n\n<li>Augmente la confiance des clients et des consommateurs, ce qui repr\u00e9sente un avantage comp\u00e9titif et ouvre la porte \u00e0 de nouveaux march\u00e9s.<\/li>\n\n\n\n<li>Constitue une preuve du respect de la l\u00e9gislation en mati\u00e8re de s\u00e9curit\u00e9 alimentaire.<\/li>\n\n\n\n<li>Repr\u00e9sente plus de transparence tout au long de la cha\u00eene de distribution.<\/li>\n\n\n\n<li>Cette norme est mondialement reconnue par la <a href=\"https:\/\/mygfsi.com\/\" target=\"_blank\" rel=\"noreferrer noopener\">Global Food Safety Iniciative<\/a> (GFSI).<br><\/li>\n<\/ul>\n","protected":false},"excerpt":{"rendered":"<p>BRC Packaging La norme BRC PACKAGING, mondialement reconnue par la GFSI (Global Food Safety Initiative), est sp\u00e9cifiquement d\u00e9velopp\u00e9e pour les entreprises fabricantes de mat\u00e9riaux d\u2019emballage de produits alimentaires, cosm\u00e9tiques, pharmaceutiques et m\u00e9dicaux. La BRC PACKAGING, est donc en vigueur dans tous les pays du monde. C\u00c1PSULAS TORRENT, S. A. COMPA\u00d1\u00cdA DE TAPONES IRRELLENABLES, S.A. HEREDEROS &hellip;<\/p>\n","protected":false},"author":3,"featured_media":0,"parent":0,"menu_order":0,"comment_status":"closed","ping_status":"closed","template":"","meta":{"inline_featured_image":false,"_uag_custom_page_level_css":"","footnotes":""},"class_list":["post-52750","page","type-page","status-publish","hentry"],"uagb_featured_image_src":{"full":false,"thumbnail":false,"medium":false,"medium_large":false,"large":false,"1536x1536":false,"2048x2048":false,"gform-image-choice-sm":false,"gform-image-choice-md":false,"gform-image-choice-lg":false},"uagb_author_info":{"display_name":"Pablo","author_link":"https:\/\/torrentclosures.com\/fr"},"uagb_comment_info":0,"uagb_excerpt":"BRC Packaging La norme BRC PACKAGING, mondialement reconnue par la GFSI (Global Food Safety Initiative), est sp\u00e9cifiquement d\u00e9velopp\u00e9e pour les entreprises fabricantes de mat\u00e9riaux d\u2019emballage de produits alimentaires, cosm\u00e9tiques, pharmaceutiques et m\u00e9dicaux. La BRC PACKAGING, est donc en vigueur dans tous les pays du monde. C\u00c1PSULAS TORRENT, S. A. COMPA\u00d1\u00cdA DE TAPONES IRRELLENABLES, S.A. HEREDEROS\u2026","_links":{"self":[{"href":"https:\/\/torrentclosures.com\/fr\/wp-json\/wp\/v2\/pages\/52750","targetHints":{"allow":["GET"]}}],"collection":[{"href":"https:\/\/torrentclosures.com\/fr\/wp-json\/wp\/v2\/pages"}],"about":[{"href":"https:\/\/torrentclosures.com\/fr\/wp-json\/wp\/v2\/types\/page"}],"author":[{"embeddable":true,"href":"https:\/\/torrentclosures.com\/fr\/wp-json\/wp\/v2\/users\/3"}],"replies":[{"embeddable":true,"href":"https:\/\/torrentclosures.com\/fr\/wp-json\/wp\/v2\/comments?post=52750"}],"version-history":[{"count":5,"href":"https:\/\/torrentclosures.com\/fr\/wp-json\/wp\/v2\/pages\/52750\/revisions"}],"predecessor-version":[{"id":55053,"href":"https:\/\/torrentclosures.com\/fr\/wp-json\/wp\/v2\/pages\/52750\/revisions\/55053"}],"wp:attachment":[{"href":"https:\/\/torrentclosures.com\/fr\/wp-json\/wp\/v2\/media?parent=52750"}],"curies":[{"name":"wp","href":"https:\/\/api.w.org\/{rel}","templated":true}]}}