{"id":52749,"date":"2020-03-24T11:52:09","date_gmt":"2020-03-24T11:52:09","guid":{"rendered":"http:\/\/new.torrentclosures.com\/?page_id=10247"},"modified":"2026-01-20T12:43:02","modified_gmt":"2026-01-20T11:43:02","slug":"certifications-du-groupe-torrent","status":"publish","type":"page","link":"https:\/\/torrentclosures.com\/fr\/certifications-du-groupe-torrent\/","title":{"rendered":"Certifications du Groupe Torrent"},"content":{"rendered":"\n<p><span style=\"font-weight: 400;\"><a href=\"https:\/\/torrentclosures.com\/fr\/groupe-torrent\/\" target=\"_blank\" rel=\"noreferrer noopener nofollow\">Groupe Torrent<\/a> atteste, gr\u00e2ce \u00e0 ses certifications, sa fa\u00e7on de travailler et de satisfaire les crit\u00e8res, les besoins et les attentes par la planification, l\u2019entretien et l\u2019am\u00e9lioration de l\u2019exercice de ses processus de fa\u00e7on efficace.<\/span><\/p>\n\n\n\n<p><span style=\"font-weight: 400;\">Les certifications du Groupe sont importantes car elles constituent la preuve qu\u2019il respecte les processus internes, qu\u2019il obtient et conserve l\u2019homog\u00e9n\u00e9it\u00e9 des crit\u00e8res, l\u2019am\u00e9lioration constante, le prestige interne, l\u2019employer branding, l\u2019innovation, la r\u00e9duction des co\u00fbts, l\u2019am\u00e9lioration des processus, etc. et marquent l\u2019objectif d\u2019atteindre les niveaux d\u2019exigence n\u00e9cessaires.<\/span><\/p>\n\n\n\n<p><span style=\"font-weight: 400;\">Groupe Torrent b\u00e9n\u00e9ficie aussi de sa propre politique de Certifications avec laquelle il assure le respect des lois, il garantit que ses \u00e9valuations sont objectives et impartiales, il apporte la confiance et la cr\u00e9dibilit\u00e9, met l\u2019accent sur les activit\u00e9s qui ajoutent de la valeur, r\u00e9duit la bureaucratie, renforce l\u2019image de marque, etc.<\/span><br><\/p>\n\n\n\n<h2 class=\"wp-block-heading\"><strong>Politique de certifications du Groupe Torrent<\/strong><\/h2>\n\n\n\n<p><span style=\"font-weight: 400;\"><strong>Groupe Torrent<\/strong>, compos\u00e9 de quatre usines en Espagne, de deux usines en Inde et au Kenya (ATC, TEAL) ainsi que de plusieurs bureaux commerciaux r\u00e9partis dans le monde entier, op\u00e8re dans le secteur de l\u2019emballage en d\u00e9veloppant, concevant, produisant et commercialisant des produits de lithographie, des capsules en aluminium, des bouchons en li\u00e8ge et des bouchons inviolables, ainsi qu\u2019une gamme compl\u00e8te d\u2019accessoires pour l\u2019industrie de l\u2019embouteillage, fournissant les entreprises les plus importantes du secteur.<\/span><\/p>\n\n\n\n<p><span style=\"font-weight: 400;\"><strong>Groupe Torrent garantit, gr\u00e2ce \u00e0 ses certifications (Qualit\u00e9, Environnement et S\u00e9curit\u00e9 Alimentaire),<\/strong> sa mani\u00e8re de travailler et de r\u00e9pondre aux exigences, besoins et attentes de ses clients, en planifiant, en maintenant et en am\u00e9liorant les performances de ses processus de mani\u00e8re efficace et efficiente, toujours orient\u00e9 vers la satisfaction du client \u00e0 travers <strong>l\u2019Excellence, l\u2019Am\u00e9lioration Continue et l\u2019engagement en faveur de la durabilit\u00e9<\/strong>, en proposant des solutions de fermeture aux designs innovants et diff\u00e9renci\u00e9s, en appliquant la Recherche et le D\u00e9veloppement de nouveaux mat\u00e9riaux et composants afin de se positionner comme un leader du secteur, satisfaisant les besoins de ses clients tout en garantissant le respect des exigences l\u00e9gales et r\u00e9glementaires applicables aux produits qu\u2019il con\u00e7oit, fabrique et fournit, le tout avec un impact environnemental minimal dans le cadre de son engagement en faveur de la durabilit\u00e9.<\/span><\/p>\n\n\n\n<p>La mise en \u0153uvre des normes permet l\u2019homog\u00e9n\u00e9it\u00e9 de la fabrication et de la gestion, en d\u00e9passant les attentes au-del\u00e0 des exigences de nos clients, recherchant toujours l\u2019excellence dans la gestion des processus.<\/p>\n\n\n\n<p>Pour atteindre ces objectifs, <strong>le Groupe Torrent a mis en place un Syst\u00e8me de Gestion Int\u00e9gr\u00e9 (SGI) bas\u00e9 sur les normes ISO 9001, ISO 14001, BRC Packaging et FSC (Forest Stewardship Council)<\/strong> et est adh\u00e9rent au sch\u00e9ma OCS Europe.<br><br>L\u2019objectif principal de notre syst\u00e8me de gestion est <strong>L\u2019EXCELLENCE EN MATI\u00c8RE DE GESTION<\/strong>, visant \u00e0 satisfaire nos clients tant internes qu\u2019externes.<\/p>\n\n\n\n<p><strong>Groupe Torrent assume pleinement l\u2019engagement et la responsabilit\u00e9 de d\u00e9finir, mettre en \u0153uvre, diffuser, maintenir et r\u00e9viser la Politique de Gestion Int\u00e9gr\u00e9e<\/strong> afin d\u2019atteindre cet objectif, conform\u00e9ment aux principes suivants :<\/p>\n\n\n\n<ul class=\"wp-block-list listas\">\n<li><span style=\"font-weight: 400;\">Nous sommes adapt\u00e9s \u00e0 la nature, \u00e0 l\u2019ampleur et aux impacts environnementaux de nos activit\u00e9s et produits. Conscients d\u2019occuper une place importante dans la cha\u00eene alimentaire, nous menons un travail continu de pr\u00e9vention, de minimisation, de sensibilisation et d\u2019efficacit\u00e9 environnementale, ax\u00e9 sur l\u2019engagement en faveur de la durabilit\u00e9, avec une utilisation rationnelle et efficace de nos ressources, une gestion foresti\u00e8re responsable, et mesurant et contr\u00f4lant tous nos processus, y compris des actions visant \u00e0 r\u00e9duire les co\u00fbts li\u00e9s \u00e0 la non-qualit\u00e9, ce qui se traduit par une am\u00e9lioration de l\u2019efficacit\u00e9 \u00e9nerg\u00e9tique et de la durabilit\u00e9.<\/span><br><\/li>\n\n\n\n<li>Nous travaillons dans un engagement commun d\u2019am\u00e9lioration continue et d\u2019excellence dans la gestion en mati\u00e8re de culture de la s\u00e9curit\u00e9 et de la qualit\u00e9 alimentaire des produits, d\u2019environnement, de sant\u00e9 et s\u00e9curit\u00e9 au travail, d\u2019efficacit\u00e9 \u00e9nerg\u00e9tique et de recherche et d\u00e9veloppement. Cela nous permet d\u2019am\u00e9liorer nos relations avec les clients, fournisseurs et parties prenantes, offrant des solutions de fermeture innovantes et plus respectueuses de l\u2019environnement, le tout dans un cadre de pr\u00e9vention de la pollution et de r\u00e9duction des risques de dommages personnels pour nos employ\u00e9s, fournisseurs et visiteurs.<br><\/li>\n\n\n\n<li><span style=\"font-weight: 400;\">Nous encourageons la participation et la collaboration de tout le personnel. Nous nous engageons \u00e0 former et \u00e0 qualifier le personnel, afin d\u2019augmenter sa productivit\u00e9 dans tous les aspects qui composent le Syst\u00e8me de Gestion Int\u00e9gr\u00e9, en respectant les exigences fondamentales du travail du FSC.<\/span><br><\/li>\n\n\n\n<li><span style=\"font-weight: 400;\">Nous garantissons l\u2019\u00e9galit\u00e9 de traitement et des chances dans l\u2019emploi et dans les carri\u00e8res, consid\u00e9rant comme une valeur fondamentale l\u2019int\u00e9gration des talents f\u00e9minins dans la r\u00e9alit\u00e9 de l\u2019entreprise. Pour <strong>le Groupe Torrent, l\u2019\u00e9galit\u00e9 effective des chances est une priorit\u00e9<\/strong> dans le cadre de sa politique g\u00e9n\u00e9rale.<\/span><br><\/li>\n<\/ul>\n\n\n\n<p>Pour contribuer \u00e0 la r\u00e9alisation de tous les objectifs fix\u00e9s dans cette politique de certification int\u00e9gr\u00e9e, la Direction G\u00e9n\u00e9rale du <strong>Groupe Torrent met \u00e0 la disposition de l\u2019organisation toutes les ressources n\u00e9cessaires<\/strong>, et fixe une s\u00e9rie d\u2019objectifs pour chacun de nos processus et produits. Groupe Torrent s\u2019assure que ces engagements sont diffus\u00e9s, communiqu\u00e9s et compris par tous les membres de l\u2019organisation et par les parties int\u00e9ress\u00e9es, lorsque cela est appropri\u00e9.<br><br><strong>Jerez de la Frontera, le 15 janvier 2026<\/strong><br><strong>M. Mario Qui\u00f1onero<\/strong><br><strong>Directeur G\u00e9n\u00e9ral du Groupe Torrent<\/strong><\/p>\n\n\n\n<p class=\"has-white-color has-text-color\"><\/p>\n\n\n\n<div class=\"wp-block-buttons is-layout-flex wp-block-buttons-is-layout-flex\">\n<div class=\"wp-block-button boton-torrent\"><a class=\"wp-block-button__link has-white-color has-text-color has-background wp-element-button\" href=\"\/pdf\/Politica-Gestion-Grupo-Torrent.pdf\" style=\"background-color:#cd142c\" target=\"_blank\" rel=\"noreferrer noopener\">T\u00c9L\u00c9CHARGER EN .PDF<\/a><\/div>\n<\/div>\n","protected":false},"excerpt":{"rendered":"<p>Groupe Torrent atteste, gr\u00e2ce \u00e0 ses certifications, sa fa\u00e7on de travailler et de satisfaire les crit\u00e8res, les besoins et les attentes par la planification, l\u2019entretien et l\u2019am\u00e9lioration de l\u2019exercice de ses processus de fa\u00e7on efficace. Les certifications du Groupe sont importantes car elles constituent la preuve qu\u2019il respecte les processus internes, qu\u2019il obtient et conserve &hellip;<\/p>\n","protected":false},"author":3,"featured_media":1041,"parent":0,"menu_order":0,"comment_status":"closed","ping_status":"closed","template":"","meta":{"inline_featured_image":false,"_uag_custom_page_level_css":"","footnotes":""},"class_list":["post-52749","page","type-page","status-publish","has-post-thumbnail","hentry"],"uagb_featured_image_src":{"full":["https:\/\/torrentclosures.com\/wp-content\/uploads\/2018\/10\/ISO22000ES0693711.png",95,80,false],"thumbnail":["https:\/\/torrentclosures.com\/wp-content\/uploads\/2018\/10\/ISO22000ES0693711.png",95,80,false],"medium":["https:\/\/torrentclosures.com\/wp-content\/uploads\/2018\/10\/ISO22000ES0693711.png",95,80,false],"medium_large":["https:\/\/torrentclosures.com\/wp-content\/uploads\/2018\/10\/ISO22000ES0693711.png",95,80,false],"large":["https:\/\/torrentclosures.com\/wp-content\/uploads\/2018\/10\/ISO22000ES0693711.png",95,80,false],"1536x1536":["https:\/\/torrentclosures.com\/wp-content\/uploads\/2018\/10\/ISO22000ES0693711.png",95,80,false],"2048x2048":["https:\/\/torrentclosures.com\/wp-content\/uploads\/2018\/10\/ISO22000ES0693711.png",95,80,false],"gform-image-choice-sm":["https:\/\/torrentclosures.com\/wp-content\/uploads\/2018\/10\/ISO22000ES0693711.png",95,80,false],"gform-image-choice-md":["https:\/\/torrentclosures.com\/wp-content\/uploads\/2018\/10\/ISO22000ES0693711.png",95,80,false],"gform-image-choice-lg":["https:\/\/torrentclosures.com\/wp-content\/uploads\/2018\/10\/ISO22000ES0693711.png",95,80,false]},"uagb_author_info":{"display_name":"Pablo","author_link":"https:\/\/torrentclosures.com\/fr"},"uagb_comment_info":0,"uagb_excerpt":"Groupe Torrent atteste, gr\u00e2ce \u00e0 ses certifications, sa fa\u00e7on de travailler et de satisfaire les crit\u00e8res, les besoins et les attentes par la planification, l\u2019entretien et l\u2019am\u00e9lioration de l\u2019exercice de ses processus de fa\u00e7on efficace. Les certifications du Groupe sont importantes car elles constituent la preuve qu\u2019il respecte les processus internes, qu\u2019il obtient et conserve\u2026","_links":{"self":[{"href":"https:\/\/torrentclosures.com\/fr\/wp-json\/wp\/v2\/pages\/52749","targetHints":{"allow":["GET"]}}],"collection":[{"href":"https:\/\/torrentclosures.com\/fr\/wp-json\/wp\/v2\/pages"}],"about":[{"href":"https:\/\/torrentclosures.com\/fr\/wp-json\/wp\/v2\/types\/page"}],"author":[{"embeddable":true,"href":"https:\/\/torrentclosures.com\/fr\/wp-json\/wp\/v2\/users\/3"}],"replies":[{"embeddable":true,"href":"https:\/\/torrentclosures.com\/fr\/wp-json\/wp\/v2\/comments?post=52749"}],"version-history":[{"count":4,"href":"https:\/\/torrentclosures.com\/fr\/wp-json\/wp\/v2\/pages\/52749\/revisions"}],"predecessor-version":[{"id":55762,"href":"https:\/\/torrentclosures.com\/fr\/wp-json\/wp\/v2\/pages\/52749\/revisions\/55762"}],"wp:featuredmedia":[{"embeddable":true,"href":"https:\/\/torrentclosures.com\/fr\/wp-json\/wp\/v2\/media\/1041"}],"wp:attachment":[{"href":"https:\/\/torrentclosures.com\/fr\/wp-json\/wp\/v2\/media?parent=52749"}],"curies":[{"name":"wp","href":"https:\/\/api.w.org\/{rel}","templated":true}]}}