{"id":52748,"date":"2020-03-24T09:37:55","date_gmt":"2020-03-24T09:37:55","guid":{"rendered":"http:\/\/new.torrentclosures.com\/?page_id=10216"},"modified":"2025-04-16T09:15:17","modified_gmt":"2025-04-16T08:15:17","slug":"developpement-durable","status":"publish","type":"page","link":"https:\/\/torrentclosures.com\/fr\/developpement-durable\/","title":{"rendered":"Durabilit\u00e9"},"content":{"rendered":"\n<div style=\"height:15px\" aria-hidden=\"true\" class=\"wp-block-spacer\"><\/div>\n\n\n\n<div class=\"wp-block-group contenido\"><div class=\"wp-block-group__inner-container is-layout-flow wp-block-group-is-layout-flow\">\n<section class=\"wp-block-uagb-columns uagb-columns__wrap uagb-columns__background-none uagb-columns__stack-mobile uagb-columns__valign- uagb-columns__gap-0 alignwide uagb-block-85b0544e uagb-columns__columns-3 uagb-columns__max_width-custom\"><div class=\"uagb-columns__overlay\"><\/div><div class=\"uagb-columns__inner-wrap uagb-columns__columns-3\">\n<div class=\"wp-block-uagb-column uagb-column__wrap uagb-column__background-undefined uagb-block-a36f9e0e columna3-1\"><div class=\"uagb-column__overlay\"><\/div>\n<h1 class=\"wp-block-heading h1-sos has-text-color has-link-color wp-elements-1d022776e696e425c22ef078c13a9c2f\" style=\"color:#cd152e\"><strong><strong>Soutenabilit\u00e9 <\/strong><\/strong>pour une croissance \u00c9co-responsable<\/h1>\n<\/div>\n\n\n\n<div class=\"wp-block-uagb-column uagb-column__wrap uagb-column__background-undefined uagb-block-ea8ce42e\"><div class=\"uagb-column__overlay\"><\/div>\n<p class=\"has-regular-font-size\">Quand les individus, les entreprises et les institutions parlent de soutenabilit\u00e9, de nombreux sujets et int\u00e9r\u00eats se m\u00e9langent. Chez Grupo Torrent, nous comprenons le d\u00e9veloppement durable comme le processus par lequel les besoins \u00e9conomiques, sociaux, de diversit\u00e9 culturelle et d&#8217;un environnement sain de la g\u00e9n\u00e9ration actuelle sont satisfaits, sans compromettre la capacit\u00e9 des g\u00e9n\u00e9rations futures \u00e0 r\u00e9pondre \u00e0 ces besoins.<\/p>\n<\/div>\n\n\n\n<div class=\"wp-block-uagb-column uagb-column__wrap uagb-column__background-undefined uagb-block-2f9bfe9f columna3-3\"><div class=\"uagb-column__overlay\"><\/div>\n<p class=\"has-regular-font-size\">Cette d\u00e9finition implique un tout. Depuis les petits gestes de recyclage que nous faisons chez nous au quotidien, jusqu&#8217;\u00e0 la production des entreprises ou les actions politiques g\u00e9n\u00e9rant les lois qui nous r\u00e9gissent&#8230; En fin de compte, c&#8217;est un mode de vie dans toute son \u00e9tendue.<\/p>\n<\/div>\n<\/div><\/section>\n\n\n\n<div style=\"height:20px\" aria-hidden=\"true\" class=\"wp-block-spacer uag-hide-desktop\"><\/div>\n\n\n\n<div class=\"wp-block-uagb-container bloque-img-sos uagb-block-fe4f643a alignwide uagb-is-root-container\">\n<h2 class=\"wp-block-heading has-text-align-center h2-img\"><strong><strong>Objectifs de d\u00e9veloppement durable de Grupo Torrent<\/strong><\/strong><\/h2>\n<\/div>\n\n\n\n<div style=\"height:20px\" aria-hidden=\"true\" class=\"wp-block-spacer uag-hide-mob\"><\/div>\n\n\n\n<div style=\"height:35px\" aria-hidden=\"true\" class=\"wp-block-spacer uag-hide-desktop uag-hide-tab\"><\/div>\n\n\n\n<section class=\"wp-block-uagb-columns uagb-columns__wrap uagb-columns__background-none uagb-columns__stack-mobile uagb-columns__valign- uagb-columns__gap-0 alignwide uagb-block-4c448d4f uagb-columns__columns-3 uagb-columns__max_width-custom columna3-sos\"><div class=\"uagb-columns__overlay\"><\/div><div class=\"uagb-columns__inner-wrap uagb-columns__columns-3\">\n<div class=\"wp-block-uagb-column uagb-column__wrap uagb-column__background-undefined uagb-block-4e3085c5 columna3-1\"><div class=\"uagb-column__overlay\"><\/div>\n<h2 class=\"wp-block-heading h2-sos has-text-color has-link-color wp-elements-4433d46cef097eae2ade091a42c78b59\" style=\"color:#cd152e\">Grupo Torrent et la cr\u00e9ation d&#8217;une <strong><strong>culture de soutenabilit\u00e9<\/strong><\/strong><\/h2>\n<\/div>\n\n\n\n<div class=\"wp-block-uagb-column uagb-column__wrap uagb-column__background-undefined uagb-block-2b14449a\"><div class=\"uagb-column__overlay\"><\/div>\n<p class=\"has-regular-font-size\">Ainsi, chez Grupo Torrent, nous avons une vision claire que la soutenabilit\u00e9 est la recherche d&#8217;un \u00e9quilibre entre le d\u00e9veloppement \u00e9conomique, social et la protection de l&#8217;environnement. Cela concerne tant le niveau de l&#8217;entreprise que celui des employ\u00e9s, et nous incluons ici nos familles. Nous avons une responsabilit\u00e9 claire dans ce domaine qui nous affecte tous, et particuli\u00e8rement notre entreprise en raison du type de produit que nous d\u00e9veloppons, que ce soient des bouchons en li\u00e8ge, en aluminium ou en plastique.<\/p>\n<\/div>\n\n\n\n<div class=\"wp-block-uagb-column uagb-column__wrap uagb-column__background-undefined uagb-block-bf698702 columna3-3\"><div class=\"uagb-column__overlay\"><\/div>\n<p class=\"has-regular-font-size\">\u00c9tant donn\u00e9 que c&#8217;est un concept si vaste et \u00e9lev\u00e9, nous utilisons un langage compr\u00e9hensible pour que toute l&#8217;entreprise puisse facilement comprendre la n\u00e9cessit\u00e9 d&#8217;impl\u00e9menter la soutenabilit\u00e9 dans toute son extension et qu&#8217;elle devienne une partie de notre culture d&#8217;entreprise.<\/p>\n<\/div>\n<\/div><\/section>\n\n\n\n<div class=\"wp-block-uagb-separator uagb-block-8766e955 separador-sos\"><div class=\"wp-block-uagb-separator__inner\" style=\"--my-background-image:\"><\/div><\/div>\n\n\n\n<section class=\"wp-block-uagb-columns uagb-columns__wrap uagb-columns__background-none uagb-columns__stack-mobile uagb-columns__valign- uagb-columns__gap-0 alignwide uagb-block-30ceef90 uagb-columns__columns-2 uagb-columns__max_width-custom columna3-sos\"><div class=\"uagb-columns__overlay\"><\/div><div class=\"uagb-columns__inner-wrap uagb-columns__columns-2\">\n<div class=\"wp-block-uagb-column uagb-column__wrap uagb-column__background-undefined uagb-block-c60bc981 columna3-1\"><div class=\"uagb-column__overlay\"><\/div>\n<h2 class=\"wp-block-heading h2-sos has-text-color has-link-color wp-elements-f113e3e58d8380bfb50ce339f827db9c\" style=\"color:#cd152e\"><strong><strong>Strat\u00e9gie d<\/strong><\/strong>&#8216;\u00c9co-responsabilit\u00e9<\/h2>\n\n\n\n<div style=\"height:15px\" aria-hidden=\"true\" class=\"wp-block-spacer\"><\/div>\n\n\n\n<div class=\"wp-block-uagb-image aligncenter uagb-block-fb784c1d wp-block-uagb-image--layout-default wp-block-uagb-image--effect-static wp-block-uagb-image--align-center img-sos\"><figure class=\"wp-block-uagb-image__figure\"><img decoding=\"async\" srcset=\"https:\/\/torrentclosures.com\/wp-content\/uploads\/2025\/03\/eco-img002.jpg ,https:\/\/torrentclosures.com\/wp-content\/uploads\/2025\/03\/eco-img002.jpg 780w, https:\/\/torrentclosures.com\/wp-content\/uploads\/2025\/03\/eco-img002.jpg 360w\" sizes=\"auto, (max-width: 480px) 150px\" src=\"https:\/\/torrentclosures.com\/wp-content\/uploads\/2025\/03\/eco-img002.jpg\" alt=\"eco img002 | Torrent Group Spain\" class=\"uag-image-54039\" width=\"297\" height=\"150\" title=\"eco-img002\" loading=\"lazy\" role=\"img\"\/><\/figure><\/div>\n<\/div>\n\n\n\n<div class=\"wp-block-uagb-column uagb-column__wrap uagb-column__background-undefined uagb-block-9814f509 columna3-3\"><div class=\"uagb-column__overlay\"><\/div>\n<p>Chez Grupo Torrent, nous avons une mission : \u00eatre \u00c9co-responsables.<\/p>\n\n\n\n<p>La soutenabilit\u00e9 est int\u00e9gr\u00e9e dans notre mission d&#8217;entreprise et ne reste pas simplement une d\u00e9claration de principes, mais elle se traduit en pratique par un programme que nous appelons &#8220;\u00c9co-responsabilit\u00e9&#8221;.<\/p>\n\n\n\n<p>\u00c9tant donn\u00e9 l&#8217;ampleur du concept et dans le but de cr\u00e9er un changement continu et transversal, le programme est structur\u00e9 en diff\u00e9rentes zones de travail et initiatives, allant de la conception du produit, la logistique, l&#8217;origine et la certification de nos mati\u00e8res premi\u00e8res, l&#8217;\u00e9nergie que nous utilisons, la sant\u00e9 de nos employ\u00e9s, et bien d&#8217;autres actions allant dans ce sens. Parmi celles-ci, le design du produit, la logistique, l&#8217;origine et la certification de nos mati\u00e8res premi\u00e8res, l&#8217;\u00e9nergie que nous utilisons et la sant\u00e9 de nos employ\u00e9s se distinguent.<\/p>\n\n\n\n<p>Sous notre strat\u00e9gie d&#8217;\u00c9co-responsabilit\u00e9, nous avons d\u00e9j\u00e0 r\u00e9alis\u00e9 de nombreuses actions, mais nous continuons \u00e0 travailler sur de nouveaux projets que nous mettons en \u0153uvre au quotidien. Ceux-ci englobent tout, depuis la conception du produit, la logistique, l&#8217;origine et la certification de nos mati\u00e8res premi\u00e8res, l&#8217;\u00e9nergie que nous utilisons et la sant\u00e9 de nos employ\u00e9s, jusqu&#8217;\u00e0 compl\u00e9ter notre strat\u00e9gie de soutenabilit\u00e9.<\/p>\n<\/div>\n<\/div><\/section>\n\n\n\n<section class=\"wp-block-uagb-columns uagb-columns__wrap uagb-columns__background-none uagb-columns__stack-mobile uagb-columns__valign- uagb-columns__gap-0 alignwide uagb-block-938f7123 uagb-columns__columns-2 uagb-columns__max_width-custom columna3-sos\"><div class=\"uagb-columns__overlay\"><\/div><div class=\"uagb-columns__inner-wrap uagb-columns__columns-2\">\n<div class=\"wp-block-uagb-column uagb-column__wrap uagb-column__background-undefined uagb-block-fbcd4d99 columna3-1\"><div class=\"uagb-column__overlay\"><\/div>\n<h2 class=\"wp-block-heading has-text-color has-link-color wp-elements-0f4cba5dbe256bd3dd36cbcf03116c95\" style=\"color:#cd152e\"><strong>Initiatives \u00c9co-responsables de Grupo Torrent:<\/strong><\/h2>\n<\/div>\n\n\n\n<div class=\"wp-block-uagb-column uagb-column__wrap uagb-column__background-undefined uagb-block-d0e39302\"><div class=\"uagb-column__overlay\"><\/div><\/div>\n<\/div><\/section>\n\n\n\n<div class=\"wp-block-pb-accordion-item c-accordion__item js-accordion-item no-js is-open acordeon-sos acordeon-diseno\" data-initially-open=\"true\" data-click-to-close=\"true\" data-auto-close=\"true\" data-scroll=\"false\" data-scroll-offset=\"0\"><h2 id=\"at-527480\" class=\"c-accordion__title js-accordion-controller\" role=\"button\"><strong><strong>\u00c9coConception<\/strong><\/strong><\/h2><div id=\"ac-527480\" class=\"c-accordion__content\">\n<section class=\"wp-block-uagb-columns uagb-columns__wrap uagb-columns__background-none uagb-columns__stack-mobile uagb-columns__valign- uagb-columns__gap-20 align uagb-block-98e135df uagb-columns__columns-2 uagb-columns__max_width-theme\"><div class=\"uagb-columns__overlay\"><\/div><div class=\"uagb-columns__inner-wrap uagb-columns__columns-2\">\n<div class=\"wp-block-uagb-column uagb-column__wrap uagb-column__background-undefined uagb-block-0a782cf7\"><div class=\"uagb-column__overlay\"><\/div>\n<p>Torrent Innova, notre entreprise exclusivement d\u00e9di\u00e9e \u00e0 l&#8217;activit\u00e9 de R&amp;D, pratique le d\u00e9veloppement de solutions de fermeture durables comme un d\u00e9fi continu. Nous \u00e9levons au maximum les demandes de nos clients en lan\u00e7ant de nouvelles exp\u00e9riences d&#8217;utilisation qui facilitent l&#8217;embouteillage et qui identifient le produit comme exclusif sur le march\u00e9. Cela repr\u00e9sente \u00e9galement une valeur ajout\u00e9e pour le consommateur final.<\/p>\n\n\n\n<p>Pour y parvenir, le design et l&#8217;esth\u00e9tique sont fondamentaux dans le d\u00e9veloppement technologique des fermetures. Gr\u00e2ce aux connaissances techniques n\u00e9cessaires et \u00e0 l&#8217;application des derni\u00e8res technologies, comme la fabrication additive ou la simulation d&#8217;\u00e9l\u00e9ments finis, nous pouvons introduire sur le march\u00e9 des solutions de fermeture uniques.<\/p>\n<\/div>\n\n\n\n<div class=\"wp-block-uagb-column uagb-column__wrap uagb-column__background-undefined uagb-block-c35330ca\"><div class=\"uagb-column__overlay\"><\/div>\n<p>Chez Grupo Torrent, nous travaillons sous la pr\u00e9misse de l&#8217;\u00c9coConception avec l&#8217;objectif d&#8217;am\u00e9liorer le d\u00e9veloppement et la production de nos bouchons. Pour cela, nous avons mis en place les actions suivantes :<\/p>\n\n\n\n<ul class=\"wp-block-list lista-sos\">\n<li>All\u00e8gement des pi\u00e8ces et composants<\/li>\n\n\n\n<li>Utilisation de mat\u00e9riaux monomat\u00e9riaux<\/li>\n\n\n\n<li>Utilisation de mat\u00e9riaux biosourc\u00e9s<\/li>\n\n\n\n<li>Utilisation de mat\u00e9riaux recycl\u00e9s (aluminium recycl\u00e9, carton recycl\u00e9, etc.)<\/li>\n\n\n\n<li>Am\u00e9lioration des processus impliquant l&#8217;efficacit\u00e9 \u00e9nerg\u00e9tique<\/li>\n\n\n\n<li>Optimisation logistique<\/li>\n\n\n\n<li>Fin de vie<\/li>\n<\/ul>\n\n\n\n<ul class=\"wp-block-list lista-sos\">\n<li>Dans la gamme Terra, nous avons \u00e9limin\u00e9 les colles et adh\u00e9sifs dans l&#8217;assemblage des composants, avec une performance identique aux bouchons coll\u00e9s. Le design est plus complexe a priori, mais les b\u00e9n\u00e9fices \u00e0 long terme pour le produit emball\u00e9 et pour l&#8217;environnement sont bien plus importants.<\/li>\n<\/ul>\n\n\n\n<ul class=\"wp-block-list lista-sos\">\n<li>Nous avons \u00e9galement lanc\u00e9 la Green Valve, une vanne monomat\u00e9riau avec un seul composant et mat\u00e9riau qui permet une r\u00e9duction de 10,05 % du CO2.<\/li>\n<\/ul>\n<\/div>\n<\/div><\/section>\n<\/div><\/div>\n\n\n\n<div class=\"wp-block-pb-accordion-item c-accordion__item js-accordion-item no-js acordeon-sos acordeon-procesos\" data-initially-open=\"false\" data-click-to-close=\"true\" data-auto-close=\"true\" data-scroll=\"false\" data-scroll-offset=\"0\"><h2 id=\"at-527481\" class=\"c-accordion__title js-accordion-controller\" role=\"button\"><strong><strong>\u00c9coProcessus<\/strong><\/strong><\/h2><div id=\"ac-527481\" class=\"c-accordion__content\">\n<section class=\"wp-block-uagb-columns uagb-columns__wrap uagb-columns__background-none uagb-columns__stack-mobile uagb-columns__valign- uagb-columns__gap-20 align uagb-block-c72b00b8 uagb-columns__columns-2 uagb-columns__max_width-theme\"><div class=\"uagb-columns__overlay\"><\/div><div class=\"uagb-columns__inner-wrap uagb-columns__columns-2\">\n<div class=\"wp-block-uagb-column uagb-column__wrap uagb-column__background-undefined uagb-block-285bc25f\"><div class=\"uagb-column__overlay\"><\/div>\n<p>Nous r\u00e9alisons de nombreux changements positifs dans nos lignes de processus et continuons de progresser constamment dans leurs am\u00e9liorations. Nous int\u00e9grons de nouvelles technologies pour atteindre une r\u00e9duction majeure de la consommation et impacter le moins possible l&#8217;environnement.<\/p>\n\n\n\n<ul class=\"wp-block-list lista-sos\">\n<li>Chez Grupo Torrent, nous avons mis en place cette ann\u00e9e l&#8217;outil CO2-Tool, qui nous permet de calculer l&#8217;empreinte CO2 de nos produits et de leurs processus de fabrication et de faire des comparaisons dans le d\u00e9veloppement de nouveaux plans. Cet outil nous aide \u00e0 opter pour l&#8217;option ayant le moins d&#8217;impact sur l&#8217;empreinte CO2 et nous pousse \u00e0 choisir des options plus durables bas\u00e9es sur des donn\u00e9es.<br><br>Avec cet outil, nous avons d\u00e9velopp\u00e9 des produits et des processus qui r\u00e9duisent jusqu&#8217;\u00e0 40 % leur empreinte carbone.<\/li>\n<\/ul>\n\n\n\n<ul class=\"wp-block-list lista-sos\">\n<li>Nous d\u00e9veloppons des circuits logistiques sp\u00e9cifiques pour l&#8217;utilisation d&#8217;emballages retournables dans la livraison de marchandises aux clients, dans la mesure o\u00f9 les circonstances le permettent.<\/li>\n<\/ul>\n<\/div>\n\n\n\n<div class=\"wp-block-uagb-column uagb-column__wrap uagb-column__background-undefined uagb-block-57f169c5\"><div class=\"uagb-column__overlay\"><\/div>\n<ul class=\"wp-block-list lista-sos\">\n<li>Nous avons int\u00e9gr\u00e9 de nouvelles injecteurs \u00e0 haute efficacit\u00e9 \u00e9nerg\u00e9tique pour l&#8217;injection des composants de nos fermetures.<\/li>\n<\/ul>\n\n\n\n<ul class=\"wp-block-list lista-sos\">\n<li>Chez Grupo Torrent, nous avons totalement mis en place l&#8217;installation de panneaux solaires dans toutes nos usines de production en Espagne (Jerez de la Frontera et El Puerto de Santa Mar\u00eda) et \u00e0 l&#8217;international, r\u00e9alisant ainsi une r\u00e9duction substantielle de nos \u00e9missions de CO2.<\/li>\n<\/ul>\n\n\n\n<ul class=\"wp-block-list lista-sos\">\n<li>De l&#8217;\u00e9nergie totale consomm\u00e9e par Grupo Torrent, environ 45 % provient de sources renouvelables, avec l&#8217;objectif d&#8217;atteindre 100 % d&#8217;ici 2025.<\/li>\n<\/ul>\n\n\n\n<ul class=\"wp-block-list lista-sos\">\n<li>Nous disposons d&#8217;usines plus productives, efficaces et durables. Nous avons \u00e9largi la capacit\u00e9 de production et install\u00e9 de nouvelles lignes de montage pour les nouveaux d\u00e9veloppements de produits. De plus, nous disposons d&#8217;un entrep\u00f4t auxiliaire qui nous permet d&#8217;optimiser tout le processus logistique du groupe, \u00e9conomisant des transports interm\u00e9diaires et r\u00e9duisant ainsi notre empreinte CO2.<\/li>\n<\/ul>\n\n\n\n<ul class=\"wp-block-list lista-sos\">\n<li>La certification OCS (Operation Clean Sweep), une initiative mondiale de l&#8217;industrie pour r\u00e9duire la perte de granul\u00e9s, est \u00e9galement une r\u00e9alit\u00e9 dans notre groupe d&#8217;entreprises.<\/li>\n<\/ul>\n<\/div>\n<\/div><\/section>\n<\/div><\/div>\n\n\n\n<div class=\"wp-block-pb-accordion-item c-accordion__item js-accordion-item no-js acordeon-sos acordeon-salud\" data-initially-open=\"false\" data-click-to-close=\"true\" data-auto-close=\"true\" data-scroll=\"false\" data-scroll-offset=\"0\"><h2 id=\"at-527482\" class=\"c-accordion__title js-accordion-controller\" role=\"button\"><strong>\u00c9coSant\u00e9<\/strong><\/h2><div id=\"ac-527482\" class=\"c-accordion__content\">\n<section class=\"wp-block-uagb-columns uagb-columns__wrap uagb-columns__background-none uagb-columns__stack-mobile uagb-columns__valign- uagb-columns__gap-20 align uagb-block-ac42e639 uagb-columns__columns-1 uagb-columns__max_width-theme\"><div class=\"uagb-columns__overlay\"><\/div><div class=\"uagb-columns__inner-wrap uagb-columns__columns-1\">\n<div class=\"wp-block-uagb-column uagb-column__wrap uagb-column__background-undefined uagb-block-83f669f4\"><div class=\"uagb-column__overlay\"><\/div>\n<p>Nous pensons \u00e0 la sant\u00e9 de nos professionnels. Pour cela, nous mettons en \u0153uvre des actions qui am\u00e9liorent la qualit\u00e9 de leur vie professionnelle, en int\u00e9grant des technologies de pointe. Nous avons un accord avec Sanitas qui offre une couverture m\u00e9dicale \u00e0 nos employ\u00e9s \u00e0 des prix r\u00e9duits.<\/p>\n<\/div>\n<\/div><\/section>\n<\/div><\/div>\n\n\n\n<div class=\"wp-block-pb-accordion-item c-accordion__item js-accordion-item no-js acordeon-sos acordeon-colaboracion\" data-initially-open=\"false\" data-click-to-close=\"true\" data-auto-close=\"true\" data-scroll=\"false\" data-scroll-offset=\"0\"><h2 id=\"at-527483\" class=\"c-accordion__title js-accordion-controller\" role=\"button\"><strong><strong>\u00c9coCollaboration<\/strong><\/strong><\/h2><div id=\"ac-527483\" class=\"c-accordion__content\">\n<section class=\"wp-block-uagb-columns uagb-columns__wrap uagb-columns__background-none uagb-columns__stack-mobile uagb-columns__valign- uagb-columns__gap-20 align uagb-block-4658f15b uagb-columns__columns-2 uagb-columns__max_width-theme\"><div class=\"uagb-columns__overlay\"><\/div><div class=\"uagb-columns__inner-wrap uagb-columns__columns-2\">\n<div class=\"wp-block-uagb-column uagb-column__wrap uagb-column__background-undefined uagb-block-bc5ca924\"><div class=\"uagb-column__overlay\"><\/div>\n<p>Nous collaborons avec diff\u00e9rentes associations et entit\u00e9s pour \u00e9changer des connaissances et des exp\u00e9riences. Toujours dans le but d&#8217;am\u00e9liorer la durabilit\u00e9, la recyclabilit\u00e9 et la pr\u00e9vention de la fraude des produits n\u00e9cessitant nos bouchons.<\/p>\n\n\n\n<p>Chez Grupo Torrent, comme l&#8217;un de nos objectifs prioritaires, nous travaillons au d\u00e9veloppement de nouveaux mat\u00e9riaux durables permettant la cr\u00e9ation de nouveaux produits ayant le moins d&#8217;impact sur l&#8217;environnement. Pour cela, nous menons des collaborations avec des fournisseurs, des centres technologiques et des universit\u00e9s.<\/p>\n<\/div>\n\n\n\n<div class=\"wp-block-uagb-column uagb-column__wrap uagb-column__background-undefined uagb-block-b7977276\"><div class=\"uagb-column__overlay\"><\/div>\n<p>Le fruit de ces collaborations a \u00e9t\u00e9 le d\u00e9veloppement de BIOCORK, un nouveau mat\u00e9riau biosourc\u00e9, avec l&#8217;ajout de d\u00e9chets de li\u00e8ge issus de notre processus de microgranulation et que nous ajoutons en diff\u00e9rents pourcentages. Ce mat\u00e9riau nous permet de cr\u00e9er une gamme de couleurs naturelles sans n\u00e9cessit\u00e9 d&#8217;ajouter des pigments, offrant une apparence et une texture absolument naturelles. L&#8217;utilisation de ce nouveau mat\u00e9riau nous permet de r\u00e9duire de mani\u00e8re significative l&#8217;empreinte carbone par rapport aux polym\u00e8res conventionnels.<\/p>\n\n\n\n<p>Avec nos fournisseurs, nous continuons \u00e0 travailler sur le d\u00e9veloppement de mat\u00e9riaux biosourc\u00e9s et recycl\u00e9s (aluminium recycl\u00e9, carton recycl\u00e9, etc.). De m\u00eame, nous avons pr\u00e9vu pour cette ann\u00e9e le d\u00e9veloppement d&#8217;encres, de vernis et de pigments biosourc\u00e9s, 100 % exempts de BPA, PFAS, PVC, entre autres.<\/p>\n<\/div>\n<\/div><\/section>\n<\/div><\/div>\n\n\n\n<div class=\"wp-block-pb-accordion-item c-accordion__item js-accordion-item no-js acordeon-sos acordeon-educacion\" data-initially-open=\"false\" data-click-to-close=\"true\" data-auto-close=\"true\" data-scroll=\"false\" data-scroll-offset=\"0\"><h2 id=\"at-527484\" class=\"c-accordion__title js-accordion-controller\" role=\"button\"><strong>\u00c9co\u00c9ducation<\/strong><\/h2><div id=\"ac-527484\" class=\"c-accordion__content\">\n<section class=\"wp-block-uagb-columns uagb-columns__wrap uagb-columns__background-none uagb-columns__stack-mobile uagb-columns__valign- uagb-columns__gap-20 align uagb-block-16b9f2ad uagb-columns__columns-1 uagb-columns__max_width-theme\"><div class=\"uagb-columns__overlay\"><\/div><div class=\"uagb-columns__inner-wrap uagb-columns__columns-1\">\n<div class=\"wp-block-uagb-column uagb-column__wrap uagb-column__background-undefined uagb-block-cb7e37ee\"><div class=\"uagb-column__overlay\"><\/div>\n<p>Nous comprenons que pour devenir une entreprise \u00e9co-responsable, nous ne devons pas seulement mettre en \u0153uvre des changements technologiques et structurels. En outre, nous sommes oblig\u00e9s de nous \u00e9duquer en permanence en tant qu&#8217;entreprise. Et cela implique d&#8217;impliquer tout notre environnement, tant \u00e0 l&#8217;int\u00e9rieur qu&#8217;\u00e0 l&#8217;ext\u00e9rieur de notre entreprise.<\/p>\n<\/div>\n<\/div><\/section>\n<\/div><\/div>\n<\/div><\/div>\n","protected":false},"excerpt":{"rendered":"<p>Soutenabilit\u00e9 pour une croissance \u00c9co-responsable Quand les individus, les entreprises et les institutions parlent de soutenabilit\u00e9, de nombreux sujets et int\u00e9r\u00eats se m\u00e9langent. Chez Grupo Torrent, nous comprenons le d\u00e9veloppement durable comme le processus par lequel les besoins \u00e9conomiques, sociaux, de diversit\u00e9 culturelle et d&#8217;un environnement sain de la g\u00e9n\u00e9ration actuelle sont satisfaits, sans compromettre &hellip;<\/p>\n","protected":false},"author":3,"featured_media":12950,"parent":0,"menu_order":0,"comment_status":"closed","ping_status":"closed","template":"","meta":{"inline_featured_image":false,"_uag_custom_page_level_css":"","footnotes":""},"class_list":["post-52748","page","type-page","status-publish","has-post-thumbnail","hentry"],"uagb_featured_image_src":{"full":["https:\/\/torrentclosures.com\/wp-content\/uploads\/2020\/11\/sostenibilidad_info_es.jpg",2336,1150,false],"thumbnail":["https:\/\/torrentclosures.com\/wp-content\/uploads\/2020\/11\/sostenibilidad_info_es-150x150.jpg",150,150,true],"medium":["https:\/\/torrentclosures.com\/wp-content\/uploads\/2020\/11\/sostenibilidad_info_es-300x300.jpg",300,300,true],"medium_large":["https:\/\/torrentclosures.com\/wp-content\/uploads\/2020\/11\/sostenibilidad_info_es-768x378.jpg",768,378,true],"large":["https:\/\/torrentclosures.com\/wp-content\/uploads\/2020\/11\/sostenibilidad_info_es-1024x504.jpg",1024,504,true],"1536x1536":["https:\/\/torrentclosures.com\/wp-content\/uploads\/2020\/11\/sostenibilidad_info_es-1536x756.jpg",1536,756,true],"2048x2048":["https:\/\/torrentclosures.com\/wp-content\/uploads\/2020\/11\/sostenibilidad_info_es-2048x1008.jpg",2048,1008,true],"gform-image-choice-sm":["https:\/\/torrentclosures.com\/wp-content\/uploads\/2020\/11\/sostenibilidad_info_es.jpg",300,148,false],"gform-image-choice-md":["https:\/\/torrentclosures.com\/wp-content\/uploads\/2020\/11\/sostenibilidad_info_es.jpg",400,197,false],"gform-image-choice-lg":["https:\/\/torrentclosures.com\/wp-content\/uploads\/2020\/11\/sostenibilidad_info_es.jpg",600,295,false]},"uagb_author_info":{"display_name":"Pablo","author_link":"https:\/\/torrentclosures.com\/fr"},"uagb_comment_info":0,"uagb_excerpt":"Soutenabilit\u00e9 pour une croissance \u00c9co-responsable Quand les individus, les entreprises et les institutions parlent de soutenabilit\u00e9, de nombreux sujets et int\u00e9r\u00eats se m\u00e9langent. Chez Grupo Torrent, nous comprenons le d\u00e9veloppement durable comme le processus par lequel les besoins \u00e9conomiques, sociaux, de diversit\u00e9 culturelle et d&#8217;un environnement sain de la g\u00e9n\u00e9ration actuelle sont satisfaits, sans compromettre\u2026","_links":{"self":[{"href":"https:\/\/torrentclosures.com\/fr\/wp-json\/wp\/v2\/pages\/52748","targetHints":{"allow":["GET"]}}],"collection":[{"href":"https:\/\/torrentclosures.com\/fr\/wp-json\/wp\/v2\/pages"}],"about":[{"href":"https:\/\/torrentclosures.com\/fr\/wp-json\/wp\/v2\/types\/page"}],"author":[{"embeddable":true,"href":"https:\/\/torrentclosures.com\/fr\/wp-json\/wp\/v2\/users\/3"}],"replies":[{"embeddable":true,"href":"https:\/\/torrentclosures.com\/fr\/wp-json\/wp\/v2\/comments?post=52748"}],"version-history":[{"count":4,"href":"https:\/\/torrentclosures.com\/fr\/wp-json\/wp\/v2\/pages\/52748\/revisions"}],"predecessor-version":[{"id":54240,"href":"https:\/\/torrentclosures.com\/fr\/wp-json\/wp\/v2\/pages\/52748\/revisions\/54240"}],"wp:featuredmedia":[{"embeddable":true,"href":"https:\/\/torrentclosures.com\/fr\/wp-json\/wp\/v2\/media\/12950"}],"wp:attachment":[{"href":"https:\/\/torrentclosures.com\/fr\/wp-json\/wp\/v2\/media?parent=52748"}],"curies":[{"name":"wp","href":"https:\/\/api.w.org\/{rel}","templated":true}]}}