{"id":52745,"date":"2018-08-15T19:41:12","date_gmt":"2018-08-15T19:41:12","guid":{"rendered":"https:\/\/torrent.pixerama.com\/?page_id=561"},"modified":"2025-03-18T10:08:00","modified_gmt":"2025-03-18T09:08:00","slug":"contactez-nous","status":"publish","type":"page","link":"https:\/\/torrentclosures.com\/fr\/contactez-nous\/","title":{"rendered":"Contactez-nous"},"content":{"rendered":"\n<p><\/p>\n\n\n\n<p><br>Si vous le souhaitez, vous pouvez nous envoyer un message en utilisant le formulaire de contact. Si vous pr\u00e9f\u00e9rez nous joindre de mani\u00e8re plus sp\u00e9cifique, vous trouverez ci-dessous toutes les donn\u00e9es de contact disponibles.<br><br><\/p>\n\n\n\n\n\n<p><\/p>\n\n\n\n<p><\/p>\n","protected":false},"excerpt":{"rendered":"<p>Si vous le souhaitez, vous pouvez nous envoyer un message en utilisant le formulaire de contact. Si vous pr\u00e9f\u00e9rez nous joindre de mani\u00e8re plus sp\u00e9cifique, vous trouverez ci-dessous toutes les donn\u00e9es de contact disponibles.<\/p>\n","protected":false},"author":3,"featured_media":0,"parent":0,"menu_order":0,"comment_status":"closed","ping_status":"closed","template":"","meta":{"inline_featured_image":false,"_uag_custom_page_level_css":"","footnotes":""},"class_list":["post-52745","page","type-page","status-publish","hentry"],"uagb_featured_image_src":{"full":false,"thumbnail":false,"medium":false,"medium_large":false,"large":false,"1536x1536":false,"2048x2048":false,"gform-image-choice-sm":false,"gform-image-choice-md":false,"gform-image-choice-lg":false},"uagb_author_info":{"display_name":"Pablo","author_link":"https:\/\/torrentclosures.com\/fr"},"uagb_comment_info":0,"uagb_excerpt":"Si vous le souhaitez, vous pouvez nous envoyer un message en utilisant le formulaire de contact. Si vous pr\u00e9f\u00e9rez nous joindre de mani\u00e8re plus sp\u00e9cifique, vous trouverez ci-dessous toutes les donn\u00e9es de contact disponibles.","_links":{"self":[{"href":"https:\/\/torrentclosures.com\/fr\/wp-json\/wp\/v2\/pages\/52745","targetHints":{"allow":["GET"]}}],"collection":[{"href":"https:\/\/torrentclosures.com\/fr\/wp-json\/wp\/v2\/pages"}],"about":[{"href":"https:\/\/torrentclosures.com\/fr\/wp-json\/wp\/v2\/types\/page"}],"author":[{"embeddable":true,"href":"https:\/\/torrentclosures.com\/fr\/wp-json\/wp\/v2\/users\/3"}],"replies":[{"embeddable":true,"href":"https:\/\/torrentclosures.com\/fr\/wp-json\/wp\/v2\/comments?post=52745"}],"version-history":[{"count":1,"href":"https:\/\/torrentclosures.com\/fr\/wp-json\/wp\/v2\/pages\/52745\/revisions"}],"predecessor-version":[{"id":53305,"href":"https:\/\/torrentclosures.com\/fr\/wp-json\/wp\/v2\/pages\/52745\/revisions\/53305"}],"wp:attachment":[{"href":"https:\/\/torrentclosures.com\/fr\/wp-json\/wp\/v2\/media?parent=52745"}],"curies":[{"name":"wp","href":"https:\/\/api.w.org\/{rel}","templated":true}]}}