{"id":52741,"date":"2020-07-07T11:08:27","date_gmt":"2020-07-07T11:08:27","guid":{"rendered":"https:\/\/new.torrentclosures.com\/?page_id=10659"},"modified":"2025-04-30T09:35:34","modified_gmt":"2025-04-30T08:35:34","slug":"bouchon-pilfer-stelcap-pour-conditions-de-logistique-extremes-fr","status":"publish","type":"page","link":"https:\/\/torrentclosures.com\/fr\/bouchon-pilfer-stelcap-pour-conditions-de-logistique-extremes-fr\/","title":{"rendered":"Bouchon Pilfer \/ Stelcap-fr"},"content":{"rendered":"\n<figure class=\"wp-block-image alignfull size-large\"><img loading=\"lazy\" decoding=\"async\" width=\"1024\" height=\"294\" src=\"\/wp-content\/uploads\/sites\/3\/2020\/11\/Cabeceras_Vino-1024x294.jpg\" alt=\"Tap\u00f3n pilfer para vino | Grupo Torrent\" class=\"wp-image-12766\" title=\"| Grupo Torrent Espa\u00f1a\" srcset=\"https:\/\/torrentclosures.com\/wp-content\/uploads\/2020\/11\/Cabeceras_Vino-1024x294.jpg 1024w, https:\/\/torrentclosures.com\/wp-content\/uploads\/2020\/11\/Cabeceras_Vino-768x220.jpg 768w, https:\/\/torrentclosures.com\/wp-content\/uploads\/2020\/11\/Cabeceras_Vino-700x201.jpg 700w, https:\/\/torrentclosures.com\/wp-content\/uploads\/2020\/11\/Cabeceras_Vino.jpg 1500w\" sizes=\"auto, (max-width: 1024px) 100vw, 1024px\" \/><\/figure>\n\n\n\n<div class=\"wp-block-group contenido\"><div class=\"wp-block-group__inner-container is-layout-flow wp-block-group-is-layout-flow\">\n<h1 class=\"page-title wp-block-heading\"><br>Bouchon Pilfer \/ Stelcap pour conditions de logistique extr\u00eames<\/h1>\n\n\n\n<p><span style=\"font-weight: 400;\">Le goulot de la bouteille en verre Pilfer\/Stelcap, est une option \u00e0 la demande croissante dans le secteur du vin. Ce syst\u00e8me de conditionnement, o\u00f9 interviennent la bouteille, le bouchon, le disque et son application correcte gr\u00e2ce \u00e0 une t\u00eate \u00e0 vis, d\u00e9passe les conditions logistiques les plus pouss\u00e9es, ce qui garantit l\u2019int\u00e9grit\u00e9 du produit jusqu\u2019\u00e0 sa consommation.<\/span><\/p>\n\n\n\n<p><span style=\"font-weight: 400;\">Pour ce packaging, nous disposons de la plus grande vari\u00e9t\u00e9 de bouchons en fonction des diff\u00e9rentes hauteurs et mesures r\u00e9glementaires, ainsi que des disques \u00e0 la demande du client ou du produit \u00e0 conditionner. Nous disposons de disques et de bouchons adapt\u00e9s pour les vins tranquilles, g\u00e9n\u00e9reux et l\u00e9g\u00e8rement p\u00e9tillants (jusqu\u2019\u00e0 5at). Tous les bouchons peuvent \u00eatre d\u00e9cor\u00e9s pour plus d\u2019impact en rayon, ce qui influencera la d\u00e9cision d\u2019achat du consommateur. La finition en m\u00e9tal pr\u00e9sente une valeur ajout\u00e9e plus importante.<\/span><br><br><\/p>\n\n\n\n<h2 class=\"wp-block-heading\"><strong>Bouchon Pilfer \u2013 Stelcap pour un march\u00e9 fortement comp\u00e9titif<\/strong><\/h2>\n\n\n\n<p><span style=\"font-weight: 400;\">Le march\u00e9 du vin, exige une grande rapidit\u00e9 dans le d\u00e9veloppement de produits et optimise la qualit\u00e9 de la d\u00e9coration comme valeur distinctive et d\u2019achat du produit. Chez Torrent, la qualit\u00e9 et l\u2019int\u00e9gration de tous les processus de d\u00e9coration, ainsi qu\u2019un service sp\u00e9cialis\u00e9 en design et pr\u00e9-impression, nous permettent de r\u00e9pondre aux demandes les plus exigeantes et de cro\u00eetre en valeur sur un march\u00e9 fortement comp\u00e9titif.<\/span><\/p>\n\n\n\n<p><span style=\"font-weight: 400;\">Techniquement, le bouchon est compos\u00e9 d\u2019une capsule en aluminium obtenue par emboutissage simple. Gr\u00e2ce \u00e0 son design complexe, il soutient m\u00e9caniquement le disque qui repr\u00e9sente le cachet du packaging et indique la premi\u00e8re ouverture gr\u00e2ce \u00e0 la d\u00e9chirure des points pr\u00e9d\u00e9coup\u00e9s. Cet assemblage permet la s\u00e9paration des mat\u00e9riaux qui du fait de leur composition sont recyclables. L\u2019aluminium que nous obtenons chez notre fournisseur est issu \u00e0 au moins 90 % de mat\u00e9riaux recycl\u00e9s, en partie de source externe et en partie de leurs propres processus. Finalement, nos disques ne contiennent pas de PVDC, conform\u00e9ment aux derni\u00e8res exigences du march\u00e9.<\/span><br><br><br><\/p>\n<\/div><\/div>\n\n\n\n<figure class=\"wp-block-gallery alignfull has-nested-images columns-4 is-cropped galeria1 wp-block-gallery-1 is-layout-flex wp-block-gallery-is-layout-flex\">\n<figure class=\"wp-block-image size-full\"><img loading=\"lazy\" decoding=\"async\" width=\"1200\" height=\"638\" data-id=\"12738\" src=\"\/wp-content\/uploads\/sites\/3\/2020\/11\/Galeria_Vino_07.jpg\" alt=\"| Grupo Torrent Espa\u00f1a\" class=\"wp-image-12738\" title=\"| Grupo Torrent Espa\u00f1a\" srcset=\"https:\/\/torrentclosures.com\/wp-content\/uploads\/2020\/11\/Galeria_Vino_07.jpg 1200w, https:\/\/torrentclosures.com\/wp-content\/uploads\/2020\/11\/Galeria_Vino_07-1024x544.jpg 1024w, https:\/\/torrentclosures.com\/wp-content\/uploads\/2020\/11\/Galeria_Vino_07-768x408.jpg 768w, https:\/\/torrentclosures.com\/wp-content\/uploads\/2020\/11\/Galeria_Vino_07-700x372.jpg 700w\" sizes=\"auto, (max-width: 1200px) 100vw, 1200px\" \/><\/figure>\n\n\n\n<figure class=\"wp-block-image size-full\"><img loading=\"lazy\" decoding=\"async\" width=\"1200\" height=\"638\" data-id=\"12734\" src=\"\/wp-content\/uploads\/sites\/3\/2020\/11\/Galeria_Vino_06.jpg\" alt=\"| Grupo Torrent Espa\u00f1a\" class=\"wp-image-12734\" title=\"| Grupo Torrent Espa\u00f1a\" srcset=\"https:\/\/torrentclosures.com\/wp-content\/uploads\/2020\/11\/Galeria_Vino_06.jpg 1200w, https:\/\/torrentclosures.com\/wp-content\/uploads\/2020\/11\/Galeria_Vino_06-1024x544.jpg 1024w, https:\/\/torrentclosures.com\/wp-content\/uploads\/2020\/11\/Galeria_Vino_06-768x408.jpg 768w, https:\/\/torrentclosures.com\/wp-content\/uploads\/2020\/11\/Galeria_Vino_06-700x372.jpg 700w\" sizes=\"auto, (max-width: 1200px) 100vw, 1200px\" \/><\/figure>\n\n\n\n<figure class=\"wp-block-image size-full\"><img loading=\"lazy\" decoding=\"async\" width=\"1200\" height=\"638\" data-id=\"12730\" src=\"\/wp-content\/uploads\/sites\/3\/2020\/11\/Galeria_Vino_05.jpg\" alt=\"| Grupo Torrent Espa\u00f1a\" class=\"wp-image-12730\" title=\"| Grupo Torrent Espa\u00f1a\" srcset=\"https:\/\/torrentclosures.com\/wp-content\/uploads\/2020\/11\/Galeria_Vino_05.jpg 1200w, https:\/\/torrentclosures.com\/wp-content\/uploads\/2020\/11\/Galeria_Vino_05-1024x544.jpg 1024w, https:\/\/torrentclosures.com\/wp-content\/uploads\/2020\/11\/Galeria_Vino_05-768x408.jpg 768w, https:\/\/torrentclosures.com\/wp-content\/uploads\/2020\/11\/Galeria_Vino_05-700x372.jpg 700w\" sizes=\"auto, (max-width: 1200px) 100vw, 1200px\" \/><\/figure>\n\n\n\n<figure class=\"wp-block-image size-full\"><img loading=\"lazy\" decoding=\"async\" width=\"1200\" height=\"638\" data-id=\"12724\" src=\"\/wp-content\/uploads\/sites\/3\/2020\/11\/Galeria_Vino_04.jpg\" alt=\"| Grupo Torrent Espa\u00f1a\" class=\"wp-image-12724\" title=\"| Grupo Torrent Espa\u00f1a\" srcset=\"https:\/\/torrentclosures.com\/wp-content\/uploads\/2020\/11\/Galeria_Vino_04.jpg 1200w, https:\/\/torrentclosures.com\/wp-content\/uploads\/2020\/11\/Galeria_Vino_04-1024x544.jpg 1024w, https:\/\/torrentclosures.com\/wp-content\/uploads\/2020\/11\/Galeria_Vino_04-768x408.jpg 768w, https:\/\/torrentclosures.com\/wp-content\/uploads\/2020\/11\/Galeria_Vino_04-700x372.jpg 700w\" sizes=\"auto, (max-width: 1200px) 100vw, 1200px\" \/><\/figure>\n\n\n\n<figure class=\"wp-block-image size-full\"><img loading=\"lazy\" decoding=\"async\" width=\"1200\" height=\"638\" data-id=\"12722\" src=\"\/wp-content\/uploads\/sites\/3\/2020\/11\/Galeria_Vino_03.jpg\" alt=\"| Grupo Torrent Espa\u00f1a\" class=\"wp-image-12722\" title=\"| Grupo Torrent Espa\u00f1a\" srcset=\"https:\/\/torrentclosures.com\/wp-content\/uploads\/2020\/11\/Galeria_Vino_03.jpg 1200w, https:\/\/torrentclosures.com\/wp-content\/uploads\/2020\/11\/Galeria_Vino_03-1024x544.jpg 1024w, https:\/\/torrentclosures.com\/wp-content\/uploads\/2020\/11\/Galeria_Vino_03-768x408.jpg 768w, https:\/\/torrentclosures.com\/wp-content\/uploads\/2020\/11\/Galeria_Vino_03-700x372.jpg 700w\" sizes=\"auto, (max-width: 1200px) 100vw, 1200px\" \/><\/figure>\n\n\n\n<figure class=\"wp-block-image size-full\"><img loading=\"lazy\" decoding=\"async\" width=\"1200\" height=\"638\" data-id=\"12718\" src=\"\/wp-content\/uploads\/sites\/3\/2020\/11\/Galeria_Vino_02.jpg\" alt=\"| Grupo Torrent Espa\u00f1a\" class=\"wp-image-12718\" title=\"| Grupo Torrent Espa\u00f1a\" srcset=\"https:\/\/torrentclosures.com\/wp-content\/uploads\/2020\/11\/Galeria_Vino_02.jpg 1200w, https:\/\/torrentclosures.com\/wp-content\/uploads\/2020\/11\/Galeria_Vino_02-1024x544.jpg 1024w, https:\/\/torrentclosures.com\/wp-content\/uploads\/2020\/11\/Galeria_Vino_02-768x408.jpg 768w, https:\/\/torrentclosures.com\/wp-content\/uploads\/2020\/11\/Galeria_Vino_02-700x372.jpg 700w\" sizes=\"auto, (max-width: 1200px) 100vw, 1200px\" \/><\/figure>\n\n\n\n<figure class=\"wp-block-image size-full\"><img loading=\"lazy\" decoding=\"async\" width=\"1200\" height=\"638\" data-id=\"12714\" src=\"\/wp-content\/uploads\/sites\/3\/2020\/11\/Galeria_Vino_01.jpg\" alt=\"| Grupo Torrent Espa\u00f1a\" class=\"wp-image-12714\" title=\"| Grupo Torrent Espa\u00f1a\" srcset=\"https:\/\/torrentclosures.com\/wp-content\/uploads\/2020\/11\/Galeria_Vino_01.jpg 1200w, https:\/\/torrentclosures.com\/wp-content\/uploads\/2020\/11\/Galeria_Vino_01-1024x544.jpg 1024w, https:\/\/torrentclosures.com\/wp-content\/uploads\/2020\/11\/Galeria_Vino_01-768x408.jpg 768w, https:\/\/torrentclosures.com\/wp-content\/uploads\/2020\/11\/Galeria_Vino_01-700x372.jpg 700w\" sizes=\"auto, (max-width: 1200px) 100vw, 1200px\" \/><\/figure>\n<\/figure>\n","protected":false},"excerpt":{"rendered":"<p>Bouchon Pilfer \/ Stelcap pour conditions de logistique extr\u00eames Le goulot de la bouteille en verre Pilfer\/Stelcap, est une option \u00e0 la demande croissante dans le secteur du vin. Ce syst\u00e8me de conditionnement, o\u00f9 interviennent la bouteille, le bouchon, le disque et son application correcte gr\u00e2ce \u00e0 une t\u00eate \u00e0 vis, d\u00e9passe les conditions logistiques &hellip;<\/p>\n","protected":false},"author":3,"featured_media":12763,"parent":0,"menu_order":0,"comment_status":"closed","ping_status":"closed","template":"","meta":{"inline_featured_image":false,"_uag_custom_page_level_css":"","footnotes":""},"class_list":["post-52741","page","type-page","status-publish","has-post-thumbnail","hentry"],"uagb_featured_image_src":{"full":["https:\/\/torrentclosures.com\/wp-content\/uploads\/2020\/11\/Cabeceras_Vino.jpg",1500,430,false],"thumbnail":["https:\/\/torrentclosures.com\/wp-content\/uploads\/2020\/11\/Cabeceras_Vino-150x150.jpg",150,150,true],"medium":["https:\/\/torrentclosures.com\/wp-content\/uploads\/2020\/11\/Cabeceras_Vino-300x300.jpg",300,300,true],"medium_large":["https:\/\/torrentclosures.com\/wp-content\/uploads\/2020\/11\/Cabeceras_Vino-768x220.jpg",768,220,true],"large":["https:\/\/torrentclosures.com\/wp-content\/uploads\/2020\/11\/Cabeceras_Vino-1024x294.jpg",1024,294,true],"1536x1536":["https:\/\/torrentclosures.com\/wp-content\/uploads\/2020\/11\/Cabeceras_Vino.jpg",1500,430,false],"2048x2048":["https:\/\/torrentclosures.com\/wp-content\/uploads\/2020\/11\/Cabeceras_Vino.jpg",1500,430,false],"gform-image-choice-sm":["https:\/\/torrentclosures.com\/wp-content\/uploads\/2020\/11\/Cabeceras_Vino.jpg",300,86,false],"gform-image-choice-md":["https:\/\/torrentclosures.com\/wp-content\/uploads\/2020\/11\/Cabeceras_Vino.jpg",400,115,false],"gform-image-choice-lg":["https:\/\/torrentclosures.com\/wp-content\/uploads\/2020\/11\/Cabeceras_Vino.jpg",600,172,false]},"uagb_author_info":{"display_name":"Pablo","author_link":"https:\/\/torrentclosures.com\/fr"},"uagb_comment_info":0,"uagb_excerpt":"Bouchon Pilfer \/ Stelcap pour conditions de logistique extr\u00eames Le goulot de la bouteille en verre Pilfer\/Stelcap, est une option \u00e0 la demande croissante dans le secteur du vin. Ce syst\u00e8me de conditionnement, o\u00f9 interviennent la bouteille, le bouchon, le disque et son application correcte gr\u00e2ce \u00e0 une t\u00eate \u00e0 vis, d\u00e9passe les conditions logistiques\u2026","_links":{"self":[{"href":"https:\/\/torrentclosures.com\/fr\/wp-json\/wp\/v2\/pages\/52741","targetHints":{"allow":["GET"]}}],"collection":[{"href":"https:\/\/torrentclosures.com\/fr\/wp-json\/wp\/v2\/pages"}],"about":[{"href":"https:\/\/torrentclosures.com\/fr\/wp-json\/wp\/v2\/types\/page"}],"author":[{"embeddable":true,"href":"https:\/\/torrentclosures.com\/fr\/wp-json\/wp\/v2\/users\/3"}],"replies":[{"embeddable":true,"href":"https:\/\/torrentclosures.com\/fr\/wp-json\/wp\/v2\/comments?post=52741"}],"version-history":[{"count":1,"href":"https:\/\/torrentclosures.com\/fr\/wp-json\/wp\/v2\/pages\/52741\/revisions"}],"predecessor-version":[{"id":54409,"href":"https:\/\/torrentclosures.com\/fr\/wp-json\/wp\/v2\/pages\/52741\/revisions\/54409"}],"wp:featuredmedia":[{"embeddable":true,"href":"https:\/\/torrentclosures.com\/fr\/wp-json\/wp\/v2\/media\/12763"}],"wp:attachment":[{"href":"https:\/\/torrentclosures.com\/fr\/wp-json\/wp\/v2\/media?parent=52741"}],"curies":[{"name":"wp","href":"https:\/\/api.w.org\/{rel}","templated":true}]}}