{"id":52740,"date":"2020-07-05T14:45:39","date_gmt":"2020-07-05T14:45:39","guid":{"rendered":"https:\/\/new.torrentclosures.com\/?page_id=10635"},"modified":"2025-07-29T13:47:57","modified_gmt":"2025-07-29T12:47:57","slug":"bouchons-pour-vin","status":"publish","type":"page","link":"https:\/\/torrentclosures.com\/fr\/bouchons-pour-vin\/","title":{"rendered":"Bouchons pour vin"},"content":{"rendered":"\n<div class=\"wp-block-group contenido\"><div class=\"wp-block-group__inner-container is-layout-constrained wp-block-group-is-layout-constrained\">\n<div style=\"height:20px\" aria-hidden=\"true\" class=\"wp-block-spacer\"><\/div>\n\n\n\n<div class=\"wp-block-uagb-container seccion-img-texto uagb-block-0f5fb391 default uagb-is-root-container\">\n<div class=\"wp-block-uagb-container bloque-texto uagb-block-de434ccc\">\n<div style=\"height:10px\" aria-hidden=\"true\" class=\"wp-block-spacer\"><\/div>\n\n\n\n<h1 class=\"wp-block-heading page-title titular-producto titular-no-justificado\">Bouchons pour vin: Pilfer<\/h1>\n\n\n\n<p>Les <strong>bouchons<\/strong> pour bouteilles en verre Pilfer, est l\u2019option qui se d\u00e9marque le plus dans le secteur du vin en termes de volume d\u2019exportation. En raison des caract\u00e9ristiques de ce syst\u00e8me de packaging, le bouchon, le disque et son application correcte gr\u00e2ce \u00e0 une t\u00eate \u00e0 vis, permettent \u00e0 ce type de bouchage de surmonter les conditions logistiques les plus extr\u00eames. Il nous permet donc de garantir l\u2019int\u00e9grit\u00e9 du vin jusqu\u2019\u00e0 sa consommation, tout en conservant son ar\u00f4me et son go\u00fbt. <strong>De plus, ce type de bouchage pour vin permet une oxyg\u00e9nation contr\u00f4l\u00e9e et garantit la <\/strong><a href=\"https:\/\/fr.wikipedia.org\/wiki\/Propri%C3%A9t%C3%A9_organoleptique\" target=\"_blank\" rel=\"noopener\">neutralit\u00e9 organoleptique<\/a><strong>.<\/strong><\/p>\n\n\n\n<p>La bague de la <a href=\"https:\/\/fr.wikipedia.org\/wiki\/Bouteille\" target=\"_blank\" rel=\"noopener\">bouteille en verre<\/a> <strong>Pilfer, est une option \u00e0 la demande croissante dans le secteur du vin<\/strong>. Ce syst\u00e8me de conditionnement, o\u00f9 interviennent la bouteille, le bouchon, le disque et son application correcte gr\u00e2ce \u00e0 une t\u00eate \u00e0 vis, r\u00e9siste aux conditions logistiques extr\u00eames, ce qui garantit l\u2019int\u00e9grit\u00e9 du produit jusqu\u2019\u00e0 sa consommation.<\/p>\n<\/div>\n\n\n\n<div class=\"wp-block-uagb-container uagb-block-7849b457\">\n<div class=\"wp-block-uagb-image uagb-block-c4248833 wp-block-uagb-image--layout-default wp-block-uagb-image--effect-static wp-block-uagb-image--align-none\"><figure class=\"wp-block-uagb-image__figure\"><img decoding=\"async\" srcset=\"https:\/\/torrentclosures.com\/wp-content\/uploads\/2025\/03\/image022_v2.png ,https:\/\/torrentclosures.com\/wp-content\/uploads\/2025\/03\/image022_v2.png 780w, https:\/\/torrentclosures.com\/wp-content\/uploads\/2025\/03\/image022_v2.png 360w\" sizes=\"auto, (max-width: 480px) 150px\" src=\"https:\/\/torrentclosures.com\/wp-content\/uploads\/2025\/03\/image022_v2.png\" alt=\"| Grupo Torrent Espa\u00f1a\" class=\"uag-image-53962\" width=\"1000\" height=\"350\" title=\"image022_v2\" loading=\"lazy\" role=\"img\"><\/figure><\/div>\n<\/div>\n<\/div>\n\n\n\n<p>Chez <strong>Groupe Torrent<\/strong>, nous disposons de la plus grande vari\u00e9t\u00e9 de bouchons en fonction des diff\u00e9rentes hauteurs et mesures, ainsi que des disques \u00e0 la demande du client ou du produit \u00e0 conditionner. Nous disposons de disques et de bouchons adapt\u00e9s pour les vins tranquilles, g\u00e9n\u00e9reux et l\u00e9g\u00e8rement p\u00e9tillants (jusqu\u2019\u00e0 5at).<\/p>\n\n\n\n<p>Tous les bouchons de vin de Groupe Torrent peuvent \u00eatre d\u00e9cor\u00e9s. Il est important de souligner que les techniques de d\u00e9coration que nous employons ont une empreinte carbone minimum. Ainsi, nous faisons un pas en avant en mati\u00e8re de <a href=\"https:\/\/torrentclosures.com\/fr\/developpement-durable\/\">durabilit\u00e9 et de recyclabilit\u00e9<\/a> de nos produits. Nous conseillons nos clients pour que leurs bouchons soient durables.<\/p>\n\n\n\n<p>Chez <strong>Groupe Torrent<\/strong>, nous savons parfaitement que dans le secteur du vin, il est indispensable de proposer des solutions novatrices. C\u2019est pourquoi l\u2019innovation et la qualit\u00e9 de la d\u00e9coration de nos bouchages pour vins jouent un r\u00f4le primordial. \u00c0 cet \u00e9gard, gr\u00e2ce \u00e0 notre service sp\u00e9cialis\u00e9 dans la conception et la pr\u00e9-impression, nous r\u00e9pondons aux attentes les plus exigeantes de nos clients.<\/p>\n\n\n\n<div style=\"height:30px\" aria-hidden=\"true\" class=\"wp-block-spacer\"><\/div>\n<\/div><\/div>\n\n\n\n<div class=\"wp-block-uagb-container seccion-img-texto uagb-block-8eaaf2f9 alignfull uagb-is-root-container\">\n<div class=\"wp-block-uagb-container uagb-block-1d46528d\">\n<div class=\"wp-block-uagb-image uagb-block-e2eff01a wp-block-uagb-image--layout-default wp-block-uagb-image--effect-static wp-block-uagb-image--align-none\"><figure class=\"wp-block-uagb-image__figure\"><img decoding=\"async\" srcset=\"https:\/\/torrentclosures.com\/wp-content\/uploads\/2025\/03\/La_Guita_V3.png ,https:\/\/torrentclosures.com\/wp-content\/uploads\/2025\/03\/La_Guita_V3.png 780w, https:\/\/torrentclosures.com\/wp-content\/uploads\/2025\/03\/La_Guita_V3.png 360w\" sizes=\"auto, (max-width: 480px) 150px\" src=\"https:\/\/torrentclosures.com\/wp-content\/uploads\/2025\/03\/La_Guita_V3.png\" alt=\"| Grupo Torrent Espa\u00f1a\" class=\"uag-image-53965\" width=\"885\" height=\"350\" title=\"La_Guita_V3\" loading=\"lazy\" role=\"img\"><\/figure><\/div>\n<\/div>\n\n\n\n<div class=\"wp-block-uagb-container bloque-texto contenido texto-deg uagb-block-d50f007a\">\n<div style=\"height:30px\" aria-hidden=\"true\" class=\"wp-block-spacer uag-hide-mob\"><\/div>\n\n\n\n<h2 class=\"wp-block-heading titulo-gradiante titular-no-justificado\">Bouchon Pilfer pour vin sur un march\u00e9 fortement comp\u00e9titif<\/h2>\n\n\n\n<p>Le march\u00e9 du vin, exige une grande rapidit\u00e9 dans le d\u00e9veloppement de produits et optimise la <a href=\"https:\/\/torrentclosures.com\/fr\/des-finitions-et-des-textures\/\">qualit\u00e9 de la d\u00e9coration<\/a> comme valeur distinctive et d&#8217;achat du produit.&nbsp;<br><br>Techniquement, le bouchon Pilfer pour vin est compos\u00e9 d&#8217;une capsule en aluminium obtenue par emboutissage simple. Gr\u00e2ce \u00e0 son design complexe, il soutient m\u00e9caniquement le disque qui repr\u00e9sente le cachet du packaging et indique la premi\u00e8re ouverture gr\u00e2ce \u00e0 la d\u00e9chirure des points pr\u00e9d\u00e9coup\u00e9s. Cet assemblage permet la s\u00e9paration des mat\u00e9riaux qui par leur composition sont recyclables.&nbsp;<\/p>\n\n\n\n<div style=\"height:30px\" aria-hidden=\"true\" class=\"wp-block-spacer uag-hide-mob\"><\/div>\n<\/div>\n<\/div>\n\n\n\n<div class=\"wp-block-group contenido\"><div class=\"wp-block-group__inner-container is-layout-constrained wp-block-group-is-layout-constrained\">\n<div style=\"height:20px\" aria-hidden=\"true\" class=\"wp-block-spacer\"><\/div>\n\n\n\n<p>L&#8217;aluminium que nous obtenons chez notre fournisseur est issu \u00e0 au moins 90 % de mat\u00e9riaux recycl\u00e9s, en partie de source externe et en partie de leurs propres processus. Finalement, nos disques ne contiennent pas de PVDC, conform\u00e9ment aux derni\u00e8res exigences du march\u00e9.<\/p>\n\n\n\n<div style=\"height:10px\" aria-hidden=\"true\" class=\"wp-block-spacer\"><\/div>\n\n\n\n<h2 class=\"wp-block-heading titular-no-justificado\">Bouchons pour vin en mat\u00e9riaux recycl\u00e9s<\/h2>\n\n\n\n<p>L&#8217;aluminium que nous obtenons chez notre fournisseur pour la fabrication de nos <strong>bouchons pour vin<\/strong> est compos\u00e9 d\u2019au moins 90 % de mat\u00e9riaux recycl\u00e9s, en partie de source externe et en partie de leurs propres processus. <strong>Nos disques ne contiennent pas de<\/strong> <a href=\"https:\/\/en.wikipedia.org\/wiki\/Polyvinylidene_chloride\" target=\"_blank\" rel=\"noreferrer noopener\">Polychlorure de vinylid\u00e8ne<\/a> (PVDC) conform\u00e9ment aux derni\u00e8res exigences du march\u00e9 en mati\u00e8re de respect de l\u2019environnement.<\/p>\n\n\n\n<div style=\"height:20px\" aria-hidden=\"true\" class=\"wp-block-spacer\"><\/div>\n\n\n\n<div class=\"wp-block-group\"><div class=\"wp-block-group__inner-container is-layout-constrained wp-block-group-is-layout-constrained\">\n<div style=\"height:70px\" aria-hidden=\"true\" class=\"wp-block-spacer uag-hide-mob\"><\/div>\n\n\n\n<div style=\"height:50px\" aria-hidden=\"true\" class=\"wp-block-spacer uag-hide-desktop uag-hide-tab\"><\/div>\n\n\n\n<h2 class=\"wp-block-heading titulo-earth\" style=\"padding-bottom:var(--wp--preset--spacing--50)\">Questions fr\u00e9quemment pos\u00e9es sur bouchons pour vin<\/h2>\n\n\n\n<div class=\"wp-block-pb-accordion-item c-accordion__item js-accordion-item no-js is-open acordeon\" data-initially-open=\"true\" data-click-to-close=\"true\" data-auto-close=\"true\" data-scroll=\"false\" data-scroll-offset=\"0\"><h3 id=\"at-527400\" class=\"c-accordion__title js-accordion-controller\" role=\"button\">Quels types de bouchons pour bouteilles de vin propose Torrent Closures?<\/h3><div id=\"ac-527400\" class=\"c-accordion__content\">\n<p>Grupo Torrent offre une large gamme de fermetures de bouteilles de vin, con\u00e7ues pour garantir la qualit\u00e9 du produit, la conservation et la pr\u00e9sentation. Leurs solutions comprennent des bouchons \u00e0 vis en aluminium, id\u00e9aux pour les vins tranquilles et effervescents, ainsi que des fermetures offrant diff\u00e9rents niveaux de personnalisation esth\u00e9tique. Ces fermetures de bouteilles sont compatibles avec les goulots de bouteilles standard et aident \u00e0 maintenir les propri\u00e9t\u00e9s du vin pendant son stockage et sa consommation, ce qui en fait une option fonctionnelle et visuellement attrayante.<\/p>\n<\/div><\/div>\n\n\n\n<div class=\"wp-block-pb-accordion-item c-accordion__item js-accordion-item no-js acordeon\" data-initially-open=\"false\" data-click-to-close=\"true\" data-auto-close=\"true\" data-scroll=\"false\" data-scroll-offset=\"0\"><h3 id=\"at-527401\" class=\"c-accordion__title js-accordion-controller\" role=\"button\">Quel est le meilleur bouchon pour le vin si je souhaite faire ressortir ma marque ?<\/h3><div id=\"ac-527401\" class=\"c-accordion__content\">\n<p>Si vous souhaitez que votre marque se distingue, la solution id\u00e9ale consiste \u00e0 allier fonctionnalit\u00e9 et personnalisation esth\u00e9tique. Les fermetures de bouteilles de vin de Grupo Torrent permettent l&#8217;int\u00e9gration des couleurs d&#8217;entreprise, des logos, des finitions m\u00e9talliques, des textures ou des estampages, renfor\u00e7ant ainsi l&#8217;identit\u00e9 visuelle du produit. De plus, elles offrent des syst\u00e8mes de fermeture s\u00e9curis\u00e9s et pratiques, am\u00e9liorant l&#8217;exp\u00e9rience du consommateur. Choisir des fermetures de bouteilles de vin personnalis\u00e9es est essentiel pour se d\u00e9marquer sur un march\u00e9 comp\u00e9titif et projeter une image haut de gamme.<\/p>\n<\/div><\/div>\n\n\n\n<div class=\"wp-block-pb-accordion-item c-accordion__item js-accordion-item no-js acordeon\" data-initially-open=\"false\" data-click-to-close=\"true\" data-auto-close=\"true\" data-scroll=\"false\" data-scroll-offset=\"0\"><h3 id=\"at-527402\" class=\"c-accordion__title js-accordion-controller\" role=\"button\">Quels avantages les bouchons en aluminium offrent-ils par rapport aux bouchons en li\u00e8ge?<\/h3><div id=\"ac-527402\" class=\"c-accordion__content\">\n<p>Les bouchons en aluminium pr\u00e9sentent des avantages significatifs par rapport au bouchon traditionnel, en termes de s\u00e9curit\u00e9, d&#8217;hygi\u00e8ne et de constance. Contrairement au bouchon, la fermeture en aluminium emp\u00eache les probl\u00e8mes tels que la contamination par les TCA (go\u00fbt de bouchon) et garantit une uniformit\u00e9 dans chaque bouteille. De plus, ces fermetures permettent une ouverture plus facile, une meilleure conservation une fois ouvertes et une conception ext\u00e9rieure enti\u00e8rement personnalisable. Pour les marques recherchant l&#8217;innovation et le contr\u00f4le de la qualit\u00e9, la fermeture en aluminium est une option moderne et efficace.<\/p>\n<\/div><\/div>\n\n\n\n<div class=\"wp-block-pb-accordion-item c-accordion__item js-accordion-item no-js acordeon\" data-initially-open=\"false\" data-click-to-close=\"true\" data-auto-close=\"true\" data-scroll=\"false\" data-scroll-offset=\"0\"><h3 id=\"at-527403\" class=\"c-accordion__title js-accordion-controller\" role=\"button\">Les bouchons \u00e0 vis conviennent-ils aux vins de qualit\u00e9?<\/h3><div id=\"ac-527403\" class=\"c-accordion__content\">\n<p>Oui, les bouchons \u00e0 vis sont parfaitement adapt\u00e9s aux vins de qualit\u00e9. Loin de leur ancienne image, aujourd&#8217;hui ils sont une solution avanc\u00e9e qui garantit un sceau herm\u00e9tique, pr\u00e9serve les ar\u00f4mes et permet un service pratique et pratique. Les bouchons \u00e0 vis sont utilis\u00e9s pour les vins jeunes, blancs, ros\u00e9s et effervescents. De plus, leur polyvalence permet \u00e0 la fermeture de vin de s&#8217;adapter au positionnement et au style de chaque marque.<\/p>\n<\/div><\/div>\n\n\n\n<div class=\"wp-block-pb-accordion-item c-accordion__item js-accordion-item no-js acordeon\" data-initially-open=\"false\" data-click-to-close=\"true\" data-auto-close=\"true\" data-scroll=\"false\" data-scroll-offset=\"0\"><h3 id=\"at-527404\" class=\"c-accordion__title js-accordion-controller\" role=\"button\">Les bouchons pour bouteilles de vin peuvent-ils \u00eatre personnalis\u00e9s?<\/h3><div id=\"ac-527404\" class=\"c-accordion__content\">\n<p>Oui, les fermetures de bouteilles de vin de Torrent Closures peuvent \u00eatre enti\u00e8rement personnalis\u00e9es pour correspondre \u00e0 l&#8217;identit\u00e9 visuelle de chaque marque. Vous pouvez choisir parmi une large gamme de couleurs, de finitions m\u00e9talliques, d&#8217;estampages, d&#8217;impression s\u00e9rigraphique et de logos. Cette personnalisation am\u00e9liore non seulement la pr\u00e9sentation du produit, mais renforce \u00e9galement son positionnement sur le march\u00e9. Les fermetures de bouteilles personnalis\u00e9es se d\u00e9marquent sur les \u00e9tag\u00e8res et dans les diff\u00e9rents secteurs, alliant conception, fonctionnalit\u00e9 et protection du contenu.<\/p>\n<\/div><\/div>\n\n\n\n<div class=\"wp-block-pb-accordion-item c-accordion__item js-accordion-item no-js acordeon\" data-initially-open=\"false\" data-click-to-close=\"true\" data-auto-close=\"true\" data-scroll=\"false\" data-scroll-offset=\"0\"><h3 id=\"at-527405\" class=\"c-accordion__title js-accordion-controller\" role=\"button\">Quel bouchon pour le vin est le plus recommand\u00e9 pour l&#8217;exportation?<\/h3><div id=\"ac-527405\" class=\"c-accordion__content\">\n<p>Pour l&#8217;export, la fermeture de bouteille de vin la plus recommand\u00e9e est le bouchon \u00e0 vis en aluminium, en raison de sa fiabilit\u00e9, de sa s\u00e9curit\u00e9 et de sa facilit\u00e9 d&#8217;ouverture. Ce type de fermeture garantit un sceau herm\u00e9tique qui maintient les propri\u00e9t\u00e9s du vin intactes lors de longs voyages et des changements de temp\u00e9rature. De plus, il emp\u00eache les probl\u00e8mes de contamination tels que le TCA (go\u00fbt de bouchon) et est compatible avec les lignes de mise en bouteille automatis\u00e9es.<\/p>\n<\/div><\/div>\n\n\n\n<div class=\"wp-block-pb-accordion-item c-accordion__item js-accordion-item no-js acordeon\" data-initially-open=\"false\" data-click-to-close=\"true\" data-auto-close=\"true\" data-scroll=\"false\" data-scroll-offset=\"0\"><h3 id=\"at-527406\" class=\"c-accordion__title js-accordion-controller\" role=\"button\">Comment puis-je demander des bouchons de vin sur mesure?<\/h3><div id=\"ac-527406\" class=\"c-accordion__content\">\n<p>Demander des fermetures de bouteilles personnalis\u00e9es est simple via <a href=\"https:\/\/torrentclosures.com\/fr\/\" data-type=\"page\" data-id=\"52727\">le site web<\/a> de Grupo Torrent ou par email \u00e0 <a href=\"mailto:comercial@torrentclosures.com\">comercial@torrentclosures.com<\/a>. Il suffit de contacter leur \u00e9quipe de vente via le formulaire de contact pour recevoir des conseils personnalis\u00e9s. Que vous recherchiez des fermetures de bouteilles exclusives, des sp\u00e9cifications techniques sp\u00e9cifiques ou des solutions adapt\u00e9es \u00e0 l&#8217;export, Grupo Torrent offre des fermetures flexibles, s\u00e9curis\u00e9es et esth\u00e9tiquement attrayantes pour toutes sortes de fermetures de bouteilles de vin.<\/p>\n<\/div><\/div>\n\n\n\n<div style=\"height:70px\" aria-hidden=\"true\" class=\"wp-block-spacer\"><\/div>\n<\/div><\/div>\n\n\n\n<div class=\"wp-block-columns is-layout-flex wp-container-core-columns-is-layout-9d6595d7 wp-block-columns-is-layout-flex\">\n<div class=\"wp-block-column is-layout-flow wp-block-column-is-layout-flow\" style=\"flex-basis:100%\">\n<div class=\"wp-block-columns is-layout-flex wp-container-core-columns-is-layout-9d6595d7 wp-block-columns-is-layout-flex\">\n<div class=\"wp-block-column is-layout-flow wp-block-column-is-layout-flow\" style=\"flex-basis:100%\">\n<div class=\"wp-block-columns alignfull are-vertically-aligned-center is-layout-flex wp-container-core-columns-is-layout-9d6595d7 wp-block-columns-is-layout-flex\">\n<div class=\"wp-block-column is-vertically-aligned-center is-layout-flow wp-block-column-is-layout-flow\" style=\"flex-basis:100%\">\n<figure class=\"wp-block-gallery aligncenter has-nested-images columns-3 is-cropped galeria-productos wp-block-gallery-1 is-layout-flex wp-block-gallery-is-layout-flex\">\n<figure class=\"wp-block-image size-large\"><img loading=\"lazy\" decoding=\"async\" width=\"1024\" height=\"691\" data-id=\"53177\" src=\"https:\/\/torrentclosures.com\/wp-content\/uploads\/2023\/07\/Galeria_Licores_Principal_02v2-1024x691.png\" alt=\"| Grupo Torrent Espa\u00f1a\" class=\"wp-image-53177\" title=\"| Grupo Torrent Espa\u00f1a\" srcset=\"https:\/\/torrentclosures.com\/wp-content\/uploads\/2023\/07\/Galeria_Licores_Principal_02v2-1024x691.png 1024w, https:\/\/torrentclosures.com\/wp-content\/uploads\/2023\/07\/Galeria_Licores_Principal_02v2-768x518.png 768w, https:\/\/torrentclosures.com\/wp-content\/uploads\/2023\/07\/Galeria_Licores_Principal_02v2.png 1040w\" sizes=\"auto, (max-width: 1024px) 100vw, 1024px\" \/><\/figure>\n\n\n\n<figure class=\"wp-block-image size-large\"><img loading=\"lazy\" decoding=\"async\" width=\"1024\" height=\"690\" data-id=\"53176\" src=\"https:\/\/torrentclosures.com\/wp-content\/uploads\/2023\/07\/Galeria_Licores_Principal_01v2-1024x690.png\" alt=\"| Grupo Torrent Espa\u00f1a\" class=\"wp-image-53176\" title=\"| Grupo Torrent Espa\u00f1a\" srcset=\"https:\/\/torrentclosures.com\/wp-content\/uploads\/2023\/07\/Galeria_Licores_Principal_01v2-1024x690.png 1024w, https:\/\/torrentclosures.com\/wp-content\/uploads\/2023\/07\/Galeria_Licores_Principal_01v2-768x517.png 768w, https:\/\/torrentclosures.com\/wp-content\/uploads\/2023\/07\/Galeria_Licores_Principal_01v2.png 1036w\" sizes=\"auto, (max-width: 1024px) 100vw, 1024px\" \/><\/figure>\n\n\n\n<figure class=\"wp-block-image size-full\"><img loading=\"lazy\" decoding=\"async\" width=\"1024\" height=\"683\" data-id=\"53969\" src=\"https:\/\/torrentclosures.com\/wp-content\/uploads\/2025\/03\/image020-01-1024x683-1.png\" alt=\"| Grupo Torrent Espa\u00f1a\" class=\"wp-image-53969\" title=\"| Grupo Torrent Espa\u00f1a\" srcset=\"https:\/\/torrentclosures.com\/wp-content\/uploads\/2025\/03\/image020-01-1024x683-1.png 1024w, https:\/\/torrentclosures.com\/wp-content\/uploads\/2025\/03\/image020-01-1024x683-1-768x512.png 768w\" sizes=\"auto, (max-width: 1024px) 100vw, 1024px\" \/><\/figure>\n\n\n\n<figure class=\"wp-block-image size-full\"><img loading=\"lazy\" decoding=\"async\" width=\"768\" height=\"409\" data-id=\"53972\" src=\"https:\/\/torrentclosures.com\/wp-content\/uploads\/2025\/03\/Vino-deco-01-768x409-1.png\" alt=\"| Grupo Torrent Espa\u00f1a\" class=\"wp-image-53972\" title=\"| Grupo Torrent Espa\u00f1a\"><\/figure>\n\n\n\n<figure class=\"wp-block-image size-full\"><img loading=\"lazy\" decoding=\"async\" width=\"768\" height=\"412\" data-id=\"53975\" src=\"https:\/\/torrentclosures.com\/wp-content\/uploads\/2025\/03\/MGL8518-Bodegon-30x60-02-768x412-1.png\" alt=\"| Grupo Torrent Espa\u00f1a\" class=\"wp-image-53975\" title=\"| Grupo Torrent Espa\u00f1a\"><\/figure>\n\n\n\n<figure class=\"wp-block-image size-full\"><img loading=\"lazy\" decoding=\"async\" width=\"768\" height=\"411\" data-id=\"53978\" src=\"https:\/\/torrentclosures.com\/wp-content\/uploads\/2025\/03\/image010-3-768x411-1.png\" alt=\"| Grupo Torrent Espa\u00f1a\" class=\"wp-image-53978\" title=\"| Grupo Torrent Espa\u00f1a\"><\/figure>\n<\/figure>\n<\/div>\n<\/div>\n<\/div>\n<\/div>\n<\/div>\n<\/div>\n<\/div><\/div>\n","protected":false},"excerpt":{"rendered":"<p>Bouchons pour vin: Pilfer Les bouchons pour bouteilles en verre Pilfer, est l\u2019option qui se d\u00e9marque le plus dans le secteur du vin en termes de volume d\u2019exportation. En raison des caract\u00e9ristiques de ce syst\u00e8me de packaging, le bouchon, le disque et son application correcte gr\u00e2ce \u00e0 une t\u00eate \u00e0 vis, permettent \u00e0 ce type &hellip;<\/p>\n","protected":false},"author":3,"featured_media":13142,"parent":0,"menu_order":0,"comment_status":"closed","ping_status":"closed","template":"","meta":{"inline_featured_image":false,"_uag_custom_page_level_css":"","footnotes":""},"class_list":["post-52740","page","type-page","status-publish","has-post-thumbnail","hentry"],"uagb_featured_image_src":{"full":["https:\/\/torrentclosures.com\/wp-content\/uploads\/2020\/12\/Cabecera_Vino_Principal.jpg",1500,430,false],"thumbnail":["https:\/\/torrentclosures.com\/wp-content\/uploads\/2020\/12\/Cabecera_Vino_Principal-150x150.jpg",150,150,true],"medium":["https:\/\/torrentclosures.com\/wp-content\/uploads\/2020\/12\/Cabecera_Vino_Principal-300x300.jpg",300,300,true],"medium_large":["https:\/\/torrentclosures.com\/wp-content\/uploads\/2020\/12\/Cabecera_Vino_Principal-768x220.jpg",768,220,true],"large":["https:\/\/torrentclosures.com\/wp-content\/uploads\/2020\/12\/Cabecera_Vino_Principal-1024x294.jpg",1024,294,true],"1536x1536":["https:\/\/torrentclosures.com\/wp-content\/uploads\/2020\/12\/Cabecera_Vino_Principal.jpg",1500,430,false],"2048x2048":["https:\/\/torrentclosures.com\/wp-content\/uploads\/2020\/12\/Cabecera_Vino_Principal.jpg",1500,430,false],"gform-image-choice-sm":["https:\/\/torrentclosures.com\/wp-content\/uploads\/2020\/12\/Cabecera_Vino_Principal.jpg",300,86,false],"gform-image-choice-md":["https:\/\/torrentclosures.com\/wp-content\/uploads\/2020\/12\/Cabecera_Vino_Principal.jpg",400,115,false],"gform-image-choice-lg":["https:\/\/torrentclosures.com\/wp-content\/uploads\/2020\/12\/Cabecera_Vino_Principal.jpg",600,172,false]},"uagb_author_info":{"display_name":"Pablo","author_link":"https:\/\/torrentclosures.com\/fr"},"uagb_comment_info":0,"uagb_excerpt":"Bouchons pour vin: Pilfer Les bouchons pour bouteilles en verre Pilfer, est l\u2019option qui se d\u00e9marque le plus dans le secteur du vin en termes de volume d\u2019exportation. En raison des caract\u00e9ristiques de ce syst\u00e8me de packaging, le bouchon, le disque et son application correcte gr\u00e2ce \u00e0 une t\u00eate \u00e0 vis, permettent \u00e0 ce type\u2026","_links":{"self":[{"href":"https:\/\/torrentclosures.com\/fr\/wp-json\/wp\/v2\/pages\/52740","targetHints":{"allow":["GET"]}}],"collection":[{"href":"https:\/\/torrentclosures.com\/fr\/wp-json\/wp\/v2\/pages"}],"about":[{"href":"https:\/\/torrentclosures.com\/fr\/wp-json\/wp\/v2\/types\/page"}],"author":[{"embeddable":true,"href":"https:\/\/torrentclosures.com\/fr\/wp-json\/wp\/v2\/users\/3"}],"replies":[{"embeddable":true,"href":"https:\/\/torrentclosures.com\/fr\/wp-json\/wp\/v2\/comments?post=52740"}],"version-history":[{"count":4,"href":"https:\/\/torrentclosures.com\/fr\/wp-json\/wp\/v2\/pages\/52740\/revisions"}],"predecessor-version":[{"id":55039,"href":"https:\/\/torrentclosures.com\/fr\/wp-json\/wp\/v2\/pages\/52740\/revisions\/55039"}],"wp:featuredmedia":[{"embeddable":true,"href":"https:\/\/torrentclosures.com\/fr\/wp-json\/wp\/v2\/media\/13142"}],"wp:attachment":[{"href":"https:\/\/torrentclosures.com\/fr\/wp-json\/wp\/v2\/media?parent=52740"}],"curies":[{"name":"wp","href":"https:\/\/api.w.org\/{rel}","templated":true}]}}