{"id":52739,"date":"2020-07-05T14:40:49","date_gmt":"2020-07-05T14:40:49","guid":{"rendered":"https:\/\/new.torrentclosures.com\/?page_id=10628"},"modified":"2025-07-29T13:40:17","modified_gmt":"2025-07-29T12:40:17","slug":"bouchon-pilfer-liqueurs","status":"publish","type":"page","link":"https:\/\/torrentclosures.com\/fr\/bouchon-pilfer-liqueurs\/","title":{"rendered":"Bouchon Pilfer pour liqueurs et spiritueux"},"content":{"rendered":"\n<div class=\"wp-block-group contenido\"><div class=\"wp-block-group__inner-container is-layout-flow wp-block-group-is-layout-flow\">\n<div class=\"wp-block-uagb-container seccion-img-texto uagb-block-60cb2b6c default uagb-is-root-container\">\n<div class=\"wp-block-uagb-container uagb-block-0b520c63\">\n<div style=\"height:20px\" aria-hidden=\"true\" class=\"wp-block-spacer\"><\/div>\n\n\n\n<h1 class=\"wp-block-heading page-title titular-producto titular-no-justificado\">Bouchon Pilfer pour liqueurs et spiritueux<\/h1>\n\n\n\n<p>La bague de la bouteille en verre Pilfer, est l\u2019option que la plupart des conditionneurs de liqueurs et de <a href=\"https:\/\/fr.wikipedia.org\/wiki\/Boisson_alcoolis%C3%A9e\" target=\"_blank\" rel=\"noreferrer noopener\">spiritueux choisissent<\/a>. Ce syst\u00e8me de conditionnement, o\u00f9 interviennent la bouteille, le bouchon verseur et son application correcte gr\u00e2ce \u00e0 une t\u00eate \u00e0 vis, d\u00e9passe les conditions logistiques les plus pouss\u00e9es, ce qui garantit l\u2019int\u00e9grit\u00e9 du produit jusqu\u2019\u00e0 sa consommation.<\/p>\n\n\n\n<p>Pour ce packaging, nous disposons de la plus grande vari\u00e9t\u00e9 de bouchons Pilfer en fonction des diff\u00e9rentes hauteurs et mesures r\u00e9glementaires et de la demande du client ou de l&#8217;exp\u00e9rience recherch\u00e9e par le consommateur. Ils peuvent tous \u00eatre d\u00e9cor\u00e9s pour obtenir plus d\u2019impact en rayon et pour influencer la d\u00e9cision d&#8217;achat du consommateur. Sa finition en m\u00e9tal transmet une valeur ajout\u00e9e plus importante.<\/p>\n<\/div>\n\n\n\n<div class=\"wp-block-uagb-container uagb-block-6838a107\">\n<div class=\"wp-block-uagb-image alignright uagb-block-23ad9524 wp-block-uagb-image--layout-default wp-block-uagb-image--effect-static wp-block-uagb-image--align-right img-seccion img-ancho-der\"><figure class=\"wp-block-uagb-image__figure\"><img decoding=\"async\" srcset=\"https:\/\/torrentclosures.com\/wp-content\/uploads\/2025\/03\/ps_licores-01.png ,https:\/\/torrentclosures.com\/wp-content\/uploads\/2025\/03\/ps_licores-01.png 780w, https:\/\/torrentclosures.com\/wp-content\/uploads\/2025\/03\/ps_licores-01.png 360w\" sizes=\"auto, (max-width: 480px) 150px\" src=\"https:\/\/torrentclosures.com\/wp-content\/uploads\/2025\/03\/ps_licores-01.png\" alt=\"| Grupo Torrent Espa\u00f1a\" class=\"uag-image-53933\" width=\"868\" height=\"717\" title=\"ps_licores-01\" loading=\"lazy\" role=\"img\"><\/figure><\/div>\n<\/div>\n<\/div>\n\n\n\n<div class=\"wp-block-uagb-container seccion-img-texto uagb-block-68d9738f default uagb-is-root-container\">\n<div class=\"wp-block-uagb-container uagb-block-db424a4f\">\n<div class=\"wp-block-uagb-image alignleft uagb-block-55d41b20 wp-block-uagb-image--layout-default wp-block-uagb-image--effect-static wp-block-uagb-image--align-left img-seccion\"><figure class=\"wp-block-uagb-image__figure\"><img decoding=\"async\" srcset=\"https:\/\/torrentclosures.com\/wp-content\/uploads\/2025\/03\/le_tapones_02-e1711115850488.jpg ,https:\/\/torrentclosures.com\/wp-content\/uploads\/2025\/03\/le_tapones_02-e1711115850488.jpg 780w, https:\/\/torrentclosures.com\/wp-content\/uploads\/2025\/03\/le_tapones_02-e1711115850488.jpg 360w\" sizes=\"auto, (max-width: 480px) 150px\" src=\"https:\/\/torrentclosures.com\/wp-content\/uploads\/2025\/03\/le_tapones_02-e1711115850488.jpg\" alt=\"| Grupo Torrent Espa\u00f1a\" class=\"uag-image-52554\" width=\"750\" height=\"569\" title=\"le_tapones_02-e1711115850488\" loading=\"lazy\" role=\"img\"><\/figure><\/div>\n<\/div>\n\n\n\n<div class=\"wp-block-uagb-container bloque-texto uagb-block-42297b2f\">\n<h2 class=\"wp-block-heading titular-no-justificado\">Bouchons Pilfer qui permettent d\u2019optimiser l\u2019exp\u00e9rience d\u2019utilisation<\/h2>\n\n\n\n<p>Les diff\u00e9rents styles de <strong>bouchon Pilfer <\/strong>permettent d\u2019obtenir plusieurs d\u00e9bits, <a href=\"https:\/\/torrentclosures.com\/fr\/bouchons-non-remplissables-groupe-torrent\/\">de garantir le non-remplissage<\/a> ou d\u2019optimiser le contr\u00f4le, tout en am\u00e9liorant l&#8217;exp\u00e9rience du consommateur ce qui aura un impact sur sa d\u00e9cision de renouveler l&#8217;achat.<\/p>\n\n\n\n<p>L&#8217;utilisation prolong\u00e9e ce ces emballages fait que le consommateur multiplie son interaction avec son produit. Chez <a href=\"https:\/\/torrentclosures.com\/fr\/groupe-torrent\/\">Groupe Torrent<\/a>, nous garantissons la fonctionnalit\u00e9 de la bouteille et nous optimisons l&#8217;exp\u00e9rience d\u2019utilisation. Chez Torrent nous avons l\u2019habitude de dire que nous sommes confront\u00e9s \u00e0 plus de 150 moments de v\u00e9rit\u00e9.<\/p>\n<\/div>\n<\/div>\n\n\n\n<div class=\"wp-block-uagb-container seccion-img-texto uagb-block-ccb7aef1 default uagb-is-root-container\">\n<div class=\"wp-block-uagb-container bloque-texto uagb-block-9cada67d\">\n<div style=\"height:20px\" aria-hidden=\"true\" class=\"wp-block-spacer\"><\/div>\n\n\n\n<h2 class=\"wp-block-heading\">Bouchon Pilfer  sur un march\u00e9 comp\u00e9titif<\/h2>\n\n\n\n<p>Chez Torrent, la qualit\u00e9 et l\u2019int\u00e9gration de tous les processus de d\u00e9coration, ainsi qu\u2019un <a href=\"https:\/\/torrentclosures.com\/fr\/torrent-innova\/\">service sp\u00e9cialis\u00e9 en design et pr\u00e9-impression<\/a>, nous permettent de r\u00e9pondre aux demandes les plus exigeantes et de cro\u00eetre en valeur sur un march\u00e9 fortement comp\u00e9titif.<\/p>\n\n\n\n<p>Techniquement, le <strong>bouchon verseur<\/strong> est compos\u00e9 d&#8217;une capsule en aluminium obtenue par emboutissage simple. Gr\u00e2ce \u00e0 son design complexe, il soutient m\u00e9caniquement l&#8217;ensemble obturateur-verseur et indique la premi\u00e8re ouverture gr\u00e2ce \u00e0 la d\u00e9chirure des points pr\u00e9d\u00e9coup\u00e9s. Cet assemblage, sans colle, permet la s\u00e9paration des mat\u00e9riaux qui, de par leur composition en aluminium et poly\u00e9thyl\u00e8ne, sont recyclables. L&#8217;aluminium que nous obtenons chez notre fournisseur est issu \u00e0 au moins 90 % de mat\u00e9riaux recycl\u00e9s, en partie de source externe et en partie de leurs propres processus.<\/p>\n<\/div>\n\n\n\n<div class=\"wp-block-uagb-container uagb-block-411fa70f\">\n<div class=\"wp-block-uagb-image alignright uagb-block-ce1b18f0 wp-block-uagb-image--layout-default wp-block-uagb-image--effect-static wp-block-uagb-image--align-right img-seccion\"><figure class=\"wp-block-uagb-image__figure\"><img decoding=\"async\" srcset=\"https:\/\/torrentclosures.com\/wp-content\/uploads\/2025\/03\/puerto_indias_v2-1.jpg ,https:\/\/torrentclosures.com\/wp-content\/uploads\/2025\/03\/puerto_indias_v2-1.jpg 780w, https:\/\/torrentclosures.com\/wp-content\/uploads\/2025\/03\/puerto_indias_v2-1.jpg 360w\" sizes=\"auto, (max-width: 480px) 150px\" src=\"https:\/\/torrentclosures.com\/wp-content\/uploads\/2025\/03\/puerto_indias_v2-1.jpg\" alt=\"| Grupo Torrent Espa\u00f1a\" class=\"uag-image-52557\" width=\"883\" height=\"553\" title=\"puerto_indias_v2 (1)\" loading=\"lazy\" role=\"img\"><\/figure><\/div>\n<\/div>\n<\/div>\n\n\n\n<div style=\"height:20px\" aria-hidden=\"true\" class=\"wp-block-spacer\"><\/div>\n\n\n\n<div class=\"wp-block-group\"><div class=\"wp-block-group__inner-container is-layout-constrained wp-block-group-is-layout-constrained\">\n<div style=\"height:40px\" aria-hidden=\"true\" class=\"wp-block-spacer\"><\/div>\n\n\n\n<h2 class=\"wp-block-heading titulo-earth\" style=\"padding-bottom:var(--wp--preset--spacing--50)\">Questions fr\u00e9quemment pos\u00e9es sur bouchon Pilfer pour liqueurs et spiritueux<\/h2>\n\n\n\n<div class=\"wp-block-pb-accordion-item c-accordion__item js-accordion-item no-js is-open acordeon\" data-initially-open=\"true\" data-click-to-close=\"true\" data-auto-close=\"true\" data-scroll=\"false\" data-scroll-offset=\"0\"><h3 id=\"at-527390\" class=\"c-accordion__title js-accordion-controller\" role=\"button\">Qu\u2019est-ce qu\u2019un bouchon Pilfer et pourquoi est-il id\u00e9al pour les liqueurs et spiritueux?<\/h3><div id=\"ac-527390\" class=\"c-accordion__content\">\n<p>Un bouchon Pilfer est un syst\u00e8me de fermeture hautement technique, dot\u00e9 d\u2019une technologie d\u2019inviolabilit\u00e9, con\u00e7u pour garantir l\u2019authenticit\u00e9 et la s\u00e9curit\u00e9 des liqueurs et spiritueux. Ce type de bouchon emp\u00eache tout remplissage une fois ouvert, prot\u00e9geant ainsi le consommateur et le producteur contre la fraude. De plus, son design permet un versement propre et contr\u00f4l\u00e9, id\u00e9al pour les produits haut de gamme. Gr\u00e2ce \u00e0 sa fonctionnalit\u00e9, sa s\u00e9curit\u00e9 et sa compatibilit\u00e9 avec les goulots standardis\u00e9s, le bouchon Pilfer pour liqueurs est le choix parfait pour les marques souhaitant prot\u00e9ger leur r\u00e9putation et offrir une exp\u00e9rience premium.<\/p>\n<\/div><\/div>\n\n\n\n<div class=\"wp-block-pb-accordion-item c-accordion__item js-accordion-item no-js acordeon\" data-initially-open=\"false\" data-click-to-close=\"true\" data-auto-close=\"true\" data-scroll=\"false\" data-scroll-offset=\"0\"><h3 id=\"at-527391\" class=\"c-accordion__title js-accordion-controller\" role=\"button\">Quels avantages le bouchon Pilfer offre-t-il par rapport aux autres syst\u00e8mes de fermeture pour liqueurs?<\/h3><div id=\"ac-527391\" class=\"c-accordion__content\">\n<p>Le bouchon Pilfer offre des avantages cl\u00e9s par rapport aux syst\u00e8mes de fermeture conventionnels : il int\u00e8gre une bande d\u2019inviolabilit\u00e9 qui r\u00e9v\u00e8le toute tentative de manipulation, un m\u00e9canisme de versement pr\u00e9cis qui am\u00e9liore l\u2019exp\u00e9rience utilisateur, et une construction robuste compatible avec les processus d\u2019embouteillage automatis\u00e9s. De plus, son design s\u2019adapte \u00e0 diff\u00e9rents formats de bouteilles, facilitant son int\u00e9gration dans diverses lignes de production. Ces caract\u00e9ristiques font du bouchon Pilfer une solution s\u00fbre, efficace et polyvalente pour les liqueurs.<\/p>\n<\/div><\/div>\n\n\n\n<div class=\"wp-block-pb-accordion-item c-accordion__item js-accordion-item no-js acordeon\" data-initially-open=\"false\" data-click-to-close=\"true\" data-auto-close=\"true\" data-scroll=\"false\" data-scroll-offset=\"0\"><h3 id=\"at-527392\" class=\"c-accordion__title js-accordion-controller\" role=\"button\">Comment le bouchon Pilfer contribue-t-il \u00e0 la durabilit\u00e9 du produit?<\/h3><div id=\"ac-527392\" class=\"c-accordion__content\">\n<p>La durabilit\u00e9 est une partie int\u00e9grante du design du bouchon Pilfer. Il peut \u00eatre fabriqu\u00e9 \u00e0 partir de mat\u00e9riaux recyclables et est optimis\u00e9 pour r\u00e9duire l\u2019utilisation de plastique sans compromettre sa fonctionnalit\u00e9, soutenant ainsi les strat\u00e9gies d\u2019\u00e9conomie circulaire. Grupo Torrent d\u00e9veloppe des bouchons Pilfer pour les spiritueux qui r\u00e9pondent \u00e0 des normes environnementales \u00e9lev\u00e9es, permettant aux marques de proposer des produits plus responsables, en phase avec les attentes des consommateurs actuels.<\/p>\n<\/div><\/div>\n\n\n\n<div class=\"wp-block-pb-accordion-item c-accordion__item js-accordion-item no-js acordeon\" data-initially-open=\"false\" data-click-to-close=\"true\" data-auto-close=\"true\" data-scroll=\"false\" data-scroll-offset=\"0\"><h3 id=\"at-527393\" class=\"c-accordion__title js-accordion-controller\" role=\"button\">Quelles sont les caract\u00e9ristiques des bouchons Pilfer propos\u00e9s par Torrent Closures ?<\/h3><div id=\"ac-527393\" class=\"c-accordion__content\">\n<p>Les bouchons Pilfer de Grupo Torrent se distinguent par leur syst\u00e8me de s\u00e9curit\u00e9 irremplissable, leur m\u00e9canisme d\u2019inviolabilit\u00e9 qui r\u00e9v\u00e8le toute ouverture, des options de verseur int\u00e9gr\u00e9es et la possibilit\u00e9 de personnalisation pour renforcer l\u2019image de marque. Ils sont disponibles en versions aluminium, plastique ou combin\u00e9es, adapt\u00e9es \u00e0 diff\u00e9rents types de bouteilles et segments de march\u00e9. De plus, ils sont compatibles avec plusieurs finitions de goulot et peuvent \u00eatre d\u00e9cor\u00e9s avec des logos, des couleurs et des finitions sp\u00e9ciales. Ces caract\u00e9ristiques font du bouchon Pilfer une solution compl\u00e8te alliant protection, fonctionnalit\u00e9 et design.<\/p>\n<\/div><\/div>\n\n\n\n<div class=\"wp-block-pb-accordion-item c-accordion__item js-accordion-item no-js acordeon\" data-initially-open=\"false\" data-click-to-close=\"true\" data-auto-close=\"true\" data-scroll=\"false\" data-scroll-offset=\"0\"><h3 id=\"at-527394\" class=\"c-accordion__title js-accordion-controller\" role=\"button\">Comment le design des bouchons Pilfer de Torrent Closures am\u00e9liore-t-il l\u2019exp\u00e9rience utilisateur ?<\/h3><div id=\"ac-527394\" class=\"c-accordion__content\">\n<p>Le design des bouchons Pilfer de Grupo Torrent vise \u00e0 offrir une exp\u00e9rience s\u00fbre, pratique et esth\u00e9tique. Gr\u00e2ce \u00e0 leur syst\u00e8me de versement propre et contr\u00f4l\u00e9, les consommateurs peuvent servir leur liqueur sans gouttes ni \u00e9claboussures. De plus, la bande inviolable garantit l\u2019authenticit\u00e9 du produit, inspirant confiance d\u00e8s la premi\u00e8re utilisation. Le design ergonomique et personnalisable du bouchon Pilfer pour liqueurs renforce la perception de qualit\u00e9 tout en permettant une ouverture facile, sans compromettre la s\u00e9curit\u00e9 du scell\u00e9.<\/p>\n<\/div><\/div>\n\n\n\n<div class=\"wp-block-pb-accordion-item c-accordion__item js-accordion-item no-js acordeon\" data-initially-open=\"false\" data-click-to-close=\"true\" data-auto-close=\"true\" data-scroll=\"false\" data-scroll-offset=\"0\"><h3 id=\"at-527395\" class=\"c-accordion__title js-accordion-controller\" role=\"button\">Quels mat\u00e9riaux sont utilis\u00e9s dans la fabrication du bouchon Pilfer?<\/h3><div id=\"ac-527395\" class=\"c-accordion__content\">\n<p>Les bouchons Pilfer sont fabriqu\u00e9s \u00e0 partir de mat\u00e9riaux de haute qualit\u00e9 comme l\u2019aluminium, le plastique ou une combinaison des deux, selon les besoins du produit. Ces mat\u00e9riaux assurent durabilit\u00e9, compatibilit\u00e9 avec les boissons alcoolis\u00e9es, et facilit\u00e9 de personnalisation esth\u00e9tique. De plus, Grupo Torrent s\u2019engage \u00e0 utiliser des mat\u00e9riaux recyclables et respectueux de l\u2019environnement, en proposant des bouchons pour spiritueux qui allient fonctionnalit\u00e9 technique, r\u00e9sistance et durabilit\u00e9. Le choix des mat\u00e9riaux permet \u00e9galement l\u2019adaptation \u00e0 divers formats de bouteilles et processus d\u2019embouteillage automatis\u00e9s.<\/p>\n<\/div><\/div>\n\n\n\n<div class=\"wp-block-pb-accordion-item c-accordion__item js-accordion-item no-js acordeon\" data-initially-open=\"false\" data-click-to-close=\"true\" data-auto-close=\"true\" data-scroll=\"false\" data-scroll-offset=\"0\"><h3 id=\"at-527396\" class=\"c-accordion__title js-accordion-controller\" role=\"button\">Comment puis-je demander des informations ou passer une commande de bouchons Pilfer ?<\/h3><div id=\"ac-527396\" class=\"c-accordion__content\">\n<p>Pour demander des informations ou passer une commande de bouchons Pilfer, il suffit de contacter directement Grupo Torrent via <a href=\"https:\/\/torrentclosures.com\/fr\/\" data-type=\"page\" data-id=\"52727\">leur site web<\/a> ou par e-mail \u00e0 l\u2019adresse suivante : <a href=\"mailto:comercial@torrentclosures.com\">comercial@torrentclosures.com<\/a>. L\u2019\u00e9quipe commerciale et technique vous fournira des conseils personnalis\u00e9s selon le type de liqueur, le volume de production, les exigences de s\u00e9curit\u00e9 et les pr\u00e9f\u00e9rences de design. Torrent propose une large gamme de bouchons pour liqueurs compatibles avec diff\u00e9rents types de goulots, avec des options de personnalisation et de versement adapt\u00e9es \u00e0 chaque marque.<\/p>\n<\/div><\/div>\n\n\n\n<div style=\"height:80px\" aria-hidden=\"true\" class=\"wp-block-spacer\"><\/div>\n<\/div><\/div>\n\n\n\n<div class=\"wp-block-columns is-layout-flex wp-container-core-columns-is-layout-9d6595d7 wp-block-columns-is-layout-flex\">\n<div class=\"wp-block-column is-layout-flow wp-block-column-is-layout-flow\" style=\"flex-basis:100%\">\n<div class=\"wp-block-columns is-layout-flex wp-container-core-columns-is-layout-9d6595d7 wp-block-columns-is-layout-flex\">\n<div class=\"wp-block-column is-layout-flow wp-block-column-is-layout-flow\" style=\"flex-basis:100%\">\n<div class=\"wp-block-columns alignfull are-vertically-aligned-center is-layout-flex wp-container-core-columns-is-layout-9d6595d7 wp-block-columns-is-layout-flex\">\n<div class=\"wp-block-column is-vertically-aligned-center is-layout-flow wp-block-column-is-layout-flow\" style=\"flex-basis:100%\">\n<figure class=\"wp-block-gallery aligncenter has-nested-images columns-3 is-cropped galeria-productos wp-block-gallery-1 is-layout-flex wp-block-gallery-is-layout-flex\">\n<figure class=\"wp-block-image size-full\"><img loading=\"lazy\" decoding=\"async\" width=\"1024\" height=\"683\" data-id=\"53941\" src=\"https:\/\/torrentclosures.com\/wp-content\/uploads\/2025\/03\/IMG_4493-Beefeater-315x44-1-1024x683-1.jpeg\" alt=\"| Grupo Torrent Espa\u00f1a\" class=\"wp-image-53941\" title=\"| Grupo Torrent Espa\u00f1a\" srcset=\"https:\/\/torrentclosures.com\/wp-content\/uploads\/2025\/03\/IMG_4493-Beefeater-315x44-1-1024x683-1.jpeg 1024w, https:\/\/torrentclosures.com\/wp-content\/uploads\/2025\/03\/IMG_4493-Beefeater-315x44-1-1024x683-1-768x512.jpeg 768w\" sizes=\"auto, (max-width: 1024px) 100vw, 1024px\" \/><\/figure>\n\n\n\n<figure class=\"wp-block-image size-full\"><img loading=\"lazy\" decoding=\"async\" width=\"1024\" height=\"683\" data-id=\"53944\" src=\"https:\/\/torrentclosures.com\/wp-content\/uploads\/2025\/03\/IMG_3700-Larios-Rosa-315x44-1-1024x683-1.jpeg\" alt=\"| Grupo Torrent Espa\u00f1a\" class=\"wp-image-53944\" title=\"| Grupo Torrent Espa\u00f1a\" srcset=\"https:\/\/torrentclosures.com\/wp-content\/uploads\/2025\/03\/IMG_3700-Larios-Rosa-315x44-1-1024x683-1.jpeg 1024w, https:\/\/torrentclosures.com\/wp-content\/uploads\/2025\/03\/IMG_3700-Larios-Rosa-315x44-1-1024x683-1-768x512.jpeg 768w\" sizes=\"auto, (max-width: 1024px) 100vw, 1024px\" \/><\/figure>\n\n\n\n<figure class=\"wp-block-image size-full\"><img loading=\"lazy\" decoding=\"async\" width=\"1024\" height=\"683\" data-id=\"53947\" src=\"https:\/\/torrentclosures.com\/wp-content\/uploads\/2025\/03\/IMG_3721-James-B-Beam-315x50-1-1024x683-1.jpeg\" alt=\"| Grupo Torrent Espa\u00f1a\" class=\"wp-image-53947\" title=\"| Grupo Torrent Espa\u00f1a\" srcset=\"https:\/\/torrentclosures.com\/wp-content\/uploads\/2025\/03\/IMG_3721-James-B-Beam-315x50-1-1024x683-1.jpeg 1024w, https:\/\/torrentclosures.com\/wp-content\/uploads\/2025\/03\/IMG_3721-James-B-Beam-315x50-1-1024x683-1-768x512.jpeg 768w\" sizes=\"auto, (max-width: 1024px) 100vw, 1024px\" \/><\/figure>\n<\/figure>\n<\/div>\n<\/div>\n<\/div>\n<\/div>\n<\/div>\n<\/div>\n<\/div><\/div>\n","protected":false},"excerpt":{"rendered":"<p>Bouchon Pilfer pour liqueurs et spiritueux La bague de la bouteille en verre Pilfer, est l\u2019option que la plupart des conditionneurs de liqueurs et de spiritueux choisissent. Ce syst\u00e8me de conditionnement, o\u00f9 interviennent la bouteille, le bouchon verseur et son application correcte gr\u00e2ce \u00e0 une t\u00eate \u00e0 vis, d\u00e9passe les conditions logistiques les plus pouss\u00e9es, &hellip;<\/p>\n","protected":false},"author":3,"featured_media":12759,"parent":0,"menu_order":0,"comment_status":"closed","ping_status":"closed","template":"","meta":{"inline_featured_image":false,"_uag_custom_page_level_css":"","footnotes":""},"class_list":["post-52739","page","type-page","status-publish","has-post-thumbnail","hentry"],"uagb_featured_image_src":{"full":["https:\/\/torrentclosures.com\/wp-content\/uploads\/2020\/11\/Cabeceras_Licor_Pilfer.jpg",1500,430,false],"thumbnail":["https:\/\/torrentclosures.com\/wp-content\/uploads\/2020\/11\/Cabeceras_Licor_Pilfer-150x150.jpg",150,150,true],"medium":["https:\/\/torrentclosures.com\/wp-content\/uploads\/2020\/11\/Cabeceras_Licor_Pilfer-300x300.jpg",300,300,true],"medium_large":["https:\/\/torrentclosures.com\/wp-content\/uploads\/2020\/11\/Cabeceras_Licor_Pilfer-768x220.jpg",768,220,true],"large":["https:\/\/torrentclosures.com\/wp-content\/uploads\/2020\/11\/Cabeceras_Licor_Pilfer-1024x294.jpg",1024,294,true],"1536x1536":["https:\/\/torrentclosures.com\/wp-content\/uploads\/2020\/11\/Cabeceras_Licor_Pilfer.jpg",1500,430,false],"2048x2048":["https:\/\/torrentclosures.com\/wp-content\/uploads\/2020\/11\/Cabeceras_Licor_Pilfer.jpg",1500,430,false],"gform-image-choice-sm":["https:\/\/torrentclosures.com\/wp-content\/uploads\/2020\/11\/Cabeceras_Licor_Pilfer.jpg",300,86,false],"gform-image-choice-md":["https:\/\/torrentclosures.com\/wp-content\/uploads\/2020\/11\/Cabeceras_Licor_Pilfer.jpg",400,115,false],"gform-image-choice-lg":["https:\/\/torrentclosures.com\/wp-content\/uploads\/2020\/11\/Cabeceras_Licor_Pilfer.jpg",600,172,false]},"uagb_author_info":{"display_name":"Pablo","author_link":"https:\/\/torrentclosures.com\/fr"},"uagb_comment_info":0,"uagb_excerpt":"Bouchon Pilfer pour liqueurs et spiritueux La bague de la bouteille en verre Pilfer, est l\u2019option que la plupart des conditionneurs de liqueurs et de spiritueux choisissent. Ce syst\u00e8me de conditionnement, o\u00f9 interviennent la bouteille, le bouchon verseur et son application correcte gr\u00e2ce \u00e0 une t\u00eate \u00e0 vis, d\u00e9passe les conditions logistiques les plus pouss\u00e9es,\u2026","_links":{"self":[{"href":"https:\/\/torrentclosures.com\/fr\/wp-json\/wp\/v2\/pages\/52739","targetHints":{"allow":["GET"]}}],"collection":[{"href":"https:\/\/torrentclosures.com\/fr\/wp-json\/wp\/v2\/pages"}],"about":[{"href":"https:\/\/torrentclosures.com\/fr\/wp-json\/wp\/v2\/types\/page"}],"author":[{"embeddable":true,"href":"https:\/\/torrentclosures.com\/fr\/wp-json\/wp\/v2\/users\/3"}],"replies":[{"embeddable":true,"href":"https:\/\/torrentclosures.com\/fr\/wp-json\/wp\/v2\/comments?post=52739"}],"version-history":[{"count":5,"href":"https:\/\/torrentclosures.com\/fr\/wp-json\/wp\/v2\/pages\/52739\/revisions"}],"predecessor-version":[{"id":55034,"href":"https:\/\/torrentclosures.com\/fr\/wp-json\/wp\/v2\/pages\/52739\/revisions\/55034"}],"wp:featuredmedia":[{"embeddable":true,"href":"https:\/\/torrentclosures.com\/fr\/wp-json\/wp\/v2\/media\/12759"}],"wp:attachment":[{"href":"https:\/\/torrentclosures.com\/fr\/wp-json\/wp\/v2\/media?parent=52739"}],"curies":[{"name":"wp","href":"https:\/\/api.w.org\/{rel}","templated":true}]}}