{"id":52738,"date":"2020-07-05T14:33:36","date_gmt":"2020-07-05T14:33:36","guid":{"rendered":"https:\/\/new.torrentclosures.com\/?page_id=10623"},"modified":"2025-07-29T13:29:27","modified_gmt":"2025-07-29T12:29:27","slug":"bouchon-bpi-liqueurs","status":"publish","type":"page","link":"https:\/\/torrentclosures.com\/fr\/bouchon-bpi-liqueurs\/","title":{"rendered":"Bouchon BPI"},"content":{"rendered":"\n<div class=\"wp-block-group contenido\"><div class=\"wp-block-group__inner-container is-layout-constrained wp-block-group-is-layout-constrained\">\n<div style=\"height:20px\" aria-hidden=\"true\" class=\"wp-block-spacer\"><\/div>\n\n\n\n<div class=\"wp-block-uagb-container seccion-img-texto uagb-block-d46850ce default uagb-is-root-container\">\n<div class=\"wp-block-uagb-container uagb-block-9fb213b6\">\n<h1 class=\"wp-block-heading page-title titular-producto titular-no-justificado\">Bouchon BPI pour garantir la provenance des boissons spiritueuses<\/h1>\n\n\n\n<p>La <strong>bague \u00e0 pression non-remplissable (BPI)<\/strong>, correspond \u00e0 la norme du verre avec fermeture \u00e0 pression la plus r\u00e9pandue dans le secteur des liqueurs et des <a href=\"https:\/\/fr.wikipedia.org\/wiki\/Boisson_alcoolis%C3%A9e\" target=\"_blank\" rel=\"noreferrer noopener\">boissons spiritueuses<\/a>, tr\u00e8s expos\u00e9 \u00e0 la contrefa\u00e7on, \u00e0 la fraude et au sabotage. Le choix de ce packaging montre la n\u00e9cessit\u00e9 ou l\u2019importance de garantir la provenance et de <a href=\"https:\/\/torrentclosures.fr\/bouchons-pour-liqueurs-et-spiritueux\/\" target=\"_blank\" rel=\"noopener\">pr\u00e9server les produits contre le remplissage<\/a> et la manipulation sur le march\u00e9.<\/p>\n\n\n\n<p>Voil\u00e0 pourquoi, notre offre de <strong>bouchons BPI<\/strong> est orient\u00e9e vers la mise en place de m\u00e9canismes complexes anti-remplissage et d&#8217;extraction sur nos bouchons. Ces syst\u00e8mes simplifient aussi l&#8217;application du produit il permet plus de vitesse sur la ligne ou l\u2019industrialisation du processus de conditionnement. Bien entendu, il garantit aussi l\u2019int\u00e9grit\u00e9 du produit jusqu\u2019\u00e0 sa consommation.<\/p>\n<\/div>\n\n\n\n<div class=\"wp-block-uagb-container uagb-block-ee0c6f3f\">\n<div class=\"wp-block-uagb-image uagb-block-ac71ad60 wp-block-uagb-image--layout-default wp-block-uagb-image--effect-static wp-block-uagb-image--align-none\"><figure class=\"wp-block-uagb-image__figure\"><img decoding=\"async\" srcset=\"https:\/\/torrentclosures.com\/wp-content\/uploads\/2025\/03\/IMG_3462-Barcelo-Prestige-Capcelo80.webp ,https:\/\/torrentclosures.com\/wp-content\/uploads\/2025\/03\/IMG_3462-Barcelo-Prestige-Capcelo80.webp 780w, https:\/\/torrentclosures.com\/wp-content\/uploads\/2025\/03\/IMG_3462-Barcelo-Prestige-Capcelo80.webp 360w\" sizes=\"auto, (max-width: 480px) 150px\" src=\"https:\/\/torrentclosures.com\/wp-content\/uploads\/2025\/03\/IMG_3462-Barcelo-Prestige-Capcelo80.webp\" alt=\"| Grupo Torrent Espa\u00f1a\" class=\"uag-image-53918\" width=\"758\" height=\"300\" title=\"IMG_3462-Barcelo-Prestige-Capcelo80\" loading=\"lazy\" role=\"img\"><\/figure><\/div>\n<\/div>\n<\/div>\n\n\n\n<div style=\"height:20px\" aria-hidden=\"true\" class=\"wp-block-spacer\"><\/div>\n<\/div><\/div>\n\n\n\n<div class=\"wp-block-uagb-container seccion-img-texto uagb-block-08785c14 alignfull uagb-is-root-container\">\n<div class=\"wp-block-uagb-container uagb-block-273eeada\">\n<div class=\"wp-block-uagb-image uagb-block-0b66da98 wp-block-uagb-image--layout-default wp-block-uagb-image--effect-static wp-block-uagb-image--align-none\"><figure class=\"wp-block-uagb-image__figure\"><img decoding=\"async\" srcset=\"https:\/\/torrentclosures.com\/wp-content\/uploads\/2025\/03\/IMG_2659-Avant__PM001_V2-1.png ,https:\/\/torrentclosures.com\/wp-content\/uploads\/2025\/03\/IMG_2659-Avant__PM001_V2-1.png 780w, https:\/\/torrentclosures.com\/wp-content\/uploads\/2025\/03\/IMG_2659-Avant__PM001_V2-1.png 360w\" sizes=\"auto, (max-width: 480px) 150px\" src=\"https:\/\/torrentclosures.com\/wp-content\/uploads\/2025\/03\/IMG_2659-Avant__PM001_V2-1.png\" alt=\"| Grupo Torrent Espa\u00f1a\" class=\"uag-image-53922\" width=\"725\" height=\"400\" title=\"IMG_2659-Avant__PM001_V2 (1)\" loading=\"lazy\" role=\"img\"><\/figure><\/div>\n<\/div>\n\n\n\n<div class=\"wp-block-uagb-container bloque-texto contenido texto-deg uagb-block-cce94ab3\">\n<div style=\"height:30px\" aria-hidden=\"true\" class=\"wp-block-spacer uag-hide-mob\"><\/div>\n\n\n\n<h2 class=\"wp-block-heading\">Bouchon BPI pour produits \u00e0 nombreuses interactions<\/h2>\n\n\n\n<p>Pour ce type de conditionnement, nous disposons de plusieurs lignes de <strong>bouchons BPI<\/strong>, fabriqu\u00e9s en associant plusieurs mat\u00e9riaux plastique et en int\u00e9grant l&#8217;aluminium pour renforcer la s\u00e9curit\u00e9 et la valeur per\u00e7ue. Cette gamme est disponible dans les diff\u00e9rentes mesures r\u00e9glementaires et peut \u00eatre d\u00e9cor\u00e9e pour plus d\u2019impact en rayon, ce qui influencera la d\u00e9cision d&#8217;achat du consommateur.<\/p>\n\n\n\n<div style=\"height:30px\" aria-hidden=\"true\" class=\"wp-block-spacer uag-hide-mob\"><\/div>\n<\/div>\n<\/div>\n\n\n\n<div class=\"wp-block-group contenido\"><div class=\"wp-block-group__inner-container is-layout-constrained wp-block-group-is-layout-constrained\">\n<div style=\"height:20px\" aria-hidden=\"true\" class=\"wp-block-spacer\"><\/div>\n\n\n\n<p>Les diff\u00e9rentes options permettent d\u2019obtenir plusieurs niveaux de d\u00e9bit et de s\u00e9curit\u00e9 tout en am\u00e9liorant l&#8217;exp\u00e9rience du consommateur ce qui aura un impact sur sa d\u00e9cision de renouveler l&#8217;achat. L&#8217;utilisation prolong\u00e9e ce ces emballages fait que le consommateur multiplie son interaction avec son produit, c&#8217;est pourquoi nous devons garantir sa fonctionnalit\u00e9 et optimiser son exp\u00e9rience d\u2019utilisation. Chez Torrent nous avons l\u2019habitude de dire que nous sommes confront\u00e9s \u00e0 plus de 150 moments de v\u00e9rit\u00e9.<\/p>\n\n\n\n<div class=\"wp-block-uagb-container seccion-img-texto uagb-block-782783f6 default uagb-is-root-container\">\n<div class=\"wp-block-uagb-container bloque-texto uagb-block-f28f637b\">\n<h2 class=\"wp-block-heading\">Nos bouchons BPI sont compos\u00e9s de mat\u00e9riaux recyclables<\/h2>\n\n\n\n<p>Techniquement, le bouchon BPI est compos\u00e9 de plusieurs \u00e9l\u00e9ments en polym\u00e8res ou en aluminium qui s&#8217;assemblent m\u00e9caniquement et sont envelopp\u00e9s d\u2019un sceau qui se d\u00e9chire pour indiquer la premi\u00e8re ouverture. Cet assemblage m\u00e9canique permet la s\u00e9paration des mat\u00e9riaux qui, comme l&#8217;aluminium, le polypropyl\u00e8ne et le poly\u00e9thyl\u00e8ne, sont recyclables. L&#8217;aluminium que nous obtenons chez notre fournisseur est issu \u00e0 au moins 90 % de mat\u00e9riaux recycl\u00e9s, en partie de source externe et en partie de leurs propres processus.<\/p>\n<\/div>\n\n\n\n<div class=\"wp-block-uagb-container uagb-block-fd0d85e1\">\n<div class=\"wp-block-uagb-image uagb-block-51428e49 wp-block-uagb-image--layout-default wp-block-uagb-image--effect-static wp-block-uagb-image--align-none\"><figure class=\"wp-block-uagb-image__figure\"><img decoding=\"async\" srcset=\"https:\/\/torrentclosures.com\/wp-content\/uploads\/2025\/03\/image007.webp ,https:\/\/torrentclosures.com\/wp-content\/uploads\/2025\/03\/image007.webp 780w, https:\/\/torrentclosures.com\/wp-content\/uploads\/2025\/03\/image007.webp 360w\" sizes=\"auto, (max-width: 480px) 150px\" src=\"https:\/\/torrentclosures.com\/wp-content\/uploads\/2025\/03\/image007.webp\" alt=\"| Grupo Torrent Espa\u00f1a\" class=\"uag-image-53925\" width=\"725\" height=\"400\" title=\"image007\" loading=\"lazy\" role=\"img\"><\/figure><\/div>\n<\/div>\n<\/div>\n\n\n\n<div class=\"wp-block-group\"><div class=\"wp-block-group__inner-container is-layout-constrained wp-block-group-is-layout-constrained\">\n<div style=\"height:40px\" aria-hidden=\"true\" class=\"wp-block-spacer uag-hide-desktop uag-hide-tab\"><\/div>\n\n\n\n<h2 class=\"wp-block-heading titulo-earth\" style=\"padding-bottom:var(--wp--preset--spacing--50)\">Questions fr\u00e9quemment pos\u00e9es sur Bouchon BPI<\/h2>\n\n\n\n<div class=\"wp-block-pb-accordion-item c-accordion__item js-accordion-item no-js is-open acordeon\" data-initially-open=\"true\" data-click-to-close=\"true\" data-auto-close=\"true\" data-scroll=\"false\" data-scroll-offset=\"0\"><h3 id=\"at-527387\" class=\"c-accordion__title js-accordion-controller\" role=\"button\">Qu\u2019est-ce qu\u2019un bouchon BPI et pourquoi est-il id\u00e9al pour les liqueurs et les spiritueux?<\/h3><div id=\"ac-527387\" class=\"c-accordion__content\">\n<p>Le bouchon BPI est un syst\u00e8me de fermeture technique sp\u00e9cialement con\u00e7u pour garantir la s\u00e9curit\u00e9, un versement propre et l&#8217;int\u00e9grit\u00e9 des liqueurs et spiritueux. Il s&#8217;agit d&#8217;un bouchon fonctionnel compatible avec les goulots standard du secteur, int\u00e9grant un verseur inviolable pour \u00e9viter toute manipulation ou remplissage non autoris\u00e9. Ce type de bouchon est id\u00e9al pour les marques souhaitant prot\u00e9ger l\u2019authenticit\u00e9 de leurs produits et offrir une exp\u00e9rience utilisateur fiable, pratique et qualitative.<\/p>\n<\/div><\/div>\n\n\n\n<div class=\"wp-block-pb-accordion-item c-accordion__item js-accordion-item no-js acordeon\" data-initially-open=\"false\" data-click-to-close=\"true\" data-auto-close=\"true\" data-scroll=\"false\" data-scroll-offset=\"0\"><h3 id=\"at-527388\" class=\"c-accordion__title js-accordion-controller\" role=\"button\">Quels avantages le bouchon BPI offre-t-il par rapport \u00e0 d\u2019autres syst\u00e8mes de fermeture ?<\/h3><div id=\"ac-527388\" class=\"c-accordion__content\">\n<p>Contrairement aux syst\u00e8mes conventionnels, le bouchon BPI comprend un verseur int\u00e9gr\u00e9 et une structure con\u00e7ue pour garantir l\u2019inviolabilit\u00e9 de la bouteille. Ses principaux avantages sont la protection contre la fraude, la facilit\u00e9 d\u2019utilisation et la compatibilit\u00e9 avec les processus d\u2019embouteillage automatis\u00e9s. C\u2019est \u00e9galement une solution efficace du point de vue logistique et technique, id\u00e9ale pour les marques ayant des exigences \u00e9lev\u00e9es en mati\u00e8re de bouchons pour spiritueux. Son design robuste et fiable en fait une option privil\u00e9gi\u00e9e par rapport \u00e0 d\u2019autres bouchons moins s\u00fbrs ou moins polyvalents.<\/p>\n<\/div><\/div>\n\n\n\n<div class=\"wp-block-pb-accordion-item c-accordion__item js-accordion-item no-js acordeon\" data-initially-open=\"false\" data-click-to-close=\"true\" data-auto-close=\"true\" data-scroll=\"false\" data-scroll-offset=\"0\"><h3 id=\"at-527389\" class=\"c-accordion__title js-accordion-controller\" role=\"button\">Comment le bouchon BPI contribue-t-il \u00e0 la durabilit\u00e9 du produit?<\/h3><div id=\"ac-527389\" class=\"c-accordion__content\">\n<p>Le bouchon BPI est fabriqu\u00e9 \u00e0 partir de mat\u00e9riaux recyclables et a \u00e9t\u00e9 con\u00e7u selon des principes d\u2019optimisation des ressources, ce qui en fait un choix respectueux de l\u2019environnement. Grupo Torrent s\u2019engage pour des syst\u00e8mes de fermeture comme le bouchon BPI qui, en plus d\u2019offrir des performances fonctionnelles \u00e9lev\u00e9es, minimisent l\u2019utilisation de mati\u00e8res premi\u00e8res sans compromettre la s\u00e9curit\u00e9 ni le design. Cela contribue \u00e0 r\u00e9duire l\u2019empreinte \u00e9cologique sur tout le cycle de vie du produit, en alignant fonctionnalit\u00e9 et durabilit\u00e9.<\/p>\n<\/div><\/div>\n\n\n\n<div class=\"wp-block-pb-accordion-item c-accordion__item js-accordion-item no-js acordeon\" data-initially-open=\"false\" data-click-to-close=\"true\" data-auto-close=\"true\" data-scroll=\"false\" data-scroll-offset=\"0\"><h3 id=\"at-5273810\" class=\"c-accordion__title js-accordion-controller\" role=\"button\">Quels b\u00e9n\u00e9fices le bouchon BPI pr\u00e9sente-t-il par rapport \u00e0 d\u2019autres bouchons pour liqueurs et spiritueux ?<\/h3><div id=\"ac-5273810\" class=\"c-accordion__content\">\n<p>Le bouchon BPI se distingue des autres bouchons pour liqueurs et spiritueux par sa combinaison de s\u00e9curit\u00e9, d&#8217;efficacit\u00e9 et d\u2019esth\u00e9tique. Son syst\u00e8me inviolable prot\u00e8ge le contenu contre toute manipulation, tandis que le verseur permet une utilisation confortable et pr\u00e9cise. De plus, son design technique assure une \u00e9tanch\u00e9it\u00e9 parfaite et une grande adaptabilit\u00e9 aux diff\u00e9rentes lignes d\u2019embouteillage. Compar\u00e9 \u00e0 d&#8217;autres bouchons pour bouteilles de spiritueux, le bouchon BPI garantit une exp\u00e9rience sup\u00e9rieure tant pour les producteurs que pour les consommateurs, en int\u00e9grant fonctionnalit\u00e9, image de marque et durabilit\u00e9.<\/p>\n<\/div><\/div>\n\n\n\n<div class=\"wp-block-pb-accordion-item c-accordion__item js-accordion-item no-js acordeon\" data-initially-open=\"false\" data-click-to-close=\"true\" data-auto-close=\"true\" data-scroll=\"false\" data-scroll-offset=\"0\"><h3 id=\"at-5273811\" class=\"c-accordion__title js-accordion-controller\" role=\"button\">Un bouchon BPI peut-il \u00eatre personnalis\u00e9 pour les spiritueux?<\/h3><div id=\"ac-5273811\" class=\"c-accordion__content\">\n<p>Oui, le bouchon BPI peut \u00eatre personnalis\u00e9 pour correspondre \u00e0 l&#8217;identit\u00e9 visuelle de chaque marque de spiritueux. Torrent Closures propose de multiples options de design, notamment des finitions m\u00e9talliques, des couleurs personnalis\u00e9es, des gravures ou l\u2019impression de logos. Cette capacit\u00e9 de personnalisation fait des bouchons BPI une solution fonctionnelle et esth\u00e9tique, id\u00e9ale pour les produits qui souhaitent se d\u00e9marquer en rayon et offrir une exp\u00e9rience premium d\u00e8s le premier contact avec la bouteille.<\/p>\n<\/div><\/div>\n\n\n\n<div class=\"wp-block-pb-accordion-item c-accordion__item js-accordion-item no-js acordeon\" data-initially-open=\"false\" data-click-to-close=\"true\" data-auto-close=\"true\" data-scroll=\"false\" data-scroll-offset=\"0\"><h3 id=\"at-5273812\" class=\"c-accordion__title js-accordion-controller\" role=\"button\">Pourquoi s\u2019agit-il d\u2019une solution s\u00fbre pour les liqueurs haut de gamme ?<\/h3><div id=\"ac-5273812\" class=\"c-accordion__content\">\n<p>Le bouchon BPI est une solution hautement s\u00e9curis\u00e9e pour les liqueurs premium gr\u00e2ce \u00e0 son syst\u00e8me inviolable et son verseur int\u00e9gr\u00e9. Ces \u00e9l\u00e9ments prot\u00e8gent le produit contre toute alt\u00e9ration et garantissent que le contenu parvienne au consommateur dans son \u00e9tat d\u2019origine. Il comprend \u00e9galement un verseur permettant un service propre et pr\u00e9cis, am\u00e9liorant ainsi l\u2019exp\u00e9rience d\u2019utilisation. C\u2019est pourquoi les marques misant sur l\u2019exclusivit\u00e9 et la confiance des consommateurs choisissent le bouchon BPI comme fermeture technique de r\u00e9f\u00e9rence pour leurs spiritueux haut de gamme.<\/p>\n<\/div><\/div>\n\n\n\n<div class=\"wp-block-pb-accordion-item c-accordion__item js-accordion-item no-js acordeon\" data-initially-open=\"false\" data-click-to-close=\"true\" data-auto-close=\"true\" data-scroll=\"false\" data-scroll-offset=\"0\"><h3 id=\"at-5273813\" class=\"c-accordion__title js-accordion-controller\" role=\"button\">Comment puis-je demander des bouchons BPI pour mes liqueurs?<\/h3><div id=\"ac-5273813\" class=\"c-accordion__content\">\n<p>Pour demander des bouchons BPI pour liqueurs, vous pouvez contacter directement Grupo Torrent via <a href=\"https:\/\/torrentclosures.com\/fr\/\" data-type=\"page\" data-id=\"52727\">leur site web<\/a> ou par e-mail \u00e0 l\u2019adresse <a href=\"mailto:comercial@torrentclosures.com\">comercial@torrentclosures.com<\/a>. L\u2019\u00e9quipe sp\u00e9cialis\u00e9e vous offrira un accompagnement personnalis\u00e9 en fonction de vos besoins techniques, esth\u00e9tiques et logistiques. Que ce soit pour de petites productions artisanales ou des volumes industriels, Torrent propose des bouchons adapt\u00e9s \u00e0 diff\u00e9rents formats et lignes d\u2019embouteillage. De plus, vous pouvez combiner fonctionnalit\u00e9, s\u00e9curit\u00e9 et design dans une seule fermeture qui renforce le positionnement de votre marque.<\/p>\n<\/div><\/div>\n<\/div><\/div>\n<\/div><\/div>\n","protected":false},"excerpt":{"rendered":"<p>Bouchon BPI pour garantir la provenance des boissons spiritueuses La bague \u00e0 pression non-remplissable (BPI), correspond \u00e0 la norme du verre avec fermeture \u00e0 pression la plus r\u00e9pandue dans le secteur des liqueurs et des boissons spiritueuses, tr\u00e8s expos\u00e9 \u00e0 la contrefa\u00e7on, \u00e0 la fraude et au sabotage. Le choix de ce packaging montre la &hellip;<\/p>\n","protected":false},"author":3,"featured_media":12755,"parent":0,"menu_order":0,"comment_status":"closed","ping_status":"closed","template":"","meta":{"inline_featured_image":false,"_uag_custom_page_level_css":"","footnotes":""},"class_list":["post-52738","page","type-page","status-publish","has-post-thumbnail","hentry"],"uagb_featured_image_src":{"full":["https:\/\/torrentclosures.com\/wp-content\/uploads\/2020\/11\/Cabeceras_Licor_DOP_BPI.jpg",1500,430,false],"thumbnail":["https:\/\/torrentclosures.com\/wp-content\/uploads\/2020\/11\/Cabeceras_Licor_DOP_BPI-150x150.jpg",150,150,true],"medium":["https:\/\/torrentclosures.com\/wp-content\/uploads\/2020\/11\/Cabeceras_Licor_DOP_BPI-300x300.jpg",300,300,true],"medium_large":["https:\/\/torrentclosures.com\/wp-content\/uploads\/2020\/11\/Cabeceras_Licor_DOP_BPI-768x220.jpg",768,220,true],"large":["https:\/\/torrentclosures.com\/wp-content\/uploads\/2020\/11\/Cabeceras_Licor_DOP_BPI-1024x294.jpg",1024,294,true],"1536x1536":["https:\/\/torrentclosures.com\/wp-content\/uploads\/2020\/11\/Cabeceras_Licor_DOP_BPI.jpg",1500,430,false],"2048x2048":["https:\/\/torrentclosures.com\/wp-content\/uploads\/2020\/11\/Cabeceras_Licor_DOP_BPI.jpg",1500,430,false],"gform-image-choice-sm":["https:\/\/torrentclosures.com\/wp-content\/uploads\/2020\/11\/Cabeceras_Licor_DOP_BPI.jpg",300,86,false],"gform-image-choice-md":["https:\/\/torrentclosures.com\/wp-content\/uploads\/2020\/11\/Cabeceras_Licor_DOP_BPI.jpg",400,115,false],"gform-image-choice-lg":["https:\/\/torrentclosures.com\/wp-content\/uploads\/2020\/11\/Cabeceras_Licor_DOP_BPI.jpg",600,172,false]},"uagb_author_info":{"display_name":"Pablo","author_link":"https:\/\/torrentclosures.com\/fr"},"uagb_comment_info":0,"uagb_excerpt":"Bouchon BPI pour garantir la provenance des boissons spiritueuses La bague \u00e0 pression non-remplissable (BPI), correspond \u00e0 la norme du verre avec fermeture \u00e0 pression la plus r\u00e9pandue dans le secteur des liqueurs et des boissons spiritueuses, tr\u00e8s expos\u00e9 \u00e0 la contrefa\u00e7on, \u00e0 la fraude et au sabotage. Le choix de ce packaging montre la\u2026","_links":{"self":[{"href":"https:\/\/torrentclosures.com\/fr\/wp-json\/wp\/v2\/pages\/52738","targetHints":{"allow":["GET"]}}],"collection":[{"href":"https:\/\/torrentclosures.com\/fr\/wp-json\/wp\/v2\/pages"}],"about":[{"href":"https:\/\/torrentclosures.com\/fr\/wp-json\/wp\/v2\/types\/page"}],"author":[{"embeddable":true,"href":"https:\/\/torrentclosures.com\/fr\/wp-json\/wp\/v2\/users\/3"}],"replies":[{"embeddable":true,"href":"https:\/\/torrentclosures.com\/fr\/wp-json\/wp\/v2\/comments?post=52738"}],"version-history":[{"count":5,"href":"https:\/\/torrentclosures.com\/fr\/wp-json\/wp\/v2\/pages\/52738\/revisions"}],"predecessor-version":[{"id":55028,"href":"https:\/\/torrentclosures.com\/fr\/wp-json\/wp\/v2\/pages\/52738\/revisions\/55028"}],"wp:featuredmedia":[{"embeddable":true,"href":"https:\/\/torrentclosures.com\/fr\/wp-json\/wp\/v2\/media\/12755"}],"wp:attachment":[{"href":"https:\/\/torrentclosures.com\/fr\/wp-json\/wp\/v2\/media?parent=52738"}],"curies":[{"name":"wp","href":"https:\/\/api.w.org\/{rel}","templated":true}]}}