{"id":52735,"date":"2020-07-04T15:24:30","date_gmt":"2020-07-04T15:24:30","guid":{"rendered":"https:\/\/new.torrentclosures.com\/?page_id=10596"},"modified":"2025-07-29T08:13:10","modified_gmt":"2025-07-29T07:13:10","slug":"bouchons-pour-aove-et-vinaigres","status":"publish","type":"page","link":"https:\/\/torrentclosures.com\/fr\/bouchons-pour-aove-et-vinaigres\/","title":{"rendered":"Bouchons pour AOVE et vinaigres"},"content":{"rendered":"\n<div class=\"wp-block-uagb-container cabecera-ancho uagb-block-f3da24a1 alignfull uagb-is-root-container\">\n<div class=\"wp-block-columns is-layout-flex wp-container-core-columns-is-layout-9d6595d7 wp-block-columns-is-layout-flex\">\n<div class=\"wp-block-column is-layout-flow wp-block-column-is-layout-flow\"><\/div>\n\n\n\n<div class=\"wp-block-column is-layout-flow wp-block-column-is-layout-flow\">\n<figure class=\"wp-block-image size-large\"><img loading=\"lazy\" decoding=\"async\" width=\"1024\" height=\"683\" src=\"https:\/\/torrentclosures.com\/wp-content\/uploads\/2023\/07\/aove_maqueta__01-1024x683.jpeg\" alt=\"| Grupo Torrent Espa\u00f1a\" class=\"wp-image-53166\" title=\"| Grupo Torrent Espa\u00f1a\" srcset=\"https:\/\/torrentclosures.com\/wp-content\/uploads\/2023\/07\/aove_maqueta__01-1024x683.jpeg 1024w, https:\/\/torrentclosures.com\/wp-content\/uploads\/2023\/07\/aove_maqueta__01-768x512.jpeg 768w, https:\/\/torrentclosures.com\/wp-content\/uploads\/2023\/07\/aove_maqueta__01.jpeg 1200w\" sizes=\"auto, (max-width: 1024px) 100vw, 1024px\" \/><\/figure>\n<\/div>\n<\/div>\n<\/div>\n\n\n\n<div class=\"wp-block-group contenido\"><div class=\"wp-block-group__inner-container is-layout-flow wp-block-group-is-layout-flow\">\n<div class=\"wp-block-uagb-container seccion-img-texto uagb-block-e1d0d9b7 default uagb-is-root-container\">\n<div class=\"wp-block-uagb-container bloque-texto uagb-block-81a1a352\">\n<div style=\"height:35px\" aria-hidden=\"true\" class=\"wp-block-spacer\"><\/div>\n\n\n\n<h1 class=\"wp-block-heading page-title titular-producto\">Bouchon DOP, pour garantir la provenance des produits<\/h1>\n\n\n\n<p>Le Groupe Torrent est leader mondial dans la production de bouchons pour huile d\u2019olive vierge <strong>extra (AOVE)<\/strong> et pour vinaigres. Nos solutions de bouchage non-remplissables garantissent la provenance de l\u2019huile depuis la mise en bouteille jusqu\u2019au consommateur.&nbsp;<br><br>Nous disposons d\u2019une grande vari\u00e9t\u00e9 de solutions de bouchage personnalis\u00e9es, en fonction des besoins de nos clients. Torrent Innova cr\u00e9\u00e9 tendance. Nous associons la s\u00e9curit\u00e9, le style, l\u2019esth\u00e9tique et la fonctionnalit\u00e9 dans le d\u00e9veloppement et la production de bouchons non-remplissables. Gr\u00e2ce \u00e0 la grande vari\u00e9t\u00e9 de nos solutions personnalis\u00e9es \u00ab adhoc \u00bb, <strong>les bouchons pour AOVE et vinaigres<\/strong> font un pas en avant vers l&#8217;excellence et l\u2019exclusivit\u00e9.<\/p>\n<\/div>\n\n\n\n<div class=\"wp-block-uagb-container uag-hide-mob uagb-block-d018f00b\"><\/div>\n<\/div>\n\n\n\n<div style=\"height:60px\" aria-hidden=\"true\" class=\"wp-block-spacer\"><\/div>\n\n\n\n<h2 class=\"wp-block-heading\">Avantages des bouchons pour AOVE et vinaigres<\/h2>\n\n\n\n<p>La facilit\u00e9 d\u2019ouverture et de fermeture, une meilleure \u00e9tanch\u00e9it\u00e9, son prix comp\u00e9titif et les nombreuses possibilit\u00e9s de d\u00e9coration sont des avantages d\u00e9terminants <strong>de nos bouchons pour AOVE<\/strong> et vinaigres. La grande vari\u00e9t\u00e9 de syst\u00e8mes de dosage que nous proposons permettent de r\u00e9pondre \u00e0 toutes les demandes en mati\u00e8re de versement.<\/p>\n\n\n\n<p>La bague de la bouteille en verre <a href=\"https:\/\/torrentclosures.com\/fr\/bouchon-pilfer-aove\/\">Pilfer<\/a>, est l\u2019option que la plupart des conditionneurs d\u2019AOVE, de vinaigres, de sauces et d&#8217;autres huiles de grande qualit\u00e9 choisissent. Ce syst\u00e8me de conditionnement, o\u00f9 interviennent la bouteille, le bouchon verseur et son application correcte gr\u00e2ce \u00e0 une t\u00eate \u00e0 vis, r\u00e9siste aux conditions logistiques extr\u00eames, ce qui garantit l\u2019int\u00e9grit\u00e9 du produit jusqu\u2019\u00e0 sa consommation<\/p>\n\n\n\n<p>La bague de la bouteille en verre, appel\u00e9e sur le march\u00e9 <a href=\"https:\/\/torrentclosures.com\/fr\/bouchon-dop-aove\/\">DOP<\/a>, correspond \u00e0 la norme du verre avec fermeture \u00e0 pression la plus r\u00e9pandue dans le secteur des liqueurs et des boissons spiritueuses, tr\u00e8s expos\u00e9es \u00e0 la contrefa\u00e7on, \u00e0 la fraude et au sabotage. Nos bouchons offrent un syst\u00e8me anti-gouttes qui \u00e9vite que les bouteilles se salissent apr\u00e8s leur utilisation.<\/p>\n\n\n\n<p>Chez <a href=\"https:\/\/torrentclosures.com\/fr\/groupe-torrent\/\">Groupe Torrent<\/a> nous proposons \u00e9galement des solutions de bouchage pour <a href=\"https:\/\/fr.wikipedia.org\/wiki\/Huile_d%27olive\" target=\"_blank\" rel=\"noreferrer noopener\">huile d\u2019olive <\/a>vierge extra de type <strong>ROPP<\/strong>.<\/p>\n\n\n\n<div style=\"height:60px\" aria-hidden=\"true\" class=\"wp-block-spacer\"><\/div>\n\n\n\n<h2 class=\"wp-block-heading titulo-earth\">Questions fr\u00e9quemment pos\u00e9es sur bouchons pour AOVE et vinaigres<\/h2>\n\n\n\n<div style=\"height:20px\" aria-hidden=\"true\" class=\"wp-block-spacer\"><\/div>\n\n\n\n<div class=\"wp-block-pb-accordion-item c-accordion__item js-accordion-item no-js is-open acordeon\" data-initially-open=\"true\" data-click-to-close=\"true\" data-auto-close=\"true\" data-scroll=\"false\" data-scroll-offset=\"0\"><h3 id=\"at-527350\" class=\"c-accordion__title js-accordion-controller\" role=\"button\">Quels types de bouchons pour bouteilles d\u2019huile d\u2019olive propose Torrent Closures ?<\/h3><div id=\"ac-527350\" class=\"c-accordion__content\">\n<p>Groupe Torrent propose une large gamme de bouchons pour bouteilles d\u2019huile d\u2019olive vierge et de vinaigre, con\u00e7us pour r\u00e9pondre \u00e0 la fois \u00e0 des besoins fonctionnels et esth\u00e9tiques. Leurs solutions de bouchage pour huile d\u2019olive se distinguent par leurs verseurs, qui garantissent un service propre, s\u00fbr et sans gouttes. Ces bouchons sont disponibles en diff\u00e9rents formats et dimensions, compatibles avec les cols Pilfer Proof (PP) et DOP, assurant ainsi une excellente adaptabilit\u00e9 \u00e0 une grande vari\u00e9t\u00e9 de bouteilles sur le march\u00e9.<\/p>\n<\/div><\/div>\n\n\n\n<div class=\"wp-block-pb-accordion-item c-accordion__item js-accordion-item no-js acordeon\" data-initially-open=\"false\" data-click-to-close=\"true\" data-auto-close=\"true\" data-scroll=\"false\" data-scroll-offset=\"0\"><h3 id=\"at-527351\" class=\"c-accordion__title js-accordion-controller\" role=\"button\">Quels avantages les bouchons de Torrent pour l\u2019HOVE et le vinaigre offrent-ils par rapport aux solutions g\u00e9n\u00e9riques ?<\/h3><div id=\"ac-527351\" class=\"c-accordion__content\">\n<p>Les bouchons de Groupe Torrent pour l\u2019huile d\u2019olive vierge extra (HOVE) et le vinaigre offrent des avantages notables par rapport aux options standard du march\u00e9. Ils int\u00e8grent des syst\u00e8mes de versement inviolables qui emp\u00eachent la fraude et garantissent l\u2019authenticit\u00e9 du produit. De plus, ils assurent un service fluide et propre, am\u00e9liorant ainsi l\u2019exp\u00e9rience du consommateur. Ces bouchons pour huile d\u2019olive peuvent \u00e9galement \u00eatre personnalis\u00e9s avec des finitions d\u00e9coratives de haute qualit\u00e9, renfor\u00e7ant l\u2019identit\u00e9 de la marque et attirant l\u2019attention sur le point de vente \u2014 tout en respectant les normes de s\u00e9curit\u00e9 alimentaire et les crit\u00e8res de durabilit\u00e9<\/p>\n<\/div><\/div>\n\n\n\n<div class=\"wp-block-pb-accordion-item c-accordion__item js-accordion-item no-js acordeon\" data-initially-open=\"false\" data-click-to-close=\"true\" data-auto-close=\"true\" data-scroll=\"false\" data-scroll-offset=\"0\"><h3 id=\"at-527352\" class=\"c-accordion__title js-accordion-controller\" role=\"button\">Quelles caract\u00e9ristiques doivent avoir des bouchons pour huile d\u2019olive de haute qualit\u00e9 ?<\/h3><div id=\"ac-527352\" class=\"c-accordion__content\">\n<p>Les bouchons pour huile d\u2019olive de haute qualit\u00e9 doivent assurer une fermeture herm\u00e9tique, permettre un versement pr\u00e9cis et \u00e9viter les gouttes. Il est essentiel qu\u2019ils int\u00e8grent des m\u00e9canismes anti-re-remplissage, comme des verseurs inviolables, et qu\u2019ils soient fabriqu\u00e9s avec des mat\u00e9riaux adapt\u00e9s aux substances grasses. De plus, ils doivent offrir des possibilit\u00e9s de personnalisation afin de renforcer l\u2019image de marque du produit et s\u2019adapter \u00e0 diff\u00e9rents types de cols de bouteille. Ce type de bouchon doit \u00e9galement \u00eatre conforme aux r\u00e9glementations du secteur alimentaire.<\/p>\n<\/div><\/div>\n\n\n\n<div class=\"wp-block-pb-accordion-item c-accordion__item js-accordion-item no-js acordeon\" data-initially-open=\"false\" data-click-to-close=\"true\" data-auto-close=\"true\" data-scroll=\"false\" data-scroll-offset=\"0\"><h3 id=\"at-527353\" class=\"c-accordion__title js-accordion-controller\" role=\"button\">Quels mat\u00e9riaux sont utilis\u00e9s pour les bouchons de bouteilles d\u2019huile d\u2019olive ?<\/h3><div id=\"ac-527353\" class=\"c-accordion__content\">\n<p>Les bouchons pour bouteilles d\u2019huile d\u2019olive vierge sont g\u00e9n\u00e9ralement fabriqu\u00e9s \u00e0 partir de plastiques de haute qualit\u00e9 tels que le poly\u00e9thyl\u00e8ne (PE) et le polypropyl\u00e8ne (PP), id\u00e9aux pour leur r\u00e9sistance aux huiles, leur durabilit\u00e9 et leur compatibilit\u00e9 avec les normes de s\u00e9curit\u00e9 alimentaire. Dans certains cas, des \u00e9l\u00e9ments m\u00e9talliques d\u00e9coratifs sont \u00e9galement utilis\u00e9s. Les bouchons pour huile d\u2019olive de Groupe Torrent int\u00e8grent des mat\u00e9riaux recyclables et des solutions techniques durables, garantissant un impact environnemental r\u00e9duit sans compromettre la fonctionnalit\u00e9 ni l\u2019esth\u00e9tique du bouchon.<\/p>\n<\/div><\/div>\n\n\n\n<div class=\"wp-block-pb-accordion-item c-accordion__item js-accordion-item no-js acordeon\" data-initially-open=\"false\" data-click-to-close=\"true\" data-auto-close=\"true\" data-scroll=\"false\" data-scroll-offset=\"0\"><h3 id=\"at-527354\" class=\"c-accordion__title js-accordion-controller\" role=\"button\">Qu\u2019est-ce que le syst\u00e8me de goulot inviolable (Pilfer-proof) et comment am\u00e9liore-t-il l\u2019emballage de l\u2019HOVE ?<\/h3><div id=\"ac-527354\" class=\"c-accordion__content\">\n<p>Le syst\u00e8me de col inviolable (Pilfer-proof) permet l\u2019utilisation de bouchons pour bouteilles d\u2019huile d\u2019olive vierge dot\u00e9s d\u2019anneaux de s\u00e9curit\u00e9 indiquant si le contenant a \u00e9t\u00e9 ouvert. Ce type de fermeture est id\u00e9al pour pr\u00e9server la qualit\u00e9 du produit, car il emp\u00eache toute alt\u00e9ration et garantit au consommateur l\u2019authenticit\u00e9 de l\u2019huile d\u2019olive vierge extra. Les bouchons compatibles avec ce type de col offrent une \u00e9tanch\u00e9it\u00e9 fiable, un versement contr\u00f4l\u00e9 et un design technique qui renforce \u00e0 la fois la s\u00e9curit\u00e9 alimentaire et l\u2019exp\u00e9rience utilisateur.<\/p>\n<\/div><\/div>\n\n\n\n<div class=\"wp-block-pb-accordion-item c-accordion__item js-accordion-item no-js acordeon\" data-initially-open=\"false\" data-click-to-close=\"true\" data-auto-close=\"true\" data-scroll=\"false\" data-scroll-offset=\"0\"><h3 id=\"at-527355\" class=\"c-accordion__title js-accordion-controller\" role=\"button\">Torrent Closures propose-t-il des solutions durables pour les bouchons d\u2019huile d\u2019olive ?<\/h3><div id=\"ac-527355\" class=\"c-accordion__content\">\n<p>Oui, Groupe Torrent d\u00e9veloppe des bouchons pour l\u2019huile d\u2019olive vierge extra (HOVE) et le vinaigre avec un fort engagement environnemental. L\u2019entreprise utilise des mat\u00e9riaux recyclables et des proc\u00e9d\u00e9s de fabrication responsables afin de r\u00e9duire l\u2019impact \u00e9cologique sans compromettre la fonctionnalit\u00e9. Ces bouchons pour huile d\u2019olive sont con\u00e7us selon les principes de l\u2019\u00e9conomie circulaire et de l\u2019efficacit\u00e9 des mat\u00e9riaux, offrant des solutions qui allient innovation, s\u00e9curit\u00e9 et durabilit\u00e9. Ils sont id\u00e9aux pour les marques souhaitant se d\u00e9marquer avec un produit respectueux de l\u2019environnement, en accord avec les attentes des consommateurs d\u2019aujourd\u2019hui.<\/p>\n<\/div><\/div>\n\n\n\n<div class=\"wp-block-pb-accordion-item c-accordion__item js-accordion-item no-js acordeon\" data-initially-open=\"false\" data-click-to-close=\"true\" data-auto-close=\"true\" data-scroll=\"false\" data-scroll-offset=\"0\"><h3 id=\"at-527356\" class=\"c-accordion__title js-accordion-controller\" role=\"button\">Comment puis-je demander des bouchons personnalis\u00e9s pour mon huile d\u2019olive ou mon vinaigre ?<\/h3><div id=\"ac-527356\" class=\"c-accordion__content\">\n<p>Pour demander des bouchons personnalis\u00e9s pour des bouteilles d\u2019huile d\u2019olive vierge ou de vinaigre, vous pouvez contacter Groupe Torrent <a href=\"https:\/\/torrentclosures.com\/fr\/contactez-nous\/\" data-type=\"page\" data-id=\"52745\">directement via son site web<\/a>. L\u2019entreprise propose un accompagnement technique et esth\u00e9tique afin d\u2019adapter les bouchons \u00e0 votre marque, en tenant compte de la couleur, du logo, des finitions et des syst\u00e8mes de versement exclusifs. Leurs solutions sur mesure permettent de cr\u00e9er des bouchons pour HOVE et vinaigre qui renforcent l\u2019identit\u00e9 visuelle de votre produit tout en r\u00e9pondant \u00e0 vos exigences logistiques, de design et de s\u00e9curit\u00e9.<\/p>\n<\/div><\/div>\n\n\n\n<div style=\"height:74px\" aria-hidden=\"true\" class=\"wp-block-spacer\"><\/div>\n\n\n\n<div class=\"wp-block-columns is-layout-flex wp-container-core-columns-is-layout-9d6595d7 wp-block-columns-is-layout-flex\">\n<div class=\"wp-block-column is-layout-flow wp-block-column-is-layout-flow\" style=\"flex-basis:100%\">\n<div class=\"wp-block-columns is-layout-flex wp-container-core-columns-is-layout-9d6595d7 wp-block-columns-is-layout-flex\">\n<div class=\"wp-block-column is-layout-flow wp-block-column-is-layout-flow\" style=\"flex-basis:100%\">\n<div class=\"wp-block-columns alignfull are-vertically-aligned-center is-layout-flex wp-container-core-columns-is-layout-9d6595d7 wp-block-columns-is-layout-flex\">\n<div class=\"wp-block-column is-vertically-aligned-center is-layout-flow wp-block-column-is-layout-flow\" style=\"flex-basis:100%\">\n<figure class=\"wp-block-gallery aligncenter has-nested-images columns-3 is-cropped galeria-productos wp-block-gallery-1 is-layout-flex wp-block-gallery-is-layout-flex\">\n<figure class=\"wp-block-image size-full\"><img loading=\"lazy\" decoding=\"async\" width=\"1024\" height=\"683\" data-id=\"52493\" src=\"https:\/\/torrentclosures.com\/wp-content\/uploads\/2025\/03\/IMG_1466-Valdecuevas-Captor-47-PM002-1024x683-1.jpg\" alt=\"| Grupo Torrent Espa\u00f1a\" class=\"wp-image-52493\" title=\"| Grupo Torrent Espa\u00f1a\" srcset=\"https:\/\/torrentclosures.com\/wp-content\/uploads\/2025\/03\/IMG_1466-Valdecuevas-Captor-47-PM002-1024x683-1.jpg 1024w, https:\/\/torrentclosures.com\/wp-content\/uploads\/2025\/03\/IMG_1466-Valdecuevas-Captor-47-PM002-1024x683-1-768x512.jpg 768w\" sizes=\"auto, (max-width: 1024px) 100vw, 1024px\" \/><\/figure>\n\n\n\n<figure class=\"wp-block-image size-full\"><img loading=\"lazy\" decoding=\"async\" width=\"1024\" height=\"683\" data-id=\"52490\" src=\"https:\/\/torrentclosures.com\/wp-content\/uploads\/2025\/03\/IMG_0725-Mercadona-T247-3D-1024x683-1.jpg\" alt=\"| Grupo Torrent Espa\u00f1a\" class=\"wp-image-52490\" title=\"| Grupo Torrent Espa\u00f1a\" srcset=\"https:\/\/torrentclosures.com\/wp-content\/uploads\/2025\/03\/IMG_0725-Mercadona-T247-3D-1024x683-1.jpg 1024w, https:\/\/torrentclosures.com\/wp-content\/uploads\/2025\/03\/IMG_0725-Mercadona-T247-3D-1024x683-1-768x512.jpg 768w\" sizes=\"auto, (max-width: 1024px) 100vw, 1024px\" \/><\/figure>\n\n\n\n<figure class=\"wp-block-image size-full\"><img loading=\"lazy\" decoding=\"async\" width=\"1024\" height=\"683\" data-id=\"52487\" src=\"https:\/\/torrentclosures.com\/wp-content\/uploads\/2025\/03\/MGL0020-Vertido-V92-1024x683-1.jpg\" alt=\"| Grupo Torrent Espa\u00f1a\" class=\"wp-image-52487\" title=\"| Grupo Torrent Espa\u00f1a\" srcset=\"https:\/\/torrentclosures.com\/wp-content\/uploads\/2025\/03\/MGL0020-Vertido-V92-1024x683-1.jpg 1024w, https:\/\/torrentclosures.com\/wp-content\/uploads\/2025\/03\/MGL0020-Vertido-V92-1024x683-1-768x512.jpg 768w\" sizes=\"auto, (max-width: 1024px) 100vw, 1024px\" \/><\/figure>\n\n\n\n<figure class=\"wp-block-image size-full\"><img loading=\"lazy\" decoding=\"async\" width=\"1024\" height=\"683\" data-id=\"52484\" src=\"https:\/\/torrentclosures.com\/wp-content\/uploads\/2025\/03\/AOVE7_r-1024x683-1.jpg\" alt=\"| Grupo Torrent Espa\u00f1a\" class=\"wp-image-52484\" title=\"| Grupo Torrent Espa\u00f1a\" srcset=\"https:\/\/torrentclosures.com\/wp-content\/uploads\/2025\/03\/AOVE7_r-1024x683-1.jpg 1024w, https:\/\/torrentclosures.com\/wp-content\/uploads\/2025\/03\/AOVE7_r-1024x683-1-768x512.jpg 768w\" sizes=\"auto, (max-width: 1024px) 100vw, 1024px\" \/><\/figure>\n\n\n\n<figure class=\"wp-block-image size-full\"><img loading=\"lazy\" decoding=\"async\" width=\"1024\" height=\"683\" data-id=\"52481\" src=\"https:\/\/torrentclosures.com\/wp-content\/uploads\/2025\/03\/AOVE9-1024x683-1.jpg\" alt=\"| Grupo Torrent Espa\u00f1a\" class=\"wp-image-52481\" title=\"| Grupo Torrent Espa\u00f1a\" srcset=\"https:\/\/torrentclosures.com\/wp-content\/uploads\/2025\/03\/AOVE9-1024x683-1.jpg 1024w, https:\/\/torrentclosures.com\/wp-content\/uploads\/2025\/03\/AOVE9-1024x683-1-768x512.jpg 768w\" sizes=\"auto, (max-width: 1024px) 100vw, 1024px\" \/><\/figure>\n\n\n\n<figure class=\"wp-block-image size-full\"><img loading=\"lazy\" decoding=\"async\" width=\"1024\" height=\"683\" data-id=\"52478\" src=\"https:\/\/torrentclosures.com\/wp-content\/uploads\/2025\/03\/Turri-Captor47-PM114-1024x683-1.jpg\" alt=\"| Grupo Torrent Espa\u00f1a\" class=\"wp-image-52478\" title=\"| Grupo Torrent Espa\u00f1a\" srcset=\"https:\/\/torrentclosures.com\/wp-content\/uploads\/2025\/03\/Turri-Captor47-PM114-1024x683-1.jpg 1024w, https:\/\/torrentclosures.com\/wp-content\/uploads\/2025\/03\/Turri-Captor47-PM114-1024x683-1-768x512.jpg 768w\" sizes=\"auto, (max-width: 1024px) 100vw, 1024px\" \/><\/figure>\n<\/figure>\n<\/div>\n<\/div>\n<\/div>\n<\/div>\n<\/div>\n<\/div>\n<\/div><\/div>\n","protected":false},"excerpt":{"rendered":"<p>Bouchon DOP, pour garantir la provenance des produits Le Groupe Torrent est leader mondial dans la production de bouchons pour huile d\u2019olive vierge extra (AOVE) et pour vinaigres. Nos solutions de bouchage non-remplissables garantissent la provenance de l\u2019huile depuis la mise en bouteille jusqu\u2019au consommateur.&nbsp; Nous disposons d\u2019une grande vari\u00e9t\u00e9 de solutions de bouchage personnalis\u00e9es, &hellip;<\/p>\n","protected":false},"author":3,"featured_media":13055,"parent":0,"menu_order":0,"comment_status":"closed","ping_status":"closed","template":"","meta":{"inline_featured_image":false,"_uag_custom_page_level_css":"","footnotes":""},"class_list":["post-52735","page","type-page","status-publish","has-post-thumbnail","hentry"],"uagb_featured_image_src":{"full":["https:\/\/torrentclosures.com\/wp-content\/uploads\/2020\/12\/Cabeceras_AOVE_Principal.jpg",1500,430,false],"thumbnail":["https:\/\/torrentclosures.com\/wp-content\/uploads\/2020\/12\/Cabeceras_AOVE_Principal-150x150.jpg",150,150,true],"medium":["https:\/\/torrentclosures.com\/wp-content\/uploads\/2020\/12\/Cabeceras_AOVE_Principal-300x300.jpg",300,300,true],"medium_large":["https:\/\/torrentclosures.com\/wp-content\/uploads\/2020\/12\/Cabeceras_AOVE_Principal-768x220.jpg",768,220,true],"large":["https:\/\/torrentclosures.com\/wp-content\/uploads\/2020\/12\/Cabeceras_AOVE_Principal-1024x294.jpg",1024,294,true],"1536x1536":["https:\/\/torrentclosures.com\/wp-content\/uploads\/2020\/12\/Cabeceras_AOVE_Principal.jpg",1500,430,false],"2048x2048":["https:\/\/torrentclosures.com\/wp-content\/uploads\/2020\/12\/Cabeceras_AOVE_Principal.jpg",1500,430,false],"gform-image-choice-sm":["https:\/\/torrentclosures.com\/wp-content\/uploads\/2020\/12\/Cabeceras_AOVE_Principal.jpg",300,86,false],"gform-image-choice-md":["https:\/\/torrentclosures.com\/wp-content\/uploads\/2020\/12\/Cabeceras_AOVE_Principal.jpg",400,115,false],"gform-image-choice-lg":["https:\/\/torrentclosures.com\/wp-content\/uploads\/2020\/12\/Cabeceras_AOVE_Principal.jpg",600,172,false]},"uagb_author_info":{"display_name":"Pablo","author_link":"https:\/\/torrentclosures.com\/fr"},"uagb_comment_info":0,"uagb_excerpt":"Bouchon DOP, pour garantir la provenance des produits Le Groupe Torrent est leader mondial dans la production de bouchons pour huile d\u2019olive vierge extra (AOVE) et pour vinaigres. Nos solutions de bouchage non-remplissables garantissent la provenance de l\u2019huile depuis la mise en bouteille jusqu\u2019au consommateur.&nbsp; Nous disposons d\u2019une grande vari\u00e9t\u00e9 de solutions de bouchage personnalis\u00e9es,\u2026","_links":{"self":[{"href":"https:\/\/torrentclosures.com\/fr\/wp-json\/wp\/v2\/pages\/52735","targetHints":{"allow":["GET"]}}],"collection":[{"href":"https:\/\/torrentclosures.com\/fr\/wp-json\/wp\/v2\/pages"}],"about":[{"href":"https:\/\/torrentclosures.com\/fr\/wp-json\/wp\/v2\/types\/page"}],"author":[{"embeddable":true,"href":"https:\/\/torrentclosures.com\/fr\/wp-json\/wp\/v2\/users\/3"}],"replies":[{"embeddable":true,"href":"https:\/\/torrentclosures.com\/fr\/wp-json\/wp\/v2\/comments?post=52735"}],"version-history":[{"count":5,"href":"https:\/\/torrentclosures.com\/fr\/wp-json\/wp\/v2\/pages\/52735\/revisions"}],"predecessor-version":[{"id":54998,"href":"https:\/\/torrentclosures.com\/fr\/wp-json\/wp\/v2\/pages\/52735\/revisions\/54998"}],"wp:featuredmedia":[{"embeddable":true,"href":"https:\/\/torrentclosures.com\/fr\/wp-json\/wp\/v2\/media\/13055"}],"wp:attachment":[{"href":"https:\/\/torrentclosures.com\/fr\/wp-json\/wp\/v2\/media?parent=52735"}],"curies":[{"name":"wp","href":"https:\/\/api.w.org\/{rel}","templated":true}]}}