{"id":52734,"date":"2020-07-04T15:19:45","date_gmt":"2020-07-04T15:19:45","guid":{"rendered":"https:\/\/new.torrentclosures.com\/?page_id=10591"},"modified":"2025-07-29T08:27:29","modified_gmt":"2025-07-29T07:27:29","slug":"bouchon-pilfer-aove","status":"publish","type":"page","link":"https:\/\/torrentclosures.com\/fr\/bouchon-pilfer-aove\/","title":{"rendered":"Bouchon Pilfer"},"content":{"rendered":"\n<div class=\"wp-block-uagb-container cabecera-ancho uagb-block-66392a8b alignfull uagb-is-root-container\">\n<div class=\"wp-block-columns is-layout-flex wp-container-core-columns-is-layout-9d6595d7 wp-block-columns-is-layout-flex\">\n<div class=\"wp-block-column is-layout-flow wp-block-column-is-layout-flow\"><\/div>\n\n\n\n<div class=\"wp-block-column is-layout-flow wp-block-column-is-layout-flow\">\n<figure class=\"wp-block-image size-full\"><img loading=\"lazy\" decoding=\"async\" width=\"1024\" height=\"683\" src=\"https:\/\/torrentclosures.com\/wp-content\/uploads\/2025\/03\/goya_aove-1024x683-v3.png\" alt=\"| Grupo Torrent Espa\u00f1a\" class=\"wp-image-52509\" title=\"| Grupo Torrent Espa\u00f1a\" srcset=\"https:\/\/torrentclosures.com\/wp-content\/uploads\/2025\/03\/goya_aove-1024x683-v3.png 1024w, https:\/\/torrentclosures.com\/wp-content\/uploads\/2025\/03\/goya_aove-1024x683-v3-768x512.png 768w\" sizes=\"auto, (max-width: 1024px) 100vw, 1024px\" \/><\/figure>\n<\/div>\n<\/div>\n<\/div>\n\n\n\n<div class=\"wp-block-group contenido\"><div class=\"wp-block-group__inner-container is-layout-constrained wp-block-group-is-layout-constrained\">\n<div class=\"wp-block-uagb-container seccion-img-texto uagb-block-0bdebf46 default uagb-is-root-container\">\n<div class=\"wp-block-uagb-container bloque-texto uagb-block-881434a0\">\n<div style=\"height:35px\" aria-hidden=\"true\" class=\"wp-block-spacer\"><\/div>\n\n\n\n<h1 class=\"wp-block-heading page-title titular-producto titular-no-justificado\">Bouchon Pilfer pour AOVE, vinaigre et sauces<\/h1>\n\n\n\n<p>La bague de la <a href=\"https:\/\/fr.wikipedia.org\/wiki\/Bouteille\" target=\"_blank\" rel=\"noreferrer noopener\">bouteille en verre<\/a> Pilfer, est l\u2019option que la plupart des conditionneurs d\u2019AOVE, de vinaigres, de sauces et d&#8217;autres huiles de grande qualit\u00e9 choisissent. Ce syst\u00e8me de conditionnement, o\u00f9 interviennent la bouteille, le bouchon verseur et son <strong>application<\/strong> correcte gr\u00e2ce \u00e0 une t\u00eate \u00e0 vis, r\u00e9siste aux conditions logistiques extr\u00eames, ce qui garantit l\u2019int\u00e9grit\u00e9 du produit jusqu\u2019\u00e0 sa consommation.<br><br>Pour ce packaging, nous disposons de la plus grande vari\u00e9t\u00e9 de bouchons verseurs en fonction de la demande du client ou de l&#8217;exp\u00e9rience recherch\u00e9e par le consommateur. Nous proposons deux longueurs de <strong>bouchon Pilfer<\/strong>, que l\u2019on peut d\u00e9corer et qui peuvent avoir plus d\u2019impact sur la d\u00e9cision d\u2019achat du consommateur.<\/p>\n<\/div>\n\n\n\n<div class=\"wp-block-uagb-container uag-hide-mob uagb-block-ec4c720b\"><\/div>\n<\/div>\n\n\n\n<div class=\"wp-block-uagb-container seccion-img-texto seccion-evoo uagb-block-fce73790 default uagb-is-root-container\">\n<div class=\"wp-block-uagb-container uagb-block-6d5bc372\">\n<div class=\"wp-block-uagb-image uagb-block-11a8914a wp-block-uagb-image--layout-default wp-block-uagb-image--effect-static wp-block-uagb-image--align-none img-ancho-izq\"><figure class=\"wp-block-uagb-image__figure\"><img decoding=\"async\" srcset=\"https:\/\/torrentclosures.com\/wp-content\/uploads\/2025\/03\/vertido_monteolivo_01.png ,https:\/\/torrentclosures.com\/wp-content\/uploads\/2025\/03\/vertido_monteolivo_01.png 780w, https:\/\/torrentclosures.com\/wp-content\/uploads\/2025\/03\/vertido_monteolivo_01.png 360w\" sizes=\"auto, (max-width: 480px) 150px\" src=\"https:\/\/torrentclosures.com\/wp-content\/uploads\/2025\/03\/vertido_monteolivo_01.png\" alt=\"| Grupo Torrent Espa\u00f1a\" class=\"uag-image-52506\" width=\"968\" height=\"875\" title=\"vertido_monteolivo_01\" loading=\"lazy\" role=\"img\"><\/figure><\/div>\n<\/div>\n\n\n\n<div class=\"wp-block-uagb-container bloque-texto uagb-block-185ec5f0\">\n<h2 class=\"wp-block-heading titular-no-justificado\">Bouchons Pilfer avec syst\u00e8me non-remplissable<\/h2>\n\n\n\n<p>Les diff\u00e9rents styles de verseurs permettent d\u2019obtenir plusieurs d\u00e9bits, de garantir le non-remplissage ou d\u2019optimiser le contr\u00f4le, tout en am\u00e9liorant l&#8217;exp\u00e9rience du consommateur ce qui aura un impact sur sa d\u00e9cision de renouveler l&#8217;achat. Nous mettons toujours l&#8217;accent sur le bon fonctionnement du syst\u00e8me anti-goutte, qui \u00e9vite que le produit ne salisse la bouteille, ce qui aurait un impact n\u00e9gatif sur l&#8217;exp\u00e9rience d\u2019utilisation et sur l\u2019image de marque.<br><br>L&#8217;utilisation prolong\u00e9e ce ces emballages fait que le consommateur multiplie son interaction avec son produit. Nous garantissons ainsi la fonctionnalit\u00e9 de la bouteille et nous optimisons l&#8217;exp\u00e9rience d\u2019utilisation. Chez Groupe Torrent nous avons l\u2019habitude de dire que la bouteille est confront\u00e9e \u00e0 plus de 150 moments de v\u00e9rit\u00e9.<\/p>\n<\/div>\n<\/div>\n\n\n\n<div class=\"wp-block-uagb-container seccion-img-texto seccion-stopper90 uagb-block-001303b0 default uagb-is-root-container\">\n<div class=\"wp-block-uagb-container bloque-texto uagb-block-b59fdf2b\">\n<h2 class=\"wp-block-heading\">Bouchons Pilfer en mat\u00e9riaux recycl\u00e9s<\/h2>\n\n\n\n<p>Techniquement, le bouchon verseur est compos\u00e9 d&#8217;une capsule en aluminium obtenue par emboutissage simple. Gr\u00e2ce \u00e0 son design complexe, il soutient m\u00e9caniquement l&#8217;ensemble obturateur-verseur et met en \u00e9vidence la premi\u00e8re ouverture gr\u00e2ce \u00e0 la d\u00e9chirure des points pr\u00e9d\u00e9coup\u00e9s.&nbsp;&nbsp;<br><br>Cet assemblage sans colle est enti\u00e8rement recyclable. En effet, il permet la s\u00e9paration des mat\u00e9riaux en usine, comme l&#8217;aluminium et le poly\u00e9thyl\u00e8ne. L&#8217;aluminium que nous obtenons chez notre fournisseur est issu \u00e0 au moins 90 % de mat\u00e9riaux recycl\u00e9s, en partie de source externe et en partie de leurs propres processus.<\/p>\n<\/div>\n\n\n\n<div class=\"wp-block-uagb-container uagb-block-5ce4dd2f\">\n<div class=\"wp-block-uagb-image alignright uagb-block-62503f80 wp-block-uagb-image--layout-default wp-block-uagb-image--effect-static wp-block-uagb-image--align-right img-botella\"><figure class=\"wp-block-uagb-image__figure\"><img decoding=\"async\" srcset=\"https:\/\/torrentclosures.com\/wp-content\/uploads\/2025\/03\/borges_pilfer-01.png ,https:\/\/torrentclosures.com\/wp-content\/uploads\/2025\/03\/borges_pilfer-01.png 780w, https:\/\/torrentclosures.com\/wp-content\/uploads\/2025\/03\/borges_pilfer-01.png 360w\" sizes=\"auto, (max-width: 480px) 150px\" src=\"https:\/\/torrentclosures.com\/wp-content\/uploads\/2025\/03\/borges_pilfer-01.png\" alt=\"| Grupo Torrent Espa\u00f1a\" class=\"uag-image-52503\" width=\"784\" height=\"376\" title=\"borges_pilfer-01\" loading=\"lazy\" role=\"img\"><\/figure><\/div>\n<\/div>\n<\/div>\n\n\n\n<div class=\"wp-block-group\"><div class=\"wp-block-group__inner-container is-layout-constrained wp-block-group-is-layout-constrained\">\n<div style=\"height:110px\" aria-hidden=\"true\" class=\"wp-block-spacer\"><\/div>\n\n\n\n<h2 class=\"wp-block-heading titulo-earth\" style=\"padding-bottom:var(--wp--preset--spacing--50)\">Questions fr\u00e9quemment pos\u00e9es sur bouchon Pilfer pour AOVE, vinaigre et sauces<\/h2>\n\n\n\n<div class=\"wp-block-pb-accordion-item c-accordion__item js-accordion-item no-js is-open acordeon\" data-initially-open=\"true\" data-click-to-close=\"true\" data-auto-close=\"true\" data-scroll=\"false\" data-scroll-offset=\"0\"><h3 id=\"at-527340\" class=\"c-accordion__title js-accordion-controller\" role=\"button\">Pourquoi la capsule Pilfer est-elle id\u00e9ale pour les bouteilles d\u2019huile d\u2019olive et de vinaigre ?<\/h3><div id=\"ac-527340\" class=\"c-accordion__content\">\n<p>La capsule Pilfer est id\u00e9ale pour les bouteilles d\u2019huile d\u2019olive et de vinaigre car elle combine s\u00e9curit\u00e9, fonctionnalit\u00e9 et design dans un seul syst\u00e8me de fermeture. Gr\u00e2ce \u00e0 sa bague d\u2019inviolabilit\u00e9 et \u00e0 son excellente capacit\u00e9 d\u2019\u00e9tanch\u00e9it\u00e9, elle prot\u00e8ge le contenu contre toute tentative de manipulation. De plus, sa compatibilit\u00e9 avec des syst\u00e8mes de versement pr\u00e9cis en fait une solution efficace pour les produits comme l\u2019huile d\u2019olive vierge extra (HOVE), o\u00f9 il est essentiel de pr\u00e9server les propri\u00e9t\u00e9s organoleptiques de l\u2019huile. Les capsules Pilfer assurent ainsi une exp\u00e9rience haut de gamme tant pour l\u2019embouteilleur que pour le consommateur final.<\/p>\n<\/div><\/div>\n\n\n\n<div class=\"wp-block-pb-accordion-item c-accordion__item js-accordion-item no-js acordeon\" data-initially-open=\"false\" data-click-to-close=\"true\" data-auto-close=\"true\" data-scroll=\"false\" data-scroll-offset=\"0\"><h3 id=\"at-527341\" class=\"c-accordion__title js-accordion-controller\" role=\"button\">Quels avantages la capsule Pilfer offre-t-elle par rapport aux autres bouchons pour huile d\u2019olive ?<\/h3><div id=\"ac-527341\" class=\"c-accordion__content\">\n<p>La capsule Pilfer se distingue par son syst\u00e8me de s\u00e9curit\u00e9 inviolable avec une bague de garantie, une fonctionnalit\u00e9 que toutes les fermetures du march\u00e9 ne proposent pas. En outre, son design technique permet l\u2019int\u00e9gration de verseurs irremplissables, ce qui emp\u00eache la fraude par remplissage. Ces capsules am\u00e9liorent \u00e9galement le versement en r\u00e9duisant les gouttes et les \u00e9claboussures \u2014 un avantage essentiel pour les produits comme l\u2019huile d\u2019olive vierge extra. D\u2019un point de vue esth\u00e9tique, la capsule Pilfer peut \u00eatre personnalis\u00e9e pour renforcer la pr\u00e9sentation du produit en rayon ou dans les boutiques gastronomiques.<\/p>\n<\/div><\/div>\n\n\n\n<div class=\"wp-block-pb-accordion-item c-accordion__item js-accordion-item no-js acordeon\" data-initially-open=\"false\" data-click-to-close=\"true\" data-auto-close=\"true\" data-scroll=\"false\" data-scroll-offset=\"0\"><h3 id=\"at-527342\" class=\"c-accordion__title js-accordion-controller\" role=\"button\">Quelles options de verseur sont disponibles avec la capsule Pilfer pour l\u2019huile d\u2019olive vierge extra (EVOO) ?<\/h3><div id=\"ac-527342\" class=\"c-accordion__content\">\n<p>La capsule Pilfer pour l\u2019HOVE peut int\u00e9grer diff\u00e9rents types de verseurs, tels que les syst\u00e8mes \u00e0 d\u00e9bit libre, contr\u00f4l\u00e9 ou irremplissables, permettant ainsi de s\u2019adapter aux besoins du producteur et du consommateur. Ces configurations assurent un versement propre, dos\u00e9 et sans retour, id\u00e9al pour pr\u00e9server la qualit\u00e9 de l\u2019huile d\u2019olive vierge extra. Grupo Torrent propose des versions avanc\u00e9es de capsules Pilfer avec des verseurs int\u00e9gr\u00e9s \u00e0 l\u2019int\u00e9rieur du bouchon, garantissant une exp\u00e9rience utilisateur confortable, hygi\u00e9nique et s\u00fbre, du premier usage jusqu\u2019\u00e0 la derni\u00e8re goutte.<\/p>\n<\/div><\/div>\n\n\n\n<div class=\"wp-block-pb-accordion-item c-accordion__item js-accordion-item no-js acordeon\" data-initially-open=\"false\" data-click-to-close=\"true\" data-auto-close=\"true\" data-scroll=\"false\" data-scroll-offset=\"0\"><h3 id=\"at-527343\" class=\"c-accordion__title js-accordion-controller\" role=\"button\">La capsule Pilfer peut-elle \u00eatre personnalis\u00e9e pour les produits \u00e0 base de vinaigre ?<\/h3><div id=\"ac-527343\" class=\"c-accordion__content\">\n<p>Oui, la capsule Pilfer est enti\u00e8rement personnalisable pour les produits \u00e0 base de vinaigre et autres liquides sp\u00e9cialis\u00e9s. Elle peut \u00eatre adapt\u00e9e en termes de couleur, de design ext\u00e9rieur, de finitions d\u00e9coratives et de logos, permettant ainsi de cr\u00e9er une image de marque coh\u00e9rente et attractive. Cette polyvalence fait des capsules Pilfer une solution id\u00e9ale pour se d\u00e9marquer sur le march\u00e9, notamment dans les gammes de produits gastronomiques ou biologiques. Par ailleurs, leur fonctionnalit\u00e9 technique reste intacte, r\u00e9pondant \u00e0 des normes \u00e9lev\u00e9es de s\u00e9curit\u00e9, d\u2019hygi\u00e8ne et de compatibilit\u00e9 alimentaire.<\/p>\n<\/div><\/div>\n\n\n\n<div class=\"wp-block-pb-accordion-item c-accordion__item js-accordion-item no-js acordeon\" data-initially-open=\"false\" data-click-to-close=\"true\" data-auto-close=\"true\" data-scroll=\"false\" data-scroll-offset=\"0\"><h3 id=\"at-527344\" class=\"c-accordion__title js-accordion-controller\" role=\"button\">Comment la capsule Pilfer contribue-t-elle \u00e0 pr\u00e9server les qualit\u00e9s de l\u2019huile d\u2019olive vierge extra ?<\/h3><div id=\"ac-527344\" class=\"c-accordion__content\">\n<p>La capsule Pilfer joue un r\u00f4le cl\u00e9 dans la conservation de l\u2019huile d\u2019olive vierge extra (HOVE), car elle assure une fermeture herm\u00e9tique qui prot\u00e8ge le produit de l\u2019oxydation et de la contamination ext\u00e9rieure. De plus, de nombreuses capsules Pilfer int\u00e8grent des verseurs qui \u00e9vitent les gouttes et r\u00e9duisent le contact avec l\u2019air, contribuant \u00e0 maintenir les propri\u00e9t\u00e9s organoleptiques de l\u2019huile, telles que l\u2019ar\u00f4me, le go\u00fbt et la couleur. Gr\u00e2ce \u00e0 son design inviolable, la capsule Pilfer garantit \u00e9galement l\u2019authenticit\u00e9 du contenu, de l\u2019emballage \u00e0 la consommation.<\/p>\n<\/div><\/div>\n\n\n\n<div class=\"wp-block-pb-accordion-item c-accordion__item js-accordion-item no-js acordeon\" data-initially-open=\"false\" data-click-to-close=\"true\" data-auto-close=\"true\" data-scroll=\"false\" data-scroll-offset=\"0\"><h3 id=\"at-527345\" class=\"c-accordion__title js-accordion-controller\" role=\"button\">Quel r\u00f4le joue la durabilit\u00e9 dans la capsule Pilfer pour le vinaigre et l\u2019huile d\u2019olive ?<\/h3><div id=\"ac-527345\" class=\"c-accordion__content\">\n<p>La durabilit\u00e9 est un pilier fondamental dans le d\u00e9veloppement de la capsule Pilfer pour le vinaigre et l\u2019huile d\u2019olive. Grupo Torrent utilise des mat\u00e9riaux recyclables et des proc\u00e9d\u00e9s de fabrication responsables qui r\u00e9duisent la consommation de ressources, en accord avec les principes de l\u2019\u00e9conomie circulaire. Les capsules Pilfer sont con\u00e7ues pour offrir une fonctionnalit\u00e9 maximale avec un impact environnemental minimal, ce qui en fait un choix responsable pour les marques recherchant un \u00e9quilibre entre performance technique et engagement \u00e9cologique. Cette approche durable est mise en \u0153uvre sans compromettre la s\u00e9curit\u00e9 ni l\u2019esth\u00e9tique du produit.<\/p>\n<\/div><\/div>\n\n\n\n<div class=\"wp-block-pb-accordion-item c-accordion__item js-accordion-item no-js acordeon\" data-initially-open=\"false\" data-click-to-close=\"true\" data-auto-close=\"true\" data-scroll=\"false\" data-scroll-offset=\"0\"><h3 id=\"at-527346\" class=\"c-accordion__title js-accordion-controller\" role=\"button\">O\u00f9 puis-je demander des capsules Pilfer pour l\u2019huile d\u2019olive et le vinaigre ?<\/h3><div id=\"ac-527346\" class=\"c-accordion__content\">\n<p>Vous pouvez demander des capsules Pilfer pour l\u2019huile d\u2019olive et le vinaigre directement via le site officiel de <a href=\"https:\/\/torrentclosures.com\/fr\/\" data-type=\"page\" data-id=\"52727\">Grupo Torrent<\/a> ou en les contactant par e-mail \u00e0 l\u2019adresse: <a href=\"mailto:comercial@torrentclosures.com\">comercial@torrentclosures.com<\/a>. L\u2019entreprise propose un service personnalis\u00e9 pour adapter la capsule Pilfer \u00e0 vos besoins sp\u00e9cifiques, y compris les options de personnalisation, le type de verseur et les finitions d\u00e9coratives. Que ce soit pour des lancements premium, des produits gastronomiques ou des productions \u00e0 grande \u00e9chelle, Torrent fournit des solutions de capsules Pilfer en ad\u00e9quation avec vos objectifs commerciaux, logistiques et environnementaux.<\/p>\n<\/div><\/div>\n\n\n\n<div style=\"height:30px\" aria-hidden=\"true\" class=\"wp-block-spacer\"><\/div>\n<\/div><\/div>\n<\/div><\/div>\n","protected":false},"excerpt":{"rendered":"<p>Bouchon Pilfer pour AOVE, vinaigre et sauces La bague de la bouteille en verre Pilfer, est l\u2019option que la plupart des conditionneurs d\u2019AOVE, de vinaigres, de sauces et d&#8217;autres huiles de grande qualit\u00e9 choisissent. Ce syst\u00e8me de conditionnement, o\u00f9 interviennent la bouteille, le bouchon verseur et son application correcte gr\u00e2ce \u00e0 une t\u00eate \u00e0 vis, &hellip;<\/p>\n","protected":false},"author":3,"featured_media":12743,"parent":0,"menu_order":0,"comment_status":"closed","ping_status":"closed","template":"","meta":{"inline_featured_image":false,"_uag_custom_page_level_css":"","footnotes":""},"class_list":["post-52734","page","type-page","status-publish","has-post-thumbnail","hentry"],"uagb_featured_image_src":{"full":["https:\/\/torrentclosures.com\/wp-content\/uploads\/2020\/11\/Cabeceras_AOVE_Pilfer.jpg",1500,430,false],"thumbnail":["https:\/\/torrentclosures.com\/wp-content\/uploads\/2020\/11\/Cabeceras_AOVE_Pilfer-150x150.jpg",150,150,true],"medium":["https:\/\/torrentclosures.com\/wp-content\/uploads\/2020\/11\/Cabeceras_AOVE_Pilfer-300x300.jpg",300,300,true],"medium_large":["https:\/\/torrentclosures.com\/wp-content\/uploads\/2020\/11\/Cabeceras_AOVE_Pilfer-768x220.jpg",768,220,true],"large":["https:\/\/torrentclosures.com\/wp-content\/uploads\/2020\/11\/Cabeceras_AOVE_Pilfer-1024x294.jpg",1024,294,true],"1536x1536":["https:\/\/torrentclosures.com\/wp-content\/uploads\/2020\/11\/Cabeceras_AOVE_Pilfer.jpg",1500,430,false],"2048x2048":["https:\/\/torrentclosures.com\/wp-content\/uploads\/2020\/11\/Cabeceras_AOVE_Pilfer.jpg",1500,430,false],"gform-image-choice-sm":["https:\/\/torrentclosures.com\/wp-content\/uploads\/2020\/11\/Cabeceras_AOVE_Pilfer.jpg",300,86,false],"gform-image-choice-md":["https:\/\/torrentclosures.com\/wp-content\/uploads\/2020\/11\/Cabeceras_AOVE_Pilfer.jpg",400,115,false],"gform-image-choice-lg":["https:\/\/torrentclosures.com\/wp-content\/uploads\/2020\/11\/Cabeceras_AOVE_Pilfer.jpg",600,172,false]},"uagb_author_info":{"display_name":"Pablo","author_link":"https:\/\/torrentclosures.com\/fr"},"uagb_comment_info":0,"uagb_excerpt":"Bouchon Pilfer pour AOVE, vinaigre et sauces La bague de la bouteille en verre Pilfer, est l\u2019option que la plupart des conditionneurs d\u2019AOVE, de vinaigres, de sauces et d&#8217;autres huiles de grande qualit\u00e9 choisissent. Ce syst\u00e8me de conditionnement, o\u00f9 interviennent la bouteille, le bouchon verseur et son application correcte gr\u00e2ce \u00e0 une t\u00eate \u00e0 vis,\u2026","_links":{"self":[{"href":"https:\/\/torrentclosures.com\/fr\/wp-json\/wp\/v2\/pages\/52734","targetHints":{"allow":["GET"]}}],"collection":[{"href":"https:\/\/torrentclosures.com\/fr\/wp-json\/wp\/v2\/pages"}],"about":[{"href":"https:\/\/torrentclosures.com\/fr\/wp-json\/wp\/v2\/types\/page"}],"author":[{"embeddable":true,"href":"https:\/\/torrentclosures.com\/fr\/wp-json\/wp\/v2\/users\/3"}],"replies":[{"embeddable":true,"href":"https:\/\/torrentclosures.com\/fr\/wp-json\/wp\/v2\/comments?post=52734"}],"version-history":[{"count":4,"href":"https:\/\/torrentclosures.com\/fr\/wp-json\/wp\/v2\/pages\/52734\/revisions"}],"predecessor-version":[{"id":55006,"href":"https:\/\/torrentclosures.com\/fr\/wp-json\/wp\/v2\/pages\/52734\/revisions\/55006"}],"wp:featuredmedia":[{"embeddable":true,"href":"https:\/\/torrentclosures.com\/fr\/wp-json\/wp\/v2\/media\/12743"}],"wp:attachment":[{"href":"https:\/\/torrentclosures.com\/fr\/wp-json\/wp\/v2\/media?parent=52734"}],"curies":[{"name":"wp","href":"https:\/\/api.w.org\/{rel}","templated":true}]}}