{"id":52732,"date":"2020-04-29T15:00:44","date_gmt":"2020-04-29T15:00:44","guid":{"rendered":"https:\/\/new.torrentclosures.com\/?page_id=10457"},"modified":"2025-03-21T08:49:06","modified_gmt":"2025-03-21T07:49:06","slug":"anaip","status":"publish","type":"page","link":"https:\/\/torrentclosures.com\/fr\/anaip\/","title":{"rendered":"ANAIP pl\u00e1sticos"},"content":{"rendered":"\n<h1 class=\"wp-block-heading page-title\"><br><strong>ANAIP<\/strong>, Groupement National Autonome d\u2019Industriels du Plastique<\/h1>\n\n\n<div class=\"wp-block-image\">\n<figure class=\"aligncenter size-full is-resized\"><img loading=\"lazy\" decoding=\"async\" width=\"800\" height=\"800\" src=\"https:\/\/torrentclosures.com\/wp-content\/uploads\/2020\/07\/Anaip.png\" alt=\"ANAIP | Grupo Torrent\" class=\"wp-image-10669\" style=\"width:200px;height:200px\" title=\"| Grupo Torrent Espa\u00f1a\" srcset=\"https:\/\/torrentclosures.com\/wp-content\/uploads\/2020\/07\/Anaip.png 800w, https:\/\/torrentclosures.com\/wp-content\/uploads\/2020\/07\/Anaip-300x300.png 300w, https:\/\/torrentclosures.com\/wp-content\/uploads\/2020\/07\/Anaip-150x150.png 150w, https:\/\/torrentclosures.com\/wp-content\/uploads\/2020\/07\/Anaip-768x768.png 768w, https:\/\/torrentclosures.com\/wp-content\/uploads\/2020\/07\/Anaip-570x570.png 570w, https:\/\/torrentclosures.com\/wp-content\/uploads\/2020\/07\/Anaip-500x500.png 500w, https:\/\/torrentclosures.com\/wp-content\/uploads\/2020\/07\/Anaip-700x700.png 700w\" sizes=\"auto, (max-width: 800px) 100vw, 800px\" \/><\/figure>\n<\/div>\n\n\n<p><strong>ANAIP<\/strong>, <a href=\"https:\/\/www.anaip.es\/\" target=\"_blank\" rel=\"noreferrer noopener\">Groupement National Autonome d\u2019Industriels du Plastique <\/a>(sigles en espagnol) est, depuis 1957, l\u2019association qui repr\u00e9sente et regroupe l\u2019industrie espagnole de la transformation du plastique.<\/p>\n\n\n\n<p>C\u2019est l\u2019association reconnue comme interlocutrice du secteur du plastique aupr\u00e8s de l\u2019administration publique et d\u2019autres organismes nationaux et internationaux.<\/p>\n\n\n\n<p>Elle repr\u00e9sente l\u2019industrie gr\u00e2ce \u00e0 sa voix et \u00e0 son influence dans plusieurs tribunes.<\/p>\n\n\n\n<p>Le souci principal de l\u2019ANAIP est de favoriser le d\u00e9veloppement de l\u2019industrie du plastique, en stimulant <a href=\"https:\/\/torrentclosures.com\/fr\/torrent-innova\/\">l\u2019innovation<\/a> et la qualit\u00e9.<\/p>\n\n\n\n<p>L\u2019ANAIP b\u00e9n\u00e9ficie de professionnels hautement qualifi\u00e9s qui ont \u00e9norm\u00e9ment d\u2019exp\u00e9rience, aussi bien dans le secteur associatif qu\u2019industriel.<br><br><\/p>\n\n\n\n<h2 class=\"wp-block-heading has-text-color\" style=\"color:#cd142c;font-size:22px\"><strong>Respect de l\u2019environnement comme principe de base<\/strong><\/h2>\n\n\n\n<p>Dans sa recherche constante de l\u2019am\u00e9lioration de la qualit\u00e9 de vie de la soci\u00e9t\u00e9, ANAIP promeut une utilisation plus importante et plus convenable des produits qui sont \u00e9labor\u00e9s dans le secteur, en respectant au maximum l\u2019environnement.<\/p>\n\n\n\n<p>ANAIP dispose d\u2019une \u00e9quipe pluridisciplinaire de professionnels hautement qualifi\u00e9s qui b\u00e9n\u00e9ficient d\u2019une longue exp\u00e9rience aussi bien dans le secteur industriel qu\u2019associatif.<br><br><\/p>\n\n\n\n<h2 class=\"wp-block-heading has-text-color\" style=\"color:#cd142c;font-size:22px\"><strong>Vision et Mission de l\u2019Association<\/strong><\/h2>\n\n\n\n<p>ANAIP a pour principe de base d\u2019\u00eatre l\u2019association de r\u00e9f\u00e9rence de l\u2019industrie espagnole de transformation du plastique. Elle est organis\u00e9e par des professionnels engag\u00e9s en faveur du d\u00e9veloppement de l\u2019industrie.<\/p>\n\n\n\n<p>Depuis sa fondation, ANAIP a toujours eu une mission tr\u00e8s claire:<\/p>\n\n\n\n<ul class=\"wp-block-list listas\">\n<li>Regrouper, repr\u00e9senter et d\u00e9fendre l\u2019industrie espagnole de transformation du plastique.<\/li>\n\n\n\n<li>Diffuser les derni\u00e8res connaissances sur le plastique.<\/li>\n\n\n\n<li>Avoir une voix et une influence dans les tribunes de l\u2019industrie du plastique.<\/li>\n\n\n\n<li>Favoriser le d\u00e9veloppement de l\u2019industrie du plastique, promouvoir la qualit\u00e9 et l\u2019innovation.<\/li>\n\n\n\n<li>Cr\u00e9er un forum de rencontre pour ses associ\u00e9s, un organisme de soutien et de promotion.<br><br><br><\/li>\n<\/ul>\n\n\n\n<h2 class=\"wp-block-heading has-text-color\" style=\"color:#cd142c;font-size:22px\"><strong>Partenariats d\u2019ANAIP<\/strong><\/h2>\n\n\n\n<ul class=\"wp-block-list listas\">\n<li>ANAIP fait partie de ces Associations nationales et internationales<\/li>\n\n\n\n<li>CEOE : Confederaci\u00f3n Espa\u00f1ola de Organizaciones Empresariales (Conf\u00e9d\u00e9ration espagnole des organisations d\u2019entreprises)<\/li>\n\n\n\n<li>EuPC : <a href=\"https:\/\/www.plasticsconverters.eu\/\" target=\"_blank\" rel=\"noreferrer noopener\">European Plastics Converters<\/a><\/li>\n\n\n\n<li>UNE : Asociaci\u00f3n Espa\u00f1ola de Normalizaci\u00f3n (Association espagnole de standardisation)<\/li>\n\n\n\n<li>AENOR : Organisme de certification<\/li>\n\n\n\n<li>PMCM : Plataforma Multisectorial contra la Morosidad (Plateforme Multisectorielle contre les retards de paiement)<\/li>\n\n\n\n<li>CEPCO : Confederaci\u00f3n Espa\u00f1ola de Asociaciones de Fabricantes de Productos de Construcci\u00f3n (Conf\u00e9d\u00e9ration espagnole des Associations de fabricants de produits de la construction)<\/li>\n\n\n\n<li>TEPPFA : The European Plastic Pipes and Fittings Association<br><br><br><\/li>\n<\/ul>\n\n\n\n<h2 class=\"wp-block-heading has-text-color\" style=\"color:#cd142c;font-size:22px\"><strong>Structure d\u2019ANAIP<\/strong><\/h2>\n\n\n\n<p>ANAIP poss\u00e8de quatre divisions par march\u00e9, comme des forums de rencontre et de networking pour les entreprises associ\u00e9es ayant des int\u00e9r\u00eats communs.<\/p>\n\n\n\n<ul class=\"wp-block-list listas\">\n<li>Packaging<\/li>\n\n\n\n<li>Construction<\/li>\n\n\n\n<li>Agriculture<\/li>\n\n\n\n<li>Industrie<\/li>\n<\/ul>\n\n\n\n<p>Elle dispose aussi de huit secteurs de travail, divis\u00e9s en plusieurs commissions \u00e0 partir desquelles sont offerts les services associ\u00e9s.<\/p>\n\n\n\n<ul class=\"wp-block-list listas\">\n<li>Gestion et service clients<\/li>\n\n\n\n<li>Communication et marketing<\/li>\n\n\n\n<li>Questions techniques, environnementales et \u00e9nergie<\/li>\n\n\n\n<li>Standardisation et Certification<\/li>\n\n\n\n<li>Formation<\/li>\n\n\n\n<li>Relations institutionnelles<\/li>\n\n\n\n<li>Socio-professionnel<\/li>\n\n\n\n<li>Questions \u00e9conomiques et commerce ext\u00e9rieur<br><br><br><\/li>\n<\/ul>\n","protected":false},"excerpt":{"rendered":"<p>ANAIP, Groupement National Autonome d\u2019Industriels du Plastique ANAIP, Groupement National Autonome d\u2019Industriels du Plastique (sigles en espagnol) est, depuis 1957, l\u2019association qui repr\u00e9sente et regroupe l\u2019industrie espagnole de la transformation du plastique. C\u2019est l\u2019association reconnue comme interlocutrice du secteur du plastique aupr\u00e8s de l\u2019administration publique et d\u2019autres organismes nationaux et internationaux. Elle repr\u00e9sente l\u2019industrie gr\u00e2ce &hellip;<\/p>\n","protected":false},"author":3,"featured_media":0,"parent":0,"menu_order":0,"comment_status":"closed","ping_status":"closed","template":"","meta":{"inline_featured_image":false,"_uag_custom_page_level_css":"","footnotes":""},"class_list":["post-52732","page","type-page","status-publish","hentry"],"uagb_featured_image_src":{"full":false,"thumbnail":false,"medium":false,"medium_large":false,"large":false,"1536x1536":false,"2048x2048":false,"gform-image-choice-sm":false,"gform-image-choice-md":false,"gform-image-choice-lg":false},"uagb_author_info":{"display_name":"Pablo","author_link":"https:\/\/torrentclosures.com\/fr"},"uagb_comment_info":0,"uagb_excerpt":"ANAIP, Groupement National Autonome d\u2019Industriels du Plastique ANAIP, Groupement National Autonome d\u2019Industriels du Plastique (sigles en espagnol) est, depuis 1957, l\u2019association qui repr\u00e9sente et regroupe l\u2019industrie espagnole de la transformation du plastique. C\u2019est l\u2019association reconnue comme interlocutrice du secteur du plastique aupr\u00e8s de l\u2019administration publique et d\u2019autres organismes nationaux et internationaux. Elle repr\u00e9sente l\u2019industrie gr\u00e2ce\u2026","_links":{"self":[{"href":"https:\/\/torrentclosures.com\/fr\/wp-json\/wp\/v2\/pages\/52732","targetHints":{"allow":["GET"]}}],"collection":[{"href":"https:\/\/torrentclosures.com\/fr\/wp-json\/wp\/v2\/pages"}],"about":[{"href":"https:\/\/torrentclosures.com\/fr\/wp-json\/wp\/v2\/types\/page"}],"author":[{"embeddable":true,"href":"https:\/\/torrentclosures.com\/fr\/wp-json\/wp\/v2\/users\/3"}],"replies":[{"embeddable":true,"href":"https:\/\/torrentclosures.com\/fr\/wp-json\/wp\/v2\/comments?post=52732"}],"version-history":[{"count":3,"href":"https:\/\/torrentclosures.com\/fr\/wp-json\/wp\/v2\/pages\/52732\/revisions"}],"predecessor-version":[{"id":54058,"href":"https:\/\/torrentclosures.com\/fr\/wp-json\/wp\/v2\/pages\/52732\/revisions\/54058"}],"wp:attachment":[{"href":"https:\/\/torrentclosures.com\/fr\/wp-json\/wp\/v2\/media?parent=52732"}],"curies":[{"name":"wp","href":"https:\/\/api.w.org\/{rel}","templated":true}]}}