{"id":52731,"date":"2020-10-19T13:46:54","date_gmt":"2020-10-19T13:46:54","guid":{"rendered":"https:\/\/new.torrentclosures.com\/?page_id=10401"},"modified":"2025-04-28T11:30:37","modified_gmt":"2025-04-28T10:30:37","slug":"asecor","status":"publish","type":"page","link":"https:\/\/torrentclosures.com\/fr\/asecor\/","title":{"rendered":"ASECOR"},"content":{"rendered":"\n<h1 class=\"wp-block-heading page-title\">ASECOR&nbsp;: Cluster du li\u00e8ge<\/h1>\n\n\n<div class=\"wp-block-image\">\n<figure class=\"aligncenter size-full is-resized\"><img loading=\"lazy\" decoding=\"async\" width=\"800\" height=\"800\" src=\"https:\/\/torrentclosures.com\/wp-content\/uploads\/2020\/07\/Asecor.png\" alt=\"ASECOR | Grupo Torrent\" class=\"wp-image-10700\" style=\"width:200px;height:200px\" title=\"| Grupo Torrent Espa\u00f1a\" srcset=\"https:\/\/torrentclosures.com\/wp-content\/uploads\/2020\/07\/Asecor.png 800w, https:\/\/torrentclosures.com\/wp-content\/uploads\/2020\/07\/Asecor-300x300.png 300w, https:\/\/torrentclosures.com\/wp-content\/uploads\/2020\/07\/Asecor-150x150.png 150w, https:\/\/torrentclosures.com\/wp-content\/uploads\/2020\/07\/Asecor-768x768.png 768w, https:\/\/torrentclosures.com\/wp-content\/uploads\/2020\/07\/Asecor-570x570.png 570w, https:\/\/torrentclosures.com\/wp-content\/uploads\/2020\/07\/Asecor-500x500.png 500w, https:\/\/torrentclosures.com\/wp-content\/uploads\/2020\/07\/Asecor-700x700.png 700w\" sizes=\"auto, (max-width: 800px) 100vw, 800px\" \/><\/figure>\n<\/div>\n\n\n<p><strong>Asecor<\/strong>&nbsp;<a href=\"https:\/\/www.asecorclustercorcho.com\/\" target=\"_blank\" rel=\"noreferrer noopener\">association du li\u00e8ge<\/a> est un regroupement cr\u00e9\u00e9 par la Agrupaci\u00f3n Sanvicente\u00f1a de Empresarios del Corcho (Regroupement de Sant-Vicente d\u2019entreprises du li\u00e8ge).<\/p>\n\n\n\n<p>Elle est form\u00e9e d\u2019entreprises du secteur du li\u00e8ge en partenariat avec<a href=\"https:\/\/www.unex.es\/\" target=\"_blank\" rel=\"noreferrer noopener\"> l\u2019Universit\u00e9 d\u2019Estr\u00e9madure<\/a> et&nbsp;<strong>Cicytex&nbsp;<\/strong>comme organismes fournisseurs de connaissances dans le domaine.<\/p>\n\n\n\n<p>Asecor&nbsp;souhaite que tous les maillons de la cha\u00eene de valeur du li\u00e8ge soient repr\u00e9sent\u00e9s, y compris celui de l\u2019industrie du li\u00e8ge:<\/p>\n\n\n\n<ul class=\"wp-block-list listas\">\n<li>les propri\u00e9taires<\/li>\n\n\n\n<li>les entreprises foresti\u00e8res<\/li>\n\n\n\n<li>les responsables et sylviculteurs de plantations de ch\u00eanes-li\u00e8ges<\/li>\n\n\n\n<li>les extracteurs<\/li>\n\n\n\n<li><a href=\"https:\/\/torrentclosures.fr\/groupe-torrent\/\" target=\"_blank\" rel=\"noopener\">les vendeurs de bouchons<\/a><\/li>\n\n\n\n<li>les entreprises utilisatrices de produits en li\u00e8ge<\/li>\n<\/ul>\n\n\n\n<p>Les objectifs du regroupement&nbsp;<strong>Asecor<\/strong>&nbsp;sont d\u2019effectuer une am\u00e9lioration comp\u00e9titive et un \u00e9largissement du march\u00e9 des entreprises du secteur du li\u00e8ge pour leur propre b\u00e9n\u00e9fice et pour celui de tous les acteurs impliqu\u00e9s dans la cha\u00eene de valeur du li\u00e8ge.<\/p>\n\n\n\n<p><strong>ASECOR<\/strong>&nbsp;cherche \u00e0 faciliter la formulation et le d\u00e9veloppement de projets d\u2019innovation coop\u00e9ratifs. Les actions visant \u00e0 mettre en valeur les connaissances n\u00e9cessaires \u00e0 l\u2019innovation sont favoris\u00e9es.<br><\/p>\n\n\n\n<h2 class=\"wp-block-heading\"><strong>Quels sont les objectifs d\u2019ASECOR ?<\/strong><\/h2>\n\n\n\n<ul class=\"wp-block-list\">\n<li>Favorise la coop\u00e9ration constante et le networking entre les organismes et les entreprises associ\u00e9es ainsi qu\u2019avec d\u2019autres regroupements et acteurs de la cha\u00eene de valeur du li\u00e8ge.<\/li>\n\n\n\n<li>Facilite la cr\u00e9ation de connaissances scientifiques.<\/li>\n\n\n\n<li>Encourage la stimulation, le d\u00e9veloppement et la gestion de projets d\u2019innovation coop\u00e9rative ainsi que la pratique d\u2019activit\u00e9s innovantes.<\/li>\n\n\n\n<li>Aide ses partenaires \u00e0 trouver des sources de financement et d\u2019autres m\u00e9canismes d\u2019association strat\u00e9gique.<\/li>\n<\/ul>\n","protected":false},"excerpt":{"rendered":"<p>ASECOR&nbsp;: Cluster du li\u00e8ge Asecor&nbsp;association du li\u00e8ge est un regroupement cr\u00e9\u00e9 par la Agrupaci\u00f3n Sanvicente\u00f1a de Empresarios del Corcho (Regroupement de Sant-Vicente d\u2019entreprises du li\u00e8ge). Elle est form\u00e9e d\u2019entreprises du secteur du li\u00e8ge en partenariat avec l\u2019Universit\u00e9 d\u2019Estr\u00e9madure et&nbsp;Cicytex&nbsp;comme organismes fournisseurs de connaissances dans le domaine. Asecor&nbsp;souhaite que tous les maillons de la cha\u00eene de &hellip;<\/p>\n","protected":false},"author":3,"featured_media":10698,"parent":0,"menu_order":0,"comment_status":"closed","ping_status":"closed","template":"","meta":{"inline_featured_image":false,"_uag_custom_page_level_css":"","footnotes":""},"class_list":["post-52731","page","type-page","status-publish","has-post-thumbnail","hentry"],"uagb_featured_image_src":{"full":["https:\/\/torrentclosures.com\/wp-content\/uploads\/2020\/07\/Asecor.png",800,800,false],"thumbnail":["https:\/\/torrentclosures.com\/wp-content\/uploads\/2020\/07\/Asecor-150x150.png",150,150,true],"medium":["https:\/\/torrentclosures.com\/wp-content\/uploads\/2020\/07\/Asecor-300x300.png",300,300,true],"medium_large":["https:\/\/torrentclosures.com\/wp-content\/uploads\/2020\/07\/Asecor-768x768.png",768,768,true],"large":["https:\/\/torrentclosures.com\/wp-content\/uploads\/2020\/07\/Asecor.png",800,800,false],"1536x1536":["https:\/\/torrentclosures.com\/wp-content\/uploads\/2020\/07\/Asecor.png",800,800,false],"2048x2048":["https:\/\/torrentclosures.com\/wp-content\/uploads\/2020\/07\/Asecor.png",800,800,false],"gform-image-choice-sm":["https:\/\/torrentclosures.com\/wp-content\/uploads\/2020\/07\/Asecor.png",300,300,false],"gform-image-choice-md":["https:\/\/torrentclosures.com\/wp-content\/uploads\/2020\/07\/Asecor.png",400,400,false],"gform-image-choice-lg":["https:\/\/torrentclosures.com\/wp-content\/uploads\/2020\/07\/Asecor.png",600,600,false]},"uagb_author_info":{"display_name":"Pablo","author_link":"https:\/\/torrentclosures.com\/fr"},"uagb_comment_info":0,"uagb_excerpt":"ASECOR&nbsp;: Cluster du li\u00e8ge Asecor&nbsp;association du li\u00e8ge est un regroupement cr\u00e9\u00e9 par la Agrupaci\u00f3n Sanvicente\u00f1a de Empresarios del Corcho (Regroupement de Sant-Vicente d\u2019entreprises du li\u00e8ge). Elle est form\u00e9e d\u2019entreprises du secteur du li\u00e8ge en partenariat avec l\u2019Universit\u00e9 d\u2019Estr\u00e9madure et&nbsp;Cicytex&nbsp;comme organismes fournisseurs de connaissances dans le domaine. Asecor&nbsp;souhaite que tous les maillons de la cha\u00eene de\u2026","_links":{"self":[{"href":"https:\/\/torrentclosures.com\/fr\/wp-json\/wp\/v2\/pages\/52731","targetHints":{"allow":["GET"]}}],"collection":[{"href":"https:\/\/torrentclosures.com\/fr\/wp-json\/wp\/v2\/pages"}],"about":[{"href":"https:\/\/torrentclosures.com\/fr\/wp-json\/wp\/v2\/types\/page"}],"author":[{"embeddable":true,"href":"https:\/\/torrentclosures.com\/fr\/wp-json\/wp\/v2\/users\/3"}],"replies":[{"embeddable":true,"href":"https:\/\/torrentclosures.com\/fr\/wp-json\/wp\/v2\/comments?post=52731"}],"version-history":[{"count":2,"href":"https:\/\/torrentclosures.com\/fr\/wp-json\/wp\/v2\/pages\/52731\/revisions"}],"predecessor-version":[{"id":54398,"href":"https:\/\/torrentclosures.com\/fr\/wp-json\/wp\/v2\/pages\/52731\/revisions\/54398"}],"wp:featuredmedia":[{"embeddable":true,"href":"https:\/\/torrentclosures.com\/fr\/wp-json\/wp\/v2\/media\/10698"}],"wp:attachment":[{"href":"https:\/\/torrentclosures.com\/fr\/wp-json\/wp\/v2\/media?parent=52731"}],"curies":[{"name":"wp","href":"https:\/\/api.w.org\/{rel}","templated":true}]}}