{"id":52727,"date":"2018-02-21T09:22:08","date_gmt":"2018-02-21T09:22:08","guid":{"rendered":"https:\/\/torrent.pixerama.com\/?page_id=5"},"modified":"2025-12-05T10:29:46","modified_gmt":"2025-12-05T09:29:46","slug":"home","status":"publish","type":"page","link":"https:\/\/torrentclosures.com\/fr\/","title":{"rendered":"Home"},"content":{"rendered":"\n<div style=\"padding:56.25% 0 0 0;position:relative;\"><iframe src=\"https:\/\/player.vimeo.com\/video\/840816671?autoplay=1&#038;loop=1&#038;muted=1&#038;byline=0&#038;portrait=0&#038;background=1\" style=\"position:absolute;top:0;left:0;width:100%;height:100%;\" frameborder=\"0\" allow=\"autoplay; fullscreen; picture-in-picture\" allowfullscreen><\/iframe><\/div><script src=\"https:\/\/player.vimeo.com\/api\/player.js\"><\/script>\n\n\n\n<h1 class=\"wp-block-heading titularhome has-text-color\" style=\"color:#cd142d\">Groupe Torrent, plus d\u2019un si\u00e8cle d\u2019exp\u00e9rience dans la fabrication de bouchons de haute qualit\u00e9 qui garantissent une consommation responsable<\/h1>\n\n\n\n<div class=\"wp-block-columns are-vertically-aligned-center texto-home is-layout-flex wp-container-core-columns-is-layout-9d6595d7 wp-block-columns-is-layout-flex\">\n<div class=\"wp-block-column is-vertically-aligned-center texto-home1 is-layout-flow wp-block-column-is-layout-flow\" style=\"padding-top:80px;padding-right:80px;padding-bottom:15px;padding-left:80px\">\n<p>Le <strong>Groupe Torrent<\/strong> compte \u00e0 son actif plus d\u2019un si\u00e8cle d\u2019\u00e9volution continue et d\u2019innovation dans le secteur des solutions de bouchage pour les march\u00e9s d\u2019AOVE, de liqueurs et de vins. C\u2019est cette exp\u00e9rience qui cautionne notre trajectoire professionnelle aussi bien \u00e0 l\u2019\u00e9chelle nationale qu\u2019internationale.&nbsp;<\/p>\n\n\n\n<p>Chez <strong>Groupe Torrent<\/strong>, nous disposons de six usines de bouchons en Espagne, en Inde et au Kenya. De plus, nous avons des filiales au Mexique, en Colombie et au Royaume-Uni. Il faut ajouter \u00e0 cela notre pr\u00e9sence dans 25 pays gr\u00e2ce \u00e0 nos distributeurs.<\/p>\n\n\n\n<p>Notre entreprise enti\u00e8rement familiale ne fonctionne pas comme un quelconque fournisseur. Le client est notre partenaire, il est au centre de tous nos processus. Nous sommes en mesure de nous adapter rapidement \u00e0 tous les changements du march\u00e9, nous recherchons toujours l\u2019avantage du fabriquant et du consommateur en fonction de la particularit\u00e9 du pays auquel notre produit est destin\u00e9.<\/p>\n\n\n\n<p>Dans cette p\u00e9riode de changements constants, o\u00f9 l\u2019innovation dans les solutions de bouchage est ax\u00e9e autour de l&#8217;attention donn\u00e9e au client et le d\u00e9veloppement durable pour la plan\u00e8te, nous faisons un pas en avant pour garantir le bien-\u00eatre des consommateurs. En effet, l&#8217;utilisation de bouchons non-remplissables avec doseur favorise la consommation responsable, aide \u00e0 contr\u00f4ler le d\u00e9bit, limite les \u00e9claboussures et la perte et garantit un bon volume de service.<\/p>\n\n\n\n<p>Nous sommes \u00e0 la recherche constante de nouveaut\u00e9s en mati\u00e8re de bouchons ; pour Torrent, les changements que subit le march\u00e9 repr\u00e9sentent un d\u00e9fi continu. Afin de r\u00e9pondre aux besoins de nos clients, nous basons notre travail sur quatre principes fondamentaux :<\/p>\n<\/div>\n<\/div>\n\n\n\n<div class=\"wp-block-columns alignfull is-layout-flex wp-container-core-columns-is-layout-9d6595d7 wp-block-columns-is-layout-flex\">\n<div class=\"wp-block-column is-layout-flow wp-block-column-is-layout-flow\" style=\"flex-basis:100%\">\n<div class=\"wp-block-columns alignfull are-vertically-aligned-center bloque4 has-white-background-color has-background is-layout-flex wp-container-core-columns-is-layout-9d6595d7 wp-block-columns-is-layout-flex\">\n<div class=\"wp-block-column is-vertically-aligned-center is-layout-flow wp-block-column-is-layout-flow\">\n<div class=\"wp-block-uagb-image uagb-block-000153f0 wp-block-uagb-image--layout-default wp-block-uagb-image--effect-static wp-block-uagb-image--align-none\"><figure class=\"wp-block-uagb-image__figure\"><img decoding=\"async\" srcset=\"https:\/\/torrentclosures.com\/wp-content\/uploads\/2023\/07\/Cabecera_Biopolimeros-1.png ,https:\/\/torrentclosures.com\/wp-content\/uploads\/2023\/07\/Cabecera_Biopolimeros-1.png 780w, https:\/\/torrentclosures.com\/wp-content\/uploads\/2023\/07\/Cabecera_Biopolimeros-1.png 360w\" sizes=\"auto, (max-width: 480px) 150px\" src=\"https:\/\/torrentclosures.com\/wp-content\/uploads\/2023\/07\/Cabecera_Biopolimeros-1.png\" alt=\"| Grupo Torrent Espa\u00f1a\" class=\"uag-image-53168\" width=\"1024\" height=\"350\" title=\"Cabecera_Biopolimeros-1\" loading=\"lazy\" role=\"img\"><\/figure><\/div>\n\n\n\n<div style=\"height:30px\" aria-hidden=\"true\" class=\"wp-block-spacer uag-hide-desktop uag-hide-tab\"><\/div>\n<\/div>\n\n\n\n<div class=\"wp-block-column is-vertically-aligned-center has-black-color has-text-color is-layout-flow wp-block-column-is-layout-flow\">\n<div class=\"wp-block-group texto-home2\"><div class=\"wp-block-group__inner-container is-layout-flow wp-block-group-is-layout-flow\">\n<h2 class=\"wp-block-heading has-text-color\" style=\"color:#cd142d;line-height:1.3\">\u00c0 la pointe dans l&#8217;utilisation de mat\u00e9riaux de derni\u00e8re g\u00e9n\u00e9ration<meta charset=\"utf-8\"><\/h2>\n\n\n\n<p>Li\u00e8ge micro-agglom\u00e9r\u00e9, biopolym\u00e8res, aluminium, polym\u00e8res, zamak ou bois&#8230; Ce sont tous des mat\u00e9riaux de pointe qui contribuent \u00e0 offrir des solutions de bouchage remarquables en termes de qualit\u00e9 et d\u2019innovation ainsi que pour leur aspect pratique.&nbsp;<\/p>\n\n\n\n<p>Chez <strong>Groupe Torrent<\/strong>, nous sommes plong\u00e9s dans la recherche constante de mat\u00e9riaux de derni\u00e8re g\u00e9n\u00e9ration parfaitement compatibles avec les strictes normes sanitaires du secteur alimentaire, qui puissent offrir des possibilit\u00e9s cr\u00e9atives int\u00e9ressantes, qui apportent une valeur ajout\u00e9e \u00e0 l\u2019emballage des produits et qui soient enti\u00e8rement recyclables.<\/p>\n<\/div><\/div>\n<\/div>\n<\/div>\n<\/div>\n<\/div>\n\n\n\n<div class=\"wp-block-columns alignfull is-layout-flex wp-container-core-columns-is-layout-9d6595d7 wp-block-columns-is-layout-flex\">\n<div class=\"wp-block-column is-layout-flow wp-block-column-is-layout-flow\" style=\"flex-basis:100%\">\n<div class=\"wp-block-columns alignfull are-vertically-aligned-center bloque4 has-background is-layout-flex wp-container-core-columns-is-layout-9d6595d7 wp-block-columns-is-layout-flex\" style=\"background-color:#ece9e4\">\n<div class=\"wp-block-column is-vertically-aligned-center contenido has-black-color has-text-color is-layout-flow wp-block-column-is-layout-flow\">\n<div class=\"wp-block-group texto-home3\" style=\"padding-top:0;padding-right:0;padding-bottom:0;padding-left:0\"><div class=\"wp-block-group__inner-container is-layout-flow wp-block-group-is-layout-flow\">\n<div style=\"height:20px\" aria-hidden=\"true\" class=\"wp-block-spacer\"><\/div>\n\n\n\n<h2 class=\"wp-block-heading\" style=\"line-height:1.3;text-transform:none\">Une croissance durable sur le plan industriel, social et environnemental<\/h2>\n\n\n\n<p><strong>Se d\u00e9velopper de mani\u00e8re durable, tout en \u00e9tant \u00e9co-responsable envers notre entourage industriel, social et environnemental.<\/strong> Nous ne pouvons pas oublier d\u2019o\u00f9 nous venons et vers o\u00f9 nous allons. L&#8217;un des endroits les plus accueillants et ouverts au monde.&nbsp;<\/p>\n\n\n\n<div style=\"height:20px\" aria-hidden=\"true\" class=\"wp-block-spacer\"><\/div>\n<\/div><\/div>\n<\/div>\n\n\n\n<div class=\"wp-block-column is-vertically-aligned-center img-linea is-layout-flow wp-block-column-is-layout-flow\" style=\"padding-top:0;padding-right:0;padding-bottom:0;padding-left:0\"><div class=\"wp-block-image is-resized imghome3\">\n<figure class=\"alignright size-full\"><img loading=\"lazy\" decoding=\"async\" width=\"1024\" height=\"733\" src=\"https:\/\/torrentclosures.com\/wp-content\/uploads\/2023\/07\/Cabecera_Ecoresponsabilidad-1-1.png\" alt=\"| Grupo Torrent Espa\u00f1a\" class=\"wp-image-53182\" style=\"object-fit:cover;width:512px;height:350px\" title=\"| Grupo Torrent Espa\u00f1a\" srcset=\"https:\/\/torrentclosures.com\/wp-content\/uploads\/2023\/07\/Cabecera_Ecoresponsabilidad-1-1.png 1024w, https:\/\/torrentclosures.com\/wp-content\/uploads\/2023\/07\/Cabecera_Ecoresponsabilidad-1-1-768x550.png 768w\" sizes=\"auto, (max-width: 1024px) 100vw, 1024px\" \/><\/figure>\n<\/div><\/div>\n<\/div>\n<\/div>\n<\/div>\n\n\n\n<div class=\"wp-block-columns are-vertically-aligned-center texto-home is-layout-flex wp-container-core-columns-is-layout-9d6595d7 wp-block-columns-is-layout-flex\">\n<div class=\"wp-block-column is-vertically-aligned-center texto-home1 is-layout-flow wp-block-column-is-layout-flow\" style=\"padding-top:80px;padding-right:80px;padding-bottom:15px;padding-left:80px\">\n<p>Nous avons commenc\u00e9 \u00e0 fabriquer des bouchons en li\u00e8ge il y a plus d\u2019un si\u00e8cle. Notre passion pour la nature est palpable dans le soin avec lequel nous traitons la for\u00eat de ch\u00eanes-li\u00e8ges qui appartient \u00e0 la famille Torrent, d\u2019o\u00f9 provient une partie du li\u00e8ge que l\u2019on utilise pour fabriquer nos bouchons. Mais rien de tout cela ne serait possible sans les petits gestes que la \u00ab Tribu Torrent \u00bb met en place au quotidien. Nous sommes conscients que nous faisons bien plus que fabriquer des bouchons&#8230; Nous conservons de la mani\u00e8re la plus durable et s\u00fbre ce qui compte vraiment pour nous: Votre produit.<\/p>\n<\/div>\n<\/div>\n\n\n\n<div class=\"wp-block-columns alignfull is-layout-flex wp-container-core-columns-is-layout-9d6595d7 wp-block-columns-is-layout-flex\">\n<div class=\"wp-block-column is-vertically-aligned-center texto-home1 is-layout-flow wp-block-column-is-layout-flow\" style=\"padding-top:80px;padding-right:80px;padding-bottom:15px;padding-left:80px\">\n<div class=\"wp-block-columns alignfull bloque4 has-white-background-color has-background is-layout-flex wp-container-core-columns-is-layout-9d6595d7 wp-block-columns-is-layout-flex\">\n<div class=\"wp-block-column is-vertically-aligned-center is-layout-flow wp-block-column-is-layout-flow\" style=\"padding-top:0;padding-right:0;padding-bottom:0;padding-left:0\">\n<div class=\"wp-block-uagb-image alignleft uagb-block-be383493 wp-block-uagb-image--layout-default wp-block-uagb-image--effect-static wp-block-uagb-image--align-left img-fases\"><figure class=\"wp-block-uagb-image__figure\"><img decoding=\"async\" srcset=\"https:\/\/torrentclosures.com\/wp-content\/uploads\/2025\/03\/Cliente_FR-1024x970-1.jpg ,https:\/\/torrentclosures.com\/wp-content\/uploads\/2025\/03\/Cliente_FR-1024x970-1.jpg 780w, https:\/\/torrentclosures.com\/wp-content\/uploads\/2025\/03\/Cliente_FR-1024x970-1.jpg 360w\" sizes=\"auto, (max-width: 480px) 150px\" src=\"https:\/\/torrentclosures.com\/wp-content\/uploads\/2025\/03\/Cliente_FR-1024x970-1.jpg\" alt=\"infografia torrent closures\" class=\"uag-image-53593\" width=\"600\" height=\"600\" title=\"Cliente_FR-1024x970\" loading=\"lazy\" role=\"img\"\/><\/figure><\/div>\n<\/div>\n\n\n\n<div class=\"wp-block-column is-vertically-aligned-center has-black-color has-text-color is-layout-flow wp-block-column-is-layout-flow\">\n<div class=\"wp-block-group\"><div class=\"wp-block-group__inner-container is-layout-flow wp-block-group-is-layout-flow\">\n<h2 class=\"wp-block-heading has-text-color\" style=\"color:#cd142d;line-height:1.3\">Le client au centre<meta charset=\"utf-8\"><\/h2>\n\n\n\n<p>Chez <strong>Groupe Torrent<\/strong>, notre d\u00e9fi consiste <strong>\u00e0 toujours placer le client au centre<\/strong> de toutes nos activit\u00e9s. Toutes ces ann\u00e9es d&#8217;exp\u00e9rience, main dans la main, nous ont men\u00e9s au point o\u00f9 nous en sommes aujourd\u2019hui. Nous travaillons jour apr\u00e8s jour pour am\u00e9liorer l&#8217;exp\u00e9rience de nos clients. Nous nous int\u00e9grons dans chacun de leurs besoins, nous devan\u00e7ons leurs r\u00e9ponses en leur offrant des solutions sur mesure.<\/p>\n\n\n\n<p>Nous aimons \u00eatre proches de nos clients pour conna\u00eetre personnellement quels sont leurs besoins, les d\u00e9fis auxquels ils sont confront\u00e9s et leur strat\u00e9gie pour nous faire une place dans leur cha\u00eene de valeur. De ce fait, au cours de la derni\u00e8re d\u00e9cennie nous avons ouvert des usines en Inde et au Kenya, en plus de nos distributeurs situ\u00e9s au Mexique, en Colombie et au Royaume-Uni. <strong>Nous sommes \u00e9galement pr\u00e9sents dans 25 autres pays du monde.&nbsp;<\/strong><\/p>\n<\/div><\/div>\n<\/div>\n<\/div>\n<\/div>\n<\/div>\n\n\n\n<div class=\"wp-block-columns are-vertically-aligned-center texto-home is-layout-flex wp-container-core-columns-is-layout-9d6595d7 wp-block-columns-is-layout-flex\">\n<div class=\"wp-block-column is-vertically-aligned-center texto-home1 is-layout-flow wp-block-column-is-layout-flow\" style=\"padding-top:0px;padding-right:80px;padding-bottom:15px;padding-left:80px\">\n<p>Dans le Sud de l\u2019Espagne, o\u00f9 se trouvent notre centrale et les usines de fabrication de bouchons en li\u00e8ge, en polym\u00e8res et en aluminium, les diff\u00e9rents d\u00e9partements de <strong>notre entreprise offrent leur assistance \u00e0 nos clients nationaux et internationaux; ils collaborent \u00e9galement avec des universit\u00e9s et des organismes publics et priv\u00e9s<\/strong>. Tous ces efforts sont fournis car au bout du compte, nous<strong> bouchons vos bouteilles pour que quelqu\u2019un les d\u00e9bouche et vive une exp\u00e9rience unique!<\/strong><\/p>\n<\/div>\n<\/div>\n\n\n\n<div class=\"wp-block-columns alignfull is-layout-flex wp-container-core-columns-is-layout-9d6595d7 wp-block-columns-is-layout-flex\">\n<div class=\"wp-block-column is-layout-flow wp-block-column-is-layout-flow\" style=\"flex-basis:100%\">\n<div class=\"wp-block-columns alignfull are-vertically-aligned-center bloque4 has-background is-layout-flex wp-container-core-columns-is-layout-9d6595d7 wp-block-columns-is-layout-flex\" style=\"background-color:#ece9e4\">\n<div class=\"wp-block-column is-vertically-aligned-center contenido has-black-color has-text-color is-layout-flow wp-block-column-is-layout-flow\">\n<div class=\"wp-block-group texto-home3\" style=\"padding-top:0;padding-right:0;padding-bottom:0;padding-left:0\"><div class=\"wp-block-group__inner-container is-layout-flow wp-block-group-is-layout-flow\">\n<div style=\"height:20px\" aria-hidden=\"true\" class=\"wp-block-spacer\"><\/div>\n\n\n\n<h2 class=\"wp-block-heading\" style=\"line-height:1.3;text-transform:none\">Innovation, s\u00e9curit\u00e9 et style: des valeurs s\u00fbres<\/h2>\n\n\n\n<p>\u00c0 la t\u00eate de <strong>Torrent Innova<\/strong>, on trouve une \u00e9quipe technique hautement qualifi\u00e9e, pour qui le d\u00e9veloppement de plateformes de bouchage, leurs applications, les brevets et les mod\u00e8les repr\u00e9sentent un d\u00e9fi continu dans le temps.<\/p>\n\n\n\n<div style=\"height:20px\" aria-hidden=\"true\" class=\"wp-block-spacer\"><\/div>\n<\/div><\/div>\n<\/div>\n\n\n\n<div class=\"wp-block-column is-vertically-aligned-center img-linea is-layout-flow wp-block-column-is-layout-flow\"><div class=\"wp-block-image is-resized imghome3\">\n<figure class=\"alignright size-full\"><img loading=\"lazy\" decoding=\"async\" width=\"1024\" height=\"734\" src=\"https:\/\/torrentclosures.com\/wp-content\/uploads\/2023\/07\/Cabecera_Ecoresponsabilidad2-1-1.png\" alt=\"| Grupo Torrent Espa\u00f1a\" class=\"wp-image-53183\" style=\"object-fit:cover;width:512px;height:350px\" title=\"| Grupo Torrent Espa\u00f1a\" srcset=\"https:\/\/torrentclosures.com\/wp-content\/uploads\/2023\/07\/Cabecera_Ecoresponsabilidad2-1-1.png 1024w, https:\/\/torrentclosures.com\/wp-content\/uploads\/2023\/07\/Cabecera_Ecoresponsabilidad2-1-1-768x551.png 768w\" sizes=\"auto, (max-width: 1024px) 100vw, 1024px\" \/><\/figure>\n<\/div><\/div>\n<\/div>\n<\/div>\n<\/div>\n\n\n\n<div class=\"wp-block-columns are-vertically-aligned-center texto-home is-layout-flex wp-container-core-columns-is-layout-9d6595d7 wp-block-columns-is-layout-flex\">\n<div class=\"wp-block-column is-vertically-aligned-center texto-home1 is-layout-flow wp-block-column-is-layout-flow\" style=\"padding-top:0px;padding-right:80px;padding-bottom:0px;padding-left:80px\">\n<p>Nous prenons plaisir \u00e0 \u00eatre proactifs parce que nos bouchons ne sont pas uniquement faits de li\u00e8ge, d\u2019aluminium ou de polym\u00e8res. Ils sont aussi faits de cr\u00e9ativit\u00e9 et d\u2019innovation. Sans oublier le r\u00f4le primordial que joue la technologie de pointe employ\u00e9e dans le d\u00e9veloppement de nouveaux produits. <strong>Toujours \u00e0 l&#8217;avant-garde des nouveaut\u00e9s industrielles.<\/strong><\/p>\n<\/div>\n<\/div>\n\n\n\n<div class=\"wp-block-columns are-vertically-aligned-center texto-home is-layout-flex wp-container-core-columns-is-layout-53642b31 wp-block-columns-is-layout-flex\" style=\"padding-top:0;padding-right:0;padding-bottom:0;padding-left:0\">\n<div class=\"wp-block-column is-vertically-aligned-center texto-home1 is-layout-flow wp-block-column-is-layout-flow\" style=\"padding-top:80px;padding-right:80px;padding-bottom:15px;padding-left:80px\">\n\t\t\t<div class=\"wp-block-uagb-post-grid uagb-post-grid blog-home uagb-post__image-position-top uagb-post__image-enabled uagb-block-fbc19b5b     uagb-post__items uagb-post__columns-3 is-grid uagb-post__columns-tablet-3 uagb-post__columns-mobile-1\" data-total=\"43\" style=\"\">\n\n\t\t\t\t\t\t\t\t\t\t\t\t<article class=\"uagb-post__inner-wrap\">\t\t\t\t\t\t\t\t<div class='uagb-post__image'>\n\t\t\t\t\t\t\t\t\t<a href=\"https:\/\/torrentclosures.com\/fr\/fermetures-premium-pour-whisky-ecossais-et-bourbon-du-kentucky-securite-durabilite-et-design\/\" target=\"_self\" rel=\"bookmark noopener noreferrer\" class='uagb-image-ratio-inherit'><img loading=\"lazy\" decoding=\"async\" width=\"1024\" height=\"600\" src=\"https:\/\/torrentclosures.com\/wp-content\/uploads\/2026\/03\/2603_Bourbon-Website-1024x600.png\" class=\"attachment-large size-large\" alt=\"| Grupo Torrent Espa\u00f1a\" srcset=\"https:\/\/torrentclosures.com\/wp-content\/uploads\/2026\/03\/2603_Bourbon-Website-1024x600.png 1024w, https:\/\/torrentclosures.com\/wp-content\/uploads\/2026\/03\/2603_Bourbon-Website-768x450.png 768w, https:\/\/torrentclosures.com\/wp-content\/uploads\/2026\/03\/2603_Bourbon-Website-1536x900.png 1536w, https:\/\/torrentclosures.com\/wp-content\/uploads\/2026\/03\/2603_Bourbon-Website.png 1670w\" sizes=\"auto, (max-width: 1024px) 100vw, 1024px\" title=\"| Grupo Torrent Espa\u00f1a\">\t\t\t\t\t<\/a>\n\t\t\t\t\t\t\t<\/div>\n\t\t\t\t\t\t<div class='uagb-post__text uagb-post-grid-byline'>\n\t\t\t\t\t\t\t\t<time datetime=\"2026-03-26T10:07:25+01:00\" class=\"uagb-post__date\">\n\t\t\t\t<span class=\"dashicons-calendar dashicons\"><\/span>\t\t\t\t\t26  mars 2026\t\t\t\t<\/time>\n\t\t\t\t\t\t\t<div class=\"uagb-post__text\">\n\t\t\t\t\t<span class='uagb-post__taxonomy'>\n\t\t\t\t\t\t<span class=\"dashicons-tag dashicons\"><\/span>\t\t\t\t\t\t<a href=\"https:\/\/torrentclosures.com\/fr\/durabilite\/\">Durabilit\u00e9<\/a>,&nbsp;<a href=\"https:\/\/torrentclosures.com\/fr\/rd\/\">R&amp;D<\/a>\t\t\t\t\t<\/span>\n\t\t\t\t<\/div>\n\t\t\t\t\t\t\t<\/div>\n\t\t\t\t\t\t<h2 class=\"uagb-post__title uagb-post__text\">\n\t\t\t\t<a href=\"https:\/\/torrentclosures.com\/fr\/fermetures-premium-pour-whisky-ecossais-et-bourbon-du-kentucky-securite-durabilite-et-design\/\" target=\"_self\" rel=\"bookmark noopener noreferrer\">Fermetures premium pour Whisky \u00e9cossais et Bourbon du Kentucky : S\u00e9curit\u00e9, Durabilit\u00e9 et Design<\/a>\n\t\t\t<\/h2>\n\t\t\t\t\t\t\t<div class='uagb-post__text uagb-post__excerpt'>\n\t\t\t\t\t<p>Les fermetures premium pour whisky \u00e9cossais et bourbon sont un \u00e9l\u00e9ment cl\u00e9 pour garantir la s\u00e9curit\u00e9, l\u2019authenticit\u00e9 et le positionnement&#8230;\t\t\t\t<\/div>\n\t\t\t\n\t\t\t\t\t\t\t\t\t<\/article>\n\t\t\t\t\t\t\t\t\t\t\t\t\t\t\t\t<article class=\"uagb-post__inner-wrap\">\t\t\t\t\t\t\t\t<div class='uagb-post__image'>\n\t\t\t\t\t\t\t\t\t<a href=\"https:\/\/torrentclosures.com\/fr\/dia-nacional-de-la-educacion-ambiental-ecodiseno-y-economia-circular-como-ejes-de-la-sostenibilidad-en-grupo-torrent\/\" target=\"_self\" rel=\"bookmark noopener noreferrer\" class='uagb-image-ratio-inherit'><img loading=\"lazy\" decoding=\"async\" width=\"960\" height=\"563\" src=\"https:\/\/torrentclosures.com\/wp-content\/uploads\/2026\/01\/Educacion_ambiental_Grupo_Torrent.jpg\" class=\"attachment-large size-large\" alt=\"Educaci\u00f3n ambiental\" srcset=\"https:\/\/torrentclosures.com\/wp-content\/uploads\/2026\/01\/Educacion_ambiental_Grupo_Torrent.jpg 960w, https:\/\/torrentclosures.com\/wp-content\/uploads\/2026\/01\/Educacion_ambiental_Grupo_Torrent-768x450.jpg 768w\" sizes=\"auto, (max-width: 960px) 100vw, 960px\" title=\"| Grupo Torrent Espa\u00f1a\">\t\t\t\t\t<\/a>\n\t\t\t\t\t\t\t<\/div>\n\t\t\t\t\t\t<div class='uagb-post__text uagb-post-grid-byline'>\n\t\t\t\t\t\t\t\t<time datetime=\"2026-01-26T13:10:24+01:00\" class=\"uagb-post__date\">\n\t\t\t\t<span class=\"dashicons-calendar dashicons\"><\/span>\t\t\t\t\t26  janvier 2026\t\t\t\t<\/time>\n\t\t\t\t\t\t<\/div>\n\t\t\t\t\t\t<h2 class=\"uagb-post__title uagb-post__text\">\n\t\t\t\t<a href=\"https:\/\/torrentclosures.com\/fr\/dia-nacional-de-la-educacion-ambiental-ecodiseno-y-economia-circular-como-ejes-de-la-sostenibilidad-en-grupo-torrent\/\" target=\"_self\" rel=\"bookmark noopener noreferrer\">Journ\u00e9e nationale de l\u2019\u00e9ducation environnementale : l\u2019\u00e9co-conception et l\u2019\u00e9conomie circulaire comme piliers de la durabilit\u00e9 chez Grupo Torrent<\/a>\n\t\t\t<\/h2>\n\t\t\t\t\t\t\t<div class='uagb-post__text uagb-post__excerpt'>\n\t\t\t\t\t<p>L\u2019\u00e9ducation environnementale comme moteur de transformation des entreprises Chaque 26 janvier, la Journ\u00e9e nationale de l\u2019\u00e9ducation environnementale invite \u00e0 r\u00e9fl\u00e9chir&#8230;\t\t\t\t<\/div>\n\t\t\t\n\t\t\t\t\t\t\t\t\t<\/article>\n\t\t\t\t\t\t\t\t\t\t\t\t\t\t\t\t<article class=\"uagb-post__inner-wrap\">\t\t\t\t\t\t\t\t<div class='uagb-post__image'>\n\t\t\t\t\t\t\t\t\t<a href=\"https:\/\/torrentclosures.com\/fr\/joyeux-noel-et-bonne-annee-2026\/\" target=\"_self\" rel=\"bookmark noopener noreferrer\" class='uagb-image-ratio-inherit'><img loading=\"lazy\" decoding=\"async\" width=\"640\" height=\"375\" src=\"https:\/\/torrentclosures.com\/wp-content\/uploads\/2025\/12\/joyeux-noel.webp\" class=\"attachment-large size-large\" alt=\"joyeux noel\" title=\"| Grupo Torrent Espa\u00f1a\">\t\t\t\t\t<\/a>\n\t\t\t\t\t\t\t<\/div>\n\t\t\t\t\t\t<div class='uagb-post__text uagb-post-grid-byline'>\n\t\t\t\t\t\t\t\t<time datetime=\"2025-12-18T14:25:01+01:00\" class=\"uagb-post__date\">\n\t\t\t\t<span class=\"dashicons-calendar dashicons\"><\/span>\t\t\t\t\t18  d\u00e9cembre 2025\t\t\t\t<\/time>\n\t\t\t\t\t\t<\/div>\n\t\t\t\t\t\t<h2 class=\"uagb-post__title uagb-post__text\">\n\t\t\t\t<a href=\"https:\/\/torrentclosures.com\/fr\/joyeux-noel-et-bonne-annee-2026\/\" target=\"_self\" rel=\"bookmark noopener noreferrer\">Joyeux No\u00ebl et Bonne Ann\u00e9e 2026<\/a>\n\t\t\t<\/h2>\n\t\t\t\t\t\t\t<div class='uagb-post__text uagb-post__excerpt'>\n\t\t\t\t\t<p>Au sein du Groupe Torrent, nous souhaitons profiter de cette p\u00e9riode pour remercier toutes les personnes et les entreprises qui&#8230;\t\t\t\t<\/div>\n\t\t\t\n\t\t\t\t\t\t\t\t\t<\/article>\n\t\t\t\t\t\t\t\t\t\t\t<\/div>\n\t\t\t\n\n\n<div style=\"height:40px\" aria-hidden=\"true\" class=\"wp-block-spacer uag-hide-desktop uag-hide-tab\"><\/div>\n<\/div>\n<\/div>\n","protected":false},"excerpt":{"rendered":"<p>Groupe Torrent, plus d\u2019un si\u00e8cle d\u2019exp\u00e9rience dans la fabrication de bouchons de haute qualit\u00e9 qui garantissent une consommation responsable Le Groupe Torrent compte \u00e0 son actif plus d\u2019un si\u00e8cle d\u2019\u00e9volution continue et d\u2019innovation dans le secteur des solutions de bouchage pour les march\u00e9s d\u2019AOVE, de liqueurs et de vins. C\u2019est cette exp\u00e9rience qui cautionne notre &hellip;<\/p>\n","protected":false},"author":3,"featured_media":0,"parent":0,"menu_order":0,"comment_status":"closed","ping_status":"closed","template":"page-templates\/page-builder.php","meta":{"inline_featured_image":false,"_uag_custom_page_level_css":"","footnotes":""},"class_list":["post-52727","page","type-page","status-publish","hentry"],"uagb_featured_image_src":{"full":false,"thumbnail":false,"medium":false,"medium_large":false,"large":false,"1536x1536":false,"2048x2048":false,"gform-image-choice-sm":false,"gform-image-choice-md":false,"gform-image-choice-lg":false},"uagb_author_info":{"display_name":"Pablo","author_link":"https:\/\/torrentclosures.com\/fr"},"uagb_comment_info":0,"uagb_excerpt":"Groupe Torrent, plus d\u2019un si\u00e8cle d\u2019exp\u00e9rience dans la fabrication de bouchons de haute qualit\u00e9 qui garantissent une consommation responsable Le Groupe Torrent compte \u00e0 son actif plus d\u2019un si\u00e8cle d\u2019\u00e9volution continue et d\u2019innovation dans le secteur des solutions de bouchage pour les march\u00e9s d\u2019AOVE, de liqueurs et de vins. C\u2019est cette exp\u00e9rience qui cautionne notre\u2026","_links":{"self":[{"href":"https:\/\/torrentclosures.com\/fr\/wp-json\/wp\/v2\/pages\/52727","targetHints":{"allow":["GET"]}}],"collection":[{"href":"https:\/\/torrentclosures.com\/fr\/wp-json\/wp\/v2\/pages"}],"about":[{"href":"https:\/\/torrentclosures.com\/fr\/wp-json\/wp\/v2\/types\/page"}],"author":[{"embeddable":true,"href":"https:\/\/torrentclosures.com\/fr\/wp-json\/wp\/v2\/users\/3"}],"replies":[{"embeddable":true,"href":"https:\/\/torrentclosures.com\/fr\/wp-json\/wp\/v2\/comments?post=52727"}],"version-history":[{"count":4,"href":"https:\/\/torrentclosures.com\/fr\/wp-json\/wp\/v2\/pages\/52727\/revisions"}],"predecessor-version":[{"id":55682,"href":"https:\/\/torrentclosures.com\/fr\/wp-json\/wp\/v2\/pages\/52727\/revisions\/55682"}],"wp:attachment":[{"href":"https:\/\/torrentclosures.com\/fr\/wp-json\/wp\/v2\/media?parent=52727"}],"curies":[{"name":"wp","href":"https:\/\/api.w.org\/{rel}","templated":true}]}}