{"id":53290,"date":"2025-03-18T10:03:02","date_gmt":"2025-03-18T09:03:02","guid":{"rendered":"https:\/\/torrentclosures.com\/?page_id=53290"},"modified":"2026-03-27T12:11:35","modified_gmt":"2026-03-27T11:11:35","slug":"brc-packaging","status":"publish","type":"page","link":"https:\/\/torrentclosures.com\/en\/brc-packaging\/","title":{"rendered":"BRC Packaging"},"content":{"rendered":"\n<p><\/p>\n\n\n\n<h1 class=\"wp-block-heading page-title\">BRC Packaging<\/h1>\n\n\n\n<p>The <strong>BRC PACKAGING<\/strong> standard, recognized worldwide by the GFSI (<a href=\"https:\/\/mygfsi.com\/\" target=\"_blank\" rel=\"noreferrer noopener\">Global Food Safety Initiative<\/a>), has been developed specifically for companies that manufacture packaging materials for food, cosmetics, pharmaceuticals and medical products. BRC PACKAGING is therefore effective in any country in the world.<br><br><\/p>\n\n\n\n<div class=\"wp-block-columns bloquemail is-layout-flex wp-container-core-columns-is-layout-9d6595d7 wp-block-columns-is-layout-flex\">\n<div class=\"wp-block-column is-layout-flow wp-block-column-is-layout-flow\">\n<h2 class=\"wp-block-heading has-text-align-center has-text-color has-small-font-size\" style=\"color:#cd142c\"><strong>C\u00c1PSULAS TORRENT, S. A.<\/strong><\/h2>\n\n\n\n<div class=\"wp-block-uagb-info-box uagb-block-41ad4567 uagb-infobox__content-wrap  uagb-infobox_cta-type-all uagb-infobox-icon-below-title uagb-infobox-image-valign-top certificado\"><a href=\"\/pdf\/BRC_Capsulas_Torrent_Aluminio_20957.pdf\" class=\"uagb-infobox-link-wrap uagb-infbox__link-to-all\" target=\"_blank\" aria-label=\"Infobox Link\" rel=\"noopener noreferrer\" onclick=\"return true;\"><\/a><div class=\"uagb-ifb-content\"><div class=\"uagb-ifb-title-wrap\"><h3 class=\"uagb-ifb-title\"><mark style=\"background-color:rgba(0, 0, 0, 0);color:#a3a3a3\" class=\"has-inline-color\">ALUMINUM DIVISION<\/mark><\/h3><\/div><div class=\"uagb-ifb-separator\"><\/div><div class=\"uagb-ifb-image-content\"><img decoding=\"async\" src=\"https:\/\/torrentclosures.com\/wp-content\/uploads\/2021\/05\/brcs.png\" alt=\"| Grupo Torrent Espa\u00f1a\" width=\"225\" height=\"40\" loading=\"lazy\" title=\"| Grupo Torrent Espa\u00f1a\"><\/div><div class=\"uagb-ifb-button-wrapper wp-block-button\"><\/div><\/div><\/div>\n<\/div>\n\n\n\n<div class=\"wp-block-column is-layout-flow wp-block-column-is-layout-flow\">\n<h2 class=\"wp-block-heading has-text-align-center has-text-color has-small-font-size\" style=\"color:#cd142c;font-style:normal;font-weight:600\"><strong><mark><strong><strong><mark><strong>COMPA\u00d1\u00cdA DE TAPONES IRRELLENABLES, S.A.<\/strong><\/mark><\/strong> TORRENT, S. A.<\/strong><\/mark><\/strong><\/h2>\n\n\n\n<div class=\"wp-block-uagb-info-box uagb-block-b2359696 uagb-infobox__content-wrap  uagb-infobox_cta-type-all uagb-infobox-icon-below-title uagb-infobox-image-valign-top certificado\"><a href=\"\/pdf\/BRC_Capsulas_Torrent_Polimeros_22248.pdf\" class=\"uagb-infobox-link-wrap uagb-infbox__link-to-all\" target=\"_blank\" aria-label=\"Infobox Link\" rel=\"noopener noreferrer\" onclick=\"return true;\"><\/a><div class=\"uagb-ifb-content\"><div class=\"uagb-ifb-title-wrap\"><h3 class=\"uagb-ifb-title\"><mark style=\"background-color:rgba(0, 0, 0, 0);color:#a3a3a3\" class=\"has-inline-color\">POLYMER DIVISION<\/mark><\/h3><\/div><div class=\"uagb-ifb-separator\"><\/div><div class=\"uagb-ifb-image-content\"><img decoding=\"async\" src=\"https:\/\/torrentclosures.com\/wp-content\/uploads\/2021\/05\/brcs.png\" alt=\"| Grupo Torrent Espa\u00f1a\" width=\"225\" height=\"40\" loading=\"lazy\" title=\"| Grupo Torrent Espa\u00f1a\"><\/div><div class=\"uagb-ifb-button-wrapper wp-block-button\"><\/div><\/div><\/div>\n<\/div>\n<\/div>\n\n\n\n<div style=\"height:32px\" aria-hidden=\"true\" class=\"wp-block-spacer\"><\/div>\n\n\n\n<div class=\"wp-block-columns bloquemail is-layout-flex wp-container-core-columns-is-layout-9d6595d7 wp-block-columns-is-layout-flex\">\n<div class=\"wp-block-column is-layout-flow wp-block-column-is-layout-flow\">\n<h2 class=\"wp-block-heading has-text-align-center has-text-color has-small-font-size\" style=\"color:#cd142c\"><strong><strong><mark><strong>HEREDEROS DE TORRENT MIRANDA, S.A.<\/strong><\/mark><\/strong><\/strong><\/h2>\n\n\n\n<div class=\"wp-block-uagb-info-box uagb-block-11c53de7 uagb-infobox__content-wrap  uagb-infobox_cta-type-all uagb-infobox-icon-below-title uagb-infobox-image-valign-top certificado\"><a href=\"\/pdf\/HTM_BRCS.pdf\" class=\"uagb-infobox-link-wrap uagb-infbox__link-to-all\" target=\"_blank\" aria-label=\"Infobox Link\" rel=\"noopener noreferrer\" onclick=\"return true;\"><\/a><div class=\"uagb-ifb-content\"><div class=\"uagb-ifb-title-wrap\"><h3 class=\"uagb-ifb-title\"><mark style=\"background-color:rgba(0, 0, 0, 0);color:#a3a3a3\" class=\"has-inline-color\">ALUMINUM DIVISION<\/mark><\/h3><\/div><div class=\"uagb-ifb-separator\"><\/div><div class=\"uagb-ifb-image-content\"><img decoding=\"async\" src=\"https:\/\/torrentclosures.com\/wp-content\/uploads\/2021\/05\/brcs.png\" alt=\"| Grupo Torrent Espa\u00f1a\" width=\"225\" height=\"40\" loading=\"lazy\" title=\"| Grupo Torrent Espa\u00f1a\"><\/div><div class=\"uagb-ifb-button-wrapper wp-block-button\"><\/div><\/div><\/div>\n<\/div>\n\n\n\n<div class=\"wp-block-column is-layout-flow wp-block-column-is-layout-flow\"><\/div>\n<\/div>\n\n\n\n<div class=\"wp-block-uagb-separator uagb-block-b5b7b3d9\"><div class=\"wp-block-uagb-separator__inner\" style=\"--my-background-image:\"><\/div><\/div>\n\n\n\n<h2 class=\"wp-block-heading\"><br><strong>The BRC PACKAGING certification guarantees the quality and food safety of consumers<\/strong><\/h2>\n\n\n\n<p><span style=\"font-weight: 400;\">Its objective is to guarantee food quality and safety in order to respond to consumer demand. The BRC Global Food Packaging standard facilitates the standardization of quality, safety, operational criteria and compliance with the legal obligations of packaging manufacturers used in the food industry, as well as helping to provide consumer protection.<\/span><br><br><\/p>\n\n\n\n<h2 class=\"wp-block-heading\"><strong>BRC Packaging Certification Requirements:<\/strong><\/h2>\n\n\n\n<ul class=\"wp-block-list listas\">\n<li><a href=\"https:\/\/torrentclosures.com\/en\/torrent-group\/\" target=\"_blank\" rel=\"noreferrer noopener\">Torrent Group<\/a>&nbsp;Senior Management Commitment: The company shall offer the resources required to demonstrate its commitment to complying with the Standard\u2019s requirements.<\/li>\n\n\n\n<li>Establish a HACCP (Hazard Analysis and Critical Control Points) Plan. This will allow the company to focus on the main hazards of the packaging processes and products that require specific monitoring in order to guarantee product safety.<\/li>\n\n\n\n<li>Torrent Group has an effective and documented quality management system.<\/li>\n\n\n\n<li>Create a pre-requisite programme: The basic environmental and operating conditions that must exist in the company.<br><br><\/li>\n<\/ul>\n\n\n\n<h2 class=\"wp-block-heading\"><strong>BRC Packaging Certification Advantages:<\/strong><\/h2>\n\n\n\n<ul class=\"wp-block-list listas\">\n<li>This allows companies to access markets where this standard is required. It reports on the compliance status of customers who adhere to it, especially the large distribution chains.<\/li>\n\n\n\n<li>It provides a guarantee for the consumer supply chain.<\/li>\n\n\n\n<li>It introduces and establishes safety and quality criteria agreed upon by suppliers.<\/li>\n\n\n\n<li>It increases customer and end consumer confidence, representing a competitive advantage and providing access to new markets.<\/li>\n\n\n\n<li>It proves compliance with legislation on food safety.<\/li>\n\n\n\n<li>It displays greater transparency along the entire supply chain.<\/li>\n\n\n\n<li>It is a worldwide standard recognized by the&nbsp;<a href=\"https:\/\/mygfsi.com\/\" target=\"_blank\" rel=\"noreferrer noopener\">Global Food Safety Initiative<\/a>&nbsp;(GFSI).<br><br><\/li>\n<\/ul>\n","protected":false},"excerpt":{"rendered":"<p>BRC Packaging The BRC PACKAGING standard, recognized worldwide by the GFSI (Global Food Safety Initiative), has been developed specifically for companies that manufacture packaging materials for food, cosmetics, pharmaceuticals and medical products. BRC PACKAGING is therefore effective in any country in the world. C\u00c1PSULAS TORRENT, S. A. COMPA\u00d1\u00cdA DE TAPONES IRRELLENABLES, S.A. TORRENT, S. A. &hellip;<\/p>\n","protected":false},"author":3,"featured_media":0,"parent":0,"menu_order":0,"comment_status":"closed","ping_status":"closed","template":"","meta":{"inline_featured_image":false,"_uag_custom_page_level_css":"","footnotes":""},"class_list":["post-53290","page","type-page","status-publish","hentry"],"uagb_featured_image_src":{"full":false,"thumbnail":false,"medium":false,"medium_large":false,"large":false,"1536x1536":false,"2048x2048":false,"gform-image-choice-sm":false,"gform-image-choice-md":false,"gform-image-choice-lg":false},"uagb_author_info":{"display_name":"Pablo","author_link":"https:\/\/torrentclosures.com\/en"},"uagb_comment_info":0,"uagb_excerpt":"BRC Packaging The BRC PACKAGING standard, recognized worldwide by the GFSI (Global Food Safety Initiative), has been developed specifically for companies that manufacture packaging materials for food, cosmetics, pharmaceuticals and medical products. BRC PACKAGING is therefore effective in any country in the world. C\u00c1PSULAS TORRENT, S. A. COMPA\u00d1\u00cdA DE TAPONES IRRELLENABLES, S.A. TORRENT, S. A.&hellip;","_links":{"self":[{"href":"https:\/\/torrentclosures.com\/en\/wp-json\/wp\/v2\/pages\/53290","targetHints":{"allow":["GET"]}}],"collection":[{"href":"https:\/\/torrentclosures.com\/en\/wp-json\/wp\/v2\/pages"}],"about":[{"href":"https:\/\/torrentclosures.com\/en\/wp-json\/wp\/v2\/types\/page"}],"author":[{"embeddable":true,"href":"https:\/\/torrentclosures.com\/en\/wp-json\/wp\/v2\/users\/3"}],"replies":[{"embeddable":true,"href":"https:\/\/torrentclosures.com\/en\/wp-json\/wp\/v2\/comments?post=53290"}],"version-history":[{"count":5,"href":"https:\/\/torrentclosures.com\/en\/wp-json\/wp\/v2\/pages\/53290\/revisions"}],"predecessor-version":[{"id":57607,"href":"https:\/\/torrentclosures.com\/en\/wp-json\/wp\/v2\/pages\/53290\/revisions\/57607"}],"wp:attachment":[{"href":"https:\/\/torrentclosures.com\/en\/wp-json\/wp\/v2\/media?parent=53290"}],"curies":[{"name":"wp","href":"https:\/\/api.w.org\/{rel}","templated":true}]}}