{"id":50824,"date":"2023-01-25T13:48:33","date_gmt":"2023-01-25T11:48:33","guid":{"rendered":"https:\/\/torrentmsiteprd.azurewebsites.net\/eng\/?page_id=38847"},"modified":"2026-03-27T11:27:24","modified_gmt":"2026-03-27T10:27:24","slug":"torrent-group-distribution","status":"publish","type":"page","link":"https:\/\/torrentclosures.com\/en\/torrent-group-distribution\/","title":{"rendered":"Torrent Group Distribution"},"content":{"rendered":"\n<h1 class=\"wp-block-heading page-title\"><br>Torrent Group Distribution<\/h1>\n\n\n\n<p><span style=\"font-weight: 400\">The Torrent Group distribution has an extensive network of agents worldwide. Torrent has promoted the creation of new distribution offices in strategic places for the expansion of our company. We therefore have distribution offices in India, located at the Alisha Torrent Closures (ATC) production plant; in Colombia, with Tapas de las Am\u00e9ricas and recently, in Mexico, from where we distribute throughout the whole country and part of the Latin American continent.<\/span><\/p>\n\n\n\n<p><span style=\"font-weight: 400\">Our national and international representatives provide continuous assistance, adapted to customer requirements. As it is a product with important technical requirements, we offer personalised advice, even during the bottle closure phase.<\/span><br><\/p>\n\n\n<div class=\"wp-block-image\">\n<figure class=\"aligncenter size-full\"><img loading=\"lazy\" decoding=\"async\" width=\"2560\" height=\"1439\" src=\"https:\/\/torrentclosures.com\/wp-content\/uploads\/2026\/03\/Mapa-Mundi-Grupo-Torrent-scaled.png\" alt=\"| Grupo Torrent Espa\u00f1a\" class=\"wp-image-56352\" title=\"| Grupo Torrent Espa\u00f1a\" srcset=\"https:\/\/torrentclosures.com\/wp-content\/uploads\/2026\/03\/Mapa-Mundi-Grupo-Torrent-scaled.png 2560w, https:\/\/torrentclosures.com\/wp-content\/uploads\/2026\/03\/Mapa-Mundi-Grupo-Torrent-1024x576.png 1024w, https:\/\/torrentclosures.com\/wp-content\/uploads\/2026\/03\/Mapa-Mundi-Grupo-Torrent-768x432.png 768w, https:\/\/torrentclosures.com\/wp-content\/uploads\/2026\/03\/Mapa-Mundi-Grupo-Torrent-1536x863.png 1536w, https:\/\/torrentclosures.com\/wp-content\/uploads\/2026\/03\/Mapa-Mundi-Grupo-Torrent-2048x1151.png 2048w\" sizes=\"auto, (max-width: 2560px) 100vw, 2560px\" \/><figcaption class=\"wp-element-caption\"><br><\/figcaption><\/figure>\n<\/div>\n\n\n<h2 class=\"wp-block-heading\"><strong>Torrent Group Distribution Facilities worldwide<\/strong><br><\/h2>\n\n\n\n<h3 class=\"wp-block-heading\"><br><strong>Distribution in Mexico<\/strong><\/h3>\n\n\n\n<p><span style=\"font-weight: 400\">The start-up of a<\/span><a href=\"https:\/\/torrentclosures.com\/en\/torrent-group\/\"> <b>Torrent Group <\/b><\/a>distribution centre<span style=\"font-weight: 400\"> in the <a href=\"http:\/\/en.wikipedia.org\/wiki\/Mexico_City\" target=\"_blank\" rel=\"noreferrer noopener\">Mexican capital<\/a>, is a firm commitment by our group to maintaining a prominent presence throughout the country. The high consumption of spirits and liqueurs in Mexico and the serious problem posed by the counterfeiting of beverages, both for public health and for the lack revenue experienced by the Government, has promoted the sale of high quality and precision closures.<\/span><\/p>\n\n\n\n<p><span style=\"font-weight: 400\">Nuestra distribuidora en M\u00e9xico cuenta adem\u00e1s con almac\u00e9n propio. Esto favorece los costes en las ventas y aumenta la capacidad de respuesta de nuestras acciones comerciales en el pa\u00eds Our distributor in Mexico also has its own warehouse. This boosts costs in sales and increases the response capacity of our commercial actions in the Latin American country. We offer a wide range of models of non-refillable stoppers for tequila, <a href=\"https:\/\/es.wikipedia.org\/wiki\/Mezcal\" target=\"_blank\" rel=\"noopener\">mescal<\/a> and all kinds of liqueurs and spirits. The added value of our closures is subjected to the application of the highest technological standards in order to ensure levels of security against counterfeiting and refilling.<\/span><br><\/p>\n\n\n\n<h3 class=\"wp-block-heading\"><strong>Distribution in Colombia<\/strong><\/h3>\n\n\n\n<p><span style=\"font-weight: 400\">In the case of Colombia, where we have a commercial and distribution office, we face a very common practice: the production of counterfeit liqueurs and spirits. More than 50% of the beverages found in the Colombian market, and in most Latin American countries, may be counterfeit.<\/span><\/p>\n\n\n\n<p><span style=\"font-weight: 400\">In order to protect the authenticity of our customers\u2019 products, we offer closure solutions that guarantee the safety and quality of bottle closures. A team of highly qualified professionals and technicians from Torrent attend to the needs of our customers on a daily basis with the aim of addressing the fraud and counterfeit systems of Colombian liqueurs.<\/span><\/p>\n\n\n\n<h3 class=\"wp-block-heading\"><br><strong>Distribution in India<\/strong><\/h3>\n\n\n\n<p><span style=\"font-weight: 400\">Since our closure production plant in India was set up 3 years ago, we have focused all our liqueur closures distribution activity at our facilities in Jaipur. Alisha Torrent Company (ATC) not only distributes closure solutions throughout India but also to various surrounding countries.<\/span><\/p>\n\n\n\n<p><span style=\"font-weight: 400\">Our business philosophy is based on offering our customers a competitive product that meets their needs. In turn, it is innovative and meets the maximum quality requirements. We achieve all this through an agile and flexible supply service. Similarly, we provide our customers with an advisory service regarding the appropriate closure, its management and application.<\/span><br><\/p>\n\n\n\n<h3 class=\"wp-block-heading\"><strong>Distribution in Kenya<\/strong><\/h3>\n\n\n\n<p>Torrent Group strengthens its presence in Africa through its plant located in Nairobi, Kenya, which serves as a strategic distribution hub for the East African market (COMESA). This facility enables optimized logistics, reduced delivery times, and closer proximity to clients, ensuring faster and more efficient service throughout the region.<\/p>\n\n\n\n<div class=\"wp-block-uagb-container uagb-block-2ea9714e alignfull uagb-is-root-container\"><div class=\"uagb-container-inner-blocks-wrap\"><\/div><\/div>\n\n\n\n<p>In addition, we have four commercial offices available to our clients, which can be contacted via email, located in the United Kingdom, the United States (Louisville, KY), Colombia, and Mexico\u2014further reinforcing our international coverage and customer support.<br><\/p>\n\n\n\n<div class=\"wp-block-columns are-vertically-aligned-center bloquemail is-layout-flex wp-container-core-columns-is-layout-9d6595d7 wp-block-columns-is-layout-flex\">\n<div class=\"wp-block-column is-vertically-aligned-center bloque-mail is-layout-flow wp-block-column-is-layout-flow\">\n<div class=\"wp-block-uagb-info-box uagb-block-4e831cac uagb-infobox__content-wrap  uagb-infobox-icon-above-title uagb-infobox-image-valign-top uagb-infobox__outer-wrap\"><div class=\"uagb-ifb-content\"><div class=\"uagb-ifb-icon-wrap\"><svg xmlns=\"https:\/\/www.w3.org\/2000\/svg\" viewBox=\"0 0 512 512\"><path d=\"M464 64C490.5 64 512 85.49 512 112C512 127.1 504.9 141.3 492.8 150.4L275.2 313.6C263.8 322.1 248.2 322.1 236.8 313.6L19.2 150.4C7.113 141.3 0 127.1 0 112C0 85.49 21.49 64 48 64H464zM217.6 339.2C240.4 356.3 271.6 356.3 294.4 339.2L512 176V384C512 419.3 483.3 448 448 448H64C28.65 448 0 419.3 0 384V176L217.6 339.2z\"><\/path><\/svg><\/div><div class=\"uagb-ifb-title-wrap\"><h3 class=\"uagb-ifb-title\"><strong>Spain<\/strong><\/h3><\/div><\/div><\/div>\n\n\n\n<p class=\"has-text-align-center has-text-color\" style=\"color:#cd142c\"><a href=\"mailto:comercial@torrentclosures.com\">comercial@torrentclosures.com<\/a><\/p>\n<\/div>\n\n\n\n<div class=\"wp-block-column is-vertically-aligned-center bloque-mail is-layout-flow wp-block-column-is-layout-flow\">\n<div class=\"wp-block-uagb-info-box uagb-block-fd8a4147 uagb-infobox__content-wrap  uagb-infobox-icon-above-title uagb-infobox-image-valign-top uagb-infobox__outer-wrap\"><div class=\"uagb-ifb-content\"><div class=\"uagb-ifb-icon-wrap\"><svg xmlns=\"https:\/\/www.w3.org\/2000\/svg\" viewBox=\"0 0 512 512\"><path d=\"M464 64C490.5 64 512 85.49 512 112C512 127.1 504.9 141.3 492.8 150.4L275.2 313.6C263.8 322.1 248.2 322.1 236.8 313.6L19.2 150.4C7.113 141.3 0 127.1 0 112C0 85.49 21.49 64 48 64H464zM217.6 339.2C240.4 356.3 271.6 356.3 294.4 339.2L512 176V384C512 419.3 483.3 448 448 448H64C28.65 448 0 419.3 0 384V176L217.6 339.2z\"><\/path><\/svg><\/div><div class=\"uagb-ifb-title-wrap\"><h3 class=\"uagb-ifb-title\"><strong><strong><strong><strong><strong>United Kingdom \/ Ireland<\/strong><\/strong><\/strong><\/strong><\/strong><\/h3><\/div><\/div><\/div>\n\n\n\n<p class=\"has-text-align-center has-text-color\" style=\"color:#cd142c\"><strong><strong><strong><\/strong><\/strong><\/strong><a href=\"mailto:uk@torrentclosures.com\">uk@torrentclosures.com<\/a><\/p>\n<\/div>\n\n\n\n<div class=\"wp-block-column is-vertically-aligned-center bloque-mail is-layout-flow wp-block-column-is-layout-flow\">\n<div class=\"wp-block-uagb-info-box uagb-block-1b2fc69e uagb-infobox__content-wrap  uagb-infobox-icon-above-title uagb-infobox-image-valign-top uagb-infobox__outer-wrap\"><div class=\"uagb-ifb-content\"><div class=\"uagb-ifb-icon-wrap\"><svg xmlns=\"https:\/\/www.w3.org\/2000\/svg\" viewBox=\"0 0 512 512\"><path d=\"M464 64C490.5 64 512 85.49 512 112C512 127.1 504.9 141.3 492.8 150.4L275.2 313.6C263.8 322.1 248.2 322.1 236.8 313.6L19.2 150.4C7.113 141.3 0 127.1 0 112C0 85.49 21.49 64 48 64H464zM217.6 339.2C240.4 356.3 271.6 356.3 294.4 339.2L512 176V384C512 419.3 483.3 448 448 448H64C28.65 448 0 419.3 0 384V176L217.6 339.2z\"><\/path><\/svg><\/div><div class=\"uagb-ifb-title-wrap\"><h3 class=\"uagb-ifb-title\"><strong><strong><strong><strong><strong><strong><strong><strong><strong><strong>USA<\/strong><\/strong><\/strong><\/strong><\/strong><\/strong><\/strong><\/strong><\/strong><\/strong><\/h3><\/div><\/div><\/div>\n\n\n\n<p class=\"has-text-align-center has-text-color\" style=\"color:#cd142c\"><strong><strong><strong><\/strong><\/strong><\/strong><a href=\"mailto:usa@torrentclosures.com\">usa@torrentclosures.com<\/a><\/p>\n<\/div>\n<\/div>\n\n\n\n<div class=\"wp-block-columns bloquemail is-layout-flex wp-container-core-columns-is-layout-9d6595d7 wp-block-columns-is-layout-flex\">\n<div class=\"wp-block-column is-vertically-aligned-center bloque-mail is-layout-flow wp-block-column-is-layout-flow\">\n<div class=\"wp-block-uagb-info-box uagb-block-666a44a6 uagb-infobox__content-wrap  uagb-infobox-icon-above-title uagb-infobox-image-valign-top uagb-infobox__outer-wrap\"><div class=\"uagb-ifb-content\"><div class=\"uagb-ifb-icon-wrap\"><svg xmlns=\"https:\/\/www.w3.org\/2000\/svg\" viewBox=\"0 0 512 512\"><path d=\"M464 64C490.5 64 512 85.49 512 112C512 127.1 504.9 141.3 492.8 150.4L275.2 313.6C263.8 322.1 248.2 322.1 236.8 313.6L19.2 150.4C7.113 141.3 0 127.1 0 112C0 85.49 21.49 64 48 64H464zM217.6 339.2C240.4 356.3 271.6 356.3 294.4 339.2L512 176V384C512 419.3 483.3 448 448 448H64C28.65 448 0 419.3 0 384V176L217.6 339.2z\"><\/path><\/svg><\/div><div class=\"uagb-ifb-title-wrap\"><h3 class=\"uagb-ifb-title\"><strong><strong>Mexico<\/strong><\/strong><\/h3><\/div><\/div><\/div>\n\n\n\n<p class=\"has-text-align-center has-text-color\" style=\"color:#cd142c\"><strong><strong><strong><\/strong><\/strong><\/strong><a href=\"mailto:mexico@torrentclosures.com\">mexico@torrentclosures.com<\/a><\/p>\n<\/div>\n\n\n\n<div class=\"wp-block-column is-vertically-aligned-center bloque-mail is-layout-flow wp-block-column-is-layout-flow\">\n<div class=\"wp-block-uagb-info-box uagb-block-675680d5 uagb-infobox__content-wrap  uagb-infobox-icon-above-title uagb-infobox-image-valign-top uagb-infobox__outer-wrap\"><div class=\"uagb-ifb-content\"><div class=\"uagb-ifb-icon-wrap\"><svg xmlns=\"https:\/\/www.w3.org\/2000\/svg\" viewBox=\"0 0 512 512\"><path d=\"M464 64C490.5 64 512 85.49 512 112C512 127.1 504.9 141.3 492.8 150.4L275.2 313.6C263.8 322.1 248.2 322.1 236.8 313.6L19.2 150.4C7.113 141.3 0 127.1 0 112C0 85.49 21.49 64 48 64H464zM217.6 339.2C240.4 356.3 271.6 356.3 294.4 339.2L512 176V384C512 419.3 483.3 448 448 448H64C28.65 448 0 419.3 0 384V176L217.6 339.2z\"><\/path><\/svg><\/div><div class=\"uagb-ifb-title-wrap\"><h3 class=\"uagb-ifb-title\"><strong><strong>Colombia<\/strong><\/strong><\/h3><\/div><\/div><\/div>\n\n\n\n<p class=\"has-text-align-center has-text-color\" style=\"color:#cd142c\"><a href=\"mailto:colombia@torrentclosures.com\">colombia@torrentclosures.com<\/a><\/p>\n<\/div>\n\n\n\n<div class=\"wp-block-column is-vertically-aligned-center bloque-mail is-layout-flow wp-block-column-is-layout-flow\">\n<div class=\"wp-block-uagb-info-box uagb-block-5f8055f9 uagb-infobox__content-wrap  uagb-infobox-icon-above-title uagb-infobox-image-valign-top uagb-infobox__outer-wrap\"><div class=\"uagb-ifb-content\"><div class=\"uagb-ifb-icon-wrap\"><svg xmlns=\"https:\/\/www.w3.org\/2000\/svg\" viewBox=\"0 0 512 512\"><path d=\"M464 64C490.5 64 512 85.49 512 112C512 127.1 504.9 141.3 492.8 150.4L275.2 313.6C263.8 322.1 248.2 322.1 236.8 313.6L19.2 150.4C7.113 141.3 0 127.1 0 112C0 85.49 21.49 64 48 64H464zM217.6 339.2C240.4 356.3 271.6 356.3 294.4 339.2L512 176V384C512 419.3 483.3 448 448 448H64C28.65 448 0 419.3 0 384V176L217.6 339.2z\"><\/path><\/svg><\/div><div class=\"uagb-ifb-title-wrap\"><h3 class=\"uagb-ifb-title\"><strong>India<\/strong><\/h3><\/div><\/div><\/div>\n\n\n\n<p class=\"has-text-align-center has-text-color\" style=\"color:#cd142c\"><a href=\"mailto:sales@alishatorrent.com\">sales@alishatorrent.com<\/a><\/p>\n<\/div>\n<\/div>\n\n\n\n<div class=\"wp-block-columns bloquemail is-layout-flex wp-container-core-columns-is-layout-9d6595d7 wp-block-columns-is-layout-flex\">\n<div class=\"wp-block-column is-vertically-aligned-center bloque-mail is-layout-flow wp-block-column-is-layout-flow\">\n<div class=\"wp-block-uagb-info-box uagb-block-b9dc0916 uagb-infobox__content-wrap  uagb-infobox-icon-above-title uagb-infobox-image-valign-top uagb-infobox__outer-wrap\"><div class=\"uagb-ifb-content\"><div class=\"uagb-ifb-icon-wrap\"><svg xmlns=\"https:\/\/www.w3.org\/2000\/svg\" viewBox=\"0 0 512 512\"><path d=\"M464 64C490.5 64 512 85.49 512 112C512 127.1 504.9 141.3 492.8 150.4L275.2 313.6C263.8 322.1 248.2 322.1 236.8 313.6L19.2 150.4C7.113 141.3 0 127.1 0 112C0 85.49 21.49 64 48 64H464zM217.6 339.2C240.4 356.3 271.6 356.3 294.4 339.2L512 176V384C512 419.3 483.3 448 448 448H64C28.65 448 0 419.3 0 384V176L217.6 339.2z\"><\/path><\/svg><\/div><div class=\"uagb-ifb-title-wrap\"><h3 class=\"uagb-ifb-title\"><strong><strong><strong>Kenya<\/strong><\/strong><\/strong><\/h3><\/div><\/div><\/div>\n\n\n\n<p class=\"has-text-align-center has-text-color\" style=\"color:#cd142c\"><a href=\"mailto:info_ke@torrentclosures.com\">info_ke@torrentclosures.com<\/a><\/p>\n<\/div>\n\n\n\n<div class=\"wp-block-column is-vertically-aligned-center bloque-mail is-layout-flow wp-block-column-is-layout-flow\">\n<div class=\"wp-block-uagb-info-box uagb-block-748c1577 uagb-infobox__content-wrap  uagb-infobox-icon-above-title uagb-infobox-image-valign-top uagb-infobox__outer-wrap\"><div class=\"uagb-ifb-content\"><div class=\"uagb-ifb-icon-wrap\"><svg xmlns=\"https:\/\/www.w3.org\/2000\/svg\" viewBox=\"0 0 512 512\"><path d=\"M464 64C490.5 64 512 85.49 512 112C512 127.1 504.9 141.3 492.8 150.4L275.2 313.6C263.8 322.1 248.2 322.1 236.8 313.6L19.2 150.4C7.113 141.3 0 127.1 0 112C0 85.49 21.49 64 48 64H464zM217.6 339.2C240.4 356.3 271.6 356.3 294.4 339.2L512 176V384C512 419.3 483.3 448 448 448H64C28.65 448 0 419.3 0 384V176L217.6 339.2z\"><\/path><\/svg><\/div><div class=\"uagb-ifb-title-wrap\"><h3 class=\"uagb-ifb-title\"><strong><strong><strong><strong><strong>Portugal<\/strong><\/strong><\/strong><\/strong><\/strong><\/h3><\/div><\/div><\/div>\n\n\n\n<p class=\"has-text-align-center has-text-color\" style=\"color:#cd142c\"><a href=\"mailto:canada@torrentdevsite.azurewebsites.net\"><\/a><a href=\"mailto:portugal@torrentclosures.com\">portugal@torrentclosures.com<\/a><\/p>\n<\/div>\n\n\n\n<div class=\"wp-block-column is-vertically-aligned-center bloque-mail is-layout-flow wp-block-column-is-layout-flow\">\n<div class=\"wp-block-uagb-info-box uagb-block-353eef6a uagb-infobox__content-wrap  uagb-infobox-icon-above-title uagb-infobox-image-valign-top uagb-infobox__outer-wrap\"><div class=\"uagb-ifb-content\"><div class=\"uagb-ifb-icon-wrap\"><svg xmlns=\"https:\/\/www.w3.org\/2000\/svg\" viewBox=\"0 0 512 512\"><path d=\"M464 64C490.5 64 512 85.49 512 112C512 127.1 504.9 141.3 492.8 150.4L275.2 313.6C263.8 322.1 248.2 322.1 236.8 313.6L19.2 150.4C7.113 141.3 0 127.1 0 112C0 85.49 21.49 64 48 64H464zM217.6 339.2C240.4 356.3 271.6 356.3 294.4 339.2L512 176V384C512 419.3 483.3 448 448 448H64C28.65 448 0 419.3 0 384V176L217.6 339.2z\"><\/path><\/svg><\/div><div class=\"uagb-ifb-title-wrap\"><h3 class=\"uagb-ifb-title\"><strong><strong><strong>Per<\/strong><\/strong><\/strong>u<\/h3><\/div><\/div><\/div>\n\n\n\n<p class=\"has-text-align-center has-text-color\" style=\"color:#cd142c\"><strong><strong><\/strong><\/strong><a href=\"mailto:peru@torrentclosures.com\">peru@torrentclosures.com<\/a><\/p>\n<\/div>\n<\/div>\n\n\n\n<div class=\"wp-block-columns bloquemail is-layout-flex wp-container-core-columns-is-layout-9d6595d7 wp-block-columns-is-layout-flex\">\n<div class=\"wp-block-column is-vertically-aligned-center bloque-mail is-layout-flow wp-block-column-is-layout-flow\">\n<div class=\"wp-block-uagb-info-box uagb-block-6a0089f4 uagb-infobox__content-wrap  uagb-infobox-icon-above-title uagb-infobox-image-valign-top uagb-infobox__outer-wrap\"><div class=\"uagb-ifb-content\"><div class=\"uagb-ifb-icon-wrap\"><svg xmlns=\"https:\/\/www.w3.org\/2000\/svg\" viewBox=\"0 0 512 512\"><path d=\"M464 64C490.5 64 512 85.49 512 112C512 127.1 504.9 141.3 492.8 150.4L275.2 313.6C263.8 322.1 248.2 322.1 236.8 313.6L19.2 150.4C7.113 141.3 0 127.1 0 112C0 85.49 21.49 64 48 64H464zM217.6 339.2C240.4 356.3 271.6 356.3 294.4 339.2L512 176V384C512 419.3 483.3 448 448 448H64C28.65 448 0 419.3 0 384V176L217.6 339.2z\"><\/path><\/svg><\/div><div class=\"uagb-ifb-title-wrap\"><h3 class=\"uagb-ifb-title\"><strong><strong><strong>South Africa<\/strong><\/strong><\/strong><\/h3><\/div><\/div><\/div>\n\n\n\n<p class=\"has-text-align-center has-text-color\" style=\"color:#cd142c\"><strong><strong><strong><strong><\/strong><\/strong><\/strong><\/strong><a href=\"mailto:southafrica@torrentclosures.com\">southafrica@torrentclosures.com<\/a><\/p>\n<\/div>\n\n\n\n<div class=\"wp-block-column is-vertically-aligned-center bloque-mail is-layout-flow wp-block-column-is-layout-flow\">\n<div class=\"wp-block-uagb-info-box uagb-block-18e640c5 uagb-infobox__content-wrap  uagb-infobox-icon-above-title uagb-infobox-image-valign-top uagb-infobox__outer-wrap\"><div class=\"uagb-ifb-content\"><div class=\"uagb-ifb-icon-wrap\"><svg xmlns=\"https:\/\/www.w3.org\/2000\/svg\" viewBox=\"0 0 512 512\"><path d=\"M464 64C490.5 64 512 85.49 512 112C512 127.1 504.9 141.3 492.8 150.4L275.2 313.6C263.8 322.1 248.2 322.1 236.8 313.6L19.2 150.4C7.113 141.3 0 127.1 0 112C0 85.49 21.49 64 48 64H464zM217.6 339.2C240.4 356.3 271.6 356.3 294.4 339.2L512 176V384C512 419.3 483.3 448 448 448H64C28.65 448 0 419.3 0 384V176L217.6 339.2z\"><\/path><\/svg><\/div><div class=\"uagb-ifb-title-wrap\"><h3 class=\"uagb-ifb-title\"><strong><strong>Argentina<\/strong><\/strong><\/h3><\/div><\/div><\/div>\n\n\n\n<p class=\"has-text-align-center has-text-color\" style=\"color:#cd142c\"><strong><\/strong><a href=\"mailto:argentina@torrentclosures.com\">argentina@torrentclosures.com<\/a><\/p>\n<\/div>\n\n\n\n<div class=\"wp-block-column is-vertically-aligned-center is-layout-flow wp-block-column-is-layout-flow\"><\/div>\n<\/div>\n","protected":false},"excerpt":{"rendered":"<p>Torrent Group Distribution The Torrent Group distribution has an extensive network of agents worldwide. Torrent has promoted the creation of new distribution offices in strategic places for the expansion of our company. We therefore have distribution offices in India, located at the Alisha Torrent Closures (ATC) production plant; in Colombia, with Tapas de las Am\u00e9ricas &hellip;<\/p>\n","protected":false},"author":10,"featured_media":1838,"parent":0,"menu_order":0,"comment_status":"closed","ping_status":"closed","template":"","meta":{"inline_featured_image":false,"_uag_custom_page_level_css":"","footnotes":""},"class_list":["post-50824","page","type-page","status-publish","has-post-thumbnail","hentry"],"uagb_featured_image_src":{"full":["https:\/\/torrentclosures.com\/wp-content\/uploads\/2018\/12\/MapaTorrent5.png",1710,918,false],"thumbnail":["https:\/\/torrentclosures.com\/wp-content\/uploads\/2018\/12\/MapaTorrent5-150x150.png",150,150,true],"medium":["https:\/\/torrentclosures.com\/wp-content\/uploads\/2018\/12\/MapaTorrent5-300x300.png",300,300,true],"medium_large":["https:\/\/torrentclosures.com\/wp-content\/uploads\/2018\/12\/MapaTorrent5-768x412.png",768,412,true],"large":["https:\/\/torrentclosures.com\/wp-content\/uploads\/2018\/12\/MapaTorrent5-1024x550.png",1024,550,true],"1536x1536":["https:\/\/torrentclosures.com\/wp-content\/uploads\/2018\/12\/MapaTorrent5.png",1536,825,false],"2048x2048":["https:\/\/torrentclosures.com\/wp-content\/uploads\/2018\/12\/MapaTorrent5.png",1710,918,false],"gform-image-choice-sm":["https:\/\/torrentclosures.com\/wp-content\/uploads\/2018\/12\/MapaTorrent5.png",300,161,false],"gform-image-choice-md":["https:\/\/torrentclosures.com\/wp-content\/uploads\/2018\/12\/MapaTorrent5.png",400,215,false],"gform-image-choice-lg":["https:\/\/torrentclosures.com\/wp-content\/uploads\/2018\/12\/MapaTorrent5.png",600,322,false]},"uagb_author_info":{"display_name":"produccion","author_link":"https:\/\/torrentclosures.com\/en"},"uagb_comment_info":0,"uagb_excerpt":"Torrent Group Distribution The Torrent Group distribution has an extensive network of agents worldwide. Torrent has promoted the creation of new distribution offices in strategic places for the expansion of our company. We therefore have distribution offices in India, located at the Alisha Torrent Closures (ATC) production plant; in Colombia, with Tapas de las Am\u00e9ricas&hellip;","_links":{"self":[{"href":"https:\/\/torrentclosures.com\/en\/wp-json\/wp\/v2\/pages\/50824","targetHints":{"allow":["GET"]}}],"collection":[{"href":"https:\/\/torrentclosures.com\/en\/wp-json\/wp\/v2\/pages"}],"about":[{"href":"https:\/\/torrentclosures.com\/en\/wp-json\/wp\/v2\/types\/page"}],"author":[{"embeddable":true,"href":"https:\/\/torrentclosures.com\/en\/wp-json\/wp\/v2\/users\/10"}],"replies":[{"embeddable":true,"href":"https:\/\/torrentclosures.com\/en\/wp-json\/wp\/v2\/comments?post=50824"}],"version-history":[{"count":4,"href":"https:\/\/torrentclosures.com\/en\/wp-json\/wp\/v2\/pages\/50824\/revisions"}],"predecessor-version":[{"id":57015,"href":"https:\/\/torrentclosures.com\/en\/wp-json\/wp\/v2\/pages\/50824\/revisions\/57015"}],"wp:featuredmedia":[{"embeddable":true,"href":"https:\/\/torrentclosures.com\/en\/wp-json\/wp\/v2\/media\/1838"}],"wp:attachment":[{"href":"https:\/\/torrentclosures.com\/en\/wp-json\/wp\/v2\/media?parent=50824"}],"curies":[{"name":"wp","href":"https:\/\/api.w.org\/{rel}","templated":true}]}}