{"id":50821,"date":"2020-09-14T16:47:53","date_gmt":"2020-09-14T16:47:53","guid":{"rendered":"https:\/\/new.torrentclosures.com\/?page_id=10909"},"modified":"2026-03-27T11:20:35","modified_gmt":"2026-03-27T10:20:35","slug":"torrent-group-spain","status":"publish","type":"page","link":"https:\/\/torrentclosures.com\/en\/torrent-group-spain\/","title":{"rendered":"Torrent Group Spain\ufffc"},"content":{"rendered":"\n<p><\/p>\n\n\n\n<div class=\"wp-block-group contenido\" style=\"padding-top:0px;padding-right:0px;padding-bottom:0px;padding-left:0px\"><div class=\"wp-block-group__inner-container is-layout-flow wp-block-group-is-layout-flow\">\n<div class=\"wp-block-group alignwide\" style=\"padding-right:var(--wp--preset--spacing--40);padding-left:var(--wp--preset--spacing--40)\"><div class=\"wp-block-group__inner-container is-layout-constrained wp-container-core-group-is-layout-8cd669b9 wp-block-group-is-layout-constrained\">\n<div class=\"wp-block-group alignwide\"><div class=\"wp-block-group__inner-container is-layout-constrained wp-block-group-is-layout-constrained\">\n<h1 class=\"wp-block-heading page-title\">Torrent Group Spain<\/h1>\n<\/div><\/div>\n\n\n\n<div class=\"wp-block-group alignwide\"><div class=\"wp-block-group__inner-container is-layout-constrained wp-block-group-is-layout-constrained\">\n<div class=\"wp-block-group\"><div class=\"wp-block-group__inner-container is-layout-constrained wp-block-group-is-layout-constrained\">\n<div class=\"wp-block-group alignwide\"><div class=\"wp-block-group__inner-container is-layout-constrained wp-block-group-is-layout-constrained\"><\/div><\/div>\n<\/div><\/div>\n\n\n\n<div class=\"wp-block-group alignwide\"><div class=\"wp-block-group__inner-container is-layout-constrained wp-block-group-is-layout-constrained\"><\/div><\/div>\n\n\n\n<div class=\"wp-block-group alignwide\"><div class=\"wp-block-group__inner-container is-layout-constrained wp-block-group-is-layout-constrained\">\n<div class=\"wp-block-group alignwide\"><div class=\"wp-block-group__inner-container is-layout-constrained wp-block-group-is-layout-constrained\">\n<div class=\"wp-block-group alignwide\"><div class=\"wp-block-group__inner-container is-layout-constrained wp-block-group-is-layout-constrained\">\n<div class=\"wp-block-group alignwide\"><div class=\"wp-block-group__inner-container is-layout-constrained wp-block-group-is-layout-constrained\">\n<div class=\"wp-block-group alignwide\"><div class=\"wp-block-group__inner-container is-layout-constrained wp-block-group-is-layout-constrained\">\n<div class=\"wp-block-group alignwide\"><div class=\"wp-block-group__inner-container is-layout-constrained wp-block-group-is-layout-constrained\">\n<p><span style=\"font-weight: 400;\"><span style=\"font-weight: 400;\"><span style=\"font-weight: 400;\">The factory in El Puerto de Santa Mar\u00eda manufactures <a href=\"https:\/\/torrentclosures.com\/en\/non-refillable-closures-innovation\/\" data-type=\"post\" data-id=\"1588\" target=\"_blank\" rel=\"noreferrer noopener\">non-refilliable plastic stoppers<\/a> for EVOO, liqueurs and spirits, as well as producing all the p<\/span><\/span><\/span><span style=\"font-weight: 400;\">Our four production plants in Spain lead the manufacturing process for aluminium, plastic and cork closures. Located in Jerez de la Frontera and El Puerto de Santa Mar\u00eda, in C\u00e1diz province, the central factories produce closures for the Extra Virgin Olive Oil, liqueur, spirits and wine sectors. Their location in C\u00e1diz, in Southern Europe, supports the national and international distribution of our stoppers.<\/span><\/p>\n<\/div><\/div>\n\n\n\n<div class=\"wp-block-group alignwide\"><div class=\"wp-block-group__inner-container is-layout-constrained wp-block-group-is-layout-constrained\">\n<p><span style=\"font-weight: 400;\"><span style=\"font-weight: 400;\"><span style=\"font-weight: 400;\">lastic components required for aluminium and cork closures. Torrent Group is the leading manufacturer of Extra Virgin Olive Oil stoppers in the world and the second in liqueurs and spirits.<\/span><\/span><\/span><\/p>\n<\/div><\/div>\n\n\n\n<div class=\"wp-block-group alignwide\"><div class=\"wp-block-group__inner-container is-layout-constrained wp-block-group-is-layout-constrained\">\n<p><span style=\"font-weight: 400;\"><span style=\"font-weight: 400;\"><span style=\"font-weight: 400;\">The factory in El Puerto de Santa Mar\u00eda manufactures <a href=\"https:\/\/torrentclosures.com\/en\/non-refillable-closures-innovation\/\" data-type=\"post\" data-id=\"1588\" target=\"_blank\" rel=\"noreferrer noopener\">non-refilliable plastic stoppers<\/a> for EVOO, liqueurs and spirits, as well as producing all the plastic components required for aluminium and cork closures. Torrent Group is the leading manufacturer of Extra Virgin Olive Oil stoppers in the world and the second in liqueurs and spirits.<\/span><\/span><\/span><\/p>\n<\/div><\/div>\n<\/div><\/div>\n<\/div><\/div>\n<\/div><\/div>\n\n\n\n<div class=\"wp-block-group alignwide\"><div class=\"wp-block-group__inner-container is-layout-constrained wp-block-group-is-layout-constrained\">\n<p><span style=\"font-weight: 400;\"><span style=\"font-weight: 400;\">The <a href=\"https:\/\/en.wikipedia.org\/wiki\/El_Puerto_de_Santa_Mar%C3%ADa\" target=\"_blank\" rel=\"noopener\">El Puerto de Santa Mar\u00eda<\/a> stopper factory also oversees the production of non-refillable plastic stoppers and components for other types of closures for Torrent Group Spain and its R + D + i and Innovation, Engineering, Injection Moulding and Administration Departments. They are the alma mater of non-refillable and Ad Hoc stopper production.<\/span>p stoppers with a zamak, bakelite, wood or plastic head, are known for their ease of handling.<\/span><\/p>\n<\/div><\/div>\n\n\n\n<div class=\"wp-block-uagb-container uagb-block-00c92b10 alignfull uagb-is-root-container\"><div class=\"uagb-container-inner-blocks-wrap\"><\/div><\/div>\n\n\n\n<div class=\"wp-block-uagb-container uagb-block-0f78d962 alignfull uagb-is-root-container\"><div class=\"uagb-container-inner-blocks-wrap\"><\/div><\/div>\n\n\n\n<div class=\"wp-block-group alignwide\" style=\"padding-right:0;padding-left:0\"><div class=\"wp-block-group__inner-container is-layout-constrained wp-container-core-group-is-layout-a7c31ef8 wp-block-group-is-layout-constrained\">\n<div class=\"wp-block-group alignwide\"><div class=\"wp-block-group__inner-container is-layout-constrained wp-block-group-is-layout-constrained\">\n<div class=\"wp-block-group\"><div class=\"wp-block-group__inner-container is-layout-constrained wp-block-group-is-layout-constrained\">\n<div class=\"wp-block-group alignwide\"><div class=\"wp-block-group__inner-container is-layout-constrained wp-block-group-is-layout-constrained\">\n<div class=\"wp-block-group alignwide\"><div class=\"wp-block-group__inner-container is-layout-constrained wp-block-group-is-layout-constrained\">\n<div class=\"wp-block-group alignwide\"><div class=\"wp-block-group__inner-container is-layout-constrained wp-block-group-is-layout-constrained\">\n<div class=\"wp-block-group alignwide\"><div class=\"wp-block-group__inner-container is-layout-constrained wp-block-group-is-layout-constrained\">\n<figure class=\"wp-block-gallery aligncenter has-nested-images columns-3 is-cropped uag-masonry uagb-block-4d6f734f wp-block-gallery-1 is-layout-flex wp-block-gallery-is-layout-flex\">\n<figure class=\"wp-block-image size-large\"><img loading=\"lazy\" decoding=\"async\" width=\"1024\" height=\"544\" data-id=\"12611\" src=\"https:\/\/torrentclosures.com\/wp-content\/uploads\/2020\/11\/Galeria_PlantasProduccion_ESP_04-1024x544.jpg\" alt=\"| Grupo Torrent Espa\u00f1a\" class=\"wp-image-12611\" style=\"aspect-ratio:16\/9\" title=\"| Grupo Torrent Espa\u00f1a\" srcset=\"https:\/\/torrentclosures.com\/wp-content\/uploads\/2020\/11\/Galeria_PlantasProduccion_ESP_04-1024x544.jpg 1024w, https:\/\/torrentclosures.com\/wp-content\/uploads\/2020\/11\/Galeria_PlantasProduccion_ESP_04-768x408.jpg 768w, https:\/\/torrentclosures.com\/wp-content\/uploads\/2020\/11\/Galeria_PlantasProduccion_ESP_04-700x372.jpg 700w, https:\/\/torrentclosures.com\/wp-content\/uploads\/2020\/11\/Galeria_PlantasProduccion_ESP_04.jpg 1200w\" sizes=\"auto, (max-width: 1024px) 100vw, 1024px\" \/><\/figure>\n\n\n\n<figure class=\"wp-block-image size-full\"><img loading=\"lazy\" decoding=\"async\" width=\"1200\" height=\"638\" data-id=\"12627\" src=\"https:\/\/torrentclosures.com\/wp-content\/uploads\/2020\/11\/Galeria_PlantasProduccion_ESP_08.jpg\" alt=\"ISO 22000 | Grupo Torrent\" class=\"wp-image-12627\" style=\"aspect-ratio:16\/9\" title=\"| Grupo Torrent Espa\u00f1a\" srcset=\"https:\/\/torrentclosures.com\/wp-content\/uploads\/2020\/11\/Galeria_PlantasProduccion_ESP_08.jpg 1200w, https:\/\/torrentclosures.com\/wp-content\/uploads\/2020\/11\/Galeria_PlantasProduccion_ESP_08-1024x544.jpg 1024w, https:\/\/torrentclosures.com\/wp-content\/uploads\/2020\/11\/Galeria_PlantasProduccion_ESP_08-768x408.jpg 768w, https:\/\/torrentclosures.com\/wp-content\/uploads\/2020\/11\/Galeria_PlantasProduccion_ESP_08-700x372.jpg 700w\" sizes=\"auto, (max-width: 1200px) 100vw, 1200px\" \/><\/figure>\n\n\n\n<figure class=\"wp-block-image size-large\"><img loading=\"lazy\" decoding=\"async\" width=\"1024\" height=\"544\" data-id=\"22670\" src=\"https:\/\/torrentclosures.com\/wp-content\/uploads\/2021\/04\/production_plants-1024x544.jpg\" alt=\"Production plants | Torrent Group\" class=\"wp-image-22670\" style=\"aspect-ratio:16\/9\" title=\"| Grupo Torrent Espa\u00f1a\" srcset=\"https:\/\/torrentclosures.com\/wp-content\/uploads\/2021\/04\/production_plants-1024x544.jpg 1024w, https:\/\/torrentclosures.com\/wp-content\/uploads\/2021\/04\/production_plants-768x408.jpg 768w, https:\/\/torrentclosures.com\/wp-content\/uploads\/2021\/04\/production_plants-700x372.jpg 700w, https:\/\/torrentclosures.com\/wp-content\/uploads\/2021\/04\/production_plants.jpg 1200w\" sizes=\"auto, (max-width: 1024px) 100vw, 1024px\" \/><\/figure>\n<\/figure>\n<\/div><\/div>\n<\/div><\/div>\n<\/div><\/div>\n<\/div><\/div>\n<\/div><\/div>\n<\/div><\/div>\n\n\n\n<div class=\"wp-block-uagb-container uagb-block-99b2db82 alignfull uagb-is-root-container\"><div class=\"uagb-container-inner-blocks-wrap\"><\/div><\/div>\n\n\n\n<div class=\"wp-block-uagb-container uagb-block-b3545bb7 alignfull uagb-is-root-container\"><div class=\"uagb-container-inner-blocks-wrap\"><\/div><\/div>\n\n\n\n<div class=\"wp-block-uagb-container uagb-block-da29fb9a alignfull uagb-is-root-container\"><div class=\"uagb-container-inner-blocks-wrap\"><\/div><\/div>\n\n\n\n<div class=\"wp-block-uagb-container uagb-block-0b4ceadb alignfull uagb-is-root-container\"><div class=\"uagb-container-inner-blocks-wrap\"><\/div><\/div>\n\n\n\n<div class=\"wp-block-group alignwide\"><div class=\"wp-block-group__inner-container is-layout-constrained wp-block-group-is-layout-constrained\">\n<div class=\"wp-block-group alignwide\"><div class=\"wp-block-group__inner-container is-layout-constrained wp-block-group-is-layout-constrained\">\n<div class=\"wp-block-group alignwide\"><div class=\"wp-block-group__inner-container is-layout-constrained wp-block-group-is-layout-constrained\">\n<h2 class=\"wp-block-heading\">Torrent Group Spain and the EcoResponsibility company mission<\/h2>\n<\/div><\/div>\n<\/div><\/div>\n<\/div><\/div>\n<\/div><\/div>\n<\/div><\/div>\n\n\n\n<div class=\"wp-block-group alignwide\"><div class=\"wp-block-group__inner-container is-layout-constrained wp-block-group-is-layout-constrained\">\n<div class=\"wp-block-group alignwide\"><div class=\"wp-block-group__inner-container is-layout-constrained wp-block-group-is-layout-constrained\">\n<div class=\"wp-block-group alignwide\"><div class=\"wp-block-group__inner-container is-layout-constrained wp-block-group-is-layout-constrained\">\n<p><span style=\"font-weight: 400;\">In keeping with our philosophy of being EcoResponsible with our company mission, the raw material used to manufacture our stoppers throughout the Torrent Group production plants in Spain is 100% recyclable. Furthermore, a large number of machinery do not use hydraulic oil in their operation. They are therefore 100% sustainable. All the gasses emitted by our varnishes and inks used to decorate our closures are regenerated. We comply with current regulations, avoiding the contamination of the atmosphere.<\/span><\/p>\n<\/div><\/div>\n<\/div><\/div>\n<\/div><\/div>\n<\/div><\/div>\n<\/div><\/div>\n\n\n\n<div class=\"wp-block-group alignwide\"><div class=\"wp-block-group__inner-container is-layout-constrained wp-block-group-is-layout-constrained\">\n<div class=\"wp-block-group\"><div class=\"wp-block-group__inner-container is-layout-constrained wp-block-group-is-layout-constrained\">\n<p><span style=\"font-weight: 400;\">Our aluminium and cork stopper production plants, and lithography facilities, are based in Jerez. All Torrent Group Spain\u2019s national and international commercial activity is managed from this location This is also where the Graphic Design Department is based. The aluminium closures factory in Jerez manufactures closures for liqueurs, Extra Virgin Olive Oil, wines (ROPP) and water.<\/span><\/p>\n<\/div><\/div>\n<\/div><\/div>\n<\/div><\/div>\n\n\n\n<div style=\"height:39px\" aria-hidden=\"true\" class=\"wp-block-spacer\"><\/div>\n\n\n\n<div class=\"wp-block-group alignfull\"><div class=\"wp-block-group__inner-container is-layout-constrained wp-block-group-is-layout-constrained\">\n<div class=\"wp-block-group alignwide\"><div class=\"wp-block-group__inner-container is-layout-constrained wp-block-group-is-layout-constrained\">\n<h2 class=\"wp-block-heading has-text-color\" style=\"color:#cd142c\">We produce cork stoppers for Premium products, spirits and wines<\/h2>\n<\/div><\/div>\n<\/div><\/div>\n\n\n\n<div style=\"height:5px\" aria-hidden=\"true\" class=\"wp-block-spacer\"><\/div>\n\n\n\n<div class=\"wp-block-group\"><div class=\"wp-block-group__inner-container is-layout-constrained wp-block-group-is-layout-constrained\">\n<div class=\"wp-block-group alignfull\"><div class=\"wp-block-group__inner-container is-layout-constrained wp-block-group-is-layout-constrained\">\n<div class=\"wp-block-group alignwide\"><div class=\"wp-block-group__inner-container is-layout-constrained wp-block-group-is-layout-constrained\">\n<p><span style=\"font-weight: 400;\">In 2018, coinciding with the celebration of our first centenary, we added cork stopper production to our list of activities after acquiring a flagship company linked to the Torrent family. Our cork manufacturing plant specialises in the production of closures for the liqueur, premium products and liqueur wine sectors. This type of natural cork, micro-granulated agglomerate bartop stoppers with a zamak, bakelite, wood or plastic head, are known for their ease of handling.<\/span><\/p>\n<\/div><\/div>\n<\/div><\/div>\n<\/div><\/div>\n\n\n\n<div class=\"wp-block-group\"><div class=\"wp-block-group__inner-container is-layout-constrained wp-block-group-is-layout-constrained\">\n<div class=\"wp-block-group alignfull\"><div class=\"wp-block-group__inner-container is-layout-constrained wp-block-group-is-layout-constrained\">\n<div class=\"wp-block-group alignwide\"><div class=\"wp-block-group__inner-container is-layout-constrained wp-block-group-is-layout-constrained\">\n<p><span style=\"font-weight: 400;\">The Torrent Group manages all the stopper manufacture production processes internally, enabling a close relationship with the company and helping to reduce costs and enable greater response capacity at a technical, commercial and personal level.<\/span><br><br><br><\/p>\n<\/div><\/div>\n<\/div><\/div>\n<\/div><\/div>\n<\/div><\/div>\n\n\n\n<div class=\"wp-block-group alignwide\"><div class=\"wp-block-group__inner-container is-layout-constrained wp-block-group-is-layout-constrained\">\n<div class=\"wp-block-columns are-vertically-aligned-center contenido is-layout-flex wp-container-core-columns-is-layout-9d6595d7 wp-block-columns-is-layout-flex\">\n<div class=\"wp-block-column is-vertically-aligned-center is-layout-flow wp-block-column-is-layout-flow\" style=\"flex-basis:30%\">\n<figure class=\"wp-block-image size-full logo-ministerio\"><img loading=\"lazy\" decoding=\"async\" width=\"960\" height=\"272\" src=\"https:\/\/torrentclosures.com\/wp-content\/uploads\/2026\/03\/Logotipo_del_Ministerio_de_Hacienda_y_Funcion_Publica.svg.png\" alt=\"| Grupo Torrent Espa\u00f1a\" class=\"wp-image-55993\" style=\"aspect-ratio:16\/9;object-fit:contain\" title=\"| Grupo Torrent Espa\u00f1a\" srcset=\"https:\/\/torrentclosures.com\/wp-content\/uploads\/2026\/03\/Logotipo_del_Ministerio_de_Hacienda_y_Funcion_Publica.svg.png 960w, https:\/\/torrentclosures.com\/wp-content\/uploads\/2026\/03\/Logotipo_del_Ministerio_de_Hacienda_y_Funcion_Publica.svg-768x218.png 768w\" sizes=\"auto, (max-width: 960px) 100vw, 960px\" \/><\/figure>\n<\/div>\n\n\n\n<div class=\"wp-block-column is-vertically-aligned-center is-layout-flow wp-block-column-is-layout-flow\" style=\"flex-basis:70%\">\n<h5 class=\"wp-block-heading has-text-align-left\"><strong>Proyecto: CA\/903\/P08 \u201cProyecto de L\u00ednea de Embutici\u00f3n y Decoraci\u00f3n. Aumento de la Capacidad Productiva del Proceso\u201d<br>CAPSULAS TORRENT S.A.<\/strong><\/h5>\n<\/div>\n<\/div>\n<\/div><\/div>\n\n\n\n<div class=\"wp-block-uagb-container uagb-block-03af9f4e alignfull uagb-is-root-container\"><div class=\"uagb-container-inner-blocks-wrap\"><\/div><\/div>\n\n\n\n<div class=\"wp-block-columns is-layout-flex wp-container-core-columns-is-layout-9d6595d7 wp-block-columns-is-layout-flex\">\n<div class=\"wp-block-column is-layout-flow wp-block-column-is-layout-flow\" style=\"flex-basis:100%\">\n<div class=\"wp-block-columns is-layout-flex wp-container-core-columns-is-layout-9d6595d7 wp-block-columns-is-layout-flex\">\n<div class=\"wp-block-column is-layout-flow wp-block-column-is-layout-flow\" style=\"flex-basis:100%\">\n<div class=\"wp-block-columns alignfull are-vertically-aligned-center is-layout-flex wp-container-core-columns-is-layout-9d6595d7 wp-block-columns-is-layout-flex\">\n<div class=\"wp-block-column is-vertically-aligned-center is-layout-flow wp-block-column-is-layout-flow\" style=\"flex-basis:100%\">\n<div class=\"wp-block-group alignwide\"><div class=\"wp-block-group__inner-container is-layout-constrained wp-block-group-is-layout-constrained\"><\/div><\/div>\n<\/div>\n<\/div>\n<\/div>\n<\/div>\n<\/div>\n<\/div>\n","protected":false},"excerpt":{"rendered":"<p>Torrent Group Spain The factory in El Puerto de Santa Mar\u00eda manufactures non-refilliable plastic stoppers for EVOO, liqueurs and spirits, as well as producing all the pOur four production plants in Spain lead the manufacturing process for aluminium, plastic and cork closures. Located in Jerez de la Frontera and El Puerto de Santa Mar\u00eda, in &hellip;<\/p>\n","protected":false},"author":3,"featured_media":13190,"parent":0,"menu_order":0,"comment_status":"closed","ping_status":"closed","template":"","meta":{"inline_featured_image":false,"_uag_custom_page_level_css":"","footnotes":""},"class_list":["post-50821","page","type-page","status-publish","has-post-thumbnail","hentry"],"uagb_featured_image_src":{"full":["https:\/\/torrentclosures.com\/wp-content\/uploads\/2020\/12\/Galeria_PlantasProduccion_ESP_09.jpg",1200,638,false],"thumbnail":["https:\/\/torrentclosures.com\/wp-content\/uploads\/2020\/12\/Galeria_PlantasProduccion_ESP_09-150x150.jpg",150,150,true],"medium":["https:\/\/torrentclosures.com\/wp-content\/uploads\/2020\/12\/Galeria_PlantasProduccion_ESP_09-300x300.jpg",300,300,true],"medium_large":["https:\/\/torrentclosures.com\/wp-content\/uploads\/2020\/12\/Galeria_PlantasProduccion_ESP_09-768x408.jpg",768,408,true],"large":["https:\/\/torrentclosures.com\/wp-content\/uploads\/2020\/12\/Galeria_PlantasProduccion_ESP_09-1024x544.jpg",1024,544,true],"1536x1536":["https:\/\/torrentclosures.com\/wp-content\/uploads\/2020\/12\/Galeria_PlantasProduccion_ESP_09.jpg",1200,638,false],"2048x2048":["https:\/\/torrentclosures.com\/wp-content\/uploads\/2020\/12\/Galeria_PlantasProduccion_ESP_09.jpg",1200,638,false],"gform-image-choice-sm":["https:\/\/torrentclosures.com\/wp-content\/uploads\/2020\/12\/Galeria_PlantasProduccion_ESP_09.jpg",300,160,false],"gform-image-choice-md":["https:\/\/torrentclosures.com\/wp-content\/uploads\/2020\/12\/Galeria_PlantasProduccion_ESP_09.jpg",400,213,false],"gform-image-choice-lg":["https:\/\/torrentclosures.com\/wp-content\/uploads\/2020\/12\/Galeria_PlantasProduccion_ESP_09.jpg",600,319,false]},"uagb_author_info":{"display_name":"Pablo","author_link":"https:\/\/torrentclosures.com\/en"},"uagb_comment_info":0,"uagb_excerpt":"Torrent Group Spain The factory in El Puerto de Santa Mar\u00eda manufactures non-refilliable plastic stoppers for EVOO, liqueurs and spirits, as well as producing all the pOur four production plants in Spain lead the manufacturing process for aluminium, plastic and cork closures. Located in Jerez de la Frontera and El Puerto de Santa Mar\u00eda, in&hellip;","_links":{"self":[{"href":"https:\/\/torrentclosures.com\/en\/wp-json\/wp\/v2\/pages\/50821","targetHints":{"allow":["GET"]}}],"collection":[{"href":"https:\/\/torrentclosures.com\/en\/wp-json\/wp\/v2\/pages"}],"about":[{"href":"https:\/\/torrentclosures.com\/en\/wp-json\/wp\/v2\/types\/page"}],"author":[{"embeddable":true,"href":"https:\/\/torrentclosures.com\/en\/wp-json\/wp\/v2\/users\/3"}],"replies":[{"embeddable":true,"href":"https:\/\/torrentclosures.com\/en\/wp-json\/wp\/v2\/comments?post=50821"}],"version-history":[{"count":5,"href":"https:\/\/torrentclosures.com\/en\/wp-json\/wp\/v2\/pages\/50821\/revisions"}],"predecessor-version":[{"id":57522,"href":"https:\/\/torrentclosures.com\/en\/wp-json\/wp\/v2\/pages\/50821\/revisions\/57522"}],"wp:featuredmedia":[{"embeddable":true,"href":"https:\/\/torrentclosures.com\/en\/wp-json\/wp\/v2\/media\/13190"}],"wp:attachment":[{"href":"https:\/\/torrentclosures.com\/en\/wp-json\/wp\/v2\/media?parent=50821"}],"curies":[{"name":"wp","href":"https:\/\/api.w.org\/{rel}","templated":true}]}}